{"id":61640,"date":"2024-05-15T20:46:21","date_gmt":"2024-05-15T18:46:21","guid":{"rendered":"https:\/\/www.cryptvice.com\/shop\/pixel-7-case-nillkin-camshield-camera-slider\/"},"modified":"2026-03-13T10:27:33","modified_gmt":"2026-03-13T08:27:33","slug":"pixel-7-case-nillkin-camshield-camera-slider","status":"publish","type":"product","link":"https:\/\/www.cryptvice.com\/da\/shop\/pixel-7-case-nillkin-camshield-camera-slider\/","title":{"rendered":"Pixel 7-etui &#8211; Nillkin CamShield Camera Slider"},"content":{"rendered":"\t\t<div data-elementor-type=\"product-post\" data-elementor-id=\"61640\" class=\"elementor elementor-61640 elementor-11136\" data-elementor-post-type=\"product\">\n\t\t\t\t<div class=\"wd-negative-gap elementor-element elementor-element-19da17c8 e-flex e-con-boxed e-con e-parent\" data-id=\"19da17c8\" data-element_type=\"container\" data-e-type=\"container\">\n\t\t\t\t\t<div class=\"e-con-inner\">\n\t\t\t\t\t<\/div>\n\t\t\t\t<\/div>\n\t\t\t\t<\/div>\n\t\t","protected":false},"excerpt":{"rendered":"<p>Google Pixel 7-etuiet Nillkin CamShield med integreret kameraslider. Polykarbonatbagside og TPU-kofanger absorberer fald og daglige st\u00f8d. Skyded\u00e6kslet blokerer fysisk for bagkameraet, n\u00e5r det ikke er i brug.  <\/p>\n<p>\u2713 Indbygget skyded\u00e6ksel beskytter kameralinser<br \/>\n\u2713 Polykarbonatbagside med st\u00f8dabsorberende TPU-kanter<br \/>\n\u2713 0,2 mm h\u00e6vet ramme beskytter sk\u00e6rm og kamera<br \/>\n\u2713 Mat anti-olie-finish giver et rent, sikkert greb<br \/>\n\u2713 Alle udsk\u00e6ringer er tilpasset til Google Pixel 7<\/p>\n","protected":false},"featured_media":21412,"comment_status":"closed","ping_status":"closed","template":"","meta":[],"product_brand":[],"product_cat":[1864],"product_tag":[],"class_list":{"0":"post-61640","1":"product","2":"type-product","3":"status-publish","4":"has-post-thumbnail","6":"product_cat-sag","7":"product_shipping_class-postkassepakke-vaerktojer-til-beskyttelse-af-personlige-oplysninger","9":"first","10":"instock","11":"taxable","12":"shipping-taxable","13":"purchasable","14":"product-type-simple"},"_links":{"self":[{"href":"https:\/\/www.cryptvice.com\/da\/wp-json\/wp\/v2\/product\/61640","targetHints":{"allow":["GET"]}}],"collection":[{"href":"https:\/\/www.cryptvice.com\/da\/wp-json\/wp\/v2\/product"}],"about":[{"href":"https:\/\/www.cryptvice.com\/da\/wp-json\/wp\/v2\/types\/product"}],"replies":[{"embeddable":true,"href":"https:\/\/www.cryptvice.com\/da\/wp-json\/wp\/v2\/comments?post=61640"}],"version-history":[{"count":0,"href":"https:\/\/www.cryptvice.com\/da\/wp-json\/wp\/v2\/product\/61640\/revisions"}],"wp:featuredmedia":[{"embeddable":true,"href":"https:\/\/www.cryptvice.com\/da\/wp-json\/wp\/v2\/media\/21412"}],"wp:attachment":[{"href":"https:\/\/www.cryptvice.com\/da\/wp-json\/wp\/v2\/media?parent=61640"}],"wp:term":[{"taxonomy":"product_brand","embeddable":true,"href":"https:\/\/www.cryptvice.com\/da\/wp-json\/wp\/v2\/product_brand?post=61640"},{"taxonomy":"product_cat","embeddable":true,"href":"https:\/\/www.cryptvice.com\/da\/wp-json\/wp\/v2\/product_cat?post=61640"},{"taxonomy":"product_tag","embeddable":true,"href":"https:\/\/www.cryptvice.com\/da\/wp-json\/wp\/v2\/product_tag?post=61640"}],"curies":[{"name":"wp","href":"https:\/\/api.w.org\/{rel}","templated":true}]}}