{"id":61868,"date":"2024-05-15T20:46:16","date_gmt":"2024-05-15T18:46:16","guid":{"rendered":"https:\/\/www.cryptvice.com\/shop\/crypthub-v1-home-vpn-encrypted-router\/"},"modified":"2026-03-13T10:28:30","modified_gmt":"2026-03-13T08:28:30","slug":"crypthub-v1-home-vpn-encrypted-router","status":"publish","type":"product","link":"https:\/\/www.cryptvice.com\/da\/shop\/crypthub-v1-home-vpn-encrypted-router\/","title":{"rendered":"CryptHub V1 VPN-krypteret router til hjemmet"},"content":{"rendered":"\t\t<div data-elementor-type=\"product-post\" data-elementor-id=\"61868\" class=\"elementor elementor-61868 elementor-11109\" data-elementor-post-type=\"product\">\n\t\t\t\t<div class=\"wd-negative-gap elementor-element elementor-element-50395f5c e-flex e-con-boxed e-con e-parent\" data-id=\"50395f5c\" data-element_type=\"container\" data-e-type=\"container\">\n\t\t\t\t\t<div class=\"e-con-inner\">\n\t\t\t\t<div class=\"elementor-element elementor-element-e3024f8 elementor-widget elementor-widget-image\" data-id=\"e3024f8\" data-element_type=\"widget\" data-e-type=\"widget\" data-widget_type=\"image.default\">\n\t\t\t\t\t\t\t\t\t\t\t\t\t\t\t<img decoding=\"async\" width=\"1024\" height=\"444\" src=\"https:\/\/www.cryptvice.com\/wp-content\/uploads\/ax1800-campaign-devices-1024x444.jpg\" class=\"attachment-large size-large wp-image-61886\" alt=\"Sikker home business router ax1800 gl-inet banner vpn krypteret\" srcset=\"https:\/\/www.cryptvice.com\/wp-content\/uploads\/ax1800-campaign-devices-1024x444.jpg 1024w, https:\/\/www.cryptvice.com\/wp-content\/uploads\/ax1800-campaign-devices-150x65.jpg 150w, https:\/\/www.cryptvice.com\/wp-content\/uploads\/ax1800-campaign-devices-1200x520.jpg 1200w, https:\/\/www.cryptvice.com\/wp-content\/uploads\/ax1800-campaign-devices-300x130.jpg 300w, https:\/\/www.cryptvice.com\/wp-content\/uploads\/ax1800-campaign-devices-768x333.jpg 768w, https:\/\/www.cryptvice.com\/wp-content\/uploads\/ax1800-campaign-devices-18x8.jpg 18w, https:\/\/www.cryptvice.com\/wp-content\/uploads\/ax1800-campaign-devices.jpg 1500w\" sizes=\"(max-width: 1024px) 100vw, 1024px\" title=\"\">\t\t\t\t\t\t\t\t\t\t\t\t\t\t\t<\/div>\n\t\t\t\t\t<\/div>\n\t\t\t\t<\/div>\n\t\t\t\t<\/div>\n\t\t","protected":false},"excerpt":{"rendered":"<p><em>Professionelt konfigureret VPN-router til hjemmet med ekspertsupport<\/em><\/p>\n<p>H\u00f8jtydende Wi-Fi 6-netv\u00e6rk &#8211; netv\u00e6rksd\u00e6kkende kryptering til hjem og sm\u00e5 virksomheder.<\/p>\n<p>Bygget p\u00e5 AX1800 dual-band-platformen, forudkonfigureret med OpenWRT, krypteret VPN og avancerede privatlivsfunktioner. Sikr hele dit netv\u00e6rk med p\u00e5lidelig ydeevne. <\/p>\n<p>\u2713 Wi-Fi 6 dual-band (AX1800)<br \/>\n\u2713 OpenWRT forudinstalleret og konfigureret<br \/>\n\u2713 VPN-klient og -server aktiveret<br \/>\n\u2713 DNS-kryptering konfigureret<br \/>\n\u2713 MAC-adressekloning og -randomisering<br \/>\n\u2713 Officiel Cryptvice-distribution<\/p>\n","protected":false},"featured_media":11354,"comment_status":"closed","ping_status":"closed","template":"","meta":[],"product_brand":[],"product_cat":[1719],"product_tag":[],"class_list":{"0":"post-61868","1":"product","2":"type-product","3":"status-publish","4":"has-post-thumbnail","6":"product_cat-crypthub","7":"product_shipping_class-lille-pakke-telefon-router","9":"first","10":"outofstock","11":"sold-individually","12":"taxable","13":"shipping-taxable","14":"purchasable","15":"product-type-variable","16":"has-default-attributes"},"_links":{"self":[{"href":"https:\/\/www.cryptvice.com\/da\/wp-json\/wp\/v2\/product\/61868","targetHints":{"allow":["GET"]}}],"collection":[{"href":"https:\/\/www.cryptvice.com\/da\/wp-json\/wp\/v2\/product"}],"about":[{"href":"https:\/\/www.cryptvice.com\/da\/wp-json\/wp\/v2\/types\/product"}],"replies":[{"embeddable":true,"href":"https:\/\/www.cryptvice.com\/da\/wp-json\/wp\/v2\/comments?post=61868"}],"version-history":[{"count":0,"href":"https:\/\/www.cryptvice.com\/da\/wp-json\/wp\/v2\/product\/61868\/revisions"}],"wp:featuredmedia":[{"embeddable":true,"href":"https:\/\/www.cryptvice.com\/da\/wp-json\/wp\/v2\/media\/11354"}],"wp:attachment":[{"href":"https:\/\/www.cryptvice.com\/da\/wp-json\/wp\/v2\/media?parent=61868"}],"wp:term":[{"taxonomy":"product_brand","embeddable":true,"href":"https:\/\/www.cryptvice.com\/da\/wp-json\/wp\/v2\/product_brand?post=61868"},{"taxonomy":"product_cat","embeddable":true,"href":"https:\/\/www.cryptvice.com\/da\/wp-json\/wp\/v2\/product_cat?post=61868"},{"taxonomy":"product_tag","embeddable":true,"href":"https:\/\/www.cryptvice.com\/da\/wp-json\/wp\/v2\/product_tag?post=61868"}],"curies":[{"name":"wp","href":"https:\/\/api.w.org\/{rel}","templated":true}]}}