{"id":63350,"date":"2025-06-13T11:30:17","date_gmt":"2025-06-13T09:30:17","guid":{"rendered":"https:\/\/www.cryptvice.com\/shop\/iphone-14-plus-privacy-screen-protector\/"},"modified":"2026-03-13T10:36:49","modified_gmt":"2026-03-13T08:36:49","slug":"iphone-14-plus-privacy-screen-protector","status":"publish","type":"product","link":"https:\/\/www.cryptvice.com\/da\/shop\/iphone-14-plus-privacy-screen-protector\/","title":{"rendered":"iPhone 14 Plus &#8211; Privacy-sk\u00e6rmbeskyttelse"},"content":{"rendered":"\t\t<div data-elementor-type=\"product-post\" data-elementor-id=\"63350\" class=\"elementor elementor-63350 elementor-43608\" data-elementor-post-type=\"product\">\n\t\t\t\t<div class=\"wd-negative-gap elementor-element elementor-element-761e2ec7 e-flex e-con-boxed e-con e-parent\" data-id=\"761e2ec7\" data-element_type=\"container\" data-e-type=\"container\">\n\t\t\t\t\t<div class=\"e-con-inner\">\n\t\t\t\t\t<\/div>\n\t\t\t\t<\/div>\n\t\t\t\t<\/div>\n\t\t","protected":false},"excerpt":{"rendered":"<p>iPhone 14 Plus &#8211; Privacy Screen Protector med antispionfilter og glidende frontkamera-cover. Den store 6,7-tommers sk\u00e6rm er let at l\u00e6se fra brede vinkler &#8211; det l\u00f8ser dette glas. Kameraets skyder blokerer fysisk frontlinsen. Face ID fungerer normalt.   <\/p>\n<p>\u2713 9H h\u00e6rdet glas med micro-louver privacy-lag<br \/>\n\u2713 Frontkamera-slider indbygget i glasset<br \/>\n\u2713 Face ID-genkendelse up\u00e5virket<br \/>\n\u2713 Fingeraftryksresistent oleofobisk overflade<br \/>\n\u2713 Pr\u00e6cisionstilpasning til iPhone 14 Plus<\/p>\n","protected":false},"featured_media":45916,"comment_status":"closed","ping_status":"closed","template":"","meta":[],"product_brand":[],"product_cat":[2461],"product_tag":[],"class_list":{"0":"post-63350","1":"product","2":"type-product","3":"status-publish","4":"has-post-thumbnail","6":"product_cat-skaermbeskyttelse","7":"product_shipping_class-postkassepakke-vaerktojer-til-beskyttelse-af-personlige-oplysninger","9":"first","10":"instock","11":"taxable","12":"shipping-taxable","13":"purchasable","14":"product-type-simple"},"_links":{"self":[{"href":"https:\/\/www.cryptvice.com\/da\/wp-json\/wp\/v2\/product\/63350","targetHints":{"allow":["GET"]}}],"collection":[{"href":"https:\/\/www.cryptvice.com\/da\/wp-json\/wp\/v2\/product"}],"about":[{"href":"https:\/\/www.cryptvice.com\/da\/wp-json\/wp\/v2\/types\/product"}],"replies":[{"embeddable":true,"href":"https:\/\/www.cryptvice.com\/da\/wp-json\/wp\/v2\/comments?post=63350"}],"version-history":[{"count":0,"href":"https:\/\/www.cryptvice.com\/da\/wp-json\/wp\/v2\/product\/63350\/revisions"}],"wp:featuredmedia":[{"embeddable":true,"href":"https:\/\/www.cryptvice.com\/da\/wp-json\/wp\/v2\/media\/45916"}],"wp:attachment":[{"href":"https:\/\/www.cryptvice.com\/da\/wp-json\/wp\/v2\/media?parent=63350"}],"wp:term":[{"taxonomy":"product_brand","embeddable":true,"href":"https:\/\/www.cryptvice.com\/da\/wp-json\/wp\/v2\/product_brand?post=63350"},{"taxonomy":"product_cat","embeddable":true,"href":"https:\/\/www.cryptvice.com\/da\/wp-json\/wp\/v2\/product_cat?post=63350"},{"taxonomy":"product_tag","embeddable":true,"href":"https:\/\/www.cryptvice.com\/da\/wp-json\/wp\/v2\/product_tag?post=63350"}],"curies":[{"name":"wp","href":"https:\/\/api.w.org\/{rel}","templated":true}]}}