{"id":63522,"date":"2025-06-13T10:48:45","date_gmt":"2025-06-13T08:48:45","guid":{"rendered":"https:\/\/www.cryptvice.com\/shop\/iphone-14-pro-max-case-nillkin-camshield-camera-slider\/"},"modified":"2026-03-13T10:37:16","modified_gmt":"2026-03-13T08:37:16","slug":"iphone-14-pro-max-case-nillkin-camshield-camera-slider","status":"publish","type":"product","link":"https:\/\/www.cryptvice.com\/da\/shop\/iphone-14-pro-max-case-nillkin-camshield-camera-slider\/","title":{"rendered":"iPhone 14 Pro Max-etui - Nillkin CamShield Camera Slider"},"content":{"rendered":"\t\t<div data-elementor-type=\"product-post\" data-elementor-id=\"63522\" class=\"elementor elementor-63522 elementor-43595\" data-elementor-post-type=\"product\">\n\t\t\t\t<div class=\"wd-negative-gap elementor-element elementor-element-38f73fd4 e-flex e-con-boxed e-con e-parent\" data-id=\"38f73fd4\" data-element_type=\"container\" data-e-type=\"container\">\n\t\t\t\t\t<div class=\"e-con-inner\">\n\t\t\t\t\t<\/div>\n\t\t\t\t<\/div>\n\t\t\t\t<\/div>\n\t\t","protected":false},"excerpt":{"rendered":"<p>iPhone 14 Pro Max-etui - Nillkin CamShield Camera Slider med skyded\u00e6ksel til det tredobbelte kamerasystem og LiDAR-scanneren. PC- og TPU-konstruktion h\u00e5ndterer fald p\u00e5 den st\u00f8rste Pro-formfaktor. En slide d\u00e6kker alle fire sensorer p\u00e5 bagsiden p\u00e5 \u00e9n gang.  <\/p>\n<p>\u2713 Fuldt tredobbelt kamera + LiDAR skyded\u00e6ksel<br \/>\n\u2713 Stiv pc-bagside med TPU-st\u00f8dd\u00e6mper<br \/>\n\u2713 H\u00e6vede rammer til 6,7-tommers sk\u00e6rm og kamera<br \/>\n\u2713 Skridsikker mat finish - fingeraftryksbestandig<br \/>\n\u2713 Pr\u00e6cisionsst\u00f8bt til iPhone 14 Pro Max<\/p>\n","protected":false},"featured_media":58270,"comment_status":"closed","ping_status":"closed","template":"","meta":[],"product_brand":[],"product_cat":[1864],"product_tag":[],"class_list":{"0":"post-63522","1":"product","2":"type-product","3":"status-publish","4":"has-post-thumbnail","6":"product_cat-sag","7":"product_shipping_class-postkassepakke-vaerktojer-til-beskyttelse-af-personlige-oplysninger","9":"first","10":"instock","11":"taxable","12":"shipping-taxable","13":"purchasable","14":"product-type-simple"},"_links":{"self":[{"href":"https:\/\/www.cryptvice.com\/da\/wp-json\/wp\/v2\/product\/63522","targetHints":{"allow":["GET"]}}],"collection":[{"href":"https:\/\/www.cryptvice.com\/da\/wp-json\/wp\/v2\/product"}],"about":[{"href":"https:\/\/www.cryptvice.com\/da\/wp-json\/wp\/v2\/types\/product"}],"replies":[{"embeddable":true,"href":"https:\/\/www.cryptvice.com\/da\/wp-json\/wp\/v2\/comments?post=63522"}],"version-history":[{"count":0,"href":"https:\/\/www.cryptvice.com\/da\/wp-json\/wp\/v2\/product\/63522\/revisions"}],"wp:featuredmedia":[{"embeddable":true,"href":"https:\/\/www.cryptvice.com\/da\/wp-json\/wp\/v2\/media\/58270"}],"wp:attachment":[{"href":"https:\/\/www.cryptvice.com\/da\/wp-json\/wp\/v2\/media?parent=63522"}],"wp:term":[{"taxonomy":"product_brand","embeddable":true,"href":"https:\/\/www.cryptvice.com\/da\/wp-json\/wp\/v2\/product_brand?post=63522"},{"taxonomy":"product_cat","embeddable":true,"href":"https:\/\/www.cryptvice.com\/da\/wp-json\/wp\/v2\/product_cat?post=63522"},{"taxonomy":"product_tag","embeddable":true,"href":"https:\/\/www.cryptvice.com\/da\/wp-json\/wp\/v2\/product_tag?post=63522"}],"curies":[{"name":"wp","href":"https:\/\/api.w.org\/{rel}","templated":true}]}}