{"id":63670,"date":"2025-06-09T08:57:40","date_gmt":"2025-06-09T06:57:40","guid":{"rendered":"https:\/\/www.cryptvice.com\/shop\/google-pixel-9-pro-grapheneos-vpn-encrypted\/"},"modified":"2026-04-16T13:16:37","modified_gmt":"2026-04-16T11:16:37","slug":"google-pixel-9-pro-grapheneos-vpn-encrypted","status":"publish","type":"product","link":"https:\/\/www.cryptvice.com\/da\/shop\/google-pixel-9-pro-grapheneos-vpn-encrypted\/","title":{"rendered":"Google Pixel 9 Pro GrapheneOS VPN Krypteret"},"content":{"rendered":"\t\t<div data-elementor-type=\"product-post\" data-elementor-id=\"63670\" class=\"elementor elementor-63670 elementor-42913\" data-elementor-post-type=\"product\">\n\t\t\t\t<div class=\"wd-negative-gap elementor-element elementor-element-1699cf26 e-flex e-con-boxed e-con e-parent\" data-id=\"1699cf26\" data-element_type=\"container\" data-e-type=\"container\">\n\t\t\t\t\t<div class=\"e-con-inner\">\n\t\t\t\t\t\t\t<h2 \n\t\tdata-interaction-id=\"2af3da93\" \n\t\tclass=\"text-balance e-2af3da93-1e0f6dd e-heading-base\" \n\t\t \n\t\tdata-e-type=\"widget\" data-id=\"2af3da93\"\n\t>\n\t\n\t\t\tHvem er Google Pixel 9 Pro GrapheneOS til?\n\t\t<\/h2>\n\t\t\t\t\t\t\t\t<p class=\"paragraph-small e-paragraph-base\" data-interaction-id=\"c38bf93\"  data-e-type=\"widget\" data-id=\"c38bf93\">\n\t\t\t\t\t\t\t\tGoogle Pixel 9 Pro GrapheneOS VPN Encrypted er konfigureret til brugere, der kr\u00e6ver flagskibsydelse sammen med kompromisl\u00f8st privatliv:<br><br>- Journalister, der beskytter kilder og f\u00f8lsom kommunikation<br>- Ledere, der h\u00e5ndterer fortrolige forretningsoplysninger<br>- Aktivister, der arbejder i milj\u00f8er med h\u00f8j grad af overv\u00e5gning<br>- Jurister, der kr\u00e6ver klientfortrolighed<br>- Sikkerhedsforskere, der har brug for en p\u00e5lidelig mobilplatform<br><br>Pixel 9 Pro kombinerer den nyeste Tensor G4-processor med Titan M2-sikkerhed og leverer f\u00f8rsteklasses ydelse uden kompromiser med privatlivets fred.\n\t\t\t\t\t<\/p>\n\t\t\t\t\t\t\t<h2 \n\t\tdata-interaction-id=\"29431187\" \n\t\tclass=\"text-balance e-29431187-a8ba576 e-heading-base\" \n\t\t \n\t\tdata-e-type=\"widget\" data-id=\"29431187\"\n\t>\n\t\n\t\t\tGrapheneOS p\u00e5 Pixel 9 Pro\n\t\t<\/h2>\n\t\t\t\t\t\t\t\t<p class=\"paragraph-small e-paragraph-base\" data-interaction-id=\"770fcff7\"  data-e-type=\"widget\" data-id=\"770fcff7\">\n\t\t\t\t\t\t\t\tHver Pixel 9 Pro er forberedt med en verificeret GrapheneOS-installation:<br><br>- Frisk installation med kryptografisk integritetskontrol<br>- Bootloader sikret til verificeret opstart<br>- Al Google-telemetri og -tjenester fjernet<br>- System h\u00e6rdet mod kendte angrebsvektorer<br>- Ydeevne tunet til flagskibshardwarefunktioner<br><br>GrapheneOS modtager l\u00f8bende opdateringer, og Pixel 9 Pro underst\u00f8ttes til og med 2031.\n\t\t\t\t\t<\/p>\n\t\t\t\t\t\t\t<h2 \n\t\tdata-interaction-id=\"33f01f74\" \n\t\tclass=\"text-balance e-33f01f74-326a4e7 e-heading-base\" \n\t\t \n\t\tdata-e-type=\"widget\" data-id=\"33f01f74\"\n\t>\n\t\n\t\t\tApplikationsh\u00e6rdning p\u00e5 Pixel 9 Pro\n\t\t<\/h2>\n\t\t\t\t\t\t\t\t<p class=\"paragraph-small e-paragraph-base\" data-interaction-id=\"61a6d5ba\"  data-e-type=\"widget\" data-id=\"61a6d5ba\">\n\t\t\t\t\t\t\t\tPrivatlivsapplikationer gennemg\u00e5r individuel konfiguration p\u00e5 hver enhed:<br><br>- Tilladelsesstrukturer minimeres pr. applikation<br>- Baggrundsprocesser begr\u00e6nses for at forhindre datal\u00e6kage<br>- Netv\u00e6rksadf\u00e6rd kontrolleres p\u00e5 appniveau<br>- Sandboxing h\u00e5ndh\u00e6ves mellem applikationer<br>- Lageradgang isoleres for at beskytte f\u00f8lsomme data<br><br>Denne praktiske tilgang sikrer, at hver Pixel 9 Pro opfylder professionelle sikkerhedskrav.\n\t\t\t\t\t<\/p>\n\t\t\t\t\t\t\t<h2 \n\t\tdata-interaction-id=\"1c2e0f9e\" \n\t\tclass=\"text-balance e-1c2e0f9e-2dc8eb1 e-heading-base\" \n\t\t \n\t\tdata-e-type=\"widget\" data-id=\"1c2e0f9e\"\n\t>\n\t\n\t\t\tKrypteret VPN-forbindelse\n\t\t<\/h2>\n\t\t\t\t\t\t\t\t<p class=\"paragraph-small e-paragraph-base\" data-interaction-id=\"447c11ae\"  data-e-type=\"widget\" data-id=\"447c11ae\">\n\t\t\t\t\t\t\t\tV\u00e6lg din foretrukne udbyder under checkout:<br><br>- Mullvad - anonyme konti, ingen e-mail-registrering, svensk jurisdiktion<br>- iVPN - multi-hop routing, revideret open source-klient, Gibraltar-baseret<br>- ProtonVPN - schweizisk retsbeskyttelse, Secure Core network routing<br><br>Din VPN er installeret, konfigureret og verificeret f\u00f8r afsendelse. Kryptering aktiveres automatisk p\u00e5 alle netv\u00e6rksforbindelser. \n\t\t\t\t\t<\/p>\n\t\t\t\t\t\t\t<h2 \n\t\tdata-interaction-id=\"6d18f55\" \n\t\tclass=\"text-balance e-6d18f55-223e341 e-heading-base\" \n\t\t \n\t\tdata-e-type=\"widget\" data-id=\"6d18f55\"\n\t>\n\t\n\t\t\tForudinstallerede privatlivsv\u00e6rkt\u00f8jer p\u00e5 Google Pixel 9 Pro\n\t\t<\/h2>\n\t\t\t\t\t\t\t\t<p class=\"paragraph-small e-paragraph-base\" data-interaction-id=\"3e8ff1\"  data-e-type=\"widget\" data-id=\"3e8ff1\">\n\t\t\t\t\t\t\t\tSikkert netv\u00e6rk<br>- Orbot - dirigerer trafik gennem Tor-netv\u00e6rket, n\u00e5r der er behov for anonymitet<br>- Premium VPN - din valgte udbyder, konfigureret og testet<br><br>Privat browsing<br>- Firefox Focus - blokerer trackere som standard, rydder automatisk sessionsdata<br><br>App-adgang<br>- Aurora Store - download Play Store-apps uden en Google-konto<br>- F-Droid - kurateret repository af open source-applikationer<br><br>Sikker kommunikation<br>- Molly - h\u00e6rdet Signal-fork med forbedrede sikkerhedsfunktioner<br>- Threema - schweizisk udviklet messaging med GDPR-overholdelse<br>- SimpleX - decentral messaging uden telefonnumre eller bruger-id'er<br><br>Produktivitet<br>- Standard Notes - end-to-end-krypteret notetagning<br>- eM Client - e-mailadministration uden platformssporing\n\t\t\t\t\t<\/p>\n\t\t\t\t\t\t\t<h2 \n\t\tdata-interaction-id=\"3ff338e7\" \n\t\tclass=\"text-balance e-3ff338e7-7cdda18 e-heading-base\" \n\t\t \n\t\tdata-e-type=\"widget\" data-id=\"3ff338e7\"\n\t>\n\t\n\t\t\tHvad g\u00f8r Cryptvice anderledes\n\t\t<\/h2>\n\t\t\t\t\t\t\t\t<p class=\"paragraph-small e-paragraph-base\" data-interaction-id=\"71d3584c\"  data-e-type=\"widget\" data-id=\"71d3584c\">\n\t\t\t\t\t\t\t\t- Individuel enhedskonfiguration - hver telefon klargjort i h\u00e5nden<br>- Sikkerhedsverifikation - testet f\u00f8r hver forsendelse<br>- Diskret emballage - ingen branding synlig ved levering<br>- Betalinger i kryptovaluta - anonyme k\u00f8bsmuligheder tilg\u00e6ngelige<br>- EU-baserede operationer - sendes fra Spanien med sporing<br>- Ekspertsupport - 30 dages assistance fra daglige GrapheneOS-brugere\n\t\t\t\t\t<\/p>\n\t\t\t\t\t\t\t<h2 \n\t\tdata-interaction-id=\"3e84da4f\" \n\t\tclass=\"text-balance e-3e84da4f-4ea571e e-heading-base\" \n\t\t \n\t\tdata-e-type=\"widget\" data-id=\"3e84da4f\"\n\t>\n\t\n\t\t\tForsendelse og garanti\n\t\t<\/h2>\n\t\t\t\t\t\t\t\t<p class=\"paragraph-small e-paragraph-base\" data-interaction-id=\"5c59526a\"  data-e-type=\"widget\" data-id=\"5c59526a\">\n\t\t\t\t\t\t\t\tOrdrer afsendes inden for 1 arbejdsdag. Sporingsoplysninger leveres via e-mail. <br><br>Returnering af defekte enheder accepteres i Spanien. Returneringer, der ikke er fejlbeh\u00e6ftede, er underlagt returforsendelsesomkostninger. Googles standard hardwaregaranti g\u00e6lder. Softwarekonfiguration er inkluderet som professionel service.   \n\t\t\t\t\t<\/p>\n\t\t\t\t\t\t\t\t<p class=\"paragraph-small button-dark-icon e-52cb4785-8979a70 e-paragraph-base\" data-interaction-id=\"52cb4785\"  data-e-type=\"widget\" data-id=\"52cb4785\">\n\t\t\t\t\t\t\t<a\n\t\t\t\t\thref=\"https:\/\/www.cryptvice.com\/da\/help-and-support\/\" target=\"_self\"\n\t\t\t\t\tclass=\"e-paragraph-link-base\"\n\t\t\t\t>\n\t\t\t\t\t\tHar du sp\u00f8rgsm\u00e5l? Se vores FAQ om hj\u00e6lp og support \n\t\t\t\t<\/a>\n\t\t\t\t\t<\/p>\n\t\t\t\t\t<\/div>\n\t\t\t\t<\/div>\n\t\t\t\t<\/div>\n\t\t","protected":false},"excerpt":{"rendered":"<p>Google Pixel 9 Pro GrapheneOS er vores mest komplette Pixel 9-build. Tensor G4, 16 GB RAM, tredobbelt kamera &#8211; og den samme sikkerhedsstack over hele linjen. Hvis du vil have den fulde pakke fra Pixel 9-generationen, s\u00e5 er det her.  <\/p>\n<p>\u2713 Forudinstalleret med GrapheneOS &#8211; ingen Google, ingen sporing<br \/>\n\u2713 Signal, Molly &amp; Threema aktiveret med virtuelt nummer<br \/>\n\u2713 Premium VPN + dobbeltprofil med fuld h\u00e6rdning<br \/>\n\u2713 USB-datablokering &amp; tvangssletning aktiveret<\/p>\n","protected":false},"featured_media":63684,"comment_status":"closed","ping_status":"closed","template":"","meta":[],"product_brand":[],"product_cat":[6656,6576],"product_tag":[],"class_list":{"0":"post-63670","1":"product","2":"type-product","3":"status-publish","4":"has-post-thumbnail","6":"product_cat-cryptphones-2","7":"product_cat-accessoires","8":"pa_audio-connection-no","9":"pa_battery-capacity-4700-mah","10":"pa_bluetooth-5-3","11":"pa_brand-google","12":"pa_camera-back-48-mp-f-2-8-113mm-periscope-telephoto","13":"pa_camera-back-50-mp-f-1-7-25mm-wide","14":"pa_camera-front-42-mp-f-2-2-17mm-ultrawide","15":"pa_color-sort-2","16":"pa_graphics-series-mali-g715-mc7","17":"pa_guaranteed-security-updates-01-sep-2031","18":"pa_manufacturer-guarantee-12-maneder-2","19":"pa_model-pixel-9-pro","20":"pa_operating-system-grapheneos","21":"pa_processor-octa-core","22":"pa_ram-size-16-gb","23":"pa_release-years-04-sep-2024","24":"pa_resolution-1280-x-2856-pixels","25":"pa_screen-diagonal-6-3-2","26":"pa_screen-ppi-495-ppi","27":"pa_screen-ratio-209-forhold-2","28":"pa_screen-refresh-rate-120hz","29":"pa_screen-type-p-oled","30":"pa_security-features-oem-oplasning-2","31":"pa_security-features-vpn-krypteret-2","32":"pa_storage-128-gb","33":"pa_system-chip-google-tensor-g4","34":"pa_vpn-cover-ivpn-12m","35":"pa_vpn-cover-ivpn-6m","36":"pa_vpn-cover-mullvad-12m","37":"pa_vpn-cover-mullvad-6m","38":"pa_vpn-cover-protonvpn-12m","40":"first","41":"instock","42":"featured","43":"taxable","44":"shipping-taxable","45":"purchasable","46":"product-type-variable"},"_links":{"self":[{"href":"https:\/\/www.cryptvice.com\/da\/wp-json\/wp\/v2\/product\/63670","targetHints":{"allow":["GET"]}}],"collection":[{"href":"https:\/\/www.cryptvice.com\/da\/wp-json\/wp\/v2\/product"}],"about":[{"href":"https:\/\/www.cryptvice.com\/da\/wp-json\/wp\/v2\/types\/product"}],"replies":[{"embeddable":true,"href":"https:\/\/www.cryptvice.com\/da\/wp-json\/wp\/v2\/comments?post=63670"}],"version-history":[{"count":3,"href":"https:\/\/www.cryptvice.com\/da\/wp-json\/wp\/v2\/product\/63670\/revisions"}],"predecessor-version":[{"id":71419,"href":"https:\/\/www.cryptvice.com\/da\/wp-json\/wp\/v2\/product\/63670\/revisions\/71419"}],"wp:featuredmedia":[{"embeddable":true,"href":"https:\/\/www.cryptvice.com\/da\/wp-json\/wp\/v2\/media\/63684"}],"wp:attachment":[{"href":"https:\/\/www.cryptvice.com\/da\/wp-json\/wp\/v2\/media?parent=63670"}],"wp:term":[{"taxonomy":"product_brand","embeddable":true,"href":"https:\/\/www.cryptvice.com\/da\/wp-json\/wp\/v2\/product_brand?post=63670"},{"taxonomy":"product_cat","embeddable":true,"href":"https:\/\/www.cryptvice.com\/da\/wp-json\/wp\/v2\/product_cat?post=63670"},{"taxonomy":"product_tag","embeddable":true,"href":"https:\/\/www.cryptvice.com\/da\/wp-json\/wp\/v2\/product_tag?post=63670"}],"curies":[{"name":"wp","href":"https:\/\/api.w.org\/{rel}","templated":true}]}}