{"id":63814,"date":"2025-06-09T05:57:24","date_gmt":"2025-06-09T03:57:24","guid":{"rendered":"https:\/\/www.cryptvice.com\/shop\/google-pixel-9a-grapheneos-vpn-encrypted\/"},"modified":"2026-04-02T10:41:45","modified_gmt":"2026-04-02T08:41:45","slug":"google-pixel-9a-grapheneos-vpn-encrypted","status":"publish","type":"product","link":"https:\/\/www.cryptvice.com\/da\/shop\/google-pixel-9a-grapheneos-vpn-encrypted\/","title":{"rendered":"Google Pixel 9a GrapheneOS VPN Krypteret"},"content":{"rendered":"\t\t<div data-elementor-type=\"product-post\" data-elementor-id=\"63814\" class=\"elementor elementor-63814 elementor-42911\" data-elementor-post-type=\"product\">\n\t\t\t\t<div class=\"wd-negative-gap elementor-element elementor-element-2d482aa e-flex e-con-boxed e-con e-parent\" data-id=\"2d482aa\" data-element_type=\"container\" data-e-type=\"container\">\n\t\t\t\t\t<div class=\"e-con-inner\">\n\t\t\t\t\t<\/div>\n\t\t\t\t<\/div>\n\t\t\t\t<\/div>\n\t\t","protected":false},"excerpt":{"rendered":"<p>Google Pixel 9a GrapheneOS deler den samme Tensor G4-chip og Titan M2-sikkerhedschip som Pixel 9 Pro &#8211; til en betydeligt lavere pris. Kompromiset er kamerahardware og RAM, ikke sikkerhed. H\u00e6rdningen er identisk p\u00e5 tv\u00e6rs af hele Pixel 9-linjen.  <\/p>\n<p>\u2713 Forudinstalleret med GrapheneOS &#8211; ingen Google, ingen sporing<br \/>\n\u2713 Signal, Molly &amp; Threema aktiveret med virtuelt nummer<br \/>\n\u2713 Premium VPN + dobbeltprofil med fuld h\u00e6rdning<br \/>\n\u2713 USB-datablokering &amp; tvangssletning aktiveret<\/p>\n","protected":false},"featured_media":63827,"comment_status":"closed","ping_status":"closed","template":"","meta":[],"product_brand":[],"product_cat":[108],"product_tag":[],"class_list":{"0":"post-63814","1":"product","2":"type-product","3":"status-publish","4":"has-post-thumbnail","6":"product_cat-accessoires","8":"first","9":"instock","10":"featured","11":"taxable","12":"shipping-taxable","13":"purchasable","14":"product-type-variable"},"_links":{"self":[{"href":"https:\/\/www.cryptvice.com\/da\/wp-json\/wp\/v2\/product\/63814","targetHints":{"allow":["GET"]}}],"collection":[{"href":"https:\/\/www.cryptvice.com\/da\/wp-json\/wp\/v2\/product"}],"about":[{"href":"https:\/\/www.cryptvice.com\/da\/wp-json\/wp\/v2\/types\/product"}],"replies":[{"embeddable":true,"href":"https:\/\/www.cryptvice.com\/da\/wp-json\/wp\/v2\/comments?post=63814"}],"version-history":[{"count":2,"href":"https:\/\/www.cryptvice.com\/da\/wp-json\/wp\/v2\/product\/63814\/revisions"}],"predecessor-version":[{"id":71314,"href":"https:\/\/www.cryptvice.com\/da\/wp-json\/wp\/v2\/product\/63814\/revisions\/71314"}],"wp:featuredmedia":[{"embeddable":true,"href":"https:\/\/www.cryptvice.com\/da\/wp-json\/wp\/v2\/media\/63827"}],"wp:attachment":[{"href":"https:\/\/www.cryptvice.com\/da\/wp-json\/wp\/v2\/media?parent=63814"}],"wp:term":[{"taxonomy":"product_brand","embeddable":true,"href":"https:\/\/www.cryptvice.com\/da\/wp-json\/wp\/v2\/product_brand?post=63814"},{"taxonomy":"product_cat","embeddable":true,"href":"https:\/\/www.cryptvice.com\/da\/wp-json\/wp\/v2\/product_cat?post=63814"},{"taxonomy":"product_tag","embeddable":true,"href":"https:\/\/www.cryptvice.com\/da\/wp-json\/wp\/v2\/product_tag?post=63814"}],"curies":[{"name":"wp","href":"https:\/\/api.w.org\/{rel}","templated":true}]}}