{"id":64089,"date":"2025-08-07T15:16:13","date_gmt":"2025-08-07T13:16:13","guid":{"rendered":"https:\/\/www.cryptvice.com\/shop\/iphone-14-case-nillkin-camshield-camera-slider\/"},"modified":"2026-03-13T10:40:46","modified_gmt":"2026-03-13T08:40:46","slug":"iphone-14-case-nillkin-camshield-camera-slider","status":"publish","type":"product","link":"https:\/\/www.cryptvice.com\/da\/shop\/iphone-14-case-nillkin-camshield-camera-slider\/","title":{"rendered":"iPhone 14-etui &#8211; Nillkin CamShield Camera Slider"},"content":{"rendered":"\t\t<div data-elementor-type=\"product-post\" data-elementor-id=\"64089\" class=\"elementor elementor-64089 elementor-48357\" data-elementor-post-type=\"product\">\n\t\t\t\t<div class=\"wd-negative-gap elementor-element elementor-element-13bea9be e-flex e-con-boxed e-con e-parent\" data-id=\"13bea9be\" data-element_type=\"container\" data-e-type=\"container\">\n\t\t\t\t\t<div class=\"e-con-inner\">\n\t\t\t\t\t<\/div>\n\t\t\t\t<\/div>\n\t\t\t\t<\/div>\n\t\t","protected":false},"excerpt":{"rendered":"<p>iPhone 14 Etui Nillkin Etui med indbygget skyded\u00e6ksel, der fysisk blokerer begge baglinser, n\u00e5r det er lukket. Polykarbonatbagside og TPU-bumper klarer daglige st\u00f8d og ridser. <\/p>\n<p>\u2713 Indbygget skyded\u00e6ksel til beskyttelse af dobbeltkamera<br \/>\n\u2713 PC-bagside med st\u00f8dabsorberende TPU-kanter<br \/>\n\u2713 H\u00e6vede rammer til kamera og sk\u00e6rm<br \/>\n\u2713 Glat, mat finish &#8211; olie- og fingeraftryksbestandig<br \/>\n\u2713 Specialtilpasning til iPhone 14<\/p>\n","protected":false},"featured_media":11145,"comment_status":"closed","ping_status":"closed","template":"","meta":[],"product_brand":[],"product_cat":[1864],"product_tag":[],"class_list":{"0":"post-64089","1":"product","2":"type-product","3":"status-publish","4":"has-post-thumbnail","6":"product_cat-sag","7":"product_shipping_class-postkassepakke-vaerktojer-til-beskyttelse-af-personlige-oplysninger","9":"first","10":"instock","11":"taxable","12":"shipping-taxable","13":"purchasable","14":"product-type-simple"},"_links":{"self":[{"href":"https:\/\/www.cryptvice.com\/da\/wp-json\/wp\/v2\/product\/64089","targetHints":{"allow":["GET"]}}],"collection":[{"href":"https:\/\/www.cryptvice.com\/da\/wp-json\/wp\/v2\/product"}],"about":[{"href":"https:\/\/www.cryptvice.com\/da\/wp-json\/wp\/v2\/types\/product"}],"replies":[{"embeddable":true,"href":"https:\/\/www.cryptvice.com\/da\/wp-json\/wp\/v2\/comments?post=64089"}],"version-history":[{"count":0,"href":"https:\/\/www.cryptvice.com\/da\/wp-json\/wp\/v2\/product\/64089\/revisions"}],"wp:featuredmedia":[{"embeddable":true,"href":"https:\/\/www.cryptvice.com\/da\/wp-json\/wp\/v2\/media\/11145"}],"wp:attachment":[{"href":"https:\/\/www.cryptvice.com\/da\/wp-json\/wp\/v2\/media?parent=64089"}],"wp:term":[{"taxonomy":"product_brand","embeddable":true,"href":"https:\/\/www.cryptvice.com\/da\/wp-json\/wp\/v2\/product_brand?post=64089"},{"taxonomy":"product_cat","embeddable":true,"href":"https:\/\/www.cryptvice.com\/da\/wp-json\/wp\/v2\/product_cat?post=64089"},{"taxonomy":"product_tag","embeddable":true,"href":"https:\/\/www.cryptvice.com\/da\/wp-json\/wp\/v2\/product_tag?post=64089"}],"curies":[{"name":"wp","href":"https:\/\/api.w.org\/{rel}","templated":true}]}}