{"id":64290,"date":"2025-11-17T21:14:25","date_gmt":"2025-11-17T19:14:25","guid":{"rendered":"https:\/\/www.cryptvice.com\/shop\/crypthub-v7-portable-5g-vpn-encrypted-router\/"},"modified":"2026-03-13T10:42:29","modified_gmt":"2026-03-13T08:42:29","slug":"crypthub-v7-portable-5g-vpn-encrypted-router","status":"publish","type":"product","link":"https:\/\/www.cryptvice.com\/da\/shop\/crypthub-v7-portable-5g-vpn-encrypted-router\/","title":{"rendered":"CryptHub V7 B\u00e6rbar 5G VPN-krypteret Router"},"content":{"rendered":"\t\t<div data-elementor-type=\"product-post\" data-elementor-id=\"64290\" class=\"elementor elementor-64290 elementor-51630\" data-elementor-post-type=\"product\">\n\t\t\t\t<div class=\"wd-negative-gap elementor-element elementor-element-4f63d147 e-flex e-con-boxed e-con e-parent\" data-id=\"4f63d147\" data-element_type=\"container\" data-e-type=\"container\">\n\t\t\t\t\t<div class=\"e-con-inner\">\n\t\t\t\t<div class=\"elementor-element elementor-element-2febbac elementor-widget elementor-widget-image\" data-id=\"2febbac\" data-element_type=\"widget\" data-e-type=\"widget\" data-widget_type=\"image.default\">\n\t\t\t\t\t\t\t\t\t\t\t\t\t\t\t<img decoding=\"async\" width=\"1650\" height=\"718\" src=\"https:\/\/www.cryptvice.com\/wp-content\/uploads\/CryptHub-V7-Portable-5G-VPN-Encrypted-router.jpg\" class=\"attachment-full size-full wp-image-64294\" alt=\"\" srcset=\"https:\/\/www.cryptvice.com\/wp-content\/uploads\/CryptHub-V7-Portable-5G-VPN-Encrypted-router.jpg 1650w, https:\/\/www.cryptvice.com\/wp-content\/uploads\/CryptHub-V7-Portable-5G-VPN-Encrypted-router-150x65.jpg 150w, https:\/\/www.cryptvice.com\/wp-content\/uploads\/CryptHub-V7-Portable-5G-VPN-Encrypted-router-1200x522.jpg 1200w, https:\/\/www.cryptvice.com\/wp-content\/uploads\/CryptHub-V7-Portable-5G-VPN-Encrypted-router-300x131.jpg 300w, https:\/\/www.cryptvice.com\/wp-content\/uploads\/CryptHub-V7-Portable-5G-VPN-Encrypted-router-1024x446.jpg 1024w, https:\/\/www.cryptvice.com\/wp-content\/uploads\/CryptHub-V7-Portable-5G-VPN-Encrypted-router-768x334.jpg 768w, https:\/\/www.cryptvice.com\/wp-content\/uploads\/CryptHub-V7-Portable-5G-VPN-Encrypted-router-1536x668.jpg 1536w, https:\/\/www.cryptvice.com\/wp-content\/uploads\/CryptHub-V7-Portable-5G-VPN-Encrypted-router-18x8.jpg 18w\" sizes=\"(max-width: 1650px) 100vw, 1650px\" title=\"\">\t\t\t\t\t\t\t\t\t\t\t\t\t\t\t<\/div>\n\t\t\t\t\t<\/div>\n\t\t\t\t<\/div>\n\t\t<div class=\"wd-negative-gap elementor-element elementor-element-375fb258 elementor-hidden-widescreen elementor-hidden-desktop elementor-hidden-laptop elementor-hidden-tablet elementor-hidden-mobile e-flex e-con-boxed e-con e-parent\" data-id=\"375fb258\" data-element_type=\"container\" data-e-type=\"container\">\n\t\t\t\t\t<div class=\"e-con-inner\">\n\t\t\t\t\t<\/div>\n\t\t\t\t<\/div>\n\t\t\t\t<\/div>\n\t\t","protected":false},"excerpt":{"rendered":"<p><em>Professionelt konfigureret b\u00e6rbar 5G-router med ekspertsupport<\/em><\/p>\n<p>Sikker mobilforbindelse &#8211; privatliv i lommest\u00f8rrelse til rejser, fjernarbejde og feltarbejde.<\/p>\n<p>Bygget p\u00e5 h\u00f8jhastigheds 5G-hardware med LCD-ber\u00f8ringssk\u00e6rm og aftageligt batteri. Forudkonfigureret med OpenWRT, krypteret VPN og avancerede privatlivsfunktioner. Dit eget private netv\u00e6rk, hvor som helst.  <\/p>\n<p>\u2713 5G-forbindelse med OpenWRT forudinstalleret<br \/>\n\u2713 VPN aktiveret og konfigureret<br \/>\n\u2713 MAC-klon og randomisering aktiveret<br \/>\n\u2713 DNS-kryptering konfigureret<br \/>\n\u2713 Tor-routing-underst\u00f8ttelse<br \/>\n\u2713 IMEI-skiftemulighed tilg\u00e6ngelig<br \/>\n\u2713 Officiel Cryptvice-distribution<\/p>\n","protected":false},"featured_media":51638,"comment_status":"closed","ping_status":"closed","template":"","meta":[],"product_brand":[],"product_cat":[1719],"product_tag":[],"class_list":{"0":"post-64290","1":"product","2":"type-product","3":"status-publish","4":"has-post-thumbnail","6":"product_cat-crypthub","7":"product_shipping_class-lille-pakke-telefon-router","9":"first","10":"outofstock","11":"featured","12":"taxable","13":"shipping-taxable","14":"purchasable","15":"product-type-variable","16":"has-default-attributes"},"_links":{"self":[{"href":"https:\/\/www.cryptvice.com\/da\/wp-json\/wp\/v2\/product\/64290","targetHints":{"allow":["GET"]}}],"collection":[{"href":"https:\/\/www.cryptvice.com\/da\/wp-json\/wp\/v2\/product"}],"about":[{"href":"https:\/\/www.cryptvice.com\/da\/wp-json\/wp\/v2\/types\/product"}],"replies":[{"embeddable":true,"href":"https:\/\/www.cryptvice.com\/da\/wp-json\/wp\/v2\/comments?post=64290"}],"version-history":[{"count":0,"href":"https:\/\/www.cryptvice.com\/da\/wp-json\/wp\/v2\/product\/64290\/revisions"}],"wp:featuredmedia":[{"embeddable":true,"href":"https:\/\/www.cryptvice.com\/da\/wp-json\/wp\/v2\/media\/51638"}],"wp:attachment":[{"href":"https:\/\/www.cryptvice.com\/da\/wp-json\/wp\/v2\/media?parent=64290"}],"wp:term":[{"taxonomy":"product_brand","embeddable":true,"href":"https:\/\/www.cryptvice.com\/da\/wp-json\/wp\/v2\/product_brand?post=64290"},{"taxonomy":"product_cat","embeddable":true,"href":"https:\/\/www.cryptvice.com\/da\/wp-json\/wp\/v2\/product_cat?post=64290"},{"taxonomy":"product_tag","embeddable":true,"href":"https:\/\/www.cryptvice.com\/da\/wp-json\/wp\/v2\/product_tag?post=64290"}],"curies":[{"name":"wp","href":"https:\/\/api.w.org\/{rel}","templated":true}]}}