{"id":65035,"date":"2025-03-25T11:16:56","date_gmt":"2025-03-25T09:16:56","guid":{"rendered":"https:\/\/www.cryptvice.com\/shop\/pixel-9-pro-privacy-screen-protector\/"},"modified":"2026-03-13T10:44:52","modified_gmt":"2026-03-13T08:44:52","slug":"pixel-9-pro-privacy-screen-protector","status":"publish","type":"product","link":"https:\/\/www.cryptvice.com\/da\/shop\/pixel-9-pro-privacy-screen-protector\/","title":{"rendered":"Pixel 9 Pro &#8211; sk\u00e6rmbeskyttelse til beskyttelse af privatlivets fred"},"content":{"rendered":"\t\t<div data-elementor-type=\"product-post\" data-elementor-id=\"65035\" class=\"elementor elementor-65035 elementor-42255\" data-elementor-post-type=\"product\">\n\t\t\t\t<div class=\"wd-negative-gap elementor-element elementor-element-65b2c358 e-flex e-con-boxed e-con e-parent\" data-id=\"65b2c358\" data-element_type=\"container\" data-e-type=\"container\">\n\t\t\t\t\t<div class=\"e-con-inner\">\n\t\t\t\t\t<\/div>\n\t\t\t\t<\/div>\n\t\t\t\t<\/div>\n\t\t","protected":false},"excerpt":{"rendered":"<p>Google Pixel 9 Pro privacy screen protector blokerer for sidevinkelvisning p\u00e5 Super Actua-sk\u00e6rmen. Over 2.000 nits lysstyrke forbliver fuldt synlig for dig &#8211; helt m\u00f8rk for alle andre. Ultrasonic fingeraftrykssensor og Face Unlock fungerer uden problemer.  <\/p>\n<p>\u2713 9H h\u00e6rdet glas med limet antispionfilm<br \/>\n\u2713 Ultrasonisk fingeraftryksl\u00e6ser og Face Unlock-kompatibel<br \/>\n\u2713 Oleofobisk overflade modst\u00e5r fingeraftryk<br \/>\n\u2713 Ingen luftbobler &#8211; pr\u00e6cisionstilpasning<br \/>\n\u2713 Specialbygget til Google Pixel 9 Pro<\/p>\n","protected":false},"featured_media":45904,"comment_status":"open","ping_status":"closed","template":"","meta":[],"product_brand":[],"product_cat":[2461],"product_tag":[],"class_list":{"0":"post-65035","1":"product","2":"type-product","3":"status-publish","4":"has-post-thumbnail","6":"product_cat-skaermbeskyttelse","7":"product_shipping_class-postkassepakke-vaerktojer-til-beskyttelse-af-personlige-oplysninger","9":"first","10":"onbackorder","11":"taxable","12":"shipping-taxable","13":"purchasable","14":"product-type-simple"},"_links":{"self":[{"href":"https:\/\/www.cryptvice.com\/da\/wp-json\/wp\/v2\/product\/65035","targetHints":{"allow":["GET"]}}],"collection":[{"href":"https:\/\/www.cryptvice.com\/da\/wp-json\/wp\/v2\/product"}],"about":[{"href":"https:\/\/www.cryptvice.com\/da\/wp-json\/wp\/v2\/types\/product"}],"replies":[{"embeddable":true,"href":"https:\/\/www.cryptvice.com\/da\/wp-json\/wp\/v2\/comments?post=65035"}],"version-history":[{"count":0,"href":"https:\/\/www.cryptvice.com\/da\/wp-json\/wp\/v2\/product\/65035\/revisions"}],"wp:featuredmedia":[{"embeddable":true,"href":"https:\/\/www.cryptvice.com\/da\/wp-json\/wp\/v2\/media\/45904"}],"wp:attachment":[{"href":"https:\/\/www.cryptvice.com\/da\/wp-json\/wp\/v2\/media?parent=65035"}],"wp:term":[{"taxonomy":"product_brand","embeddable":true,"href":"https:\/\/www.cryptvice.com\/da\/wp-json\/wp\/v2\/product_brand?post=65035"},{"taxonomy":"product_cat","embeddable":true,"href":"https:\/\/www.cryptvice.com\/da\/wp-json\/wp\/v2\/product_cat?post=65035"},{"taxonomy":"product_tag","embeddable":true,"href":"https:\/\/www.cryptvice.com\/da\/wp-json\/wp\/v2\/product_tag?post=65035"}],"curies":[{"name":"wp","href":"https:\/\/api.w.org\/{rel}","templated":true}]}}