{"id":65171,"date":"2025-03-25T11:13:08","date_gmt":"2025-03-25T09:13:08","guid":{"rendered":"https:\/\/www.cryptvice.com\/shop\/pixel-9a-privacy-screen-protector\/"},"modified":"2026-03-13T10:46:19","modified_gmt":"2026-03-13T08:46:19","slug":"pixel-9a-privacy-screen-protector","status":"publish","type":"product","link":"https:\/\/www.cryptvice.com\/da\/shop\/pixel-9a-privacy-screen-protector\/","title":{"rendered":"Pixel 9a &#8211; Sk\u00e6rmbeskyttelse til beskyttelse af privatlivets fred"},"content":{"rendered":"\t\t<div data-elementor-type=\"product-post\" data-elementor-id=\"65171\" class=\"elementor elementor-65171 elementor-42246\" data-elementor-post-type=\"product\">\n\t\t\t\t<div class=\"wd-negative-gap elementor-element elementor-element-2dda6ce e-flex e-con-boxed e-con e-parent\" data-id=\"2dda6ce\" data-element_type=\"container\" data-e-type=\"container\">\n\t\t\t\t\t<div class=\"e-con-inner\">\n\t\t\t\t\t<\/div>\n\t\t\t\t<\/div>\n\t\t\t\t<\/div>\n\t\t","protected":false},"excerpt":{"rendered":"<p>Google Pixel 9a privacy screen protector g\u00f8r din sk\u00e6rm ul\u00e6selig fra siderne ved hj\u00e6lp af mikrolamelletteknologi. Klarheden i fronten bevares fuldt ud. Alle biometriske funktioner, herunder fingeraftryksl\u00e6ser og Face Unlock, fungerer uden forsinkelse gennem glasset.  <\/p>\n<p>\u2713 9H h\u00e6rdet glas med ~28\u00b0 antispionfilter<br \/>\n\u2713 Fingeraftrykssensor og Face Unlock fuldt kompatible<br \/>\n\u2713 Fingeraftryksresistent oleofobisk overflade<br \/>\n\u2713 Boblefri out-of-the-box-installation<br \/>\n\u2713 Designet til Google Pixel 9a<\/p>\n","protected":false},"featured_media":45882,"comment_status":"open","ping_status":"closed","template":"","meta":[],"product_brand":[],"product_cat":[2461],"product_tag":[],"class_list":{"0":"post-65171","1":"product","2":"type-product","3":"status-publish","4":"has-post-thumbnail","6":"product_cat-skaermbeskyttelse","7":"product_shipping_class-postkassepakke-vaerktojer-til-beskyttelse-af-personlige-oplysninger","9":"first","10":"onbackorder","11":"taxable","12":"shipping-taxable","13":"purchasable","14":"product-type-simple"},"_links":{"self":[{"href":"https:\/\/www.cryptvice.com\/da\/wp-json\/wp\/v2\/product\/65171","targetHints":{"allow":["GET"]}}],"collection":[{"href":"https:\/\/www.cryptvice.com\/da\/wp-json\/wp\/v2\/product"}],"about":[{"href":"https:\/\/www.cryptvice.com\/da\/wp-json\/wp\/v2\/types\/product"}],"replies":[{"embeddable":true,"href":"https:\/\/www.cryptvice.com\/da\/wp-json\/wp\/v2\/comments?post=65171"}],"version-history":[{"count":0,"href":"https:\/\/www.cryptvice.com\/da\/wp-json\/wp\/v2\/product\/65171\/revisions"}],"wp:featuredmedia":[{"embeddable":true,"href":"https:\/\/www.cryptvice.com\/da\/wp-json\/wp\/v2\/media\/45882"}],"wp:attachment":[{"href":"https:\/\/www.cryptvice.com\/da\/wp-json\/wp\/v2\/media?parent=65171"}],"wp:term":[{"taxonomy":"product_brand","embeddable":true,"href":"https:\/\/www.cryptvice.com\/da\/wp-json\/wp\/v2\/product_brand?post=65171"},{"taxonomy":"product_cat","embeddable":true,"href":"https:\/\/www.cryptvice.com\/da\/wp-json\/wp\/v2\/product_cat?post=65171"},{"taxonomy":"product_tag","embeddable":true,"href":"https:\/\/www.cryptvice.com\/da\/wp-json\/wp\/v2\/product_tag?post=65171"}],"curies":[{"name":"wp","href":"https:\/\/api.w.org\/{rel}","templated":true}]}}