{"id":65480,"date":"2024-06-23T15:35:36","date_gmt":"2024-06-23T13:35:36","guid":{"rendered":"https:\/\/www.cryptvice.com\/shop\/google-pixel-8a-grapheneos-vpn-encrypted\/"},"modified":"2026-04-02T10:43:49","modified_gmt":"2026-04-02T08:43:49","slug":"google-pixel-8a-grapheneos-vpn-encrypted","status":"publish","type":"product","link":"https:\/\/www.cryptvice.com\/da\/shop\/google-pixel-8a-grapheneos-vpn-encrypted\/","title":{"rendered":"Google Pixel 8a GrapheneOS VPN Krypteret"},"content":{"rendered":"\t\t<div data-elementor-type=\"product-post\" data-elementor-id=\"65480\" class=\"elementor elementor-65480 elementor-15498\" data-elementor-post-type=\"product\">\n\t\t\t\t<div class=\"wd-negative-gap elementor-element elementor-element-29d8395f e-flex e-con-boxed e-con e-parent\" data-id=\"29d8395f\" data-element_type=\"container\" data-e-type=\"container\">\n\t\t\t\t\t<div class=\"e-con-inner\">\n\t\t\t\t\t\t\t<h2 \n\t\tdata-interaction-id=\"7b7cb306\" \n\t\tclass=\"e-7b7cb306-9ef19fc e-heading-base\" \n\t\t \n\t\tdata-e-type=\"widget\" data-id=\"7b7cb306\"\n\t>\n\t\n\t\t\tGoogle Pixel 8a GrapheneOS oversigt\n\t\t<\/h2>\n\t\t\t\t\t\t\t\t<p class=\"paragraph-small e-paragraph-base\" data-interaction-id=\"56d48f24\"  data-e-type=\"widget\" data-id=\"56d48f24\">\n\t\t\t\t\t\t\t\tGoogle Pixel 8a GrapheneOS VPN Encrypted leverer den nuv\u00e6rende generations sikkerhed til en tilg\u00e6ngelig pris. Konfigureret til: <br><br>- Budgetbevidste brugere, der kr\u00e6ver \u00e6gte beskyttelse af privatlivet<br>- Organisationer, der anvender flere sikre enheder<br>- F\u00f8rstegangsbrugere af GrapheneOS, der udforsker private alternativer<br>- Studerende og forskere, der h\u00e5ndterer f\u00f8lsomme data<br>- Brugere af sekund\u00e6re enheder, der har brug for dedikeret sikker kommunikation<br><br>Pixel 8a har den samme Titan M2-sikkerhedschip, som findes i flagskibsmodellerne, med underst\u00f8ttelse frem til 2031.\n\t\t\t\t\t<\/p>\n\t\t\t\t\t\t\t<h2 \n\t\tdata-interaction-id=\"2f6eb22c\" \n\t\tclass=\"e-2f6eb22c-a765c05 e-heading-base\" \n\t\t \n\t\tdata-e-type=\"widget\" data-id=\"2f6eb22c\"\n\t>\n\t\n\t\t\tK\u00f8rer GrapheneOS p\u00e5 Pixel 8a\n\t\t<\/h2>\n\t\t\t\t\t\t\t\t<p class=\"paragraph-small e-paragraph-base\" data-interaction-id=\"20b6359b\"  data-e-type=\"widget\" data-id=\"20b6359b\">\n\t\t\t\t\t\t\t\tHver Pixel 8a er forberedt med en verificeret GrapheneOS-installation:<br><br>- Frisk systeminstallation med integritetsverifikation<br>- Bootloader l\u00e5st for verificeret opstartsbeskyttelse<br>- Google-telemetri og -tjenester er helt fjernet<br>- Systemh\u00e6rdning konfigureret til daglig p\u00e5lidelighed<br>- Batterioptimering afbalanceret med sikkerhedskrav<br><br>GrapheneOS-opdateringer forts\u00e6tter frem til 2031 og matcher flagskibets supporttidslinjer.\n\t\t\t\t\t<\/p>\n\t\t\t\t\t\t\t<h2 \n\t\tdata-interaction-id=\"a6d0ed\" \n\t\tclass=\"e-a6d0ed-e5d2193 e-heading-base\" \n\t\t \n\t\tdata-e-type=\"widget\" data-id=\"a6d0ed\"\n\t>\n\t\n\t\t\tApp-tilladelser p\u00e5 Pixel 8a\n\t\t<\/h2>\n\t\t\t\t\t\t\t\t<p class=\"paragraph-small e-paragraph-base\" data-interaction-id=\"174a2f6f\"  data-e-type=\"widget\" data-id=\"174a2f6f\">\n\t\t\t\t\t\t\t\tPrivacy-applikationer konfigureres individuelt p\u00e5 hver enhed:<br><br>- Tilladelser analyseres og begr\u00e6nses til minimumskrav<br>- Baggrundsprocesser kontrolleres for at forhindre stille dataindsamling<br>- Netv\u00e6rksadgang begr\u00e6nses pr. applikation<br>- App-sandboxing h\u00e5ndh\u00e6ves for at forhindre datadeling<br>- Lagringstilladelser isoleres for f\u00f8lsomme oplysninger<br><br>Denne enhed-for-enhed-tilgang sikrer ensartede beskyttelsesstandarder.\n\t\t\t\t\t<\/p>\n\t\t\t\t\t\t\t<h2 \n\t\tdata-interaction-id=\"276b4aef\" \n\t\tclass=\"e-276b4aef-e492a06 e-heading-base\" \n\t\t \n\t\tdata-e-type=\"widget\" data-id=\"276b4aef\"\n\t>\n\t\n\t\t\tVPN-konfiguration p\u00e5 Pixel 8a\n\t\t<\/h2>\n\t\t\t\t\t\t\t\t<p class=\"paragraph-small e-paragraph-base\" data-interaction-id=\"47f7feef\"  data-e-type=\"widget\" data-id=\"47f7feef\">\n\t\t\t\t\t\t\t\tV\u00e6lg din udbyder under checkout:<br><br>- Mullvad - anonym registrering, ingen e-mail n\u00f8dvendig, svensk jurisdiktion<br>- iVPN - multi-hop tilg\u00e6ngelig, revideret open source-klient, Gibraltar-baseret<br>- ProtonVPN - schweizisk privatlivsbeskyttelse, Secure Core-servere<br><br>Din VPN er installeret, konfigureret og testet inden levering. Kryptering aktiveres automatisk ved opstart. \n\t\t\t\t\t<\/p>\n\t\t\t\t\t\t\t<h2 \n\t\tdata-interaction-id=\"4260d906\" \n\t\tclass=\"e-4260d906-18fcfc2 e-heading-base\" \n\t\t \n\t\tdata-e-type=\"widget\" data-id=\"4260d906\"\n\t>\n\t\n\t\t\tPrivacy-apps p\u00e5 Google Pixel 8a\n\t\t<\/h2>\n\t\t\t\t\t\t\t\t<p class=\"paragraph-small e-paragraph-base\" data-interaction-id=\"2c30fb55\"  data-e-type=\"widget\" data-id=\"2c30fb55\">\n\t\t\t\t\t\t\t\tSikkert netv\u00e6rk<br>- Orbot - dirigerer trafik gennem Tor, n\u00e5r der er brug for anonymitet<br>- Premium VPN - din udbyder er konfigureret og verificeret<br><br>Privat browsing<br>- Firefox Focus - blokerer trackere, rydder data automatisk<br><br>App-adgang<br>- Aurora Store - download apps uden Google-konto<br>- F-Droid - open source privacy application repository<br><br>Sikker kommunikation<br>- Molly - h\u00e6rdet Signal-fork med forbedret beskyttelse<br>- Threema - schweizisk udviklet, GDPR-kompatibel messaging<br>- SimpleX - ingen telefonnumre eller identifikatorer p\u00e5kr\u00e6vet<br><br>Produktivitet<br>- Standard Notes - end-to-end krypterede noter<br>- eM Client - e-mail uden platformssporing\n\t\t\t\t\t<\/p>\n\t\t\t\t\t\t\t<h2 \n\t\tdata-interaction-id=\"2c830d78\" \n\t\tclass=\"e-2c830d78-7c2828d e-heading-base\" \n\t\t \n\t\tdata-e-type=\"widget\" data-id=\"2c830d78\"\n\t>\n\t\n\t\t\tCryptvice konfigurationstjeneste\n\t\t<\/h2>\n\t\t\t\t\t\t\t\t<p class=\"paragraph-small e-paragraph-base\" data-interaction-id=\"5c4b5287\"  data-e-type=\"widget\" data-id=\"5c4b5287\">\n\t\t\t\t\t\t\t\t- Hver enhed konfigureres i h\u00e5nden<br>- Sikkerhedstestet f\u00f8r afsendelse<br>- Diskret indpakning uden branding<br>- Betalinger med kryptovaluta accepteres<br>- Afsendes fra Spanien med sporing<br>- 30 dages support fra GrapheneOS-brugere\n\t\t\t\t\t<\/p>\n\t\t\t\t\t\t\t<h2 \n\t\tdata-interaction-id=\"46c9fb0a\" \n\t\tclass=\"e-46c9fb0a-52371a9 e-heading-base\" \n\t\t \n\t\tdata-e-type=\"widget\" data-id=\"46c9fb0a\"\n\t>\n\t\n\t\t\tBestillinger og garanti\n\t\t<\/h2>\n\t\t\t\t\t\t\t\t<p class=\"paragraph-small e-paragraph-base\" data-interaction-id=\"11067dd9\"  data-e-type=\"widget\" data-id=\"11067dd9\">\n\t\t\t\t\t\t\t\tAfsendelse inden for 1 arbejdsdag. Sporing leveres via e-mail. <br><br>Returnering af defekte enheder accepteres i Spanien. Returforsendelse g\u00e6lder for varer, der ikke er fejlbeh\u00e6ftede. Googles hardwaregaranti er inkluderet. Konfiguration leveres som professionel service.   \n\t\t\t\t\t<\/p>\n\t\t\t\t\t\t\t\t<p class=\"paragraph-small button-dark-icon e-1c7a008e-43c6eff e-paragraph-base\" data-interaction-id=\"1c7a008e\"  data-e-type=\"widget\" data-id=\"1c7a008e\">\n\t\t\t\t\t\t\t<a\n\t\t\t\t\thref=\"https:\/\/www.cryptvice.com\/da\/help-and-support\/\" target=\"_self\"\n\t\t\t\t\tclass=\"e-paragraph-link-base\"\n\t\t\t\t>\n\t\t\t\t\t\tHar du sp\u00f8rgsm\u00e5l? Se vores FAQ om hj\u00e6lp og support \n\t\t\t\t<\/a>\n\t\t\t\t\t<\/p>\n\t\t\t\t\t<\/div>\n\t\t\t\t<\/div>\n\t\t\t\t<\/div>\n\t\t","protected":false},"excerpt":{"rendered":"<p>Google Pixel 8a GrapheneOS k\u00f8rer p\u00e5 Tensor G3-processoren med Titan M2-sikkerhedschip &#8211; det samme hardware-sikkerhedsfundament som Pixel 9-linjen. En generation bagud p\u00e5 hovedprocessoren, men identisk p\u00e5 det, der betyder noget for privatlivets fred: verificeret opstart, sikker enklave, fuld GrapheneOS-underst\u00f8ttelse. <\/p>\n<p>\u2713 Forudinstalleret med GrapheneOS &#8211; ingen Google, ingen sporing<br \/>\n\u2713 Signal, Molly &amp; Threema aktiveret med virtuelt nummer<br \/>\n\u2713 Premium VPN + dobbeltprofil med fuld h\u00e6rdning<br \/>\n\u2713 USB-datablokering &amp; tvangssletning aktiveret<\/p>\n","protected":false},"featured_media":65504,"comment_status":"closed","ping_status":"closed","template":"","meta":[],"product_brand":[],"product_cat":[6656,6576],"product_tag":[],"class_list":{"0":"post-65480","1":"product","2":"type-product","3":"status-publish","4":"has-post-thumbnail","6":"product_cat-cryptphones-2","7":"product_cat-accessoires","8":"pa_audio-connection-usb-c","9":"pa_battery-capacity-4492-mah","10":"pa_bluetooth-5-3","11":"pa_brand-google","12":"pa_camera-back-13-mp-f-2-2-120-ultrabred","13":"pa_camera-back-64-mp-f-1-9-26mm-wide-pdaf-ois","14":"pa_camera-front-13-mp-f-2-2-20-mm-ultrabred","15":"pa_color-sort-2","16":"pa_graphics-series-immortalis-g715s-mc10","17":"pa_guaranteed-security-updates-01-may-2031","18":"pa_manufacturer-guarantee-24-months","19":"pa_model-pixel-8a","20":"pa_operating-system-grapheneos","21":"pa_processor-4x-2-15ghz-cortex-a510","22":"pa_processor-4x-2-45ghz-cortex-a715","23":"pa_processor-nona-core-1x-3-0ghz-cortex-x3","24":"pa_ram-size-8-gb","25":"pa_ram-type-lpddr5x","26":"pa_release-years-14-may-2024","27":"pa_resolution-1080-x-2400-pixels","28":"pa_screen-diagonal-6-1","29":"pa_screen-ppi-430-ppi","30":"pa_screen-ratio-209-forhold-2","31":"pa_screen-refresh-rate-120hz","32":"pa_screen-type-oled","33":"pa_security-features-oem-oplasning-2","34":"pa_security-features-vpn-krypteret-2","35":"pa_storage-128-gb","36":"pa_system-chip-google-tensor-g3-4-nm","37":"pa_vpn-cover-ivpn-12m","38":"pa_vpn-cover-ivpn-6m","39":"pa_vpn-cover-mullvad-12m","40":"pa_vpn-cover-mullvad-6m","41":"pa_vpn-cover-protonvpn-12m","43":"first","44":"instock","45":"taxable","46":"shipping-taxable","47":"purchasable","48":"product-type-variable"},"_links":{"self":[{"href":"https:\/\/www.cryptvice.com\/da\/wp-json\/wp\/v2\/product\/65480","targetHints":{"allow":["GET"]}}],"collection":[{"href":"https:\/\/www.cryptvice.com\/da\/wp-json\/wp\/v2\/product"}],"about":[{"href":"https:\/\/www.cryptvice.com\/da\/wp-json\/wp\/v2\/types\/product"}],"replies":[{"embeddable":true,"href":"https:\/\/www.cryptvice.com\/da\/wp-json\/wp\/v2\/comments?post=65480"}],"version-history":[{"count":2,"href":"https:\/\/www.cryptvice.com\/da\/wp-json\/wp\/v2\/product\/65480\/revisions"}],"predecessor-version":[{"id":71381,"href":"https:\/\/www.cryptvice.com\/da\/wp-json\/wp\/v2\/product\/65480\/revisions\/71381"}],"wp:featuredmedia":[{"embeddable":true,"href":"https:\/\/www.cryptvice.com\/da\/wp-json\/wp\/v2\/media\/65504"}],"wp:attachment":[{"href":"https:\/\/www.cryptvice.com\/da\/wp-json\/wp\/v2\/media?parent=65480"}],"wp:term":[{"taxonomy":"product_brand","embeddable":true,"href":"https:\/\/www.cryptvice.com\/da\/wp-json\/wp\/v2\/product_brand?post=65480"},{"taxonomy":"product_cat","embeddable":true,"href":"https:\/\/www.cryptvice.com\/da\/wp-json\/wp\/v2\/product_cat?post=65480"},{"taxonomy":"product_tag","embeddable":true,"href":"https:\/\/www.cryptvice.com\/da\/wp-json\/wp\/v2\/product_tag?post=65480"}],"curies":[{"name":"wp","href":"https:\/\/api.w.org\/{rel}","templated":true}]}}