{"id":65993,"date":"2024-06-25T17:54:03","date_gmt":"2024-06-25T15:54:03","guid":{"rendered":"https:\/\/www.cryptvice.com\/shop\/pixel-6a-case-nillkin-camshield-camera-slider\/"},"modified":"2026-03-13T12:41:36","modified_gmt":"2026-03-13T10:41:36","slug":"pixel-6a-case-nillkin-camshield-camera-slider","status":"publish","type":"product","link":"https:\/\/www.cryptvice.com\/da\/shop\/pixel-6a-case-nillkin-camshield-camera-slider\/","title":{"rendered":"Pixel 6a-etui &#8211; Nillkin CamShield Camera Slider"},"content":{"rendered":"\t\t<div data-elementor-type=\"product-post\" data-elementor-id=\"65993\" class=\"elementor elementor-65993 elementor-15847\" data-elementor-post-type=\"product\">\n\t\t\t\t<div class=\"wd-negative-gap elementor-element elementor-element-e8f71be e-flex e-con-boxed e-con e-parent\" data-id=\"e8f71be\" data-element_type=\"container\" data-e-type=\"container\">\n\t\t\t\t\t<div class=\"e-con-inner\">\n\t\t\t\t\t<\/div>\n\t\t\t\t<\/div>\n\t\t\t\t<\/div>\n\t\t","protected":false},"excerpt":{"rendered":"<p>Google Pixel 6a etui Nillkin CamShield med glidende kamerad\u00e6ksel. H\u00e5rd pc-bagside med st\u00f8dabsorberende TPU-ramme. Skub d\u00e6kslet over linsen, n\u00e5r det ikke er i brug, for at beskytte kameraet og blokere for u\u00f8nsket adgang.  <\/p>\n<p>\u2713 Skydbart kamerad\u00e6ksel til beskyttelse af linsen og privatlivets fred<br \/>\n\u2713 H\u00e5rd pc-bagside med fleksibel TPU-bumperramme<br \/>\n\u2713 Forh\u00f8jede kanter beskytter sk\u00e6rm og kamera mod flade overflader<br \/>\n\u2713 Mat finish mod fingeraftryk med sikkert greb<br \/>\n\u2713 Pr\u00e6cise udsk\u00e6ringer til alle porte p\u00e5 Google Pixel 6a<\/p>\n","protected":false},"featured_media":21153,"comment_status":"closed","ping_status":"closed","template":"","meta":[],"product_brand":[],"product_cat":[1864],"product_tag":[],"class_list":{"0":"post-65993","1":"product","2":"type-product","3":"status-publish","4":"has-post-thumbnail","6":"product_cat-sag","7":"product_shipping_class-postkassepakke-vaerktojer-til-beskyttelse-af-personlige-oplysninger","9":"first","10":"instock","11":"taxable","12":"shipping-taxable","13":"purchasable","14":"product-type-simple"},"_links":{"self":[{"href":"https:\/\/www.cryptvice.com\/da\/wp-json\/wp\/v2\/product\/65993","targetHints":{"allow":["GET"]}}],"collection":[{"href":"https:\/\/www.cryptvice.com\/da\/wp-json\/wp\/v2\/product"}],"about":[{"href":"https:\/\/www.cryptvice.com\/da\/wp-json\/wp\/v2\/types\/product"}],"replies":[{"embeddable":true,"href":"https:\/\/www.cryptvice.com\/da\/wp-json\/wp\/v2\/comments?post=65993"}],"version-history":[{"count":0,"href":"https:\/\/www.cryptvice.com\/da\/wp-json\/wp\/v2\/product\/65993\/revisions"}],"wp:featuredmedia":[{"embeddable":true,"href":"https:\/\/www.cryptvice.com\/da\/wp-json\/wp\/v2\/media\/21153"}],"wp:attachment":[{"href":"https:\/\/www.cryptvice.com\/da\/wp-json\/wp\/v2\/media?parent=65993"}],"wp:term":[{"taxonomy":"product_brand","embeddable":true,"href":"https:\/\/www.cryptvice.com\/da\/wp-json\/wp\/v2\/product_brand?post=65993"},{"taxonomy":"product_cat","embeddable":true,"href":"https:\/\/www.cryptvice.com\/da\/wp-json\/wp\/v2\/product_cat?post=65993"},{"taxonomy":"product_tag","embeddable":true,"href":"https:\/\/www.cryptvice.com\/da\/wp-json\/wp\/v2\/product_tag?post=65993"}],"curies":[{"name":"wp","href":"https:\/\/api.w.org\/{rel}","templated":true}]}}