{"id":66157,"date":"2024-05-15T20:55:49","date_gmt":"2024-05-15T18:55:49","guid":{"rendered":"https:\/\/www.cryptvice.com\/shop\/google-pixel-7a-grapheneos-vpn-encrypted\/"},"modified":"2026-04-02T10:43:26","modified_gmt":"2026-04-02T08:43:26","slug":"google-pixel-7a-grapheneos-vpn-encrypted","status":"publish","type":"product","link":"https:\/\/www.cryptvice.com\/da\/shop\/google-pixel-7a-grapheneos-vpn-encrypted\/","title":{"rendered":"Google Pixel 7a GrapheneOS VPN Krypteret"},"content":{"rendered":"\t\t<div data-elementor-type=\"product-post\" data-elementor-id=\"66157\" class=\"elementor elementor-66157 elementor-11253\" data-elementor-post-type=\"product\">\n\t\t\t\t<div class=\"wd-negative-gap elementor-element elementor-element-7ec8d3af e-flex e-con-boxed e-con e-parent\" data-id=\"7ec8d3af\" data-element_type=\"container\" data-e-type=\"container\">\n\t\t\t\t\t<div class=\"e-con-inner\">\n\t\t\t\t\t\t\t<h2 \n\t\tdata-interaction-id=\"165001e9\" \n\t\tclass=\"e-165001e9-b430510 e-heading-base\" \n\t\t \n\t\tdata-e-type=\"widget\" data-id=\"165001e9\"\n\t>\n\t\n\t\t\tKom godt i gang med Google Pixel 7a GrapheneOS\n\t\t<\/h2>\n\t\t\t\t\t\t\t\t<p class=\"paragraph-small e-paragraph-base\" data-interaction-id=\"3dcfc744\"  data-e-type=\"widget\" data-id=\"3dcfc744\">\n\t\t\t\t\t\t\t\tGoogle Pixel 7a GrapheneOS VPN Encrypted giver en tilg\u00e6ngelig indgang til mobilt privatliv. Konfigureret til: <br><br>- F\u00f8rstegangsbrugere af GrapheneOS, der udforsker sikre alternativer<br>- Budgetbevidste k\u00f8bere, der kr\u00e6ver \u00e6gte beskyttelse<br>- Studerende og forskere, der h\u00e5ndterer f\u00f8lsomme oplysninger<br>- Brugere af sekund\u00e6re enheder, der har brug for dedikeret sikker kommunikation<br>- Organisationer, der udstyrer teams med hardware til beskyttelse af personlige oplysninger<br><br>Pixel 7a leverer Titan M2-sikkerhed til en lavere pris end flagskibsmodellerne.\n\t\t\t\t\t<\/p>\n\t\t\t\t\t\t\t<h2 \n\t\tdata-interaction-id=\"4f8be935\" \n\t\tclass=\"e-4f8be935-fa14783 e-heading-base\" \n\t\t \n\t\tdata-e-type=\"widget\" data-id=\"4f8be935\"\n\t>\n\t\n\t\t\tGrapheneOS-oplevelse p\u00e5 Pixel 7a\n\t\t<\/h2>\n\t\t\t\t\t\t\t\t<p class=\"paragraph-small e-paragraph-base\" data-interaction-id=\"7b76444\"  data-e-type=\"widget\" data-id=\"7b76444\">\n\t\t\t\t\t\t\t\tHver Pixel 7a leveres med GrapheneOS installeret og verificeret:<br><br>- Ren installation med integritetsverifikation<br>- Bootloader konfigureret til sikker drift<br>- Google-tjenester helt fjernet<br>- System h\u00e6rdet mod almindelige s\u00e5rbarheder<br>- Batteri og ydeevne optimeret til daglig brug<br><br>Operativsystemet modtager l\u00f8bende opdateringer, mens Google opretholder Pixel 7a-support.\n\t\t\t\t\t<\/p>\n\t\t\t\t\t\t\t<h2 \n\t\tdata-interaction-id=\"760a88b4\" \n\t\tclass=\"e-760a88b4-c6d72c5 e-heading-base\" \n\t\t \n\t\tdata-e-type=\"widget\" data-id=\"760a88b4\"\n\t>\n\t\n\t\t\tApplikationssikkerhed p\u00e5 Pixel 7a\n\t\t<\/h2>\n\t\t\t\t\t\t\t\t<p class=\"paragraph-small e-paragraph-base\" data-interaction-id=\"392661c4\"  data-e-type=\"widget\" data-id=\"392661c4\">\n\t\t\t\t\t\t\t\tPrivacy-applikationer konfigureres individuelt p\u00e5 hver enhed:<br><br>- Tilladelser gennemg\u00e5s og minimeres for hver app<br>- Baggrundsaktivitet begr\u00e6nses til vigtige processer<br>- Netv\u00e6rksadgang kontrolleres pr. applikation<br>- Lagring isoleres mellem apps<br><br>Denne manuelle tilgang sikrer ensartet beskyttelse p\u00e5 tv\u00e6rs af alle Pixel 7a-enheder, vi klarg\u00f8r.\n\t\t\t\t\t<\/p>\n\t\t\t\t\t\t\t<h2 \n\t\tdata-interaction-id=\"a29a29e\" \n\t\tclass=\"e-a29a29e-328cc0b e-heading-base\" \n\t\t \n\t\tdata-e-type=\"widget\" data-id=\"a29a29e\"\n\t>\n\t\n\t\t\tNetv\u00e6rksbeskyttelse p\u00e5 Pixel 7a\n\t\t<\/h2>\n\t\t\t\t\t\t\t\t<p class=\"paragraph-small e-paragraph-base\" data-interaction-id=\"6ff39b66\"  data-e-type=\"widget\" data-id=\"6ff39b66\">\n\t\t\t\t\t\t\t\tDin valgte VPN-udbyder er installeret og aktiveret:<br><br>- Mullvad - ingen registrering p\u00e5kr\u00e6vet, anonyme betalinger<br>- iVPN - multi-hop routing, revideret infrastruktur<br>- ProtonVPN - schweizisk privatlivslovgivning, Secure Core option<br><br>Kryptering af trafik begynder automatisk og beskytter forbindelser p\u00e5 ethvert netv\u00e6rk.\n\t\t\t\t\t<\/p>\n\t\t\t\t\t\t\t<h2 \n\t\tdata-interaction-id=\"4677b3ea\" \n\t\tclass=\"e-4677b3ea-1f126dc e-heading-base\" \n\t\t \n\t\tdata-e-type=\"widget\" data-id=\"4677b3ea\"\n\t>\n\t\n\t\t\tForudkonfigurerede v\u00e6rkt\u00f8jer p\u00e5 Google Pixel 7a\n\t\t<\/h2>\n\t\t\t\t\t\t\t\t<p class=\"paragraph-small e-paragraph-base\" data-interaction-id=\"30cb8bbe\"  data-e-type=\"widget\" data-id=\"30cb8bbe\">\n\t\t\t\t\t\t\t\tNetv\u00e6rk<br>- Orbot - anonym browsing via Tor<br>- Premium VPN - konfigureret og verificeret f\u00f8r levering<br><br>Browsing<br>- Firefox Focus - sporingsbeskyttelse med automatisk rydning<br><br>App-kilder<br>- Aurora Store - anonyme app-downloads<br>- F-Droid - open source-applikationsbibliotek<br><br>Kommunikation<br>- Molly - forbedret Signal messenger<br>- Threema - schweizisk fremstillet krypteret messaging<br>- SimpleX - ingen identifikatorer p\u00e5kr\u00e6vet<br><br>Produktivitet<br>- Standard Notes - krypteret opbevaring af noter<br>- eM Client - privat e-mailadministration\n\t\t\t\t\t<\/p>\n\t\t\t\t\t\t\t<h2 \n\t\tdata-interaction-id=\"449df99a\" \n\t\tclass=\"e-449df99a-88bfea1 e-heading-base\" \n\t\t \n\t\tdata-e-type=\"widget\" data-id=\"449df99a\"\n\t>\n\t\n\t\t\tProfessionel konfiguration af Cryptvice\n\t\t<\/h2>\n\t\t\t\t\t\t\t\t<p class=\"paragraph-small e-paragraph-base\" data-interaction-id=\"710d12d7\"  data-e-type=\"widget\" data-id=\"710d12d7\">\n\t\t\t\t\t\t\t\t- Hver enhed forberedes individuelt<br>- Sikkerhed verificeret f\u00f8r afsendelse<br>- Emballage uden branding<br>- Betaling med kryptovaluta tilg\u00e6ngelig<br>- Afsendes fra Spanien<br>- Support fra GrapheneOS-brugere\n\t\t\t\t\t<\/p>\n\t\t\t\t\t\t\t<h2 \n\t\tdata-interaction-id=\"6b8f2a7a\" \n\t\tclass=\"e-6b8f2a7a-9564c3a e-heading-base\" \n\t\t \n\t\tdata-e-type=\"widget\" data-id=\"6b8f2a7a\"\n\t>\n\t\n\t\t\tForsendelse og returnering\n\t\t<\/h2>\n\t\t\t\t\t\t\t\t<p class=\"paragraph-small e-paragraph-base\" data-interaction-id=\"50864ef0\"  data-e-type=\"widget\" data-id=\"50864ef0\">\n\t\t\t\t\t\t\t\tOrdrer sendes inden for 1 arbejdsdag med sporing.<br><br>Returnering af defekte enheder accepteres i Spanien. Returneringer, der ikke er fejlbeh\u00e6ftede, kr\u00e6ver betaling for returforsendelse. Googles garanti g\u00e6lder for hardware. Konfiguration er inkluderet som service.   \n\t\t\t\t\t<\/p>\n\t\t\t\t\t\t\t\t<p class=\"paragraph-small button-dark-icon e-7ce22a50-1df941b e-paragraph-base\" data-interaction-id=\"7ce22a50\"  data-e-type=\"widget\" data-id=\"7ce22a50\">\n\t\t\t\t\t\t\t<a\n\t\t\t\t\thref=\"https:\/\/www.cryptvice.com\/da\/help-and-support\/\" target=\"_self\"\n\t\t\t\t\tclass=\"e-paragraph-link-base\"\n\t\t\t\t>\n\t\t\t\t\t\tHar du sp\u00f8rgsm\u00e5l? Se vores FAQ om hj\u00e6lp og support \n\t\t\t\t<\/a>\n\t\t\t\t\t<\/p>\n\t\t\t\t\t<\/div>\n\t\t\t\t<\/div>\n\t\t\t\t<\/div>\n\t\t","protected":false},"excerpt":{"rendered":"<p>Google Pixel 7a GrapheneOS k\u00f8rer Tensor G2 med Titan M2-sikkerhedschip &#8211; den samme sikre enklave, der beskytter dine data som nyere Pixel-modeller. To generationer bagud p\u00e5 processorkraft, det samme p\u00e5 hardwarebaseret sikkerhed. Et solidt valg, hvis budgettet er det vigtigste, og ydeevnen ikke er det.  <\/p>\n<p>\u2713 Forudinstalleret med GrapheneOS &#8211; ingen Google, ingen sporing<br \/>\n\u2713 Signal, Molly &amp; Threema aktiveret med virtuelt nummer<br \/>\n\u2713 Premium VPN + dobbeltprofil med fuld h\u00e6rdning<br \/>\n\u2713 USB-datablokering &amp; tvangssletning aktiveret<\/p>\n","protected":false},"featured_media":66159,"comment_status":"open","ping_status":"closed","template":"","meta":[],"product_brand":[],"product_cat":[6656,6576],"product_tag":[],"class_list":{"0":"post-66157","1":"product","2":"type-product","3":"status-publish","4":"has-post-thumbnail","6":"product_cat-cryptphones-2","7":"product_cat-accessoires","8":"pa_audio-connection-usb-c","9":"pa_battery-capacity-4385-mah","10":"pa_bluetooth-5-3","11":"pa_brand-google","12":"pa_camera-back-13-mp-ultra-wide","13":"pa_camera-back-64-mp","14":"pa_camera-front-13-mp","15":"pa_color-sort-2","16":"pa_graphics-series-mali-g710-mp7","17":"pa_guaranteed-security-updates-07-may-2028","18":"pa_manufacturer-guarantee-24-months","19":"pa_model-pixel-7a","20":"pa_operating-system-grapheneos","21":"pa_processor-octa-core-2-85-ghz","22":"pa_ram-size-8-gb","23":"pa_ram-type-lpddr5","24":"pa_release-years-10-may-2023","25":"pa_resolution-2400-x-1080-pixels","26":"pa_screen-diagonal-6-1","27":"pa_screen-ppi-431-ppi","28":"pa_screen-ratio-209-forhold-2","29":"pa_screen-refresh-rate-90hz","30":"pa_screen-type-oled","31":"pa_security-features-oem-oplasning-2","32":"pa_security-features-vpn-krypteret-2","33":"pa_storage-128-gb","34":"pa_system-chip-google-tensor-g2-5-nm","35":"pa_vpn-cover-ivpn-12m","36":"pa_vpn-cover-ivpn-6m","37":"pa_vpn-cover-mullvad-12m","38":"pa_vpn-cover-mullvad-6m","39":"pa_vpn-cover-protonvpn-12m","41":"first","42":"instock","43":"taxable","44":"shipping-taxable","45":"purchasable","46":"product-type-variable"},"_links":{"self":[{"href":"https:\/\/www.cryptvice.com\/da\/wp-json\/wp\/v2\/product\/66157","targetHints":{"allow":["GET"]}}],"collection":[{"href":"https:\/\/www.cryptvice.com\/da\/wp-json\/wp\/v2\/product"}],"about":[{"href":"https:\/\/www.cryptvice.com\/da\/wp-json\/wp\/v2\/types\/product"}],"replies":[{"embeddable":true,"href":"https:\/\/www.cryptvice.com\/da\/wp-json\/wp\/v2\/comments?post=66157"}],"version-history":[{"count":2,"href":"https:\/\/www.cryptvice.com\/da\/wp-json\/wp\/v2\/product\/66157\/revisions"}],"predecessor-version":[{"id":71362,"href":"https:\/\/www.cryptvice.com\/da\/wp-json\/wp\/v2\/product\/66157\/revisions\/71362"}],"wp:featuredmedia":[{"embeddable":true,"href":"https:\/\/www.cryptvice.com\/da\/wp-json\/wp\/v2\/media\/66159"}],"wp:attachment":[{"href":"https:\/\/www.cryptvice.com\/da\/wp-json\/wp\/v2\/media?parent=66157"}],"wp:term":[{"taxonomy":"product_brand","embeddable":true,"href":"https:\/\/www.cryptvice.com\/da\/wp-json\/wp\/v2\/product_brand?post=66157"},{"taxonomy":"product_cat","embeddable":true,"href":"https:\/\/www.cryptvice.com\/da\/wp-json\/wp\/v2\/product_cat?post=66157"},{"taxonomy":"product_tag","embeddable":true,"href":"https:\/\/www.cryptvice.com\/da\/wp-json\/wp\/v2\/product_tag?post=66157"}],"curies":[{"name":"wp","href":"https:\/\/api.w.org\/{rel}","templated":true}]}}