{"id":67015,"date":"2024-06-25T18:14:47","date_gmt":"2024-06-25T16:14:47","guid":{"rendered":"https:\/\/www.cryptvice.com\/shop\/pixel-7-pro-privacy-screen-protector\/"},"modified":"2026-03-13T13:08:11","modified_gmt":"2026-03-13T11:08:11","slug":"pixel-7-pro-privacy-screen-protector","status":"publish","type":"product","link":"https:\/\/www.cryptvice.com\/da\/shop\/pixel-7-pro-privacy-screen-protector\/","title":{"rendered":"Pixel 7 Pro &#8211; Privacy-sk\u00e6rmbeskyttelse"},"content":{"rendered":"\t\t<div data-elementor-type=\"product-post\" data-elementor-id=\"67015\" class=\"elementor elementor-67015 elementor-15900\" data-elementor-post-type=\"product\">\n\t\t\t\t<div class=\"wd-negative-gap elementor-element elementor-element-22e8e4e2 e-flex e-con-boxed e-con e-parent\" data-id=\"22e8e4e2\" data-element_type=\"container\" data-e-type=\"container\">\n\t\t\t\t\t<div class=\"e-con-inner\">\n\t\t\t\t\t<\/div>\n\t\t\t\t<\/div>\n\t\t\t\t<\/div>\n\t\t","protected":false},"excerpt":{"rendered":"<p>Google Pixel 7 Pro privacy screen protector begr\u00e6nser sk\u00e6rmens synlighed til ca. 28 grader. Klar forfra, m\u00f8rk fra siderne. Designet til 6,7&#8243; QHD+-sk\u00e6rmen med fuld biometrisk underst\u00f8ttelse &#8211; fingeraftryk og Face Unlock fungerer normalt.  <\/p>\n<p>\u2713 9H h\u00e6rdet glas med integreret antispionfilter<br \/>\n\u2713 Optisk fingeraftryksl\u00e6ser og Face Unlock-kompatibel<br \/>\n\u2713 Oleofobisk bel\u00e6gning reducerer pletter og fingeraftryk<br \/>\n\u2713 Glat installation uden luftbobler<br \/>\n\u2713 Bygget specielt til Google Pixel 7 Pro<\/p>\n","protected":false},"featured_media":45896,"comment_status":"closed","ping_status":"closed","template":"","meta":[],"product_brand":[],"product_cat":[2461],"product_tag":[],"class_list":{"0":"post-67015","1":"product","2":"type-product","3":"status-publish","4":"has-post-thumbnail","6":"product_cat-skaermbeskyttelse","7":"product_shipping_class-postkassepakke-vaerktojer-til-beskyttelse-af-personlige-oplysninger","9":"first","10":"instock","11":"taxable","12":"shipping-taxable","13":"purchasable","14":"product-type-simple"},"_links":{"self":[{"href":"https:\/\/www.cryptvice.com\/da\/wp-json\/wp\/v2\/product\/67015","targetHints":{"allow":["GET"]}}],"collection":[{"href":"https:\/\/www.cryptvice.com\/da\/wp-json\/wp\/v2\/product"}],"about":[{"href":"https:\/\/www.cryptvice.com\/da\/wp-json\/wp\/v2\/types\/product"}],"replies":[{"embeddable":true,"href":"https:\/\/www.cryptvice.com\/da\/wp-json\/wp\/v2\/comments?post=67015"}],"version-history":[{"count":0,"href":"https:\/\/www.cryptvice.com\/da\/wp-json\/wp\/v2\/product\/67015\/revisions"}],"wp:featuredmedia":[{"embeddable":true,"href":"https:\/\/www.cryptvice.com\/da\/wp-json\/wp\/v2\/media\/45896"}],"wp:attachment":[{"href":"https:\/\/www.cryptvice.com\/da\/wp-json\/wp\/v2\/media?parent=67015"}],"wp:term":[{"taxonomy":"product_brand","embeddable":true,"href":"https:\/\/www.cryptvice.com\/da\/wp-json\/wp\/v2\/product_brand?post=67015"},{"taxonomy":"product_cat","embeddable":true,"href":"https:\/\/www.cryptvice.com\/da\/wp-json\/wp\/v2\/product_cat?post=67015"},{"taxonomy":"product_tag","embeddable":true,"href":"https:\/\/www.cryptvice.com\/da\/wp-json\/wp\/v2\/product_tag?post=67015"}],"curies":[{"name":"wp","href":"https:\/\/api.w.org\/{rel}","templated":true}]}}