{"id":67249,"date":"2024-06-25T18:09:21","date_gmt":"2024-06-25T16:09:21","guid":{"rendered":"https:\/\/www.cryptvice.com\/shop\/pixel-7-privacy-screen-protector\/"},"modified":"2026-03-13T13:09:40","modified_gmt":"2026-03-13T11:09:40","slug":"pixel-7-privacy-screen-protector","status":"publish","type":"product","link":"https:\/\/www.cryptvice.com\/da\/shop\/pixel-7-privacy-screen-protector\/","title":{"rendered":"Pixel 7 &#8211; Sk\u00e6rmbeskyttelse til beskyttelse af privatlivets fred"},"content":{"rendered":"\t\t<div data-elementor-type=\"product-post\" data-elementor-id=\"67249\" class=\"elementor elementor-67249 elementor-15884\" data-elementor-post-type=\"product\">\n\t\t\t\t<div class=\"wd-negative-gap elementor-element elementor-element-38fca0ba e-flex e-con-boxed e-con e-parent\" data-id=\"38fca0ba\" data-element_type=\"container\" data-e-type=\"container\">\n\t\t\t\t\t<div class=\"e-con-inner\">\n\t\t\t\t\t<\/div>\n\t\t\t\t<\/div>\n\t\t\t\t<\/div>\n\t\t","protected":false},"excerpt":{"rendered":"<p>Google Pixel 7 privacy screen protector holder din sk\u00e6rm usynlig fra sidevinkler. Micro-louver-filteret g\u00f8r sk\u00e6rmen m\u00f8rk for alle, der ikke er direkte foran den. Fuldt kompatibel med Pixel 7&#8217;s fingeraftrykssensor og alle biometriske funktioner.  <\/p>\n<p>\u2713 9H h\u00e6rdet glas med micro-louver privacy-lag<br \/>\n\u2713 Fingeraftryksl\u00e6seren under sk\u00e6rmen fungerer uden problemer<br \/>\n\u2713 Anti-fingeraftryk oleofobisk overflade<br \/>\n\u2713 Nem p\u00e5f\u00f8ring &#8211; ingen luftbobler<br \/>\n\u2713 Lavet til at passe til Google Pixel 7<\/p>\n","protected":false},"featured_media":45900,"comment_status":"closed","ping_status":"closed","template":"","meta":[],"product_brand":[],"product_cat":[2461],"product_tag":[],"class_list":{"0":"post-67249","1":"product","2":"type-product","3":"status-publish","4":"has-post-thumbnail","6":"product_cat-skaermbeskyttelse","7":"product_shipping_class-postkassepakke-vaerktojer-til-beskyttelse-af-personlige-oplysninger","9":"first","10":"instock","11":"taxable","12":"shipping-taxable","13":"purchasable","14":"product-type-simple"},"_links":{"self":[{"href":"https:\/\/www.cryptvice.com\/da\/wp-json\/wp\/v2\/product\/67249","targetHints":{"allow":["GET"]}}],"collection":[{"href":"https:\/\/www.cryptvice.com\/da\/wp-json\/wp\/v2\/product"}],"about":[{"href":"https:\/\/www.cryptvice.com\/da\/wp-json\/wp\/v2\/types\/product"}],"replies":[{"embeddable":true,"href":"https:\/\/www.cryptvice.com\/da\/wp-json\/wp\/v2\/comments?post=67249"}],"version-history":[{"count":0,"href":"https:\/\/www.cryptvice.com\/da\/wp-json\/wp\/v2\/product\/67249\/revisions"}],"wp:featuredmedia":[{"embeddable":true,"href":"https:\/\/www.cryptvice.com\/da\/wp-json\/wp\/v2\/media\/45900"}],"wp:attachment":[{"href":"https:\/\/www.cryptvice.com\/da\/wp-json\/wp\/v2\/media?parent=67249"}],"wp:term":[{"taxonomy":"product_brand","embeddable":true,"href":"https:\/\/www.cryptvice.com\/da\/wp-json\/wp\/v2\/product_brand?post=67249"},{"taxonomy":"product_cat","embeddable":true,"href":"https:\/\/www.cryptvice.com\/da\/wp-json\/wp\/v2\/product_cat?post=67249"},{"taxonomy":"product_tag","embeddable":true,"href":"https:\/\/www.cryptvice.com\/da\/wp-json\/wp\/v2\/product_tag?post=67249"}],"curies":[{"name":"wp","href":"https:\/\/api.w.org\/{rel}","templated":true}]}}