{"id":59584,"date":"2026-01-11T15:16:15","date_gmt":"2026-01-11T13:16:15","guid":{"rendered":"https:\/\/www.cryptvice.com\/legal\/"},"modified":"2026-03-13T05:40:20","modified_gmt":"2026-03-13T03:40:20","slug":"legal","status":"publish","type":"page","link":"https:\/\/www.cryptvice.com\/de\/legal\/","title":{"rendered":"Legal"},"content":{"rendered":"\t\t<div data-elementor-type=\"wp-page\" data-elementor-id=\"59584\" class=\"elementor elementor-59584 elementor-52231\" data-elementor-post-type=\"page\">\n\t\t\t\t<header class=\"wd-negative-gap elementor-element elementor-element-2c3ef65 wd-section-stretch e-flex e-con-boxed e-con e-parent\" data-id=\"2c3ef65\" data-element_type=\"container\" data-e-type=\"container\" data-settings=\"{&quot;background_background&quot;:&quot;classic&quot;}\">\n\t\t\t\t\t<div class=\"e-con-inner\">\n\t\t\t\t<div class=\"elementor-element elementor-element-5d53cb6 elementor-widget__width-initial elementor-widget-laptop__width-inherit text-balance elementor-widget elementor-widget-heading\" data-id=\"5d53cb6\" data-element_type=\"widget\" data-e-type=\"widget\" data-widget_type=\"heading.default\">\n\t\t\t\t\t<h2 class=\"elementor-heading-title elementor-size-default\">Unsere rechtlichen Bestimmungen und die Einhaltung von Vorschriften, die mit Dienstleistungen und\/oder Produkten einhergehen<\/h2>\t\t\t\t<\/div>\n\t\t\t\t<div class=\"elementor-element elementor-element-a487c27 elementor-widget-mobile__width-inherit text-balance color-scheme-inherit text-left elementor-widget elementor-widget-text-editor\" data-id=\"a487c27\" data-element_type=\"widget\" data-e-type=\"widget\" data-widget_type=\"text-editor.default\">\n\t\t\t\t\t\t\t\t\t<p>Auf dieser Seite finden Sie die rechtlichen Dokumente, die f\u00fcr die Nutzung der Cryptvice-Website, -Produkte und -Dienstleistungen gelten.<br data-start=\"398\" data-end=\"401\">Jedes Dokument befasst sich mit einem bestimmten rechtlichen Thema. Wir empfehlen Ihnen, die Abschnitte zu lesen, die f\u00fcr Ihre Interaktion mit Cryptvice relevant sind. <\/p>\t\t\t\t\t\t\t\t<\/div>\n\t\t\t\t\t<\/div>\n\t\t\t\t<\/header>\n\t\t<div class=\"elementor-element elementor-element-ac52a25 wd-section-stretch e-flex e-con-boxed e-con e-parent\" data-id=\"ac52a25\" data-element_type=\"container\" data-e-type=\"container\">\n\t\t\t\t\t<div class=\"e-con-inner\">\n\t\t\t\t<div class=\"elementor-element elementor-element-fb182ce box-shadow color-scheme-inherit text-left elementor-widget elementor-widget-text-editor\" data-id=\"fb182ce\" data-element_type=\"widget\" data-e-type=\"widget\" data-widget_type=\"text-editor.default\">\n\t\t\t\t\t\t\t\t\t<p>\u00dcbersetzungen dieser Bedingungen k\u00f6nnen nur der Einfachheit halber bereitgestellt werden. Im Falle von Unstimmigkeiten ist die englische Version ma\u00dfgebend. <\/p>\t\t\t\t\t\t\t\t<\/div>\n\t\t\t\t\t<\/div>\n\t\t\t\t<\/div>\n\t\t<div class=\"wd-negative-gap elementor-element elementor-element-b8aabd9 wd-section-stretch e-flex e-con-boxed e-con e-parent\" data-id=\"b8aabd9\" data-element_type=\"container\" data-e-type=\"container\">\n\t\t\t\t\t<div class=\"e-con-inner\">\n\t\t<div class=\"elementor-element elementor-element-983fd03 e-con-full e-grid e-con e-child\" data-id=\"983fd03\" data-element_type=\"container\" data-e-type=\"container\">\n\t\t<div class=\"elementor-element elementor-element-93c98f6 box-shadow e-con-full e-flex e-con e-child\" data-id=\"93c98f6\" data-element_type=\"container\" data-e-type=\"container\" data-settings=\"{&quot;background_background&quot;:&quot;classic&quot;}\">\n\t\t\t\t<div class=\"elementor-element elementor-element-d7558fb elementor-widget elementor-widget-heading\" data-id=\"d7558fb\" data-element_type=\"widget\" data-e-type=\"widget\" data-widget_type=\"heading.default\">\n\t\t\t\t\t<h5 class=\"elementor-heading-title elementor-size-default\">Bedingungen &amp; Konditionen<\/h5>\t\t\t\t<\/div>\n\t\t\t\t<div class=\"elementor-element elementor-element-ddeba60 color-scheme-inherit text-left elementor-widget elementor-widget-text-editor\" data-id=\"ddeba60\" data-element_type=\"widget\" data-e-type=\"widget\" data-widget_type=\"text-editor.default\">\n\t\t\t\t\t\t\t\t\t<p>Die Allgemeinen Gesch\u00e4ftsbedingungen definieren das Vertragsverh\u00e4ltnis zwischen Ihnen und Cryptvice, einschlie\u00dflich der Kaufbedingungen, Zahlungsbedingungen, Lieferung, R\u00fcckgabe, Garantien und Haftungsbeschr\u00e4nkungen.<\/p><p>Sehen Sie sich diesen Abschnitt an, wenn Sie eine Bestellung aufgeben oder Produkte oder Dienstleistungen von Cryptvice nutzen.<\/p>\t\t\t\t\t\t\t\t<\/div>\n\t\t\t\t<div class=\"elementor-element elementor-element-778b551 elementor-tablet-align-justify elementor-align-left elementor-widget elementor-widget-button\" data-id=\"778b551\" data-element_type=\"widget\" data-e-type=\"widget\" data-widget_type=\"button.default\">\n\t\t\t\t\t\t\t\t\t\t<a class=\"elementor-button elementor-button-link elementor-size-sm\" href=\"https:\/\/www.cryptvice.com\/legal\/terms-and-conditions\/\" alt=\"download disclaimer as pdf\" id=\"btn\">\n\t\t\t\t\t\t<span class=\"elementor-button-content-wrapper\">\n\t\t\t\t\t\t<span class=\"elementor-button-icon\">\n\t\t\t\t<i aria-hidden=\"true\" class=\"far fa-long-arrow-right\"><\/i>\t\t\t<\/span>\n\t\t\t\t\t\t\t\t\t<span class=\"elementor-button-text\">Mehr erfahren<\/span>\n\t\t\t\t\t<\/span>\n\t\t\t\t\t<\/a>\n\t\t\t\t\t\t\t\t<\/div>\n\t\t\t\t<\/div>\n\t\t<div class=\"elementor-element elementor-element-2a15397 box-shadow e-con-full e-flex e-con e-child\" data-id=\"2a15397\" data-element_type=\"container\" data-e-type=\"container\" data-settings=\"{&quot;background_background&quot;:&quot;classic&quot;}\">\n\t\t\t\t<div class=\"elementor-element elementor-element-c1be665 elementor-widget elementor-widget-heading\" data-id=\"c1be665\" data-element_type=\"widget\" data-e-type=\"widget\" data-widget_type=\"heading.default\">\n\t\t\t\t\t<h5 class=\"elementor-heading-title elementor-size-default\">Datenschutzbestimmungen<\/h5>\t\t\t\t<\/div>\n\t\t\t\t<div class=\"elementor-element elementor-element-f14d243 color-scheme-inherit text-left elementor-widget elementor-widget-text-editor\" data-id=\"f14d243\" data-element_type=\"widget\" data-e-type=\"widget\" data-widget_type=\"text-editor.default\">\n\t\t\t\t\t\t\t\t\t<p>In unserer Datenschutzrichtlinie wird erl\u00e4utert, wie Cryptvice personenbezogene Daten in \u00dcbereinstimmung mit der EU-Datenschutzgrundverordnung (GDPR) verarbeitet, einschlie\u00dflich der Frage, welche Daten wir sammeln, warum wir sie sammeln, wie lange sie gespeichert werden und welche Rechte Sie als betroffene Person haben.<\/p><p>In diesem Abschnitt erfahren Sie, wie Ihre pers\u00f6nlichen Daten behandelt werden.<\/p>\t\t\t\t\t\t\t\t<\/div>\n\t\t\t\t<div class=\"elementor-element elementor-element-071f706 elementor-tablet-align-justify elementor-align-left elementor-widget elementor-widget-button\" data-id=\"071f706\" data-element_type=\"widget\" data-e-type=\"widget\" data-widget_type=\"button.default\">\n\t\t\t\t\t\t\t\t\t\t<a class=\"elementor-button elementor-button-link elementor-size-sm\" href=\"https:\/\/www.cryptvice.com\/legal\/privacy-policy\/\" alt=\"download disclaimer as pdf\" id=\"btn\">\n\t\t\t\t\t\t<span class=\"elementor-button-content-wrapper\">\n\t\t\t\t\t\t<span class=\"elementor-button-icon\">\n\t\t\t\t<i aria-hidden=\"true\" class=\"far fa-long-arrow-right\"><\/i>\t\t\t<\/span>\n\t\t\t\t\t\t\t\t\t<span class=\"elementor-button-text\">Mehr erfahren<\/span>\n\t\t\t\t\t<\/span>\n\t\t\t\t\t<\/a>\n\t\t\t\t\t\t\t\t<\/div>\n\t\t\t\t<\/div>\n\t\t<div class=\"elementor-element elementor-element-672f47e box-shadow e-con-full e-flex e-con e-child\" data-id=\"672f47e\" data-element_type=\"container\" data-e-type=\"container\" data-settings=\"{&quot;background_background&quot;:&quot;classic&quot;}\">\n\t\t\t\t<div class=\"elementor-element elementor-element-60c97cb elementor-widget elementor-widget-heading\" data-id=\"60c97cb\" data-element_type=\"widget\" data-e-type=\"widget\" data-widget_type=\"heading.default\">\n\t\t\t\t\t<h5 class=\"elementor-heading-title elementor-size-default\">Cookie-Richtlinie<\/h5>\t\t\t\t<\/div>\n\t\t\t\t<div class=\"elementor-element elementor-element-65513ac color-scheme-inherit text-left elementor-widget elementor-widget-text-editor\" data-id=\"65513ac\" data-element_type=\"widget\" data-e-type=\"widget\" data-widget_type=\"text-editor.default\">\n\t\t\t\t\t\t\t\t\t<p>Die Cookie-Richtlinie erkl\u00e4rt, ob und wie Cookies oder \u00e4hnliche Technologien auf der Cryptvice-Website verwendet werden, einschlie\u00dflich unbedingt notwendiger Cookies und Ihrer Wahlm\u00f6glichkeiten.<\/p><p>In diesem Abschnitt erfahren Sie, wie Website-Technologien verwendet werden.<\/p>\t\t\t\t\t\t\t\t<\/div>\n\t\t\t\t<div class=\"elementor-element elementor-element-44df6e8 elementor-tablet-align-justify elementor-align-left elementor-widget elementor-widget-button\" data-id=\"44df6e8\" data-element_type=\"widget\" data-e-type=\"widget\" data-widget_type=\"button.default\">\n\t\t\t\t\t\t\t\t\t\t<a class=\"elementor-button elementor-button-link elementor-size-sm\" href=\"https:\/\/www.cryptvice.com\/legal\/cookie-policy\/\" alt=\"download disclaimer as pdf\" id=\"btn\">\n\t\t\t\t\t\t<span class=\"elementor-button-content-wrapper\">\n\t\t\t\t\t\t<span class=\"elementor-button-icon\">\n\t\t\t\t<i aria-hidden=\"true\" class=\"far fa-long-arrow-right\"><\/i>\t\t\t<\/span>\n\t\t\t\t\t\t\t\t\t<span class=\"elementor-button-text\">Mehr erfahren<\/span>\n\t\t\t\t\t<\/span>\n\t\t\t\t\t<\/a>\n\t\t\t\t\t\t\t\t<\/div>\n\t\t\t\t<\/div>\n\t\t<div class=\"elementor-element elementor-element-7c01e48 box-shadow e-con-full e-flex e-con e-child\" data-id=\"7c01e48\" data-element_type=\"container\" data-e-type=\"container\" data-settings=\"{&quot;background_background&quot;:&quot;classic&quot;}\">\n\t\t\t\t<div class=\"elementor-element elementor-element-4d9ee29 elementor-widget elementor-widget-heading\" data-id=\"4d9ee29\" data-element_type=\"widget\" data-e-type=\"widget\" data-widget_type=\"heading.default\">\n\t\t\t\t\t<h5 class=\"elementor-heading-title elementor-size-default\">Rechtlicher Hinweis<\/h5>\t\t\t\t<\/div>\n\t\t\t\t<div class=\"elementor-element elementor-element-c99f8df color-scheme-inherit text-left elementor-widget elementor-widget-text-editor\" data-id=\"c99f8df\" data-element_type=\"widget\" data-e-type=\"widget\" data-widget_type=\"text-editor.default\">\n\t\t\t\t\t\t\t\t\t<p>Der Haftungsausschluss regelt die Nutzung der Cryptvice-Website, einschlie\u00dflich der Informationsinhalte, der geistigen Eigentumsrechte, der Links zu Dritten und der Haftungsbeschr\u00e4nkungen.<\/p><p>In diesem Abschnitt finden Sie die Bedingungen f\u00fcr den Zugriff auf die Website und die Nutzung der Inhalte.<\/p>\t\t\t\t\t\t\t\t<\/div>\n\t\t\t\t<div class=\"elementor-element elementor-element-bdb9e47 elementor-tablet-align-justify elementor-align-left elementor-widget elementor-widget-button\" data-id=\"bdb9e47\" data-element_type=\"widget\" data-e-type=\"widget\" data-widget_type=\"button.default\">\n\t\t\t\t\t\t\t\t\t\t<a class=\"elementor-button elementor-button-link elementor-size-sm\" href=\"https:\/\/www.cryptvice.com\/legal\/disclaimer\/\" alt=\"download disclaimer as pdf\" id=\"btn\">\n\t\t\t\t\t\t<span class=\"elementor-button-content-wrapper\">\n\t\t\t\t\t\t<span class=\"elementor-button-icon\">\n\t\t\t\t<i aria-hidden=\"true\" class=\"far fa-long-arrow-right\"><\/i>\t\t\t<\/span>\n\t\t\t\t\t\t\t\t\t<span class=\"elementor-button-text\">Mehr erfahren<\/span>\n\t\t\t\t\t<\/span>\n\t\t\t\t\t<\/a>\n\t\t\t\t\t\t\t\t<\/div>\n\t\t\t\t<\/div>\n\t\t\t\t<\/div>\n\t\t\t\t\t<\/div>\n\t\t\t\t<\/div>\n\t\t<div class=\"wd-negative-gap elementor-element elementor-element-ba7c970 wd-section-stretch e-flex e-con-boxed e-con e-parent\" data-id=\"ba7c970\" data-element_type=\"container\" data-e-type=\"container\">\n\t\t\t\t\t<div class=\"e-con-inner\">\n\t\t\t\t<div class=\"elementor-element elementor-element-d36b39f elementor-widget elementor-widget-heading\" data-id=\"d36b39f\" data-element_type=\"widget\" data-e-type=\"widget\" data-widget_type=\"heading.default\">\n\t\t\t\t\t<h3 class=\"elementor-heading-title elementor-size-default\">Fragen oder W\u00fcnsche<\/h3>\t\t\t\t<\/div>\n\t\t\t\t<div class=\"elementor-element elementor-element-d4f50ba color-scheme-inherit text-left elementor-widget elementor-widget-text-editor\" data-id=\"d4f50ba\" data-element_type=\"widget\" data-e-type=\"widget\" data-widget_type=\"text-editor.default\">\n\t\t\t\t\t\t\t\t\t<p>Wenn Sie Fragen zu einem Rechtsdokument haben oder Ihre Rechte nach geltendem Recht aus\u00fcben m\u00f6chten, kontaktieren Sie uns bitte \u00fcber die in der jeweiligen Richtlinie angegebenen Details.<\/p>\t\t\t\t\t\t\t\t<\/div>\n\t\t\t\t<div class=\"elementor-element elementor-element-b60cbe1 elementor-widget elementor-widget-n-accordion\" data-id=\"b60cbe1\" data-element_type=\"widget\" data-e-type=\"widget\" data-settings=\"{&quot;default_state&quot;:&quot;all_collapsed&quot;,&quot;max_items_expended&quot;:&quot;one&quot;,&quot;n_accordion_animation_duration&quot;:{&quot;unit&quot;:&quot;ms&quot;,&quot;size&quot;:400,&quot;sizes&quot;:[]}}\" data-widget_type=\"nested-accordion.default\">\n\t\t\t\t\t\t\t<div class=\"e-n-accordion\" aria-label=\"Accordion. Open links with Enter or Space, close with Escape, and navigate with Arrow Keys\">\n\t\t\t\t\t\t<details id=\"e-n-accordion-item-1900\" class=\"e-n-accordion-item\" >\n\t\t\t\t<summary class=\"e-n-accordion-item-title\" data-accordion-index=\"1\" tabindex=\"0\" aria-expanded=\"false\" aria-controls=\"e-n-accordion-item-1900\" >\n\t\t\t\t\t<span class='e-n-accordion-item-title-header'><h3 class=\"e-n-accordion-item-title-text\"> Was ist der Zweck der Seite Rechtliches? <\/h3><\/span>\n\t\t\t\t\t\t\t<span class='e-n-accordion-item-title-icon'>\n\t\t\t<span class='e-opened' ><i aria-hidden=\"true\" class=\"far fa-angle-up\"><\/i><\/span>\n\t\t\t<span class='e-closed'><i aria-hidden=\"true\" class=\"far fa-angle-down\"><\/i><\/span>\n\t\t<\/span>\n\n\t\t\t\t\t\t<\/summary>\n\t\t\t\t<div role=\"region\" aria-labelledby=\"e-n-accordion-item-1900\" class=\"elementor-element elementor-element-232e2e8 e-con-full e-flex e-con e-child\" data-id=\"232e2e8\" data-element_type=\"container\" data-e-type=\"container\">\n\t\t\t\t<div class=\"elementor-element elementor-element-f30a22c color-scheme-inherit text-left elementor-widget elementor-widget-text-editor\" data-id=\"f30a22c\" data-element_type=\"widget\" data-e-type=\"widget\" data-widget_type=\"text-editor.default\">\n\t\t\t\t\t\t\t\t\t<p>Die Seite Rechtliches bietet Zugang zu allen offiziellen rechtlichen Dokumenten, die die Nutzung der Cryptvice Website, Produkte und Dienstleistungen regeln. Jedes Dokument behandelt ein bestimmtes rechtliches Thema. <\/p>\t\t\t\t\t\t\t\t<\/div>\n\t\t\t\t<\/div>\n\t\t\t\t\t<\/details>\n\t\t\t\t\t\t<details id=\"e-n-accordion-item-1901\" class=\"e-n-accordion-item\" >\n\t\t\t\t<summary class=\"e-n-accordion-item-title\" data-accordion-index=\"2\" tabindex=\"-1\" aria-expanded=\"false\" aria-controls=\"e-n-accordion-item-1901\" >\n\t\t\t\t\t<span class='e-n-accordion-item-title-header'><h3 class=\"e-n-accordion-item-title-text\"> Welches juristische Dokument sollte ich lesen, bevor ich eine Bestellung aufgebe? <\/h3><\/span>\n\t\t\t\t\t\t\t<span class='e-n-accordion-item-title-icon'>\n\t\t\t<span class='e-opened' ><i aria-hidden=\"true\" class=\"far fa-angle-up\"><\/i><\/span>\n\t\t\t<span class='e-closed'><i aria-hidden=\"true\" class=\"far fa-angle-down\"><\/i><\/span>\n\t\t<\/span>\n\n\t\t\t\t\t\t<\/summary>\n\t\t\t\t<div role=\"region\" aria-labelledby=\"e-n-accordion-item-1901\" class=\"elementor-element elementor-element-e0df3c6 e-con-full e-flex e-con e-child\" data-id=\"e0df3c6\" data-element_type=\"container\" data-e-type=\"container\">\n\t\t\t\t<div class=\"elementor-element elementor-element-efd80ff color-scheme-inherit text-left elementor-widget elementor-widget-text-editor\" data-id=\"efd80ff\" data-element_type=\"widget\" data-e-type=\"widget\" data-widget_type=\"text-editor.default\">\n\t\t\t\t\t\t\t\t\t<p>Bevor Sie eine Bestellung aufgeben, sollten Sie die Allgemeinen Gesch\u00e4ftsbedingungen und die Datenschutzrichtlinie lesen. Darin werden Kaufbedingungen, Zahlungen, Lieferung, R\u00fcckgabe und die Verarbeitung pers\u00f6nlicher Daten erl\u00e4utert. <\/p>\t\t\t\t\t\t\t\t<\/div>\n\t\t\t\t<\/div>\n\t\t\t\t\t<\/details>\n\t\t\t\t\t\t<details id=\"e-n-accordion-item-1902\" class=\"e-n-accordion-item\" >\n\t\t\t\t<summary class=\"e-n-accordion-item-title\" data-accordion-index=\"3\" tabindex=\"-1\" aria-expanded=\"false\" aria-controls=\"e-n-accordion-item-1902\" >\n\t\t\t\t\t<span class='e-n-accordion-item-title-header'><h3 class=\"e-n-accordion-item-title-text\"> Wo finde ich Informationen \u00fcber Datenschutz und GDPR? <\/h3><\/span>\n\t\t\t\t\t\t\t<span class='e-n-accordion-item-title-icon'>\n\t\t\t<span class='e-opened' ><i aria-hidden=\"true\" class=\"far fa-angle-up\"><\/i><\/span>\n\t\t\t<span class='e-closed'><i aria-hidden=\"true\" class=\"far fa-angle-down\"><\/i><\/span>\n\t\t<\/span>\n\n\t\t\t\t\t\t<\/summary>\n\t\t\t\t<div role=\"region\" aria-labelledby=\"e-n-accordion-item-1902\" class=\"elementor-element elementor-element-5cea1d4 e-con-full e-flex e-con e-child\" data-id=\"5cea1d4\" data-element_type=\"container\" data-e-type=\"container\">\n\t\t\t\t<div class=\"elementor-element elementor-element-17a255a color-scheme-inherit text-left elementor-widget elementor-widget-text-editor\" data-id=\"17a255a\" data-element_type=\"widget\" data-e-type=\"widget\" data-widget_type=\"text-editor.default\">\n\t\t\t\t\t\t\t\t\t<p>Alle Informationen in Bezug auf die Verarbeitung personenbezogener Daten, die Einhaltung der DSGVO, die Aufbewahrung von Daten und Ihre Rechte als betroffene Person werden in der Datenschutzerkl\u00e4rung erl\u00e4utert.<\/p>\t\t\t\t\t\t\t\t<\/div>\n\t\t\t\t<\/div>\n\t\t\t\t\t<\/details>\n\t\t\t\t\t\t<details id=\"e-n-accordion-item-1903\" class=\"e-n-accordion-item\" >\n\t\t\t\t<summary class=\"e-n-accordion-item-title\" data-accordion-index=\"4\" tabindex=\"-1\" aria-expanded=\"false\" aria-controls=\"e-n-accordion-item-1903\" >\n\t\t\t\t\t<span class='e-n-accordion-item-title-header'><h3 class=\"e-n-accordion-item-title-text\"> Welches Dokument erkl\u00e4rt die Verwendung von Cookies? <\/h3><\/span>\n\t\t\t\t\t\t\t<span class='e-n-accordion-item-title-icon'>\n\t\t\t<span class='e-opened' ><i aria-hidden=\"true\" class=\"far fa-angle-up\"><\/i><\/span>\n\t\t\t<span class='e-closed'><i aria-hidden=\"true\" class=\"far fa-angle-down\"><\/i><\/span>\n\t\t<\/span>\n\n\t\t\t\t\t\t<\/summary>\n\t\t\t\t<div role=\"region\" aria-labelledby=\"e-n-accordion-item-1903\" class=\"elementor-element elementor-element-0fd04f7 e-con-full e-flex e-con e-child\" data-id=\"0fd04f7\" data-element_type=\"container\" data-e-type=\"container\">\n\t\t\t\t<div class=\"elementor-element elementor-element-ed335ec color-scheme-inherit text-left elementor-widget elementor-widget-text-editor\" data-id=\"ed335ec\" data-element_type=\"widget\" data-e-type=\"widget\" data-widget_type=\"text-editor.default\">\n\t\t\t\t\t\t\t\t\t<p>Einzelheiten zu Cookies und \u00e4hnlichen Technologien, die auf der Cryptvice Website verwendet werden, sind in der Cookie-Richtlinie beschrieben.<\/p>\t\t\t\t\t\t\t\t<\/div>\n\t\t\t\t<\/div>\n\t\t\t\t\t<\/details>\n\t\t\t\t\t\t<details id=\"e-n-accordion-item-1904\" class=\"e-n-accordion-item\" >\n\t\t\t\t<summary class=\"e-n-accordion-item-title\" data-accordion-index=\"5\" tabindex=\"-1\" aria-expanded=\"false\" aria-controls=\"e-n-accordion-item-1904\" >\n\t\t\t\t\t<span class='e-n-accordion-item-title-header'><h3 class=\"e-n-accordion-item-title-text\"> Wof\u00fcr ist der Haftungsausschluss? <\/h3><\/span>\n\t\t\t\t\t\t\t<span class='e-n-accordion-item-title-icon'>\n\t\t\t<span class='e-opened' ><i aria-hidden=\"true\" class=\"far fa-angle-up\"><\/i><\/span>\n\t\t\t<span class='e-closed'><i aria-hidden=\"true\" class=\"far fa-angle-down\"><\/i><\/span>\n\t\t<\/span>\n\n\t\t\t\t\t\t<\/summary>\n\t\t\t\t<div role=\"region\" aria-labelledby=\"e-n-accordion-item-1904\" class=\"elementor-element elementor-element-72dc3d4 e-con-full e-flex e-con e-child\" data-id=\"72dc3d4\" data-element_type=\"container\" data-e-type=\"container\">\n\t\t\t\t<div class=\"elementor-element elementor-element-5adb0ce color-scheme-inherit text-left elementor-widget elementor-widget-text-editor\" data-id=\"5adb0ce\" data-element_type=\"widget\" data-e-type=\"widget\" data-widget_type=\"text-editor.default\">\n\t\t\t\t\t\t\t\t\t<p data-start=\"1164\" data-end=\"1351\">Der <strong data-start=\"1168\" data-end=\"1182\">Haftungsausschluss<\/strong> erl\u00e4utert die Bedingungen f\u00fcr die Nutzung der Cryptvice-Website, einschlie\u00dflich Informationsinhalte, geistige Eigentumsrechte, Links zu Dritten und Haftungsbeschr\u00e4nkungen.<\/p>\t\t\t\t\t\t\t\t<\/div>\n\t\t\t\t<\/div>\n\t\t\t\t\t<\/details>\n\t\t\t\t\t\t<details id=\"e-n-accordion-item-1905\" class=\"e-n-accordion-item\" >\n\t\t\t\t<summary class=\"e-n-accordion-item-title\" data-accordion-index=\"6\" tabindex=\"-1\" aria-expanded=\"false\" aria-controls=\"e-n-accordion-item-1905\" >\n\t\t\t\t\t<span class='e-n-accordion-item-title-header'><h3 class=\"e-n-accordion-item-title-text\"> Sind diese Rechtsdokumente rechtsverbindlich? <\/h3><\/span>\n\t\t\t\t\t\t\t<span class='e-n-accordion-item-title-icon'>\n\t\t\t<span class='e-opened' ><i aria-hidden=\"true\" class=\"far fa-angle-up\"><\/i><\/span>\n\t\t\t<span class='e-closed'><i aria-hidden=\"true\" class=\"far fa-angle-down\"><\/i><\/span>\n\t\t<\/span>\n\n\t\t\t\t\t\t<\/summary>\n\t\t\t\t<div role=\"region\" aria-labelledby=\"e-n-accordion-item-1905\" class=\"elementor-element elementor-element-238b6f8 e-con-full e-flex e-con e-child\" data-id=\"238b6f8\" data-element_type=\"container\" data-e-type=\"container\">\n\t\t\t\t<div class=\"elementor-element elementor-element-5c6ab05 color-scheme-inherit text-left elementor-widget elementor-widget-text-editor\" data-id=\"5c6ab05\" data-element_type=\"widget\" data-e-type=\"widget\" data-widget_type=\"text-editor.default\">\n\t\t\t\t\t\t\t\t\t<p>Ja. Die unter \/legal\/ ver\u00f6ffentlichten rechtlichen Dokumente sind Teil des vertraglichen und rechtlichen Rahmens, der Ihre Interaktion mit Cryptvice regelt. <\/p>\t\t\t\t\t\t\t\t<\/div>\n\t\t\t\t<\/div>\n\t\t\t\t\t<\/details>\n\t\t\t\t\t\t<details id=\"e-n-accordion-item-1906\" class=\"e-n-accordion-item\" >\n\t\t\t\t<summary class=\"e-n-accordion-item-title\" data-accordion-index=\"7\" tabindex=\"-1\" aria-expanded=\"false\" aria-controls=\"e-n-accordion-item-1906\" >\n\t\t\t\t\t<span class='e-n-accordion-item-title-header'><h3 class=\"e-n-accordion-item-title-text\"> Kann Cryptvice seine rechtlichen Dokumente aktualisieren? <\/h3><\/span>\n\t\t\t\t\t\t\t<span class='e-n-accordion-item-title-icon'>\n\t\t\t<span class='e-opened' ><i aria-hidden=\"true\" class=\"far fa-angle-up\"><\/i><\/span>\n\t\t\t<span class='e-closed'><i aria-hidden=\"true\" class=\"far fa-angle-down\"><\/i><\/span>\n\t\t<\/span>\n\n\t\t\t\t\t\t<\/summary>\n\t\t\t\t<div role=\"region\" aria-labelledby=\"e-n-accordion-item-1906\" class=\"elementor-element elementor-element-0bb3a63 e-con-full e-flex e-con e-child\" data-id=\"0bb3a63\" data-element_type=\"container\" data-e-type=\"container\">\n\t\t\t\t<div class=\"elementor-element elementor-element-c85820f color-scheme-inherit text-left elementor-widget elementor-widget-text-editor\" data-id=\"c85820f\" data-element_type=\"widget\" data-e-type=\"widget\" data-widget_type=\"text-editor.default\">\n\t\t\t\t\t\t\t\t\t<p>Ja. Cryptvice kann seine rechtlichen Dokumente von Zeit zu Zeit aktualisieren. Aktualisierte Versionen werden unter der Rubrik \/legal\/ ver\u00f6ffentlicht und gelten ab dem angegebenen Datum.  <\/p>\t\t\t\t\t\t\t\t<\/div>\n\t\t\t\t<\/div>\n\t\t\t\t\t<\/details>\n\t\t\t\t\t\t<details id=\"e-n-accordion-item-1907\" class=\"e-n-accordion-item\" >\n\t\t\t\t<summary class=\"e-n-accordion-item-title\" data-accordion-index=\"8\" tabindex=\"-1\" aria-expanded=\"false\" aria-controls=\"e-n-accordion-item-1907\" >\n\t\t\t\t\t<span class='e-n-accordion-item-title-header'><h3 class=\"e-n-accordion-item-title-text\"> Wo kann ich meine GDPR- oder Datenschutzrechte aus\u00fcben? <\/h3><\/span>\n\t\t\t\t\t\t\t<span class='e-n-accordion-item-title-icon'>\n\t\t\t<span class='e-opened' ><i aria-hidden=\"true\" class=\"far fa-angle-up\"><\/i><\/span>\n\t\t\t<span class='e-closed'><i aria-hidden=\"true\" class=\"far fa-angle-down\"><\/i><\/span>\n\t\t<\/span>\n\n\t\t\t\t\t\t<\/summary>\n\t\t\t\t<div role=\"region\" aria-labelledby=\"e-n-accordion-item-1907\" class=\"elementor-element elementor-element-c789f18 e-con-full e-flex e-con e-child\" data-id=\"c789f18\" data-element_type=\"container\" data-e-type=\"container\">\n\t\t\t\t<div class=\"elementor-element elementor-element-96de361 color-scheme-inherit text-left elementor-widget elementor-widget-text-editor\" data-id=\"96de361\" data-element_type=\"widget\" data-e-type=\"widget\" data-widget_type=\"text-editor.default\">\n\t\t\t\t\t\t\t\t\t<p>Anweisungen zur Aus\u00fcbung der Rechte auf Privatsph\u00e4re und Datenschutz finden Sie in der Datenschutzerkl\u00e4rung, einschlie\u00dflich der Kontaktdaten f\u00fcr datenbezogene Anfragen.<\/p>\t\t\t\t\t\t\t\t<\/div>\n\t\t\t\t<\/div>\n\t\t\t\t\t<\/details>\n\t\t\t\t\t<\/div>\n\t\t\t\t\t\t<\/div>\n\t\t\t\t\t<\/div>\n\t\t\t\t<\/div>\n\t\t\t\t<\/div>\n\t\t","protected":false},"excerpt":{"rendered":"<p>Unsere rechtlichen Bestimmungen und die Einhaltung von Vorschriften, die mit Dienstleistungen und\/oder Produkten einhergehen Auf dieser Seite finden Sie die<\/p>\n","protected":false},"author":590,"featured_media":0,"parent":0,"menu_order":99,"comment_status":"closed","ping_status":"closed","template":"","meta":{"footnotes":""},"class_list":["post-59584","page","type-page","status-publish","hentry"],"_links":{"self":[{"href":"https:\/\/www.cryptvice.com\/de\/wp-json\/wp\/v2\/pages\/59584","targetHints":{"allow":["GET"]}}],"collection":[{"href":"https:\/\/www.cryptvice.com\/de\/wp-json\/wp\/v2\/pages"}],"about":[{"href":"https:\/\/www.cryptvice.com\/de\/wp-json\/wp\/v2\/types\/page"}],"author":[{"embeddable":true,"href":"https:\/\/www.cryptvice.com\/de\/wp-json\/wp\/v2\/users\/590"}],"replies":[{"embeddable":true,"href":"https:\/\/www.cryptvice.com\/de\/wp-json\/wp\/v2\/comments?post=59584"}],"version-history":[{"count":0,"href":"https:\/\/www.cryptvice.com\/de\/wp-json\/wp\/v2\/pages\/59584\/revisions"}],"wp:attachment":[{"href":"https:\/\/www.cryptvice.com\/de\/wp-json\/wp\/v2\/media?parent=59584"}],"curies":[{"name":"wp","href":"https:\/\/api.w.org\/{rel}","templated":true}]}}