{"id":60099,"date":"2025-02-05T22:34:46","date_gmt":"2025-02-05T20:34:46","guid":{"rendered":"https:\/\/www.cryptvice.com\/about-us\/"},"modified":"2026-03-13T10:16:22","modified_gmt":"2026-03-13T08:16:22","slug":"about-us","status":"publish","type":"page","link":"https:\/\/www.cryptvice.com\/de\/about-us\/","title":{"rendered":"\u00dcber uns"},"content":{"rendered":"\t\t<div data-elementor-type=\"wp-page\" data-elementor-id=\"60099\" class=\"elementor elementor-60099 elementor-13072\" data-elementor-post-type=\"page\">\n\t\t\t\t<header class=\"wd-negative-gap elementor-element elementor-element-c3be8d4 wd-section-stretch e-flex e-con-boxed e-con e-parent\" data-id=\"c3be8d4\" data-element_type=\"container\" data-e-type=\"container\" data-settings=\"{&quot;background_background&quot;:&quot;classic&quot;}\">\n\t\t\t\t\t<div class=\"e-con-inner\">\n\t\t<div class=\"elementor-element elementor-element-b785ab7 e-con-full e-flex e-con e-child\" data-id=\"b785ab7\" data-element_type=\"container\" data-e-type=\"container\">\n\t\t\t\t\t\t\t\t<span class=\"text-balance e-f3c36e0-864dc6e paragraph-small e-paragraph-base\" data-interaction-id=\"f3c36e0\"  data-e-type=\"widget\" data-id=\"f3c36e0\">\n\t\t\t\t\t\t\t\t\u00dcber uns\n\t\t\t\t\t<\/span>\n\t\t\t\t\t\t\t<h2 \n\t\tdata-interaction-id=\"8497cdb\" \n\t\tclass=\"text-balance e-8497cdb-38339f1 e-heading-base\" \n\t\t \n\t\tdata-e-type=\"widget\" data-id=\"8497cdb\"\n\t>\n\t\n\t\t\tVertraut von Organisationen, die den Datenschutz ernst nehmen\n\t\t<\/h2>\n\t\t\t\t\t\t\t\t<span class=\"text-balance paragraph e-54414c8-4ca4af7 e-paragraph-base\" data-interaction-id=\"54414c8\"  data-e-type=\"widget\" data-id=\"54414c8\">\n\t\t\t\t\t\t\t\tWir bauen und konfigurieren sichere Ger\u00e4te f\u00fcr Menschen, denen ihre Daten wichtig sind. Mit Sitz in M\u00e1laga, Spanien - und seit 2019 f\u00fcr Kunden auf der ganzen Welt. \n\t\t\t\t\t<\/span>\n\t\t\t\t<\/div>\n\t\t<div class=\"elementor-element elementor-element-ebb2281 e-con-full elementor-hidden-laptop elementor-hidden-tablet elementor-hidden-mobile e-flex e-con e-child\" data-id=\"ebb2281\" data-element_type=\"container\" data-e-type=\"container\">\n\t\t\t\t<\/div>\n\t\t\t\t\t<\/div>\n\t\t\t\t<\/header>\n\t\t<div class=\"wd-negative-gap elementor-element elementor-element-f81be57 box-shadow e-flex e-con-boxed e-con e-parent\" data-id=\"f81be57\" data-element_type=\"container\" data-e-type=\"container\" data-settings=\"{&quot;background_background&quot;:&quot;classic&quot;}\">\n\t\t\t\t\t<div class=\"e-con-inner\">\n\t\t<div class=\"elementor-element elementor-element-9e1102e e-con-full e-flex e-con e-child\" data-id=\"9e1102e\" data-element_type=\"container\" data-e-type=\"container\">\n\t\t\t\t<div class=\"elementor-element elementor-element-67d7185 elementor-widget elementor-widget-image\" data-id=\"67d7185\" data-element_type=\"widget\" data-e-type=\"widget\" data-widget_type=\"image.default\">\n\t\t\t\t\t\t\t\t\t\t\t\t\t\t\t<img decoding=\"async\" width=\"1000\" height=\"619\" src=\"https:\/\/www.cryptvice.com\/wp-content\/uploads\/394858did030303.jpg\" class=\"attachment-full size-full wp-image-59648\" alt=\"Datenmigration bg\" srcset=\"https:\/\/www.cryptvice.com\/wp-content\/uploads\/394858did030303.jpg 1000w, https:\/\/www.cryptvice.com\/wp-content\/uploads\/394858did030303-150x93.jpg 150w, https:\/\/www.cryptvice.com\/wp-content\/uploads\/394858did030303-300x186.jpg 300w, https:\/\/www.cryptvice.com\/wp-content\/uploads\/394858did030303-768x475.jpg 768w, https:\/\/www.cryptvice.com\/wp-content\/uploads\/394858did030303-18x12.jpg 18w\" sizes=\"(max-width: 1000px) 100vw, 1000px\" title=\"\">\t\t\t\t\t\t\t\t\t\t\t\t\t\t\t<\/div>\n\t\t\t\t<\/div>\n\t\t<div class=\"elementor-element elementor-element-0612f0c e-con-full e-flex e-con e-child\" data-id=\"0612f0c\" data-element_type=\"container\" data-e-type=\"container\">\n\t\t\t\t<div class=\"elementor-element elementor-element-21173c8 text-balance elementor-widget elementor-widget-heading\" data-id=\"21173c8\" data-element_type=\"widget\" data-e-type=\"widget\" data-widget_type=\"heading.default\">\n\t\t\t\t\t<h3 class=\"elementor-heading-title elementor-size-default\">Auf Datenschutz ausgerichtete Technologie, entwickelt in Spanien\n\n<\/h3>\t\t\t\t<\/div>\n\t\t\t\t<div class=\"elementor-element elementor-element-279b689 text-balance color-scheme-inherit text-left elementor-widget elementor-widget-text-editor\" data-id=\"279b689\" data-element_type=\"widget\" data-e-type=\"widget\" data-widget_type=\"text-editor.default\">\n\t\t\t\t\t\t\t\t\t<p>Cryptvice liefert sichere Telefone, verschl\u00fcsselte Router und private Laptops, auf denen vertrauensw\u00fcrdige Open-Source-Software wie GrapheneOS und OpenWRT l\u00e4uft. Wir konfigurieren jedes Ger\u00e4t von Hand und unterst\u00fctzen die Ger\u00e4te, die wir verkaufen. <\/p>\t\t\t\t\t\t\t\t<\/div>\n\t\t\t\t\t    \t            <a\n            href=\"https:\/\/www.cryptvice.com\/de\/shop\/\" target=\"_self\"\n            class=\"e-abb49ac-76c31ac button-dark-icon e-button-base\"\n            data-interaction-id=\"abb49ac\"\n             data-e-type=\"widget\" data-id=\"abb49ac\"\n        >\n            Alle Produkte kaufen\n        <\/a>\n    \t\t\t\t<\/div>\n\t\t\t\t\t<\/div>\n\t\t\t\t<\/div>\n\t\t<div class=\"wd-negative-gap elementor-element elementor-element-eb1fee6 box-shadow e-flex e-con-boxed e-con e-parent\" data-id=\"eb1fee6\" data-element_type=\"container\" data-e-type=\"container\" data-settings=\"{&quot;background_background&quot;:&quot;classic&quot;}\">\n\t\t\t\t\t<div class=\"e-con-inner\">\n\t\t<div class=\"elementor-element elementor-element-f1d92ac e-con-full e-flex e-con e-child\" data-id=\"f1d92ac\" data-element_type=\"container\" data-e-type=\"container\">\n\t\t\t\t\t\t\t\t<span class=\"text-balance e-b274a86-c9ab288 paragraph-small e-paragraph-base\" data-interaction-id=\"b274a86\"  data-e-type=\"widget\" data-id=\"b274a86\">\n\t\t\t\t\t\t\t\tWIE WIR ARBEITEN\n\t\t\t\t\t<\/span>\n\t\t\t\t\t\t\t<h3 \n\t\tdata-interaction-id=\"83154f8\" \n\t\tclass=\"text-balance e-83154f8-e5e61a6 e-heading-base\" \n\t\t \n\t\tdata-e-type=\"widget\" data-id=\"83154f8\"\n\t>\n\t\n\t\t\tWie wir arbeiten\n\n\t\t<\/h3>\n\t\t\t\t\t\t\t\t<span class=\"text-balance paragraph e-6f9778b-e0cc26c e-paragraph-base\" data-interaction-id=\"6f9778b\"  data-e-type=\"widget\" data-id=\"6f9778b\">\n\t\t\t\t\t\t\t\tWir halten uns an einen h\u00f6heren Standard. Dies sind die Verpflichtungen, die wir gegen\u00fcber jedem Kunden eingehen. \n\t\t\t\t\t<\/span>\n\t\t\t\t<\/div>\n\t\t<div class=\"elementor-element elementor-element-a2d6ff5 e-con-full e-grid e-con e-child\" data-id=\"a2d6ff5\" data-element_type=\"container\" data-e-type=\"container\">\n\t\t<div class=\"elementor-element elementor-element-94d07bb e-con-full box-shadow e-flex e-con e-child\" data-id=\"94d07bb\" data-element_type=\"container\" data-e-type=\"container\" data-settings=\"{&quot;background_background&quot;:&quot;classic&quot;}\">\n\t\t\t\t\t\t\t<h3 \n\t\tdata-interaction-id=\"c30a0aa\" \n\t\tclass=\"text-balance e-c30a0aa-8d4f005 e-heading-base\" \n\t\t \n\t\tdata-e-type=\"widget\" data-id=\"c30a0aa\"\n\t>\n\t\n\t\t\tKeine unn\u00f6tigen Daten\n\t\t<\/h3>\n\t\t\t\t\t\t\t\t<span class=\"text-balance paragraph e-41ee7ca-c5f3b2b e-paragraph-base\" data-interaction-id=\"41ee7ca\"  data-e-type=\"widget\" data-id=\"41ee7ca\">\n\t\t\t\t\t\t\t\tWir sammeln nur das, was f\u00fcr die Abwicklung Ihrer Bestellung erforderlich ist. Kein Tracking, kein Profiling, kein Verkauf von Daten. \n\t\t\t\t\t<\/span>\n\t\t\t\t<\/div>\n\t\t<div class=\"elementor-element elementor-element-00be6e5 e-con-full box-shadow e-flex e-con e-child\" data-id=\"00be6e5\" data-element_type=\"container\" data-e-type=\"container\" data-settings=\"{&quot;background_background&quot;:&quot;classic&quot;}\">\n\t\t\t\t\t\t\t<h3 \n\t\tdata-interaction-id=\"e0c2ca4\" \n\t\tclass=\"text-balance e-e0c2ca4-12b945f e-heading-base\" \n\t\t \n\t\tdata-e-type=\"widget\" data-id=\"e0c2ca4\"\n\t>\n\t\n\t\t\tKein verstecktes Eigentum\n\t\t<\/h3>\n\t\t\t\t\t\t\t\t<span class=\"text-balance paragraph e-5d564f6-3974693 e-paragraph-base\" data-interaction-id=\"5d564f6\"  data-e-type=\"widget\" data-id=\"5d564f6\">\n\t\t\t\t\t\t\t\tDie Eigent\u00fcmer und das Team von Cryptvice sind \u00f6ffentlich. Sie wissen, wer hinter den Produkten steht und wer f\u00fcr Ihre Privatsph\u00e4re verantwortlich ist. \n\t\t\t\t\t<\/span>\n\t\t\t\t<\/div>\n\t\t<div class=\"elementor-element elementor-element-ed2110e e-con-full box-shadow e-flex e-con e-child\" data-id=\"ed2110e\" data-element_type=\"container\" data-e-type=\"container\" data-settings=\"{&quot;background_background&quot;:&quot;classic&quot;}\">\n\t\t\t\t\t\t\t<h3 \n\t\tdata-interaction-id=\"858868d\" \n\t\tclass=\"text-balance e-858868d-0616be1 e-heading-base\" \n\t\t \n\t\tdata-e-type=\"widget\" data-id=\"858868d\"\n\t>\n\t\n\t\t\tKeine falschen Versprechungen\n\t\t<\/h3>\n\t\t\t\t\t\t\t\t<span class=\"text-balance paragraph e-2f9b696-983ab27 e-paragraph-base\" data-interaction-id=\"2f9b696\"  data-e-type=\"widget\" data-id=\"2f9b696\">\n\t\t\t\t\t\t\t\tWir \u00fcbertreiben nicht, was unsere Produkte leisten k\u00f6nnen. Wenn ein VPN Ihr Problem nicht l\u00f6sen kann, sagen wir es Ihnen. Kein Hype, keine Angstmacherei.  \n\t\t\t\t\t<\/span>\n\t\t\t\t<\/div>\n\t\t<div class=\"elementor-element elementor-element-40c50a2 e-con-full box-shadow e-flex e-con e-child\" data-id=\"40c50a2\" data-element_type=\"container\" data-e-type=\"container\" data-settings=\"{&quot;background_background&quot;:&quot;classic&quot;}\">\n\t\t\t\t\t\t\t<h3 \n\t\tdata-interaction-id=\"d2fda2f\" \n\t\tclass=\"text-balance e-d2fda2f-019ccf6 e-heading-base\" \n\t\t \n\t\tdata-e-type=\"widget\" data-id=\"d2fda2f\"\n\t>\n\t\n\t\t\tOffene Kommunikation\n\t\t<\/h3>\n\t\t\t\t\t\t\t\t<span class=\"text-balance paragraph e-fd6af49-4220114 e-paragraph-base\" data-interaction-id=\"fd6af49\"  data-e-type=\"widget\" data-id=\"fd6af49\">\n\t\t\t\t\t\t\t\tWir beantworten Fragen direkt - per E-Mail, Chat oder Signal. Wir unterst\u00fctzen die Open-Source-Projekte, auf die wir angewiesen sind. \n\t\t\t\t\t<\/span>\n\t\t\t\t<\/div>\n\t\t\t\t<\/div>\n\t\t\t\t\t\t\t\t<span class=\"text-balance paragraph e-97fcff3-5548bf4 button-dark-icon e-paragraph-base\" data-interaction-id=\"97fcff3\"  data-e-type=\"widget\" data-id=\"97fcff3\">\n\t\t\t\t\t\t\t<a\n\t\t\t\t\thref=\"https:\/\/www.cryptvice.com\/de\/how-we-work\/\" target=\"_self\"\n\t\t\t\t\tclass=\"e-paragraph-link-base\"\n\t\t\t\t>\n\t\t\t\t\t\tM\u00f6chten Sie alle Einzelheiten \u00fcber Datenverarbeitung, Lieferung und Zahlungen erfahren? Sehen Sie, wie wir arbeiten \n\n\t\t\t\t<\/a>\n\t\t\t\t\t<\/span>\n\t\t\t\t\t<\/div>\n\t\t\t\t<\/div>\n\t\t<div class=\"wd-negative-gap elementor-element elementor-element-7e99c59 box-shadow e-flex e-con-boxed e-con e-parent\" data-id=\"7e99c59\" data-element_type=\"container\" data-e-type=\"container\" data-settings=\"{&quot;background_background&quot;:&quot;classic&quot;}\">\n\t\t\t\t\t<div class=\"e-con-inner\">\n\t\t<div class=\"elementor-element elementor-element-0b01359 e-con-full e-flex e-con e-child\" data-id=\"0b01359\" data-element_type=\"container\" data-e-type=\"container\">\n\t\t\t\t\t\t\t\t<span class=\"text-balance e-e3e25b2-c4037c5 paragraph-small e-paragraph-base\" data-interaction-id=\"e3e25b2\"  data-e-type=\"widget\" data-id=\"e3e25b2\">\n\t\t\t\t\t\t\t\tUNSERE WERTE\n\n\n\t\t\t\t\t<\/span>\n\t\t\t\t\t\t\t<h3 \n\t\tdata-interaction-id=\"3d15b6c\" \n\t\tclass=\"text-balance e-3d15b6c-8cdd2ad e-heading-base\" \n\t\t \n\t\tdata-e-type=\"widget\" data-id=\"3d15b6c\"\n\t>\n\t\n\t\t\tUnsere Grundwerte\n\t\t<\/h3>\n\t\t\t\t\t\t\t\t<span class=\"text-balance paragraph e-20a0399-a28ee7f e-paragraph-base\" data-interaction-id=\"20a0399\"  data-e-type=\"widget\" data-id=\"20a0399\">\n\t\t\t\t\t\t\t\tWas wir glauben und wie wir arbeiten - jeden Tag.\n\n\n\t\t\t\t\t<\/span>\n\t\t\t\t<\/div>\n\t\t<div class=\"elementor-element elementor-element-82bd473 e-con-full e-grid e-con e-child\" data-id=\"82bd473\" data-element_type=\"container\" data-e-type=\"container\">\n\t\t<div class=\"elementor-element elementor-element-0e26149 e-con-full box-shadow e-flex e-con e-child\" data-id=\"0e26149\" data-element_type=\"container\" data-e-type=\"container\" data-settings=\"{&quot;background_background&quot;:&quot;classic&quot;}\">\n\t\t\t\t\t\t\t<h3 \n\t\tdata-interaction-id=\"e9863b4\" \n\t\tclass=\"text-balance e-e9863b4-80d9b8f e-heading-base\" \n\t\t \n\t\tdata-e-type=\"widget\" data-id=\"e9863b4\"\n\t>\n\t\n\t\t\tUnsere Vision und Mission\n\t\t<\/h3>\n\t\t\t\t\t\t\t\t<span class=\"text-balance paragraph e-a440baa-e010bd1 e-paragraph-base\" data-interaction-id=\"a440baa\"  data-e-type=\"widget\" data-id=\"a440baa\">\n\t\t\t\t\t\t\t\tDatenschutz-Tools f\u00fcr jedermann. Wir sind da, um Ihnen zu helfen, die Kontrolle \u00fcber Ihre Daten zu \u00fcbernehmen - und wir sind hier, um Sie zu unterst\u00fctzen. \n\n\n\t\t\t\t\t<\/span>\n\t\t\t\t<\/div>\n\t\t<div class=\"elementor-element elementor-element-45f75f1 e-con-full box-shadow e-flex e-con e-child\" data-id=\"45f75f1\" data-element_type=\"container\" data-e-type=\"container\" data-settings=\"{&quot;background_background&quot;:&quot;classic&quot;}\">\n\t\t\t\t\t\t\t<h3 \n\t\tdata-interaction-id=\"852cd24\" \n\t\tclass=\"text-balance e-852cd24-e3c1662 e-heading-base\" \n\t\t \n\t\tdata-e-type=\"widget\" data-id=\"852cd24\"\n\t>\n\t\n\t\t\tOpen Source ist in unserer DNA\n\t\t<\/h3>\n\t\t\t\t\t\t\t\t<span class=\"text-balance paragraph e-718a078-146656b e-paragraph-base\" data-interaction-id=\"718a078\"  data-e-type=\"widget\" data-id=\"718a078\">\n\t\t\t\t\t\t\t\tWir bauen auf bew\u00e4hrte Open-Source-Software: GrapheneOS, OpenWRT, Linux. Transparenter Code, keine versteckten Hintert\u00fcren. \n\t\t\t\t\t<\/span>\n\t\t\t\t<\/div>\n\t\t<div class=\"elementor-element elementor-element-4317415 e-con-full box-shadow e-flex e-con e-child\" data-id=\"4317415\" data-element_type=\"container\" data-e-type=\"container\" data-settings=\"{&quot;background_background&quot;:&quot;classic&quot;}\">\n\t\t\t\t\t\t\t<h3 \n\t\tdata-interaction-id=\"09713e6\" \n\t\tclass=\"text-balance e-09713e6-44b5995 e-heading-base\" \n\t\t \n\t\tdata-e-type=\"widget\" data-id=\"09713e6\"\n\t>\n\t\n\t\t\tPro Managed Dienstleistungen\n\t\t<\/h3>\n\t\t\t\t\t\t\t\t<span class=\"text-balance paragraph e-28e96ee-8cc160c e-paragraph-base\" data-interaction-id=\"28e96ee\"  data-e-type=\"widget\" data-id=\"28e96ee\">\n\t\t\t\t\t\t\t\tNicht technisch? Kein Problem! Wir k\u00fcmmern uns um die Einrichtung, Updates und den laufenden Support, damit Sie sich auf Ihre Arbeit konzentrieren k\u00f6nnen.  \n\t\t\t\t\t<\/span>\n\t\t\t\t<\/div>\n\t\t<div class=\"elementor-element elementor-element-37cdc3d e-con-full box-shadow e-flex e-con e-child\" data-id=\"37cdc3d\" data-element_type=\"container\" data-e-type=\"container\" data-settings=\"{&quot;background_background&quot;:&quot;classic&quot;}\">\n\t\t\t\t\t\t\t<h3 \n\t\tdata-interaction-id=\"c26fa7b\" \n\t\tclass=\"text-balance e-c26fa7b-dfefca0 e-heading-base\" \n\t\t \n\t\tdata-e-type=\"widget\" data-id=\"c26fa7b\"\n\t>\n\t\n\t\t\tEchte Unterst\u00fctzung\n\t\t<\/h3>\n\t\t\t\t\t\t\t\t<span class=\"text-balance paragraph e-e060c14-ae059ae e-paragraph-base\" data-interaction-id=\"e060c14\"  data-e-type=\"widget\" data-id=\"e060c14\">\n\t\t\t\t\t\t\t\tFragen werden von echten Menschen beantwortet, die die Produkte kennen. E-Mail, Chat, Signal - Sie haben die Wahl. \n\t\t\t\t\t<\/span>\n\t\t\t\t<\/div>\n\t\t\t\t<\/div>\n\t\t\t\t\t<\/div>\n\t\t\t\t<\/div>\n\t\t<div class=\"wd-negative-gap elementor-element elementor-element-d58119a box-shadow e-flex e-con-boxed e-con e-parent\" data-id=\"d58119a\" data-element_type=\"container\" data-e-type=\"container\" data-settings=\"{&quot;background_background&quot;:&quot;classic&quot;}\">\n\t\t\t\t\t<div class=\"e-con-inner\">\n\t\t<div class=\"elementor-element elementor-element-6a93ab5 e-con-full e-flex e-con e-child\" data-id=\"6a93ab5\" data-element_type=\"container\" data-e-type=\"container\">\n\t\t\t\t\t\t\t\t<span class=\"text-balance e-f8af938-65bf942 paragraph-small e-paragraph-base\" data-interaction-id=\"f8af938\"  data-e-type=\"widget\" data-id=\"f8af938\">\n\t\t\t\t\t\t\t\tUNSER HINTERGRUND\n\n\t\t\t\t\t<\/span>\n\t\t\t\t\t\t\t<h3 \n\t\tdata-interaction-id=\"cbbe407\" \n\t\tclass=\"text-balance e-cbbe407-8a3c358 e-heading-base\" \n\t\t \n\t\tdata-e-type=\"widget\" data-id=\"cbbe407\"\n\t>\n\t\n\t\t\tTechnologie-Studio\n\t\t<\/h3>\n\t\t\t\t\t\t\t\t<span class=\"text-balance paragraph e-57f16d0-16dc710 e-paragraph-base\" data-interaction-id=\"57f16d0\"  data-e-type=\"widget\" data-id=\"57f16d0\">\n\t\t\t\t\t\t\t\t15+ Jahre in der IT-Sicherheit. Wir konfigurieren jedes Ger\u00e4t von Hand in unserer Werkstatt in M\u00e1laga. \n\n\n\t\t\t\t\t<\/span>\n\t\t\t\t<\/div>\n\t\t\t\t\t\t\t\t<span class=\"paragraph e-941fcbe-fcb9559 e-paragraph-base\" data-interaction-id=\"941fcbe\"  data-e-type=\"widget\" data-id=\"941fcbe\">\n\t\t\t\t\t\t\t\tWir haben 2019 mit dem Verkauf von privaten Telefonen begonnen, zun\u00e4chst mit dem Google Pixel 3a. Heute bieten wir sichere Telefone, verschl\u00fcsselte Router und private Laptops an - alle mit vertrauensw\u00fcrdiger Open-Source-Software. \n<br><br>Jedes Ger\u00e4t wird vor dem Versand getestet. Die Einrichtung dauert 2-4 Stunden pro Ger\u00e4t: Betriebssysteminstallation, Sicherheitsh\u00e4rtung und Qualit\u00e4tspr\u00fcfungen. \n<br><br>Wir lagern nicht aus. Was wir verkaufen, bauen wir selbst und unterst\u00fctzen es. \n\t\t\t\t\t<\/span>\n\t\t\t\t\t<\/div>\n\t\t\t\t<\/div>\n\t\t<div class=\"wd-negative-gap elementor-element elementor-element-6347943 box-shadow e-flex e-con-boxed e-con e-parent\" data-id=\"6347943\" data-element_type=\"container\" data-e-type=\"container\" data-settings=\"{&quot;background_background&quot;:&quot;classic&quot;}\">\n\t\t\t\t\t<div class=\"e-con-inner\">\n\t\t<div class=\"elementor-element elementor-element-5a329f0 e-con-full e-flex e-con e-child\" data-id=\"5a329f0\" data-element_type=\"container\" data-e-type=\"container\">\n\t\t\t\t<div class=\"elementor-element elementor-element-fd7cbfe elementor-widget__width-auto text-balance elementor-widget elementor-widget-heading\" data-id=\"fd7cbfe\" data-element_type=\"widget\" data-e-type=\"widget\" data-widget_type=\"heading.default\">\n\t\t\t\t\t<h5 class=\"elementor-heading-title elementor-size-default\">Sehen Sie genau, wie wir Ihre Privatsph\u00e4re sch\u00fctzen\n\n<\/h5>\t\t\t\t<\/div>\n\t\t\t\t\t\t\t\t<span class=\"paragraph e-0e07a6a-b05c8df text-balance e-paragraph-base\" data-interaction-id=\"0e07a6a\"  data-e-type=\"widget\" data-id=\"0e07a6a\">\n\t\t\t\t\t\t\t\tVolle Transparenz bei der Datenverarbeitung, anonyme Lieferung und sichere Zahlungsoptionen. Keine versteckten Praktiken - nur klare Richtlinien. \n\n\n\t\t\t\t\t<\/span>\n\t\t\t\t<\/div>\n\t\t<div class=\"elementor-element elementor-element-602eeea e-con-full e-flex e-con e-child\" data-id=\"602eeea\" data-element_type=\"container\" data-e-type=\"container\">\n\t\t\t\t\t    \t            <a\n            href=\"https:\/\/www.cryptvice.com\/de\/how-we-work\/\" target=\"_self\"\n            class=\"button-dark-icon e-8330687-bf39037 e-button-base\"\n            data-interaction-id=\"8330687\"\n             data-e-type=\"widget\" data-id=\"8330687\"\n        >\n            Wie wir arbeiten\n        <\/a>\n    \t\t\t\t\t\t\t\t<p class=\"e-32f97c2-3c2d22f text-balance e-paragraph-base\" data-interaction-id=\"32f97c2\"  data-e-type=\"widget\" data-id=\"32f97c2\">\n\t\t\t\t\t\t\t<a\n\t\t\t\t\thref=\"https:\/\/www.cryptvice.com\/de\/legal\/datenschutzbestimmungen\/\" target=\"_self\"\n\t\t\t\t\tclass=\"e-paragraph-link-base\"\n\t\t\t\t>\n\t\t\t\t\t\tSehen Sie sich unsere Datenschutzrichtlinie an \u2192.\n\t\t\t\t<\/a>\n\t\t\t\t\t<\/p>\n\t\t\t\t<\/div>\n\t\t\t\t\t<\/div>\n\t\t\t\t<\/div>\n\t\t\t\t<\/div>\n\t\t","protected":false},"excerpt":{"rendered":"<p>\u00dcber uns Vertraut von Organisationen, die den Datenschutz ernst nehmen Wir bauen und konfigurieren sichere Ger\u00e4te f\u00fcr Menschen, denen ihre<\/p>\n","protected":false},"author":590,"featured_media":0,"parent":0,"menu_order":9,"comment_status":"closed","ping_status":"closed","template":"","meta":{"footnotes":""},"class_list":["post-60099","page","type-page","status-publish","hentry"],"_links":{"self":[{"href":"https:\/\/www.cryptvice.com\/de\/wp-json\/wp\/v2\/pages\/60099","targetHints":{"allow":["GET"]}}],"collection":[{"href":"https:\/\/www.cryptvice.com\/de\/wp-json\/wp\/v2\/pages"}],"about":[{"href":"https:\/\/www.cryptvice.com\/de\/wp-json\/wp\/v2\/types\/page"}],"author":[{"embeddable":true,"href":"https:\/\/www.cryptvice.com\/de\/wp-json\/wp\/v2\/users\/590"}],"replies":[{"embeddable":true,"href":"https:\/\/www.cryptvice.com\/de\/wp-json\/wp\/v2\/comments?post=60099"}],"version-history":[{"count":0,"href":"https:\/\/www.cryptvice.com\/de\/wp-json\/wp\/v2\/pages\/60099\/revisions"}],"wp:attachment":[{"href":"https:\/\/www.cryptvice.com\/de\/wp-json\/wp\/v2\/media?parent=60099"}],"curies":[{"name":"wp","href":"https:\/\/api.w.org\/{rel}","templated":true}]}}