{"id":61721,"date":"2024-05-15T20:46:18","date_gmt":"2024-05-15T18:46:18","guid":{"rendered":"https:\/\/www.cryptvice.com\/shop\/iphone-14-pro-case-nillkin-camshield-camera-slider\/"},"modified":"2026-03-13T10:27:56","modified_gmt":"2026-03-13T08:27:56","slug":"iphone-14-pro-case-nillkin-camshield-camera-slider","status":"publish","type":"product","link":"https:\/\/www.cryptvice.com\/de\/shop\/iphone-14-pro-case-nillkin-camshield-camera-slider\/","title":{"rendered":"iPhone 14 Pro Tasche &#8211; Nillkin CamShield Kamera-Schieberegler"},"content":{"rendered":"\t\t<div data-elementor-type=\"product-post\" data-elementor-id=\"61721\" class=\"elementor elementor-61721 elementor-11114\" data-elementor-post-type=\"product\">\n\t\t\t\t<div class=\"wd-negative-gap elementor-element elementor-element-17cff951 e-flex e-con-boxed e-con e-parent\" data-id=\"17cff951\" data-element_type=\"container\" data-e-type=\"container\">\n\t\t\t\t\t<div class=\"e-con-inner\">\n\t\t\t\t\t<\/div>\n\t\t\t\t<\/div>\n\t\t\t\t<\/div>\n\t\t","protected":false},"excerpt":{"rendered":"<p>Das iPhone 14 Pro Etui Nillkin CamShield Etui mit Schiebedeckel f\u00fcr das Triple-Kamera-System. Die PC- und TPU-Konstruktion h\u00e4lt St\u00fcrze auf den gr\u00f6\u00dften Pro-Formfaktor aus. Ein Schieber deckt alle drei Objektive und den LiDAR-Scanner ab.  <\/p>\n<p>\u2713 Vollst\u00e4ndige Dreifach-Kamera + LiDAR Schiebeabdeckung<br \/>\n\u2713 Starre PC-R\u00fcckseite mit TPU-Sto\u00dfd\u00e4mpfer<br \/>\n\u2713 Erh\u00f6hte Einfassungen f\u00fcr das 6,7-Zoll-Display und die Kamera<br \/>\n\u2713 Rutschfeste, matte Oberfl\u00e4che &#8211; resistent gegen Fingerabdr\u00fccke<br \/>\n\u2713 Pr\u00e4zisionsgeformt f\u00fcr das iPhone 14 Pro<\/p>\n","protected":false},"featured_media":44650,"comment_status":"closed","ping_status":"closed","template":"","meta":[],"product_brand":[],"product_cat":[1852],"product_tag":[],"class_list":{"0":"post-61721","1":"product","2":"type-product","3":"status-publish","4":"has-post-thumbnail","6":"product_cat-fall","7":"product_shipping_class-mailbox-paket-datenschutz-tools","9":"first","10":"onbackorder","11":"taxable","12":"shipping-taxable","13":"purchasable","14":"product-type-simple"},"_links":{"self":[{"href":"https:\/\/www.cryptvice.com\/de\/wp-json\/wp\/v2\/product\/61721","targetHints":{"allow":["GET"]}}],"collection":[{"href":"https:\/\/www.cryptvice.com\/de\/wp-json\/wp\/v2\/product"}],"about":[{"href":"https:\/\/www.cryptvice.com\/de\/wp-json\/wp\/v2\/types\/product"}],"replies":[{"embeddable":true,"href":"https:\/\/www.cryptvice.com\/de\/wp-json\/wp\/v2\/comments?post=61721"}],"version-history":[{"count":0,"href":"https:\/\/www.cryptvice.com\/de\/wp-json\/wp\/v2\/product\/61721\/revisions"}],"wp:featuredmedia":[{"embeddable":true,"href":"https:\/\/www.cryptvice.com\/de\/wp-json\/wp\/v2\/media\/44650"}],"wp:attachment":[{"href":"https:\/\/www.cryptvice.com\/de\/wp-json\/wp\/v2\/media?parent=61721"}],"wp:term":[{"taxonomy":"product_brand","embeddable":true,"href":"https:\/\/www.cryptvice.com\/de\/wp-json\/wp\/v2\/product_brand?post=61721"},{"taxonomy":"product_cat","embeddable":true,"href":"https:\/\/www.cryptvice.com\/de\/wp-json\/wp\/v2\/product_cat?post=61721"},{"taxonomy":"product_tag","embeddable":true,"href":"https:\/\/www.cryptvice.com\/de\/wp-json\/wp\/v2\/product_tag?post=61721"}],"curies":[{"name":"wp","href":"https:\/\/api.w.org\/{rel}","templated":true}]}}