{"id":62071,"date":"2024-05-15T20:46:11","date_gmt":"2024-05-15T18:46:11","guid":{"rendered":"https:\/\/www.cryptvice.com\/shop\/ledger-nano-s-plus-hardware-wallet\/"},"modified":"2026-03-13T10:29:39","modified_gmt":"2026-03-13T08:29:39","slug":"ledger-nano-s-plus-hardware-wallet","status":"publish","type":"product","link":"https:\/\/www.cryptvice.com\/de\/shop\/ledger-nano-s-plus-hardware-wallet\/","title":{"rendered":"Ledger Nano S Plus &#8211; Hardware-Geldb\u00f6rse"},"content":{"rendered":"\t\t<div data-elementor-type=\"product-post\" data-elementor-id=\"62071\" class=\"elementor elementor-62071 elementor-11081\" data-elementor-post-type=\"product\">\n\t\t\t\t<div class=\"wd-negative-gap elementor-element elementor-element-7800b2b e-flex e-con-boxed e-con e-parent\" data-id=\"7800b2b\" data-element_type=\"container\" data-e-type=\"container\">\n\t\t\t\t\t<div class=\"e-con-inner\">\n\t\t\t\t<div class=\"elementor-element elementor-element-b2eb02b color-scheme-inherit text-left elementor-widget elementor-widget-text-editor\" data-id=\"b2eb02b\" data-element_type=\"widget\" data-e-type=\"widget\" data-widget_type=\"text-editor.default\">\n\t\t\t\t\t\t\t\t\t<h4>Sicherer hardwarebasierter Schutz f\u00fcr digitale Assets<\/h4><p>Die Ledger Nano S Plus Hardware-Brieftasche wurde entwickelt, um private Schl\u00fcssel mit Hilfe spezieller Hardware-Sicherheit zu sch\u00fctzen und sensibles kryptografisches Material von Ger\u00e4ten mit Internetanschluss zu isolieren. Die privaten Schl\u00fcssel bleiben offline im Ger\u00e4t gespeichert und sind niemals dem Betriebssystem, dem Browser oder dem angeschlossenen Computer ausgesetzt. <\/p><p>Transaktionen m\u00fcssen physisch auf dem Ger\u00e4t selbst best\u00e4tigt werden, was einen zus\u00e4tzlichen Schutz vor Malware, Phishing-Angriffen und unbefugtem Zugriff bietet.<\/p>\t\t\t\t\t\t\t\t<\/div>\n\t\t\t\t<div class=\"elementor-element elementor-element-6a3d407 color-scheme-inherit text-left elementor-widget elementor-widget-text-editor\" data-id=\"6a3d407\" data-element_type=\"widget\" data-e-type=\"widget\" data-widget_type=\"text-editor.default\">\n\t\t\t\t\t\t\t\t\t<h4>Sicherer hardwarebasierter Schutz f\u00fcr digitale Assets<\/h4><p>Die Ledger Nano S Plus Hardware-Brieftasche wurde entwickelt, um private Schl\u00fcssel mit Hilfe spezieller Hardware-Sicherheit zu sch\u00fctzen und sensibles kryptografisches Material von Ger\u00e4ten mit Internetanschluss zu isolieren. Die privaten Schl\u00fcssel bleiben offline im Ger\u00e4t gespeichert und sind niemals dem Betriebssystem, dem Browser oder dem angeschlossenen Computer ausgesetzt. <\/p><p>Transaktionen m\u00fcssen physisch auf dem Ger\u00e4t selbst best\u00e4tigt werden, was einen zus\u00e4tzlichen Schutz vor Malware, Phishing-Angriffen und unbefugtem Zugriff bietet.<\/p>\t\t\t\t\t\t\t\t<\/div>\n\t\t\t\t<div class=\"elementor-element elementor-element-611bd9d elementor-widget elementor-widget-image\" data-id=\"611bd9d\" data-element_type=\"widget\" data-e-type=\"widget\" data-widget_type=\"image.default\">\n\t\t\t\t\t\t\t\t\t\t\t\t\t\t\t<img decoding=\"async\" width=\"300\" height=\"288\" src=\"https:\/\/www.cryptvice.com\/wp-content\/uploads\/ledger-portfolio-300x288.png\" class=\"attachment-medium size-medium wp-image-62079\" alt=\"Ledger - nano S plus Hardware-Wallet mit Software-Wallet-Verbindung auf einem Ger\u00e4t\" srcset=\"https:\/\/www.cryptvice.com\/wp-content\/uploads\/ledger-portfolio-300x288.png 300w, https:\/\/www.cryptvice.com\/wp-content\/uploads\/ledger-portfolio-150x144.png 150w, https:\/\/www.cryptvice.com\/wp-content\/uploads\/ledger-portfolio-13x12.png 13w, https:\/\/www.cryptvice.com\/wp-content\/uploads\/ledger-portfolio.png 768w\" sizes=\"(max-width: 300px) 100vw, 300px\" title=\"\">\t\t\t\t\t\t\t\t\t\t\t\t\t\t\t<\/div>\n\t\t\t\t<div class=\"elementor-element elementor-element-2e079b1 color-scheme-inherit text-left elementor-widget elementor-widget-text-editor\" data-id=\"2e079b1\" data-element_type=\"widget\" data-e-type=\"widget\" data-widget_type=\"text-editor.default\">\n\t\t\t\t\t\t\t\t\t<h4>Unterst\u00fctzte Assets und Funktionen<\/h4><p>Der Ledger Nano S Plus unterst\u00fctzt eine breite Palette von Kryptow\u00e4hrungen und Token und erm\u00f6glicht es Ihnen, diese zu nutzen:<\/p><ul><li>Sicheres Speichern und Verwalten mehrerer digitaler Assets<\/li><li>Pr\u00fcfen Sie Salden und Transaktionshistorie<\/li><li>Transaktionen lokal auf dem Ger\u00e4t signieren<\/li><li>Interaktion mit unterst\u00fctzten Blockchain-Diensten<\/li><\/ul><p>Das Ger\u00e4t unterst\u00fctzt Tausende von Verm\u00f6genswerten in den wichtigsten Blockchain-Netzwerken und eignet sich daher f\u00fcr diversifizierte Portfolios.<\/p>\t\t\t\t\t\t\t\t<\/div>\n\t\t\t\t<div class=\"elementor-element elementor-element-5c46d7d color-scheme-inherit text-left elementor-widget elementor-widget-text-editor\" data-id=\"5c46d7d\" data-element_type=\"widget\" data-e-type=\"widget\" data-widget_type=\"text-editor.default\">\n\t\t\t\t\t\t\t\t\t<h4>Eins\u00e4tze und Verm\u00f6gensverwaltung<\/h4><p>Bei unterst\u00fctzten Netzwerken k\u00f6nnen Nutzer direkt am Staking teilnehmen und dabei die Kontrolle \u00fcber ihre privaten Schl\u00fcssel behalten. Auf diese Weise k\u00f6nnen berechtigte Verm\u00f6genswerte Belohnungen verdienen, ohne die Verwahrung an externe Plattformen zu \u00fcbertragen. <\/p><p>Alle Staking-Vorg\u00e4nge erfordern die ausdr\u00fcckliche Zustimmung des Benutzers auf der Hardware-Wallet, so dass die Sicherheit w\u00e4hrend des gesamten Prozesses gew\u00e4hrleistet ist.<\/p>\t\t\t\t\t\t\t\t<\/div>\n\t\t\t\t<div class=\"elementor-element elementor-element-709f727 color-scheme-inherit text-left elementor-widget elementor-widget-text-editor\" data-id=\"709f727\" data-element_type=\"widget\" data-e-type=\"widget\" data-widget_type=\"text-editor.default\">\n\t\t\t\t\t\t\t\t\t<h4>Unterst\u00fctzung bei der Konfiguration und Integration von Cryptvice<\/h4><p>Cryptvice kann Ihnen dabei helfen, den Ledger Nano S Plus in ein breiteres, auf Datenschutz ausgerichtetes System zu integrieren:<\/p><ul><li>Sichere Laptops mit verschl\u00fcsseltem Speicher<\/li><li>Tragbare oder private VPN-Router f\u00fcr gesch\u00fctzte Konnektivit\u00e4t<\/li><li>Starke Passwortrichtlinien und verschl\u00fcsselte Umgebungen<\/li><\/ul><p>Dieser Ansatz ist f\u00fcr Benutzer gedacht, die einen vollst\u00e4ndigen, auf Sicherheit ausgerichteten Workflow f\u00fcr die Verwaltung digitaler Assets in station\u00e4ren und mobilen Umgebungen w\u00fcnschen.<\/p>\t\t\t\t\t\t\t\t<\/div>\n\t\t\t\t<div class=\"elementor-element elementor-element-9b4f1e8 color-scheme-inherit text-left elementor-widget elementor-widget-text-editor\" data-id=\"9b4f1e8\" data-element_type=\"widget\" data-e-type=\"widget\" data-widget_type=\"text-editor.default\">\n\t\t\t\t\t\t\t\t\t<h4>Entwickelt f\u00fcr langfristige Sicherheit<\/h4><p>Der Ledger Nano S Plus ist f\u00fcr Benutzer geeignet, die Priorit\u00e4ten setzen:<\/p><ul><li>Offline-Schl\u00fcsselspeicherung<\/li><li>Hardware-basierte Transaktionspr\u00fcfung<\/li><li>Langfristiger Verm\u00f6gensschutz<\/li><li>Geringere Gef\u00e4hrdung durch Online-Bedrohungen<\/li><\/ul><p>Cryptvice bietet Konfigurationsanleitungen und technischen Support, um sicherzustellen, dass das Ger\u00e4t sicher und korrekt in einer sicheren Umgebung verwendet wird.<\/p>\t\t\t\t\t\t\t\t<\/div>\n\t\t\t\t<div class=\"elementor-element elementor-element-8bdb2be color-scheme-inherit text-left elementor-widget elementor-widget-text-editor\" data-id=\"8bdb2be\" data-element_type=\"widget\" data-e-type=\"widget\" data-widget_type=\"text-editor.default\">\n\t\t\t\t\t\t\t\t\t<h4>Wichtigste Sicherheitsmerkmale<\/h4><ul><li>Hardware-isolierte Speicherung privater Schl\u00fcssel<\/li><li>Offline-Signierung von Transaktionen<\/li><li>Manuelle \u00dcberpr\u00fcfung auf dem Ger\u00e4t<\/li><li>Breite Unterst\u00fctzung von Kryptow\u00e4hrungen und Token<\/li><li>Optionale Integration in sichere, verschl\u00fcsselte Arbeitsabl\u00e4ufe<\/li><li>Offizieller Cryptvice Vertrieb und Support<\/li><\/ul>\t\t\t\t\t\t\t\t<\/div>\n\t\t\t\t\t<\/div>\n\t\t\t\t<\/div>\n\t\t\t\t<\/div>\n\t\t","protected":false},"excerpt":{"rendered":"<p>Verwalten Sie Kryptow\u00e4hrungen und NFTs sicher mit der Ledger Nano S Plus\u2122 Hardware-Geldb\u00f6rse. Sie wurde f\u00fcr die Offline-Schl\u00fcsselspeicherung entwickelt und hilft, private Schl\u00fcssel zu sch\u00fctzen, w\u00e4hrend Sie Transaktionen direkt auf dem Ger\u00e4t \u00fcberpr\u00fcfen und best\u00e4tigen k\u00f6nnen. <\/p>\n<p><i class=\"far fa-check-circle\" style=\"margin-right: 10px;\"><\/i>  Dedizierte Hardware-Sicherheit f\u00fcr den Schutz privater Schl\u00fcssel<br \/>\n<i class=\"far fa-check-circle\" style=\"margin-right: 10px;\"><\/i>  Unterst\u00fctzt \u00fcber 15.000 Kryptow\u00e4hrungen und Token<br \/>\n<i class=\"fa-regular fa-circle-minus\" style=\"margin-right: 10px;\"><\/i>  F\u00fcr iOS-Kompatibilit\u00e4t bestellen Sie die<br \/>\n<a style=\"color: #a397f8;\" href=\"https:\/\/www.cryptvice.com\/shop\/ledger-nano-x\/\">Ledger Nano X<\/a><\/p>\n","protected":false},"featured_media":45808,"comment_status":"closed","ping_status":"closed","template":"","meta":[],"product_brand":[],"product_cat":[1784],"product_tag":[],"class_list":{"0":"post-62071","1":"product","2":"type-product","3":"status-publish","4":"has-post-thumbnail","6":"product_cat-zubehor","7":"product_shipping_class-mailbox-paket-datenschutz-tools","9":"first","10":"onbackorder","11":"taxable","12":"shipping-taxable","13":"purchasable","14":"product-type-simple"},"_links":{"self":[{"href":"https:\/\/www.cryptvice.com\/de\/wp-json\/wp\/v2\/product\/62071","targetHints":{"allow":["GET"]}}],"collection":[{"href":"https:\/\/www.cryptvice.com\/de\/wp-json\/wp\/v2\/product"}],"about":[{"href":"https:\/\/www.cryptvice.com\/de\/wp-json\/wp\/v2\/types\/product"}],"replies":[{"embeddable":true,"href":"https:\/\/www.cryptvice.com\/de\/wp-json\/wp\/v2\/comments?post=62071"}],"version-history":[{"count":0,"href":"https:\/\/www.cryptvice.com\/de\/wp-json\/wp\/v2\/product\/62071\/revisions"}],"wp:featuredmedia":[{"embeddable":true,"href":"https:\/\/www.cryptvice.com\/de\/wp-json\/wp\/v2\/media\/45808"}],"wp:attachment":[{"href":"https:\/\/www.cryptvice.com\/de\/wp-json\/wp\/v2\/media?parent=62071"}],"wp:term":[{"taxonomy":"product_brand","embeddable":true,"href":"https:\/\/www.cryptvice.com\/de\/wp-json\/wp\/v2\/product_brand?post=62071"},{"taxonomy":"product_cat","embeddable":true,"href":"https:\/\/www.cryptvice.com\/de\/wp-json\/wp\/v2\/product_cat?post=62071"},{"taxonomy":"product_tag","embeddable":true,"href":"https:\/\/www.cryptvice.com\/de\/wp-json\/wp\/v2\/product_tag?post=62071"}],"curies":[{"name":"wp","href":"https:\/\/api.w.org\/{rel}","templated":true}]}}