{"id":62292,"date":"2024-05-15T20:46:10","date_gmt":"2024-05-15T18:46:10","guid":{"rendered":"https:\/\/www.cryptvice.com\/shop\/ledger-nano-x-hardware-wallet\/"},"modified":"2026-03-13T10:30:24","modified_gmt":"2026-03-13T08:30:24","slug":"ledger-nano-x-hardware-wallet","status":"publish","type":"product","link":"https:\/\/www.cryptvice.com\/de\/shop\/ledger-nano-x-hardware-wallet\/","title":{"rendered":"Ledger Nano X &#8211; Hardware-Geldb\u00f6rse"},"content":{"rendered":"\t\t<div data-elementor-type=\"product-post\" data-elementor-id=\"62292\" class=\"elementor elementor-62292 elementor-11068\" data-elementor-post-type=\"product\">\n\t\t\t\t<div class=\"wd-negative-gap elementor-element elementor-element-0ab2c11 e-flex e-con-boxed e-con e-parent\" data-id=\"0ab2c11\" data-element_type=\"container\" data-e-type=\"container\">\n\t\t\t\t\t<div class=\"e-con-inner\">\n\t\t\t\t<div class=\"elementor-element elementor-element-e72ca93 color-scheme-inherit text-left elementor-widget elementor-widget-text-editor\" data-id=\"e72ca93\" data-element_type=\"widget\" data-e-type=\"widget\" data-widget_type=\"text-editor.default\">\n\t\t\t\t\t\t\t\t\t<p>Unser Team kann einen sicheren Krypto-Laptop mit mobilem WLAN und einer Ledger-Brieftasche einrichten. Alles ist mit starken Passw\u00f6rtern und Verschl\u00fcsselung gesch\u00fctzt.   <a href=\"https:\/\/www.cryptvice.com\/contact\/\">Kontaktieren Sie den Vertrieb hier<\/a><\/p>\t\t\t\t\t\t\t\t<\/div>\n\t\t\t\t<div class=\"elementor-element elementor-element-2659a57 color-scheme-inherit text-left elementor-widget elementor-widget-text-editor\" data-id=\"2659a57\" data-element_type=\"widget\" data-e-type=\"widget\" data-widget_type=\"text-editor.default\">\n\t\t\t\t\t\t\t\t\t<h5>Welche M\u00fcnzen &amp; NFTs k\u00f6nnen Sie verwenden?<\/h5><p>Mit dem Ledger Nano X\u2122 k\u00f6nnen Sie \u00fcber 5.500 M\u00fcnzen und Token sicher aufbewahren und verwalten, darunter Bitcoin, Ethereum, XRP, USD Tether, Polkadot, Litecoin und mehr.<\/p><p>Sie k\u00f6nnen bis zu 100 Apps auf jedem Ger\u00e4t installieren.<\/p>\t\t\t\t\t\t\t\t<\/div>\n\t\t\t\t<div class=\"elementor-element elementor-element-0b8374d color-scheme-inherit text-left elementor-widget elementor-widget-text-editor\" data-id=\"0b8374d\" data-element_type=\"widget\" data-e-type=\"widget\" data-widget_type=\"text-editor.default\">\n\t\t\t\t\t\t\t\t\t<h5>Ist es sicher?<\/h5><p>Der Ledger Nano X\u2122 ist ein sicherer Weg, um Ihre Kryptow\u00e4hrung zu verwalten. Er bewahrt Ihren privaten Schl\u00fcssel offline auf einem sicheren Chip auf, der nicht mit dem Internet verbunden ist, was Angriffe aus dem Internet sehr erschwert. <\/p><p>Der Ledger Nano X\u2122 verf\u00fcgt \u00fcber einen CC EAL5+ zertifizierten Sicherheitschip, der einen der h\u00f6chsten heute verf\u00fcgbaren Sicherheitsstandards gew\u00e4hrleistet.<\/p><p>Jedes Ledger-Ger\u00e4t ist mit einem 4- bis 8-stelligen PIN-Code gesichert, den Sie bei der ersten Benutzung des Ger\u00e4ts einrichten.<\/p>\t\t\t\t\t\t\t\t<\/div>\n\t\t\t\t<div class=\"elementor-element elementor-element-abe4fd2 color-scheme-inherit text-left elementor-widget elementor-widget-text-editor\" data-id=\"abe4fd2\" data-element_type=\"widget\" data-e-type=\"widget\" data-widget_type=\"text-editor.default\">\n\t\t\t\t\t\t\t\t\t<h5>Was ist, wenn ich meinen Ledger Nano X verliere?<\/h5><p>Wenn Sie Ihre Ledger-Brieftasche verlieren, verlieren Sie Ihre Kryptow\u00e4hrung nicht. Ihr Verm\u00f6gen ist in der Blockchain gespeichert und Sie k\u00f6nnen darauf zugreifen, solange Ihre geheime Wiederherstellungsphrase sicher und nur Ihnen bekannt ist. Sie k\u00f6nnen sich eine andere Ledger-Brieftasche besorgen und Ihre geheime Wiederherstellungsphrase eingeben, um Ihr digitales Verm\u00f6gen wiederzuerlangen.  <\/p><p>F\u00fcr zus\u00e4tzlichen Schutz k\u00f6nnen Sie sich auch bei Ledger Recover anmelden. Mit diesem Service k\u00f6nnen Sie den Zugang zu Ihrer Brieftasche leicht wiederherstellen, wenn Sie Ihren Nano X verlieren oder Ihre geheime Wiederherstellungsphrase nicht dabei haben. <\/p>\t\t\t\t\t\t\t\t<\/div>\n\t\t\t\t<div class=\"elementor-element elementor-element-26fe488 elementor-widget elementor-widget-image\" data-id=\"26fe488\" data-element_type=\"widget\" data-e-type=\"widget\" data-widget_type=\"image.default\">\n\t\t\t\t\t\t\t\t\t\t\t\t\t\t\t<img decoding=\"async\" width=\"300\" height=\"288\" src=\"https:\/\/www.cryptvice.com\/wp-content\/uploads\/ledger-portfolio-300x288.png\" class=\"attachment-medium size-medium wp-image-62079\" alt=\"Ledger - nano S plus Hardware-Wallet mit Software-Wallet-Verbindung auf einem Ger\u00e4t\" srcset=\"https:\/\/www.cryptvice.com\/wp-content\/uploads\/ledger-portfolio-300x288.png 300w, https:\/\/www.cryptvice.com\/wp-content\/uploads\/ledger-portfolio-150x144.png 150w, https:\/\/www.cryptvice.com\/wp-content\/uploads\/ledger-portfolio-13x12.png 13w, https:\/\/www.cryptvice.com\/wp-content\/uploads\/ledger-portfolio.png 768w\" sizes=\"(max-width: 300px) 100vw, 300px\" title=\"\">\t\t\t\t\t\t\t\t\t\t\t\t\t\t\t<\/div>\n\t\t\t\t<div class=\"elementor-element elementor-element-bebd46c color-scheme-inherit text-left elementor-widget elementor-widget-text-editor\" data-id=\"bebd46c\" data-element_type=\"widget\" data-e-type=\"widget\" data-widget_type=\"text-editor.default\">\n\t\t\t\t\t\t\t\t\t<h5>Warum Sie Krypto mit Ledger kaufen sollten<\/h5><p><strong>Erstklassige Sicherheit<\/strong><\/p><p>Wenn Sie mit Ledger Live Kryptow\u00e4hrungen kaufen, gehen diese direkt in Ihre sichere Hardware-Wallet!<\/p><p><strong>Volle Kontrolle<\/strong><\/p><p>Sie haben die vollst\u00e4ndige Kontrolle \u00fcber die von Ihnen gekauften Kryptow\u00e4hrungen, und zwar sofort nach dem Kauf.<\/p><p><strong>Schnell &amp; einfach<\/strong><\/p><p>Kaufen Sie Krypto in nur wenigen Klicks mit Ledger Live: 5 einfache Schritte und Sie sind fertig.<\/p><p><strong>All-in-One-L\u00f6sung<\/strong><\/p><p>Ledger macht es einfach, Kryptow\u00e4hrungen sicher zu kaufen und bietet viele weitere Funktionen: tauschen, verkaufen, wachsen&#8230; alles in einer App!<\/p><p>Erfahren Sie mehr \u00fcber Ledger crypto wallet auf der <a href=\"https:\/\/shop.ledger.com\/products\/ledger-nano-x\" target=\"_blank\" rel=\"noopener nofollow\">offiziellen Website hier<\/a><\/p>\t\t\t\t\t\t\t\t<\/div>\n\t\t\t\t\t<\/div>\n\t\t\t\t<\/div>\n\t\t\t\t<\/div>\n\t\t","protected":false},"excerpt":{"rendered":"<p>Entdecken Sie den Ledger Nano X\u2122, Ihr Tor zur Kryptow\u00e4hrung. Die fortschrittliche Bluetooth-Hardware-Geldb\u00f6rse hilft Ihnen, all Ihre Krypto-Verm\u00f6genswerte ger\u00e4te\u00fcbergreifend sicher zu verwalten. <\/p>\n<p><i class=\"far fa-check-circle\" style=\"margin-right: 10px;\"><\/i>  Erstklassige Sicherheit<br \/>\n<i class=\"far fa-check-circle\" style=\"margin-right: 10px;\"><\/i>  15.000+ Krypto unterst\u00fctzt<\/p>\n","protected":false},"featured_media":45800,"comment_status":"closed","ping_status":"closed","template":"","meta":[],"product_brand":[],"product_cat":[1784],"product_tag":[],"class_list":{"0":"post-62292","1":"product","2":"type-product","3":"status-publish","4":"has-post-thumbnail","6":"product_cat-zubehor","7":"product_shipping_class-mailbox-paket-datenschutz-tools","9":"first","10":"onbackorder","11":"taxable","12":"shipping-taxable","13":"purchasable","14":"product-type-simple"},"_links":{"self":[{"href":"https:\/\/www.cryptvice.com\/de\/wp-json\/wp\/v2\/product\/62292","targetHints":{"allow":["GET"]}}],"collection":[{"href":"https:\/\/www.cryptvice.com\/de\/wp-json\/wp\/v2\/product"}],"about":[{"href":"https:\/\/www.cryptvice.com\/de\/wp-json\/wp\/v2\/types\/product"}],"replies":[{"embeddable":true,"href":"https:\/\/www.cryptvice.com\/de\/wp-json\/wp\/v2\/comments?post=62292"}],"version-history":[{"count":0,"href":"https:\/\/www.cryptvice.com\/de\/wp-json\/wp\/v2\/product\/62292\/revisions"}],"wp:featuredmedia":[{"embeddable":true,"href":"https:\/\/www.cryptvice.com\/de\/wp-json\/wp\/v2\/media\/45800"}],"wp:attachment":[{"href":"https:\/\/www.cryptvice.com\/de\/wp-json\/wp\/v2\/media?parent=62292"}],"wp:term":[{"taxonomy":"product_brand","embeddable":true,"href":"https:\/\/www.cryptvice.com\/de\/wp-json\/wp\/v2\/product_brand?post=62292"},{"taxonomy":"product_cat","embeddable":true,"href":"https:\/\/www.cryptvice.com\/de\/wp-json\/wp\/v2\/product_cat?post=62292"},{"taxonomy":"product_tag","embeddable":true,"href":"https:\/\/www.cryptvice.com\/de\/wp-json\/wp\/v2\/product_tag?post=62292"}],"curies":[{"name":"wp","href":"https:\/\/api.w.org\/{rel}","templated":true}]}}