{"id":62986,"date":"2024-05-15T20:46:05","date_gmt":"2024-05-15T18:46:05","guid":{"rendered":"https:\/\/www.cryptvice.com\/shop\/pixel-7a-case-nillkin-camshield-camera-slider\/"},"modified":"2026-03-13T10:33:50","modified_gmt":"2026-03-13T08:33:50","slug":"pixel-7a-case-nillkin-camshield-camera-slider","status":"publish","type":"product","link":"https:\/\/www.cryptvice.com\/de\/shop\/pixel-7a-case-nillkin-camshield-camera-slider\/","title":{"rendered":"Pixel 7a Geh\u00e4use - Nillkin CamShield Kamera-Schieberegler"},"content":{"rendered":"\t\t<div data-elementor-type=\"product-post\" data-elementor-id=\"62986\" class=\"elementor elementor-62986 elementor-11039\" data-elementor-post-type=\"product\">\n\t\t\t\t<div class=\"wd-negative-gap elementor-element elementor-element-1cb9a5b7 e-flex e-con-boxed e-con e-parent\" data-id=\"1cb9a5b7\" data-element_type=\"container\" data-e-type=\"container\">\n\t\t\t\t\t<div class=\"e-con-inner\">\n\t\t\t\t\t<\/div>\n\t\t\t\t<\/div>\n\t\t\t\t<\/div>\n\t\t","protected":false},"excerpt":{"rendered":"<p>Nillkin CamShield H\u00fclle f\u00fcr das Google Pixel 7a mit ausziehbarem Kameraschutzdeckel. Strapazierf\u00e4hige PC-R\u00fcckseite mit flexiblem TPU-Rahmen f\u00fcr Fallschutz. Decken Sie die Kamera physisch ab, wenn Sie sie nicht benutzen.  <\/p>\n<p>\u2713 Schiebeabdeckung blockiert und sch\u00fctzt die r\u00fcckw\u00e4rtige Kamera<br \/>\n\u2713 Widerstandsf\u00e4hige PC-R\u00fcckseite mit TPU-Sto\u00dfschutz<br \/>\n\u2713 Erh\u00f6hte Kanten sch\u00fctzen Bildschirm und Linsen vor Oberfl\u00e4chen<br \/>\n\u2713 Matte Textur widersteht Fingerabdr\u00fccken und bietet Grip<br \/>\n\u2713 Passgenaue Ausschnitte f\u00fcr das Google Pixel 7a<\/p>\n","protected":false},"featured_media":21420,"comment_status":"closed","ping_status":"closed","template":"","meta":[],"product_brand":[],"product_cat":[1852],"product_tag":[],"class_list":{"0":"post-62986","1":"product","2":"type-product","3":"status-publish","4":"has-post-thumbnail","6":"product_cat-fall","7":"product_shipping_class-mailbox-paket-datenschutz-tools","9":"first","10":"instock","11":"taxable","12":"shipping-taxable","13":"purchasable","14":"product-type-simple"},"_links":{"self":[{"href":"https:\/\/www.cryptvice.com\/de\/wp-json\/wp\/v2\/product\/62986","targetHints":{"allow":["GET"]}}],"collection":[{"href":"https:\/\/www.cryptvice.com\/de\/wp-json\/wp\/v2\/product"}],"about":[{"href":"https:\/\/www.cryptvice.com\/de\/wp-json\/wp\/v2\/types\/product"}],"replies":[{"embeddable":true,"href":"https:\/\/www.cryptvice.com\/de\/wp-json\/wp\/v2\/comments?post=62986"}],"version-history":[{"count":0,"href":"https:\/\/www.cryptvice.com\/de\/wp-json\/wp\/v2\/product\/62986\/revisions"}],"wp:featuredmedia":[{"embeddable":true,"href":"https:\/\/www.cryptvice.com\/de\/wp-json\/wp\/v2\/media\/21420"}],"wp:attachment":[{"href":"https:\/\/www.cryptvice.com\/de\/wp-json\/wp\/v2\/media?parent=62986"}],"wp:term":[{"taxonomy":"product_brand","embeddable":true,"href":"https:\/\/www.cryptvice.com\/de\/wp-json\/wp\/v2\/product_brand?post=62986"},{"taxonomy":"product_cat","embeddable":true,"href":"https:\/\/www.cryptvice.com\/de\/wp-json\/wp\/v2\/product_cat?post=62986"},{"taxonomy":"product_tag","embeddable":true,"href":"https:\/\/www.cryptvice.com\/de\/wp-json\/wp\/v2\/product_tag?post=62986"}],"curies":[{"name":"wp","href":"https:\/\/api.w.org\/{rel}","templated":true}]}}