{"id":64940,"date":"2025-03-25T11:17:58","date_gmt":"2025-03-25T09:17:58","guid":{"rendered":"https:\/\/www.cryptvice.com\/shop\/pixel-9-pro-case-nillkin-camshield-camera-slider\/"},"modified":"2026-03-13T10:44:23","modified_gmt":"2026-03-13T08:44:23","slug":"pixel-9-pro-case-nillkin-camshield-camera-slider","status":"publish","type":"product","link":"https:\/\/www.cryptvice.com\/de\/shop\/pixel-9-pro-case-nillkin-camshield-camera-slider\/","title":{"rendered":"Pixel 9 Pro Geh\u00e4use - Nillkin CamShield Kamera-Schieberegler"},"content":{"rendered":"\t\t<div data-elementor-type=\"product-post\" data-elementor-id=\"64940\" class=\"elementor elementor-64940 elementor-42259\" data-elementor-post-type=\"product\">\n\t\t\t\t<div class=\"wd-negative-gap elementor-element elementor-element-219ccaaf e-flex e-con-boxed e-con e-parent\" data-id=\"219ccaaf\" data-element_type=\"container\" data-e-type=\"container\">\n\t\t\t\t\t<div class=\"e-con-inner\">\n\t\t\t\t\t\t\t<h2 \n\t\tdata-interaction-id=\"562dfdc9\" \n\t\tclass=\"text-balance e-562dfdc9-4aa0128 e-heading-base\" \n\t\t \n\t\tdata-e-type=\"widget\" data-id=\"562dfdc9\"\n\t>\n\t\n\t\t\tNillkin CamShield f\u00fcr das Pixel 9 Pro\n\t\t<\/h2>\n\t\t\t\t\t\t\t\t<p class=\"e-232c070-80edd62 paragraph-small text-balance e-paragraph-base\" data-interaction-id=\"232c070\"  data-e-type=\"widget\" data-id=\"232c070\">\n\t\t\t\t\t\t\t\tDas Nillkin CamShield f\u00fcr das Google Pixel 9 Pro deckt alle drei r\u00fcckw\u00e4rtigen Kameras - Haupt-, Ultraweitwinkel- und Teleobjektivkamera - mit einem einzigen Schiebemechanismus ab. Im ge\u00f6ffneten Zustand sitzt es b\u00fcndig, im geschlossenen Zustand deckt es das Kameramodul vollst\u00e4ndig ab. \n\t\t\t\t\t<\/p>\n\t\t\t\t\t\t\t<h2 \n\t\tdata-interaction-id=\"6e04f95d\" \n\t\tclass=\"text-balance e-6e04f95d-ee1ad50 e-heading-base\" \n\t\t \n\t\tdata-e-type=\"widget\" data-id=\"6e04f95d\"\n\t>\n\t\n\t\t\tPixel 9 Pro CamShield Geh\u00e4use bauen\n\t\t<\/h2>\n\t\t\t\t\t\t\t\t<p class=\"e-33e594a6-7c0e228 paragraph-small text-balance e-paragraph-base\" data-interaction-id=\"33e594a6\"  data-e-type=\"widget\" data-id=\"33e594a6\">\n\t\t\t\t\t\t\t\tStarre Polycarbonat-R\u00fcckseite mit einem weichen TPU-Rahmen um alle vier Kanten. Die Verst\u00e4rkung der Ecken bietet zus\u00e4tzlichen Schutz bei St\u00fcrzen. Der Bereich des Kameramoduls ist mit einer erh\u00f6hten Einfassung versehen. Das matte Anti-\u00d6l-Finish h\u00e4lt das Geh\u00e4use auch bei regelm\u00e4\u00dfigem Gebrauch sauber.   \n\t\t\t\t\t<\/p>\n\t\t\t\t\t\t\t\t<p class=\"e-2f1ace7d-0c9fcc0 paragraph-small text-balance e-paragraph-base\" data-interaction-id=\"2f1ace7d\"  data-e-type=\"widget\" data-id=\"2f1ace7d\">\n\t\t\t\t\t\t\t\t- Schiebeabdeckungsmechanismus mit drei Linsen\n- Eckenverst\u00e4rkte PC- und TPU-H\u00fclle\n- Erh\u00f6hter Kamerarahmen\n- Matte, \u00f6labweisende Oberfl\u00e4che\n- Kompatibel mit kabellosem Laden\n- Vollst\u00e4ndiger Zugang zu Anschl\u00fcssen, Tasten und Sensoren\n\t\t\t\t\t<\/p>\n\t\t\t\t\t\t\t<h2 \n\t\tdata-interaction-id=\"608e2e1f\" \n\t\tclass=\"text-balance e-608e2e1f-4e48f8b e-heading-base\" \n\t\t \n\t\tdata-e-type=\"widget\" data-id=\"608e2e1f\"\n\t>\n\t\n\t\t\tCryptPhone C1 Pro physischer Objektivblock\n\t\t<\/h2>\n\t\t\t\t\t\t\t\t<p class=\"e-40573739-403eefd paragraph-small text-balance e-paragraph-base\" data-interaction-id=\"40573739\"  data-e-type=\"widget\" data-id=\"40573739\">\n\t\t\t\t\t\t\t\tIhr Pixel 9 Pro ist das CryptPhone C1 Pro - das Spitzenger\u00e4t zum Schutz der Privatsph\u00e4re von Cryptvice. Das CamShield erg\u00e4nzt den GrapheneOS Softwareschutz um eine physische Kamerablockierung. Wenn der Schieberegler geschlossen ist, ist keine Kamera aktiv.  \n\t\t\t\t\t<\/p>\n\t\t\t\t\t<\/div>\n\t\t\t\t<\/div>\n\t\t\t\t<\/div>\n\t\t","protected":false},"excerpt":{"rendered":"<p>Pixel 9 Pro Case - Nillkin CamShield Camera Slider mit Schiebedeckel zum Schutz des dreifachen Kamerasystems. Die starre PC-R\u00fcckseite und der flexible TPU-Rahmen sch\u00fctzen vor St\u00fcrzen und Oberfl\u00e4chensch\u00e4den. Ein Schieber deckt alle Objektive und den Blitz ab.  <\/p>\n<p>\u2713 Vollst\u00e4ndige Dreifach-Kamera-Schiebeabdeckung in das Geh\u00e4use integriert<br \/>\n\u2713 Starre PC-R\u00fcckseite mit weichem TPU-Sto\u00dff\u00e4ngerschutz<br \/>\n\u2713 Erh\u00f6hte Einfassungen f\u00fcr Bildschirm und Kameramodul<br \/>\n\u2713 Matte Beschichtung - Anti-\u00d6l, Anti-Fingerabdruck<br \/>\n\u2713 Speziell f\u00fcr das Google Pixel 9 Pro geformt<\/p>\n","protected":false},"featured_media":58125,"comment_status":"open","ping_status":"closed","template":"","meta":[],"product_brand":[],"product_cat":[6612],"product_tag":[],"class_list":{"0":"post-64940","1":"product","2":"type-product","3":"status-publish","4":"has-post-thumbnail","6":"product_cat-h--llen","7":"product_shipping_class-mailbox-paket-datenschutz-tools","8":"pa_accessory-type-back-cover","9":"pa_accessory-type-umschlag-hinten","10":"pa_brand-nillkin","12":"pa_color-black","13":"pa_color-schwarz","14":"pa_manufacturer-guarantee-12-monate","15":"pa_manufacturer-guarantee-12-months","16":"pa_material-hard-plastic","17":"pa_material-hartplastik","18":"pa_material-tpu","21":"first","22":"onbackorder","23":"taxable","24":"shipping-taxable","25":"purchasable","26":"product-type-simple"},"_links":{"self":[{"href":"https:\/\/www.cryptvice.com\/de\/wp-json\/wp\/v2\/product\/64940","targetHints":{"allow":["GET"]}}],"collection":[{"href":"https:\/\/www.cryptvice.com\/de\/wp-json\/wp\/v2\/product"}],"about":[{"href":"https:\/\/www.cryptvice.com\/de\/wp-json\/wp\/v2\/types\/product"}],"replies":[{"embeddable":true,"href":"https:\/\/www.cryptvice.com\/de\/wp-json\/wp\/v2\/comments?post=64940"}],"version-history":[{"count":0,"href":"https:\/\/www.cryptvice.com\/de\/wp-json\/wp\/v2\/product\/64940\/revisions"}],"wp:featuredmedia":[{"embeddable":true,"href":"https:\/\/www.cryptvice.com\/de\/wp-json\/wp\/v2\/media\/58125"}],"wp:attachment":[{"href":"https:\/\/www.cryptvice.com\/de\/wp-json\/wp\/v2\/media?parent=64940"}],"wp:term":[{"taxonomy":"product_brand","embeddable":true,"href":"https:\/\/www.cryptvice.com\/de\/wp-json\/wp\/v2\/product_brand?post=64940"},{"taxonomy":"product_cat","embeddable":true,"href":"https:\/\/www.cryptvice.com\/de\/wp-json\/wp\/v2\/product_cat?post=64940"},{"taxonomy":"product_tag","embeddable":true,"href":"https:\/\/www.cryptvice.com\/de\/wp-json\/wp\/v2\/product_tag?post=64940"}],"curies":[{"name":"wp","href":"https:\/\/api.w.org\/{rel}","templated":true}]}}