{"id":65023,"date":"2025-03-25T11:16:56","date_gmt":"2025-03-25T09:16:56","guid":{"rendered":"https:\/\/www.cryptvice.com\/shop\/pixel-9-pro-privacy-screen-protector\/"},"modified":"2026-03-13T10:44:52","modified_gmt":"2026-03-13T08:44:52","slug":"pixel-9-pro-privacy-screen-protector","status":"publish","type":"product","link":"https:\/\/www.cryptvice.com\/de\/shop\/pixel-9-pro-privacy-screen-protector\/","title":{"rendered":"Pixel 9 Pro - Schutzfolie f\u00fcr den Bildschirm"},"content":{"rendered":"\t\t<div data-elementor-type=\"product-post\" data-elementor-id=\"65023\" class=\"elementor elementor-65023 elementor-42255\" data-elementor-post-type=\"product\">\n\t\t\t\t<div class=\"wd-negative-gap elementor-element elementor-element-65b2c358 e-flex e-con-boxed e-con e-parent\" data-id=\"65b2c358\" data-element_type=\"container\" data-e-type=\"container\">\n\t\t\t\t\t<div class=\"e-con-inner\">\n\t\t\t\t\t<\/div>\n\t\t\t\t<\/div>\n\t\t\t\t<\/div>\n\t\t","protected":false},"excerpt":{"rendered":"<p>Die Google Pixel 9 Pro Displayschutzfolie blockiert seitliche Blickwinkel auf dem Super Actua Display. Die Helligkeit von \u00fcber 2.000 nits bleibt f\u00fcr Sie vollst\u00e4ndig sichtbar - f\u00fcr alle anderen ist es v\u00f6llig dunkel. Ultraschall-Fingerabdrucksensor und Face Unlock funktionieren ohne Probleme.  <\/p>\n<p>\u2713 9H geh\u00e4rtetes Glas mit gebundener Anti-Spionage-Folie<br \/>\n\u2713 Ultraschall-Fingerabdruckleser und Face Unlock kompatibel<br \/>\n\u2713 Oleophobe Oberfl\u00e4che widersteht Fingerabdr\u00fccken<br \/>\n\u2713 Keine Luftblasen - pr\u00e4zise Ausrichtung<br \/>\n\u2713 Speziell f\u00fcr das Google Pixel 9 Pro entwickelt<\/p>\n","protected":false},"featured_media":45904,"comment_status":"open","ping_status":"closed","template":"","meta":[],"product_brand":[],"product_cat":[2449],"product_tag":[],"class_list":{"0":"post-65023","1":"product","2":"type-product","3":"status-publish","4":"has-post-thumbnail","6":"product_cat-displayschutzfolien","7":"product_shipping_class-mailbox-paket-datenschutz-tools","9":"first","10":"onbackorder","11":"taxable","12":"shipping-taxable","13":"purchasable","14":"product-type-simple"},"_links":{"self":[{"href":"https:\/\/www.cryptvice.com\/de\/wp-json\/wp\/v2\/product\/65023","targetHints":{"allow":["GET"]}}],"collection":[{"href":"https:\/\/www.cryptvice.com\/de\/wp-json\/wp\/v2\/product"}],"about":[{"href":"https:\/\/www.cryptvice.com\/de\/wp-json\/wp\/v2\/types\/product"}],"replies":[{"embeddable":true,"href":"https:\/\/www.cryptvice.com\/de\/wp-json\/wp\/v2\/comments?post=65023"}],"version-history":[{"count":0,"href":"https:\/\/www.cryptvice.com\/de\/wp-json\/wp\/v2\/product\/65023\/revisions"}],"wp:featuredmedia":[{"embeddable":true,"href":"https:\/\/www.cryptvice.com\/de\/wp-json\/wp\/v2\/media\/45904"}],"wp:attachment":[{"href":"https:\/\/www.cryptvice.com\/de\/wp-json\/wp\/v2\/media?parent=65023"}],"wp:term":[{"taxonomy":"product_brand","embeddable":true,"href":"https:\/\/www.cryptvice.com\/de\/wp-json\/wp\/v2\/product_brand?post=65023"},{"taxonomy":"product_cat","embeddable":true,"href":"https:\/\/www.cryptvice.com\/de\/wp-json\/wp\/v2\/product_cat?post=65023"},{"taxonomy":"product_tag","embeddable":true,"href":"https:\/\/www.cryptvice.com\/de\/wp-json\/wp\/v2\/product_tag?post=65023"}],"curies":[{"name":"wp","href":"https:\/\/api.w.org\/{rel}","templated":true}]}}