{"id":65387,"date":"2024-05-15T20:46:57","date_gmt":"2024-05-15T19:46:57","guid":{"rendered":"https:\/\/www.cryptvice.com\/shop\/google-pixel-6a-grapheneos-vpn-encrypted\/"},"modified":"2026-04-02T10:43:03","modified_gmt":"2026-04-02T08:43:03","slug":"google-pixel-6a-grapheneos-vpn-encrypted","status":"publish","type":"product","link":"https:\/\/www.cryptvice.com\/de\/shop\/google-pixel-6a-grapheneos-vpn-encrypted\/","title":{"rendered":"Google Pixel 6a GrapheneOS VPN Verschl\u00fcsselt"},"content":{"rendered":"\t\t<div data-elementor-type=\"product-post\" data-elementor-id=\"65387\" class=\"elementor elementor-65387 elementor-11326\" data-elementor-post-type=\"product\">\n\t\t\t\t<div class=\"wd-negative-gap elementor-element elementor-element-6629b222 e-flex e-con-boxed e-con e-parent\" data-id=\"6629b222\" data-element_type=\"container\" data-e-type=\"container\">\n\t\t\t\t\t<div class=\"e-con-inner\">\n\t\t\t\t\t\t\t<h2 \n\t\tdata-interaction-id=\"74b53546\" \n\t\tclass=\"e-74b53546-cd1330f e-heading-base\" \n\t\t \n\t\tdata-e-type=\"widget\" data-id=\"74b53546\"\n\t>\n\t\n\t\t\t\u00dcber das Google Pixel 6a GrapheneOS\n\t\t<\/h2>\n\t\t\t\t\t\t\t\t<p class=\"paragraph-small e-paragraph-base\" data-interaction-id=\"5d2a4cc5\"  data-e-type=\"widget\" data-id=\"5d2a4cc5\">\n\t\t\t\t\t\t\t\tDas Google Pixel 6a GrapheneOS VPN Encrypted bietet Tensor-gest\u00fctzte Privatsph\u00e4re zu einem erschwinglichen Preis. Konfiguriert f\u00fcr: <br><br>- GrapheneOS-Erstanwender, die einen leicht zug\u00e4nglichen Einstiegspunkt suchen<br>- Budgetbewusste K\u00e4ufer, die einen echten Schutz ben\u00f6tigen<br>- Studenten und Forscher, die mit sensiblen Daten umgehen<br>- Benutzer von Zweitger\u00e4ten, die eine dedizierte sichere Kommunikation ben\u00f6tigen<br>- Unternehmen, die Datenschutz-Hardware in gro\u00dfem Umfang einsetzen<br><br>Das Pixel 6a bietet Titan M2 Sicherheit zum g\u00fcnstigsten Preis in unserer Produktpalette.\n\t\t\t\t\t<\/p>\n\t\t\t\t\t\t\t<h2 \n\t\tdata-interaction-id=\"1c1f9272\" \n\t\tclass=\"e-1c1f9272-14fb9d6 e-heading-base\" \n\t\t \n\t\tdata-e-type=\"widget\" data-id=\"1c1f9272\"\n\t>\n\t\n\t\t\tGrapheneOS auf dem Pixel 6a\n\t\t<\/h2>\n\t\t\t\t\t\t\t\t<p class=\"paragraph-small e-paragraph-base\" data-interaction-id=\"288c61c9\"  data-e-type=\"widget\" data-id=\"288c61c9\">\n\t\t\t\t\t\t\t\tJedes Pixel 6a wird mit installiertem und verifiziertem GrapheneOS ausgeliefert:<br><br>- Saubere Installation mit Integrit\u00e4tspr\u00fcfung<br>- Bootloader f\u00fcr sicheren Betrieb konfiguriert<br>- Google-Dienste vollst\u00e4ndig entfernt<br>- System gegen h\u00e4ufige Schwachstellen geh\u00e4rtet<br>- Akku und Leistung f\u00fcr den t\u00e4glichen Gebrauch optimiert<br><br>GrapheneOS-Updates werden bis 2027 fortgesetzt und bieten laufende Sicherheitsverbesserungen.\n\t\t\t\t\t<\/p>\n\t\t\t\t\t\t\t<h2 \n\t\tdata-interaction-id=\"5d24f95a\" \n\t\tclass=\"e-5d24f95a-d4f2a7a e-heading-base\" \n\t\t \n\t\tdata-e-type=\"widget\" data-id=\"5d24f95a\"\n\t>\n\t\n\t\t\tSicherheitskonfiguration auf dem Pixel 6a\n\t\t<\/h2>\n\t\t\t\t\t\t\t\t<p class=\"paragraph-small e-paragraph-base\" data-interaction-id=\"3d564f91\"  data-e-type=\"widget\" data-id=\"3d564f91\">\n\t\t\t\t\t\t\t\tDatenschutzanwendungen werden auf jedem Ger\u00e4t individuell konfiguriert:<br><br>- \u00dcberpr\u00fcfung und Minimierung der Berechtigungen f\u00fcr jede App<br>- Beschr\u00e4nkung der Hintergrundaktivit\u00e4t auf wesentliche Prozesse<br>- Kontrolle des Netzwerkzugriffs pro Anwendung<br>- Isolierung des Speichers zwischen den Apps<br><br>Dieser manuelle Ansatz gew\u00e4hrleistet einen konsistenten Schutz f\u00fcr alle Pixel 6a-Ger\u00e4te, die wir vorbereiten.\n\t\t\t\t\t<\/p>\n\t\t\t\t\t\t\t<h2 \n\t\tdata-interaction-id=\"6a302a3b\" \n\t\tclass=\"e-6a302a3b-8a9ccc9 e-heading-base\" \n\t\t \n\t\tdata-e-type=\"widget\" data-id=\"6a302a3b\"\n\t>\n\t\n\t\t\tVPN-Schutz auf dem Pixel 6a\n\t\t<\/h2>\n\t\t\t\t\t\t\t\t<p class=\"paragraph-small e-paragraph-base\" data-interaction-id=\"3e540a97\"  data-e-type=\"widget\" data-id=\"3e540a97\">\n\t\t\t\t\t\t\t\tIhr ausgew\u00e4hlter VPN-Anbieter wird installiert und aktiviert:<br><br>- Mullvad - keine Registrierung erforderlich, anonyme Zahlungen<br>- iVPN - Multi-Hop-Routing, gepr\u00fcfte Infrastruktur<br>- ProtonVPN - Schweizer Datenschutzgesetze, Secure Core-Option<br><br>Die Verkehrsverschl\u00fcsselung beginnt automatisch und sch\u00fctzt Verbindungen in jedem Netzwerk.\n\t\t\t\t\t<\/p>\n\t\t\t\t\t\t\t<h2 \n\t\tdata-interaction-id=\"41c6b380\" \n\t\tclass=\"e-41c6b380-d02b63f e-heading-base\" \n\t\t \n\t\tdata-e-type=\"widget\" data-id=\"41c6b380\"\n\t>\n\t\n\t\t\tDatenschutz-Tools auf dem Google Pixel 6a\n\t\t<\/h2>\n\t\t\t\t\t\t\t\t<p class=\"paragraph-small e-paragraph-base\" data-interaction-id=\"d9df8ae\"  data-e-type=\"widget\" data-id=\"d9df8ae\">\n\t\t\t\t\t\t\t\tSicheres Netzwerk<br>- Orbot - anonymes Surfen durch Tor<br>- Premium VPN - konfiguriert und verifiziert vor dem Versand<br><br>Privates Surfen<br>- Firefox Focus - Tracking-Schutz mit automatischer L\u00f6schung<br><br>App-Zugang<br>- Aurora Store - anonyme App-Downloads<br>- F-Droid - Open-Source-Anwendungsbibliothek<br><br>Sichere Kommunikation<br>- Molly - erweiterter Signal-Messenger<br>- Threema - verschl\u00fcsselte Nachrichten aus der Schweiz<br>- SimpleX - keine Identifikatoren erforderlich<br><br>Produktivit\u00e4t<br>- Standard Notes - verschl\u00fcsselte Speicherung von Notizen<br>- eM Client - private E-Mail-Verwaltung\n\t\t\t\t\t<\/p>\n\t\t\t\t\t\t\t<h2 \n\t\tdata-interaction-id=\"76208a41\" \n\t\tclass=\"e-76208a41-1618295 e-heading-base\" \n\t\t \n\t\tdata-e-type=\"widget\" data-id=\"76208a41\"\n\t>\n\t\n\t\t\tDer Cryptvice-Dienst\n\t\t<\/h2>\n\t\t\t\t\t\t\t\t<p class=\"paragraph-small e-paragraph-base\" data-interaction-id=\"2ea6da98\"  data-e-type=\"widget\" data-id=\"2ea6da98\">\n\t\t\t\t\t\t\t\t- Jedes Ger\u00e4t wird individuell vorbereitet<br>- Sicherheits\u00fcberpr\u00fcfung vor dem Versand<br>- Verpackung ohne Branding<br>- Bezahlung in Kryptow\u00e4hrung m\u00f6glich<br>- Versand aus Spanien<br>- Unterst\u00fctzung durch GrapheneOS-Benutzer\n\t\t\t\t\t<\/p>\n\t\t\t\t\t\t\t<h2 \n\t\tdata-interaction-id=\"5a63cc9f\" \n\t\tclass=\"e-5a63cc9f-19a71ae e-heading-base\" \n\t\t \n\t\tdata-e-type=\"widget\" data-id=\"5a63cc9f\"\n\t>\n\t\n\t\t\tVersand und R\u00fcckgabe\n\t\t<\/h2>\n\t\t\t\t\t\t\t\t<p class=\"paragraph-small e-paragraph-base\" data-interaction-id=\"822fea5\"  data-e-type=\"widget\" data-id=\"822fea5\">\n\t\t\t\t\t\t\t\tBestellungen werden innerhalb von 1 Werktag mit Sendungsverfolgung versandt.<br><br>R\u00fccksendungen f\u00fcr defekte Ger\u00e4te werden innerhalb Spaniens akzeptiert. F\u00fcr nicht defekte R\u00fccksendungen m\u00fcssen Sie den R\u00fcckversand bezahlen. Die Google-Garantie gilt f\u00fcr die Hardware. Konfiguration als Service inbegriffen.   \n\t\t\t\t\t<\/p>\n\t\t\t\t\t\t\t\t<p class=\"paragraph-small button-dark-icon e-7c98491f-a04e666 e-paragraph-base\" data-interaction-id=\"7c98491f\"  data-e-type=\"widget\" data-id=\"7c98491f\">\n\t\t\t\t\t\t\t<a\n\t\t\t\t\thref=\"https:\/\/www.cryptvice.com\/de\/help-and-support\/\" target=\"_self\"\n\t\t\t\t\tclass=\"e-paragraph-link-base\"\n\t\t\t\t>\n\t\t\t\t\t\tHaben Sie Fragen? Siehe unsere Hilfe und Support FAQs \n\t\t\t\t<\/a>\n\t\t\t\t\t<\/p>\n\t\t\t\t\t<\/div>\n\t\t\t\t<\/div>\n\t\t\t\t<\/div>\n\t\t","protected":false},"excerpt":{"rendered":"<p>Das Google Pixel 6a GrapheneOS ist das erschwinglichste Ger\u00e4t in unserer Reihe mit einem Tensor G1-Prozessor und einem Titan M2-Sicherheitschip. \u00c4ltere Hardware, dieselbe Sicherheitsenklave, dieselbe vollst\u00e4ndige GrapheneOS-H\u00e4rtung. Die richtige Wahl, wenn Sie aus dem \u00dcberwachungs\u00f6kosystem aussteigen wollen, ohne mehr als n\u00f6tig auszugeben.  <\/p>\n<p>\u2713 Vorinstalliert mit GrapheneOS &#8211; kein Google, kein Tracking<br \/>\n\u2713 Signal, Molly &amp; Threema aktiviert mit virtueller Nummer<br \/>\n\u2713 Premium VPN + duales Profil mit voller Abh\u00e4rtung<br \/>\n\u2713 USB-Datenblocker &amp; Zwangswipe aktiviert<\/p>\n","protected":false},"featured_media":65409,"comment_status":"open","ping_status":"closed","template":"","meta":[],"product_brand":[],"product_cat":[6655,6575],"product_tag":[],"class_list":{"0":"post-65387","1":"product","2":"type-product","3":"status-publish","4":"has-post-thumbnail","6":"product_cat-cryptphones-2","7":"product_cat-accessoires","8":"pa_audio-connection-usb-c","9":"pa_battery-capacity-4410-mah","10":"pa_bluetooth-5-2","11":"pa_brand-google","12":"pa_camera-back-12-mp-ultra-wide","13":"pa_camera-back-12-2-mp-ois-pdaf","14":"pa_camera-front-8-mp-dual-camera","15":"pa_color-black","16":"pa_graphics-series-mali-g78-mp20","17":"pa_guaranteed-security-updates-27-jul-2027","18":"pa_manufacturer-guarantee-12-months","19":"pa_model-pixel-6a","20":"pa_operating-system-grapheneos","21":"pa_processor-hexa-core-2x-2-80-ghz","22":"pa_ram-size-6-gb","23":"pa_ram-type-lpddr5","24":"pa_release-years-21-jul-2022","25":"pa_resolution-2400-x-1080-pixels","26":"pa_screen-diagonal-6-1","27":"pa_screen-ppi-431-ppi","28":"pa_screen-ratio-209-ratio","29":"pa_screen-refresh-rate-60hz","30":"pa_screen-type-oled","31":"pa_security-features-oem-unlock","32":"pa_security-features-vpn-encrypted","33":"pa_storage-128-gb","34":"pa_system-chip-google-tensor-5nm","35":"pa_vpn-cover-ivpn-12m","36":"pa_vpn-cover-ivpn-6m","37":"pa_vpn-cover-mullvad-12m","38":"pa_vpn-cover-mullvad-6m","39":"pa_vpn-cover-protonvpn-12m","41":"first","42":"instock","43":"taxable","44":"shipping-taxable","45":"purchasable","46":"product-type-variable"},"_links":{"self":[{"href":"https:\/\/www.cryptvice.com\/de\/wp-json\/wp\/v2\/product\/65387","targetHints":{"allow":["GET"]}}],"collection":[{"href":"https:\/\/www.cryptvice.com\/de\/wp-json\/wp\/v2\/product"}],"about":[{"href":"https:\/\/www.cryptvice.com\/de\/wp-json\/wp\/v2\/types\/product"}],"replies":[{"embeddable":true,"href":"https:\/\/www.cryptvice.com\/de\/wp-json\/wp\/v2\/comments?post=65387"}],"version-history":[{"count":2,"href":"https:\/\/www.cryptvice.com\/de\/wp-json\/wp\/v2\/product\/65387\/revisions"}],"predecessor-version":[{"id":71335,"href":"https:\/\/www.cryptvice.com\/de\/wp-json\/wp\/v2\/product\/65387\/revisions\/71335"}],"wp:featuredmedia":[{"embeddable":true,"href":"https:\/\/www.cryptvice.com\/de\/wp-json\/wp\/v2\/media\/65409"}],"wp:attachment":[{"href":"https:\/\/www.cryptvice.com\/de\/wp-json\/wp\/v2\/media?parent=65387"}],"wp:term":[{"taxonomy":"product_brand","embeddable":true,"href":"https:\/\/www.cryptvice.com\/de\/wp-json\/wp\/v2\/product_brand?post=65387"},{"taxonomy":"product_cat","embeddable":true,"href":"https:\/\/www.cryptvice.com\/de\/wp-json\/wp\/v2\/product_cat?post=65387"},{"taxonomy":"product_tag","embeddable":true,"href":"https:\/\/www.cryptvice.com\/de\/wp-json\/wp\/v2\/product_tag?post=65387"}],"curies":[{"name":"wp","href":"https:\/\/api.w.org\/{rel}","templated":true}]}}