{"id":65537,"date":"2024-06-25T17:56:00","date_gmt":"2024-06-25T15:56:00","guid":{"rendered":"https:\/\/www.cryptvice.com\/shop\/pixel-8a-case-nillkin-camshield-camera-slider\/"},"modified":"2026-03-13T12:41:10","modified_gmt":"2026-03-13T10:41:10","slug":"pixel-8a-case-nillkin-camshield-camera-slider","status":"publish","type":"product","link":"https:\/\/www.cryptvice.com\/de\/shop\/pixel-8a-case-nillkin-camshield-camera-slider\/","title":{"rendered":"Pixel 8a Geh\u00e4use &#8211; Nillkin CamShield Kamera-Schieberegler"},"content":{"rendered":"\t\t<div data-elementor-type=\"product-post\" data-elementor-id=\"65537\" class=\"elementor elementor-65537 elementor-15855\" data-elementor-post-type=\"product\">\n\t\t\t\t<div class=\"wd-negative-gap elementor-element elementor-element-7c2e7037 e-flex e-con-boxed e-con e-parent\" data-id=\"7c2e7037\" data-element_type=\"container\" data-e-type=\"container\">\n\t\t\t\t\t<div class=\"e-con-inner\">\n\t\t\t\t\t<\/div>\n\t\t\t\t<\/div>\n\t\t\t\t<\/div>\n\t\t","protected":false},"excerpt":{"rendered":"<p>Nillkin CamShield H\u00fclle f\u00fcr das Google Pixel 8a mit integrierter Kameraabdeckung. Die Konstruktion aus PC und TPU sch\u00fctzt vor t\u00e4glichen St\u00fcrzen und Abnutzung. Schieben Sie die Abdeckung, um die hintere Kamera mit einer Bewegung zu verdecken oder freizulegen.  <\/p>\n<p>\u2713 Aufschiebbare Kameraabdeckung f\u00fcr physischen Objektivschutz<br \/>\n\u2713 Harte PC-R\u00fcckseite gepaart mit TPU-Sto\u00dfkanten<br \/>\n\u2713 Erh\u00f6hte Kanten f\u00fcr Kamera und Bildschirm verhindern Oberfl\u00e4chenkontakt<br \/>\n\u2713 Glatte, matte Oberfl\u00e4che &#8211; widersteht \u00d6l und Fingerabdr\u00fccken<br \/>\n\u2713 Speziell f\u00fcr das Google Pixel 8a zugeschnitten<\/p>\n","protected":false},"featured_media":21486,"comment_status":"closed","ping_status":"closed","template":"","meta":[],"product_brand":[],"product_cat":[1852],"product_tag":[],"class_list":{"0":"post-65537","1":"product","2":"type-product","3":"status-publish","4":"has-post-thumbnail","6":"product_cat-fall","7":"product_shipping_class-mailbox-paket-datenschutz-tools","9":"first","10":"onbackorder","11":"taxable","12":"shipping-taxable","13":"purchasable","14":"product-type-simple"},"_links":{"self":[{"href":"https:\/\/www.cryptvice.com\/de\/wp-json\/wp\/v2\/product\/65537","targetHints":{"allow":["GET"]}}],"collection":[{"href":"https:\/\/www.cryptvice.com\/de\/wp-json\/wp\/v2\/product"}],"about":[{"href":"https:\/\/www.cryptvice.com\/de\/wp-json\/wp\/v2\/types\/product"}],"replies":[{"embeddable":true,"href":"https:\/\/www.cryptvice.com\/de\/wp-json\/wp\/v2\/comments?post=65537"}],"version-history":[{"count":0,"href":"https:\/\/www.cryptvice.com\/de\/wp-json\/wp\/v2\/product\/65537\/revisions"}],"wp:featuredmedia":[{"embeddable":true,"href":"https:\/\/www.cryptvice.com\/de\/wp-json\/wp\/v2\/media\/21486"}],"wp:attachment":[{"href":"https:\/\/www.cryptvice.com\/de\/wp-json\/wp\/v2\/media?parent=65537"}],"wp:term":[{"taxonomy":"product_brand","embeddable":true,"href":"https:\/\/www.cryptvice.com\/de\/wp-json\/wp\/v2\/product_brand?post=65537"},{"taxonomy":"product_cat","embeddable":true,"href":"https:\/\/www.cryptvice.com\/de\/wp-json\/wp\/v2\/product_cat?post=65537"},{"taxonomy":"product_tag","embeddable":true,"href":"https:\/\/www.cryptvice.com\/de\/wp-json\/wp\/v2\/product_tag?post=65537"}],"curies":[{"name":"wp","href":"https:\/\/api.w.org\/{rel}","templated":true}]}}