{"id":65667,"date":"2024-06-25T18:02:07","date_gmt":"2024-06-25T16:02:07","guid":{"rendered":"https:\/\/www.cryptvice.com\/shop\/google-30w-usb-c-power-adapter\/"},"modified":"2026-03-13T12:39:52","modified_gmt":"2026-03-13T10:39:52","slug":"google-30w-usb-c-power-adapter","status":"publish","type":"product","link":"https:\/\/www.cryptvice.com\/de\/shop\/google-30w-usb-c-power-adapter\/","title":{"rendered":"Google 30W USB-C - Stromadapter"},"content":{"rendered":"\t\t<div data-elementor-type=\"product-post\" data-elementor-id=\"65667\" class=\"elementor elementor-65667 elementor-15872\" data-elementor-post-type=\"product\">\n\t\t\t\t<div class=\"wd-negative-gap elementor-element elementor-element-515fcde9 e-flex e-con-boxed e-con e-parent\" data-id=\"515fcde9\" data-element_type=\"container\" data-e-type=\"container\">\n\t\t\t\t\t<div class=\"e-con-inner\">\n\t\t\t\t\t\t\t<h2 \n\t\tdata-interaction-id=\"43aa07c6\" \n\t\tclass=\"text-balance e-43aa07c6-ba2a3a4 e-heading-base\" \n\t\t \n\t\t\n\t>\n\t\n\t\t\tGoogle 30W USB-C Stromadapter\n\t\t<\/h2>\n\t\t\t\t\t\t\t\t<p class=\"e-5da5fa1c-cb59951 paragraph-small text-balance e-paragraph-base\" data-interaction-id=\"5da5fa1c\"  >\n\t\t\t\t\t\t\t\tDer Google 30W USB-C Power Adapter ist das offizielle Schnellladeger\u00e4t f\u00fcr alle Pixel-Smartphones. Er liefert bis zu 30 Watt Leistung \u00fcber USB Power Delivery (USB-PD) und bringt Ihr Ger\u00e4t in etwa 30 Minuten von Null auf etwa 50 %. \n\t\t\t\t\t<\/p>\n\t\t\t\t\t\t\t\t<p class=\"e-cf74eb9-2f788a4 paragraph-small text-balance e-paragraph-base\" data-interaction-id=\"cf74eb9\"  >\n\t\t\t\t\t\t\t\tDieses Ladeger\u00e4t ist mit jedem CryptPhone in unserer Produktpalette kompatibel - vom CryptPhone C1 Pro bis zum CryptPhone SE. Es funktioniert auch mit jedem USB-C-Ger\u00e4t, das USB-PD-Laden unterst\u00fctzt, einschlie\u00dflich Tablets, Laptops und Ohrh\u00f6rer. \n\t\t\t\t\t<\/p>\n\t\t\t\t\t\t\t<h2 \n\t\tdata-interaction-id=\"6aee8802\" \n\t\tclass=\"text-balance e-6aee8802-d97a977 e-heading-base\" \n\t\t \n\t\t\n\t>\n\t\n\t\t\tWarum sollten Sie das offizielle Google-Ladeger\u00e4t verwenden?\n\t\t<\/h2>\n\t\t\t\t\t\t\t\t<p class=\"e-4be80dd9-d014568 paragraph-small text-balance e-paragraph-base\" data-interaction-id=\"4be80dd9\"  >\n\t\t\t\t\t\t\t\tLadeger\u00e4te von Drittanbietern variieren stark in ihrer Qualit\u00e4t. Billige Adapter k\u00f6nnen eine uneinheitliche Spannung liefern, Ihren Akku mit der Zeit besch\u00e4digen oder grundlegende Sicherheitszertifizierungen nicht bestehen. Der Google 30W-Adapter wurde speziell f\u00fcr die Pixel-Hardware entwickelt - er kommuniziert direkt mit dem Ger\u00e4t, um die optimale Ladegeschwindigkeit zu liefern, ohne zu \u00fcberhitzen oder zu \u00fcberladen.  \n\t\t\t\t\t<\/p>\n\t\t\t\t\t\t\t\t<p class=\"e-53f2f44b-b80fcab paragraph-small text-balance e-paragraph-base\" data-interaction-id=\"53f2f44b\"  >\n\t\t\t\t\t\t\t\tF\u00fcr Benutzer, die Wert auf ihre Privatsph\u00e4re legen, gibt es noch eine weitere \u00dcberlegung. Unbekannte Ladeger\u00e4te von nicht verifizierten Herstellern k\u00f6nnen Risiken auf Firmware-Ebene bergen. Ein USB-C-Anschluss ist eine Datenschnittstelle, nicht nur ein Stromanschluss. Wenn Sie ein vertrauensw\u00fcrdiges, zertifiziertes Ladeger\u00e4t verwenden, entf\u00e4llt diese Variable vollst\u00e4ndig.   \n\t\t\t\t\t<\/p>\n\t\t\t\t\t\t\t\t<p class=\"e-7bcfdcd6-2ffe710 paragraph-small text-balance e-paragraph-base\" data-interaction-id=\"7bcfdcd6\"  >\n\t\t\t\t\t\t\t\t- 30W USB Power Delivery (USB-PD 3.0)\n- Optimiertes Ladeprofil f\u00fcr alle Pixel-Ger\u00e4te\n- Schutz vor \u00dcberspannung, \u00dcberstrom und \u00dcbertemperatur\n- EU-Stecker (Typ C) im Lieferumfang enthalten\n- Kompaktes, reisefreundliches Design\n- Kein Kabel im Lieferumfang enthalten - verwendet ein beliebiges USB-C zu USB-C Kabel\n\t\t\t\t\t<\/p>\n\t\t\t\t\t\t\t<h2 \n\t\tdata-interaction-id=\"6f2501c9\" \n\t\tclass=\"text-balance e-6f2501c9-dc2ff6a e-heading-base\" \n\t\t \n\t\t\n\t>\n\t\n\t\t\tKompatible CryptPhone Ger\u00e4te\n\t\t<\/h2>\n\t\t\t\t\t\t\t\t<p class=\"e-3db8cffb-2cdde0e paragraph-small text-balance e-paragraph-base\" data-interaction-id=\"3db8cffb\"  >\n\t\t\t\t\t\t\t\tDer Google 30W USB-C Power Adapter funktioniert mit jedem CryptPhone Modell:\n\n- CryptPhone C1 Pro (Pixel 9 Pro) - bis zu 27W Laden\n- CryptPhone C1 Plus (Pixel 9) - bis zu 27W Laden\n- CryptPhone C1 Lite (Pixel 9a) - bis zu 18W Laden\n- CryptPhone SE Plus (Pixel 8a) - bis zu 18W Laden\n- CryptPhone SE (Pixel 6a) - bis zu 18W Laden\n\t\t\t\t\t<\/p>\n\t\t\t\t\t\t\t\t<p class=\"e-784ccd53-a3d0e2e paragraph-small text-balance e-paragraph-base\" data-interaction-id=\"784ccd53\"  >\n\t\t\t\t\t\t\t\tDie tats\u00e4chliche Ladegeschwindigkeit h\u00e4ngt vom Ger\u00e4temodell, dem Akkustand und der Temperatur ab. Alle Pixel-Ger\u00e4te verwenden die adaptive Ladetechnik, um die Gesundheit des Akkus langfristig zu sch\u00fctzen. \n\t\t\t\t\t<\/p>\n\t\t\t\t\t\t\t<h2 \n\t\tdata-interaction-id=\"42cc3828\" \n\t\tclass=\"text-balance e-42cc3828-c5b9626 e-heading-base\" \n\t\t \n\t\t\n\t>\n\t\n\t\t\tGoogle 30W Power Adapter Spezifikationen\n\t\t<\/h2>\n\t\t\t\t\t\t\t\t<p class=\"e-1b1f23b2-b4c5265 paragraph-small text-balance e-paragraph-base\" data-interaction-id=\"1b1f23b2\"  >\n\t\t\t\t\t\t\t\t- Ausgang: 5V\/3A, 9V\/3A, 15V\/2A, 20V\/1.5A (30W max)\n- Protokoll: USB Power Delivery 3.0 (USB-PD)\n- Anschluss: USB-C\n- Steckertyp: EU (Typ C)\n- Farbe: Wei\u00df (Clearly White)\n- Gewicht: ca. 68g\n- Kabel: Nicht im Lieferumfang enthalten - erfordert USB-C zu USB-C Kabel\n- Zertifizierung: CE, RoHS, ErP-konform\n- Hersteller: Google LLC\n\t\t\t\t\t<\/p>\n\t\t\t\t\t\t\t<h2 \n\t\tdata-interaction-id=\"7dd20564\" \n\t\tclass=\"text-balance e-7dd20564-64c9686 e-heading-base\" \n\t\t \n\t\t\n\t>\n\t\n\t\t\tWas in der Box ist\n\t\t<\/h2>\n\t\t\t\t\t\t\t\t<p class=\"e-313a42ca-cc26ddd paragraph-small text-balance e-paragraph-base\" data-interaction-id=\"313a42ca\"  >\n\t\t\t\t\t\t\t\t- 1x Google 30W USB-C Power Adapter (EU-Stecker)\n- Schnellstartanleitung\n\t\t\t\t\t<\/p>\n\t\t\t\t\t\t\t\t<p class=\"e-5bbf189-a129d5e paragraph-small text-balance e-paragraph-base\" data-interaction-id=\"5bbf189\"  >\n\t\t\t\t\t\t\t\tEs ist kein USB-C-Kabel enthalten. Wenn Sie ein CryptPhone bestellen, liegt dem Ger\u00e4t ein USB-C-Kabel bei. Bei Einzelbestellungen funktioniert jedes USB-C-auf-USB-C-Kabel.  \n\t\t\t\t\t<\/p>\n\t\t\t\t\t\t\t<h2 \n\t\tdata-interaction-id=\"3627740d\" \n\t\tclass=\"text-balance e-3627740d-e4f0fc9 e-heading-base\" \n\t\t \n\t\t\n\t>\n\t\n\t\t\tVersand und R\u00fcckgabe\n\t\t<\/h2>\n\t\t\t\t\t\t\t\t<p class=\"e-605bc73c-5727586 paragraph-small text-balance e-paragraph-base\" data-interaction-id=\"605bc73c\"  >\n\t\t\t\t\t\t\t\tAlle Bestellungen werden von Marbella, Spanien aus versandt. Die Standardlieferung in die EU dauert 3-7 Werktage. Unauff\u00e4llige Verpackung ohne Produktaufdruck auf der Au\u00dfenseite.  \n\t\t\t\t\t<\/p>\n\t\t\t\t\t\t\t\t<p class=\"e-2d84d10d-b9dcf78 paragraph-small text-balance e-paragraph-base\" data-interaction-id=\"2d84d10d\"  >\n\t\t\t\t\t\t\t\tDer Google 30W USB-C Power Adapter wird versiegelt und unge\u00f6ffnet geliefert. R\u00fccksendungen sind innerhalb von 14 Tagen in der Originalverpackung m\u00f6glich, gem\u00e4\u00df EU-Verbraucherrecht. \n\t\t\t\t\t<\/p>\n\t\t\t\t\t\t\t<h2 \n\t\tdata-interaction-id=\"32c6880e\" \n\t\tclass=\"text-balance e-32c6880e-14fa0c0 e-heading-base\" \n\t\t \n\t\t\n\t>\n\t\n\t\t\tH\u00e4ufig gestellte Fragen\n\t\t<\/h2>\n\t\t\t\t<div class=\"elementor-element elementor-element-4170e92f elementor-widget elementor-widget-n-accordion\" data-id=\"4170e92f\" data-element_type=\"widget\" data-e-type=\"widget\" data-settings=\"{&quot;default_state&quot;:&quot;expanded&quot;,&quot;max_items_expended&quot;:&quot;one&quot;,&quot;n_accordion_animation_duration&quot;:{&quot;unit&quot;:&quot;ms&quot;,&quot;size&quot;:400,&quot;sizes&quot;:[]}}\" data-widget_type=\"nested-accordion.default\">\n\t\t\t\t\t\t\t<div class=\"e-n-accordion\" aria-label=\"Accordion. Open links with Enter or Space, close with Escape, and navigate with Arrow Keys\">\n\t\t\t\t\t\t<details id=\"e-n-accordion-item-1090\" class=\"e-n-accordion-item\" open>\n\t\t\t\t<summary class=\"e-n-accordion-item-title\" data-accordion-index=\"1\" tabindex=\"0\" aria-expanded=\"true\" aria-controls=\"e-n-accordion-item-1090\" >\n\t\t\t\t\t<span class='e-n-accordion-item-title-header'><div class=\"e-n-accordion-item-title-text\"> Wird dieses Ladeger\u00e4t mit einem Kabel geliefert? <\/div><\/span>\n\t\t\t\t\t\t\t<span class='e-n-accordion-item-title-icon'>\n\t\t\t<span class='e-opened' ><svg aria-hidden=\"true\" class=\"e-font-icon-svg e-fas-minus\" viewBox=\"0 0 448 512\" xmlns=\"http:\/\/www.w3.org\/2000\/svg\"><path d=\"M416 208H32c-17.67 0-32 14.33-32 32v32c0 17.67 14.33 32 32 32h384c17.67 0 32-14.33 32-32v-32c0-17.67-14.33-32-32-32z\"><\/path><\/svg><\/span>\n\t\t\t<span class='e-closed'><svg aria-hidden=\"true\" class=\"e-font-icon-svg e-fas-plus\" viewBox=\"0 0 448 512\" xmlns=\"http:\/\/www.w3.org\/2000\/svg\"><path d=\"M416 208H272V64c0-17.67-14.33-32-32-32h-32c-17.67 0-32 14.33-32 32v144H32c-17.67 0-32 14.33-32 32v32c0 17.67 14.33 32 32 32h144v144c0 17.67 14.33 32 32 32h32c17.67 0 32-14.33 32-32V304h144c17.67 0 32-14.33 32-32v-32c0-17.67-14.33-32-32-32z\"><\/path><\/svg><\/span>\n\t\t<\/span>\n\n\t\t\t\t\t\t<\/summary>\n\t\t\t\t<div role=\"region\" aria-labelledby=\"e-n-accordion-item-1090\" class=\"elementor-element elementor-element-4d453db2 e-con-full e-flex e-con e-child\" data-id=\"4d453db2\" data-element_type=\"container\" data-e-type=\"container\">\n\t\t\t\t\t\t\t\t<p class=\"paragraph-small e-paragraph-base\" data-interaction-id=\"5c5e8e46\"  >\n\t\t\t\t\t\t\t\tNein. Der Google 30W USB-C Power Adapter enth\u00e4lt nur den Wandadapter mit EU-Stecker. Sie ben\u00f6tigen ein separates USB-C zu USB-C Kabel. Wenn Sie ein CryptPhone bestellen, liegt dem Ger\u00e4t bereits ein Kabel bei.   \n\t\t\t\t\t<\/p>\n\t\t\t\t<\/div>\n\t\t\t\t\t<\/details>\n\t\t\t\t\t\t<details id=\"e-n-accordion-item-1091\" class=\"e-n-accordion-item\" >\n\t\t\t\t<summary class=\"e-n-accordion-item-title\" data-accordion-index=\"2\" tabindex=\"-1\" aria-expanded=\"false\" aria-controls=\"e-n-accordion-item-1091\" >\n\t\t\t\t\t<span class='e-n-accordion-item-title-header'><div class=\"e-n-accordion-item-title-text\"> Wird dieses Ladeger\u00e4t mit meinem CryptPhone funktionieren? <\/div><\/span>\n\t\t\t\t\t\t\t<span class='e-n-accordion-item-title-icon'>\n\t\t\t<span class='e-opened' ><svg aria-hidden=\"true\" class=\"e-font-icon-svg e-fas-minus\" viewBox=\"0 0 448 512\" xmlns=\"http:\/\/www.w3.org\/2000\/svg\"><path d=\"M416 208H32c-17.67 0-32 14.33-32 32v32c0 17.67 14.33 32 32 32h384c17.67 0 32-14.33 32-32v-32c0-17.67-14.33-32-32-32z\"><\/path><\/svg><\/span>\n\t\t\t<span class='e-closed'><svg aria-hidden=\"true\" class=\"e-font-icon-svg e-fas-plus\" viewBox=\"0 0 448 512\" xmlns=\"http:\/\/www.w3.org\/2000\/svg\"><path d=\"M416 208H272V64c0-17.67-14.33-32-32-32h-32c-17.67 0-32 14.33-32 32v144H32c-17.67 0-32 14.33-32 32v32c0 17.67 14.33 32 32 32h144v144c0 17.67 14.33 32 32 32h32c17.67 0 32-14.33 32-32V304h144c17.67 0 32-14.33 32-32v-32c0-17.67-14.33-32-32-32z\"><\/path><\/svg><\/span>\n\t\t<\/span>\n\n\t\t\t\t\t\t<\/summary>\n\t\t\t\t<div role=\"region\" aria-labelledby=\"e-n-accordion-item-1091\" class=\"elementor-element elementor-element-6263181a e-con-full e-flex e-con e-child\" data-id=\"6263181a\" data-element_type=\"container\" data-e-type=\"container\">\n\t\t\t\t\t\t\t\t<p class=\"paragraph-small e-paragraph-base\" data-interaction-id=\"df3bb93\"  >\n\t\t\t\t\t\t\t\tJa. Der Google 30W USB-C Power Adapter ist mit jedem CryptPhone Modell kompatibel - C1 Pro, C1 Plus, C1 Lite, SE Plus und SE. Er passt die Ladegeschwindigkeit automatisch an Ihr Ger\u00e4t an.  \n\t\t\t\t\t<\/p>\n\t\t\t\t<\/div>\n\t\t\t\t\t<\/details>\n\t\t\t\t\t\t<details id=\"e-n-accordion-item-1092\" class=\"e-n-accordion-item\" >\n\t\t\t\t<summary class=\"e-n-accordion-item-title\" data-accordion-index=\"3\" tabindex=\"-1\" aria-expanded=\"false\" aria-controls=\"e-n-accordion-item-1092\" >\n\t\t\t\t\t<span class='e-n-accordion-item-title-header'><div class=\"e-n-accordion-item-title-text\"> Sind 30 W sicher f\u00fcr meinen Akku? <\/div><\/span>\n\t\t\t\t\t\t\t<span class='e-n-accordion-item-title-icon'>\n\t\t\t<span class='e-opened' ><svg aria-hidden=\"true\" class=\"e-font-icon-svg e-fas-minus\" viewBox=\"0 0 448 512\" xmlns=\"http:\/\/www.w3.org\/2000\/svg\"><path d=\"M416 208H32c-17.67 0-32 14.33-32 32v32c0 17.67 14.33 32 32 32h384c17.67 0 32-14.33 32-32v-32c0-17.67-14.33-32-32-32z\"><\/path><\/svg><\/span>\n\t\t\t<span class='e-closed'><svg aria-hidden=\"true\" class=\"e-font-icon-svg e-fas-plus\" viewBox=\"0 0 448 512\" xmlns=\"http:\/\/www.w3.org\/2000\/svg\"><path d=\"M416 208H272V64c0-17.67-14.33-32-32-32h-32c-17.67 0-32 14.33-32 32v144H32c-17.67 0-32 14.33-32 32v32c0 17.67 14.33 32 32 32h144v144c0 17.67 14.33 32 32 32h32c17.67 0 32-14.33 32-32V304h144c17.67 0 32-14.33 32-32v-32c0-17.67-14.33-32-32-32z\"><\/path><\/svg><\/span>\n\t\t<\/span>\n\n\t\t\t\t\t\t<\/summary>\n\t\t\t\t<div role=\"region\" aria-labelledby=\"e-n-accordion-item-1092\" class=\"elementor-element elementor-element-8c0c820 e-con-full e-flex e-con e-child\" data-id=\"8c0c820\" data-element_type=\"container\" data-e-type=\"container\">\n\t\t\t\t\t\t\t\t<p class=\"paragraph-small e-paragraph-base\" data-interaction-id=\"1949598b\"  >\n\t\t\t\t\t\t\t\tUnbedingt. Das Ladeger\u00e4t kommuniziert mit Ihrem Ger\u00e4t \u00fcber USB-PD, um nur so viel Strom zu liefern, wie Ihr Telefon ben\u00f6tigt. Pixel-Ger\u00e4te nutzen au\u00dferdem die adaptive Ladefunktion, um die Geschwindigkeit \u00fcber Nacht zu verlangsamen und so die langfristige Gesundheit des Akkus zu sch\u00fctzen.  \n\t\t\t\t\t<\/p>\n\t\t\t\t<\/div>\n\t\t\t\t\t<\/details>\n\t\t\t\t\t\t<details id=\"e-n-accordion-item-1093\" class=\"e-n-accordion-item\" >\n\t\t\t\t<summary class=\"e-n-accordion-item-title\" data-accordion-index=\"4\" tabindex=\"-1\" aria-expanded=\"false\" aria-controls=\"e-n-accordion-item-1093\" >\n\t\t\t\t\t<span class='e-n-accordion-item-title-header'><div class=\"e-n-accordion-item-title-text\"> Kann ich es auch mit Nicht-Pixel-Ger\u00e4ten verwenden? <\/div><\/span>\n\t\t\t\t\t\t\t<span class='e-n-accordion-item-title-icon'>\n\t\t\t<span class='e-opened' ><svg aria-hidden=\"true\" class=\"e-font-icon-svg e-fas-minus\" viewBox=\"0 0 448 512\" xmlns=\"http:\/\/www.w3.org\/2000\/svg\"><path d=\"M416 208H32c-17.67 0-32 14.33-32 32v32c0 17.67 14.33 32 32 32h384c17.67 0 32-14.33 32-32v-32c0-17.67-14.33-32-32-32z\"><\/path><\/svg><\/span>\n\t\t\t<span class='e-closed'><svg aria-hidden=\"true\" class=\"e-font-icon-svg e-fas-plus\" viewBox=\"0 0 448 512\" xmlns=\"http:\/\/www.w3.org\/2000\/svg\"><path d=\"M416 208H272V64c0-17.67-14.33-32-32-32h-32c-17.67 0-32 14.33-32 32v144H32c-17.67 0-32 14.33-32 32v32c0 17.67 14.33 32 32 32h144v144c0 17.67 14.33 32 32 32h32c17.67 0 32-14.33 32-32V304h144c17.67 0 32-14.33 32-32v-32c0-17.67-14.33-32-32-32z\"><\/path><\/svg><\/span>\n\t\t<\/span>\n\n\t\t\t\t\t\t<\/summary>\n\t\t\t\t<div role=\"region\" aria-labelledby=\"e-n-accordion-item-1093\" class=\"elementor-element elementor-element-1e6c28c9 e-con-full e-flex e-con e-child\" data-id=\"1e6c28c9\" data-element_type=\"container\" data-e-type=\"container\">\n\t\t\t\t\t\t\t\t<p class=\"paragraph-small e-paragraph-base\" data-interaction-id=\"271ff63b\"  >\n\t\t\t\t\t\t\t\tJa. Jedes Ger\u00e4t, das USB-C-Laden unterst\u00fctzt, funktioniert. USB-PD-kompatible Ger\u00e4te profitieren von der Schnellladung. Nicht-PD-Ger\u00e4te werden mit Standard 5V\/3A (15W) geladen.   \n\t\t\t\t\t<\/p>\n\t\t\t\t<\/div>\n\t\t\t\t\t<\/details>\n\t\t\t\t\t\t<details id=\"e-n-accordion-item-1094\" class=\"e-n-accordion-item\" >\n\t\t\t\t<summary class=\"e-n-accordion-item-title\" data-accordion-index=\"5\" tabindex=\"-1\" aria-expanded=\"false\" aria-controls=\"e-n-accordion-item-1094\" >\n\t\t\t\t\t<span class='e-n-accordion-item-title-header'><div class=\"e-n-accordion-item-title-text\"> Ist der Stecker EU oder UK? <\/div><\/span>\n\t\t\t\t\t\t\t<span class='e-n-accordion-item-title-icon'>\n\t\t\t<span class='e-opened' ><svg aria-hidden=\"true\" class=\"e-font-icon-svg e-fas-minus\" viewBox=\"0 0 448 512\" xmlns=\"http:\/\/www.w3.org\/2000\/svg\"><path d=\"M416 208H32c-17.67 0-32 14.33-32 32v32c0 17.67 14.33 32 32 32h384c17.67 0 32-14.33 32-32v-32c0-17.67-14.33-32-32-32z\"><\/path><\/svg><\/span>\n\t\t\t<span class='e-closed'><svg aria-hidden=\"true\" class=\"e-font-icon-svg e-fas-plus\" viewBox=\"0 0 448 512\" xmlns=\"http:\/\/www.w3.org\/2000\/svg\"><path d=\"M416 208H272V64c0-17.67-14.33-32-32-32h-32c-17.67 0-32 14.33-32 32v144H32c-17.67 0-32 14.33-32 32v32c0 17.67 14.33 32 32 32h144v144c0 17.67 14.33 32 32 32h32c17.67 0 32-14.33 32-32V304h144c17.67 0 32-14.33 32-32v-32c0-17.67-14.33-32-32-32z\"><\/path><\/svg><\/span>\n\t\t<\/span>\n\n\t\t\t\t\t\t<\/summary>\n\t\t\t\t<div role=\"region\" aria-labelledby=\"e-n-accordion-item-1094\" class=\"elementor-element elementor-element-59573fbc e-con-full e-flex e-con e-child\" data-id=\"59573fbc\" data-element_type=\"container\" data-e-type=\"container\">\n\t\t\t\t\t\t\t\t<p class=\"paragraph-small e-paragraph-base\" data-interaction-id=\"3e640e77\"  >\n\t\t\t\t\t\t\t\tDieser Adapter wird mit einem EU-Standardstecker (Typ C, zwei runde Stifte) geliefert. Ein UK-Adapter ist nicht enthalten. Wenn Sie eine Version mit UK-Stecker ben\u00f6tigen, kontaktieren Sie uns bitte vor der Bestellung.  \n\t\t\t\t\t<\/p>\n\t\t\t\t<\/div>\n\t\t\t\t\t<\/details>\n\t\t\t\t\t\t<details id=\"e-n-accordion-item-1095\" class=\"e-n-accordion-item\" >\n\t\t\t\t<summary class=\"e-n-accordion-item-title\" data-accordion-index=\"6\" tabindex=\"-1\" aria-expanded=\"false\" aria-controls=\"e-n-accordion-item-1095\" >\n\t\t\t\t\t<span class='e-n-accordion-item-title-header'><div class=\"e-n-accordion-item-title-text\"> Warum befindet sich dieses Ladeger\u00e4t in einem Datenschutzshop? <\/div><\/span>\n\t\t\t\t\t\t\t<span class='e-n-accordion-item-title-icon'>\n\t\t\t<span class='e-opened' ><svg aria-hidden=\"true\" class=\"e-font-icon-svg e-fas-minus\" viewBox=\"0 0 448 512\" xmlns=\"http:\/\/www.w3.org\/2000\/svg\"><path d=\"M416 208H32c-17.67 0-32 14.33-32 32v32c0 17.67 14.33 32 32 32h384c17.67 0 32-14.33 32-32v-32c0-17.67-14.33-32-32-32z\"><\/path><\/svg><\/span>\n\t\t\t<span class='e-closed'><svg aria-hidden=\"true\" class=\"e-font-icon-svg e-fas-plus\" viewBox=\"0 0 448 512\" xmlns=\"http:\/\/www.w3.org\/2000\/svg\"><path d=\"M416 208H272V64c0-17.67-14.33-32-32-32h-32c-17.67 0-32 14.33-32 32v144H32c-17.67 0-32 14.33-32 32v32c0 17.67 14.33 32 32 32h144v144c0 17.67 14.33 32 32 32h32c17.67 0 32-14.33 32-32V304h144c17.67 0 32-14.33 32-32v-32c0-17.67-14.33-32-32-32z\"><\/path><\/svg><\/span>\n\t\t<\/span>\n\n\t\t\t\t\t\t<\/summary>\n\t\t\t\t<div role=\"region\" aria-labelledby=\"e-n-accordion-item-1095\" class=\"elementor-element elementor-element-3aeb18bb e-con-full e-flex e-con e-child\" data-id=\"3aeb18bb\" data-element_type=\"container\" data-e-type=\"container\">\n\t\t\t\t\t\t\t\t<p class=\"paragraph-small e-paragraph-base\" data-interaction-id=\"3a822f2d\"  >\n\t\t\t\t\t\t\t\tWir bieten es als vertrauensw\u00fcrdiges Zubeh\u00f6r f\u00fcr CryptPhone-K\u00e4ufer an. Die Verwendung von gepr\u00fcfter, zertifizierter Ladehardware eliminiert einen potenziellen Angriffsvektor - billige Ladeger\u00e4te von Drittanbietern aus unbekannten Quellen k\u00f6nnen Firmware- oder Hardware-Risiken bergen. Dies ist der gleiche Adapter, den Google mit den Pixel-Ger\u00e4ten ausliefert.  \n\t\t\t\t\t<\/p>\n\t\t\t\t<\/div>\n\t\t\t\t\t<\/details>\n\t\t\t\t\t<\/div>\n\t\t\t\t\t\t<\/div>\n\t\t\t\t\t<\/div>\n\t\t\t\t<\/div>\n\t\t\t\t<\/div>\n\t\t","protected":false},"excerpt":{"rendered":"<p>Google 30W USB-C - Power Adapter zum schnellen Aufladen Ihres CryptPhone und anderer USB-C Ger\u00e4te. Original Google Ladeger\u00e4t mit 30W USB Power Delivery 3.0. L\u00e4dt das Pixel 9 Pro in ca. 30 Minuten von 0 auf 50%.  <\/p>\n<p>\u2713 30W USB-PD 3.0 (5V\/3A, 9V\/3A, 15V\/2A, 20V\/1.5A)<br \/>\n\u2713 Kompatibel mit allen CryptPhone Modellen und USB-C Ger\u00e4ten<br \/>\n\u2713 Original Google versiegelte Verkaufsverpackung<br \/>\n\u2713 EU Typ C Stecker - kein Adapter in Europa erforderlich<br \/>\n\u2713 Kabel nicht enthalten - funktioniert mit jedem USB-C Kabel<\/p>\n","protected":false},"featured_media":21411,"comment_status":"closed","ping_status":"closed","template":"","meta":[],"product_brand":[],"product_cat":[6606],"product_tag":[],"class_list":{"0":"post-65667","1":"product","2":"type-product","3":"status-publish","4":"has-post-thumbnail","6":"product_cat-zubehor","7":"product_shipping_class-mailbox-paket-datenschutz-tools","8":"pa_accessory-type-220v-charger","9":"pa_accessory-type-220v-ladegerat","10":"pa_brand-google","12":"pa_color-weis","13":"pa_color-white","14":"pa_connectortype-usb-c","16":"pa_manufacturer-guarantee-12-monate","17":"pa_manufacturer-guarantee-12-months","19":"first","20":"instock","21":"taxable","22":"shipping-taxable","23":"purchasable","24":"product-type-simple"},"_links":{"self":[{"href":"https:\/\/www.cryptvice.com\/de\/wp-json\/wp\/v2\/product\/65667","targetHints":{"allow":["GET"]}}],"collection":[{"href":"https:\/\/www.cryptvice.com\/de\/wp-json\/wp\/v2\/product"}],"about":[{"href":"https:\/\/www.cryptvice.com\/de\/wp-json\/wp\/v2\/types\/product"}],"replies":[{"embeddable":true,"href":"https:\/\/www.cryptvice.com\/de\/wp-json\/wp\/v2\/comments?post=65667"}],"version-history":[{"count":0,"href":"https:\/\/www.cryptvice.com\/de\/wp-json\/wp\/v2\/product\/65667\/revisions"}],"wp:featuredmedia":[{"embeddable":true,"href":"https:\/\/www.cryptvice.com\/de\/wp-json\/wp\/v2\/media\/21411"}],"wp:attachment":[{"href":"https:\/\/www.cryptvice.com\/de\/wp-json\/wp\/v2\/media?parent=65667"}],"wp:term":[{"taxonomy":"product_brand","embeddable":true,"href":"https:\/\/www.cryptvice.com\/de\/wp-json\/wp\/v2\/product_brand?post=65667"},{"taxonomy":"product_cat","embeddable":true,"href":"https:\/\/www.cryptvice.com\/de\/wp-json\/wp\/v2\/product_cat?post=65667"},{"taxonomy":"product_tag","embeddable":true,"href":"https:\/\/www.cryptvice.com\/de\/wp-json\/wp\/v2\/product_tag?post=65667"}],"curies":[{"name":"wp","href":"https:\/\/api.w.org\/{rel}","templated":true}]}}