{"id":65925,"date":"2024-06-25T17:55:23","date_gmt":"2024-06-25T15:55:23","guid":{"rendered":"https:\/\/www.cryptvice.com\/shop\/pixel-8-case-nillkin-camshield-camera-slider\/"},"modified":"2026-03-13T12:41:35","modified_gmt":"2026-03-13T10:41:35","slug":"pixel-8-case-nillkin-camshield-camera-slider","status":"publish","type":"product","link":"https:\/\/www.cryptvice.com\/de\/shop\/pixel-8-case-nillkin-camshield-camera-slider\/","title":{"rendered":"Pixel 8 Geh\u00e4use &#8211; Nillkin CamShield Kamera-Schieberegler"},"content":{"rendered":"\t\t<div data-elementor-type=\"product-post\" data-elementor-id=\"65925\" class=\"elementor elementor-65925 elementor-15852\" data-elementor-post-type=\"product\">\n\t\t\t\t<div class=\"wd-negative-gap elementor-element elementor-element-34eca94a e-flex e-con-boxed e-con e-parent\" data-id=\"34eca94a\" data-element_type=\"container\" data-e-type=\"container\">\n\t\t\t\t\t<div class=\"e-con-inner\">\n\t\t\t\t\t<\/div>\n\t\t\t\t<\/div>\n\t\t\t\t<\/div>\n\t\t","protected":false},"excerpt":{"rendered":"<p>Nillkin CamShield H\u00fclle f\u00fcr das Google Pixel 8 mit integrierter Kameraabdeckung. Die harte Polycarbonat-R\u00fcckseite und der TPU-Schutzrahmen sch\u00fctzen vor St\u00fcrzen und Kratzern. Schlie\u00dfen Sie den Schieber, um die hinteren Kameras physisch zu blockieren.  <\/p>\n<p>\u2713 Kamera-Schieberegler deckt beide hinteren Linsen gleichzeitig ab<br \/>\n\u2713 PC-R\u00fcckseite mit sto\u00dfabsorbierenden TPU-Kanten<br \/>\n\u2713 Erh\u00f6hte Lippe sch\u00fctzt Bildschirm und Kamera vor flachen St\u00fcrzen<br \/>\n\u2713 Mattes Finish &#8211; Anti-\u00d6l, Anti-Fingerabdruck-Oberfl\u00e4che<br \/>\n\u2713 Pr\u00e4zisionsgeformt f\u00fcr das Google Pixel 8<\/p>\n","protected":false},"featured_media":21428,"comment_status":"closed","ping_status":"closed","template":"","meta":[],"product_brand":[],"product_cat":[1852],"product_tag":[],"class_list":{"0":"post-65925","1":"product","2":"type-product","3":"status-publish","4":"has-post-thumbnail","6":"product_cat-fall","7":"product_shipping_class-mailbox-paket-datenschutz-tools","9":"first","10":"onbackorder","11":"taxable","12":"shipping-taxable","13":"purchasable","14":"product-type-simple"},"_links":{"self":[{"href":"https:\/\/www.cryptvice.com\/de\/wp-json\/wp\/v2\/product\/65925","targetHints":{"allow":["GET"]}}],"collection":[{"href":"https:\/\/www.cryptvice.com\/de\/wp-json\/wp\/v2\/product"}],"about":[{"href":"https:\/\/www.cryptvice.com\/de\/wp-json\/wp\/v2\/types\/product"}],"replies":[{"embeddable":true,"href":"https:\/\/www.cryptvice.com\/de\/wp-json\/wp\/v2\/comments?post=65925"}],"version-history":[{"count":0,"href":"https:\/\/www.cryptvice.com\/de\/wp-json\/wp\/v2\/product\/65925\/revisions"}],"wp:featuredmedia":[{"embeddable":true,"href":"https:\/\/www.cryptvice.com\/de\/wp-json\/wp\/v2\/media\/21428"}],"wp:attachment":[{"href":"https:\/\/www.cryptvice.com\/de\/wp-json\/wp\/v2\/media?parent=65925"}],"wp:term":[{"taxonomy":"product_brand","embeddable":true,"href":"https:\/\/www.cryptvice.com\/de\/wp-json\/wp\/v2\/product_brand?post=65925"},{"taxonomy":"product_cat","embeddable":true,"href":"https:\/\/www.cryptvice.com\/de\/wp-json\/wp\/v2\/product_cat?post=65925"},{"taxonomy":"product_tag","embeddable":true,"href":"https:\/\/www.cryptvice.com\/de\/wp-json\/wp\/v2\/product_tag?post=65925"}],"curies":[{"name":"wp","href":"https:\/\/api.w.org\/{rel}","templated":true}]}}