{"id":66109,"date":"2024-06-23T15:35:36","date_gmt":"2024-06-23T13:35:36","guid":{"rendered":"https:\/\/www.cryptvice.com\/shop\/google-pixel-8a-grapheneos-vpn-encrypted\/"},"modified":"2026-04-02T10:43:28","modified_gmt":"2026-04-02T08:43:28","slug":"google-pixel-8a-grapheneos-vpn-encrypted","status":"publish","type":"product","link":"https:\/\/www.cryptvice.com\/de\/shop\/google-pixel-8a-grapheneos-vpn-encrypted\/","title":{"rendered":"Google Pixel 8a GrapheneOS VPN Verschl\u00fcsselt"},"content":{"rendered":"\t\t<div data-elementor-type=\"product-post\" data-elementor-id=\"66109\" class=\"elementor elementor-66109 elementor-15498\" data-elementor-post-type=\"product\">\n\t\t\t\t<div class=\"wd-negative-gap elementor-element elementor-element-29d8395f e-flex e-con-boxed e-con e-parent\" data-id=\"29d8395f\" data-element_type=\"container\" data-e-type=\"container\">\n\t\t\t\t\t<div class=\"e-con-inner\">\n\t\t\t\t\t\t\t<h2 \n\t\tdata-interaction-id=\"7b7cb306\" \n\t\tclass=\"e-7b7cb306-9ef19fc e-heading-base\" \n\t\t \n\t\tdata-e-type=\"widget\" data-id=\"7b7cb306\"\n\t>\n\t\n\t\t\tGoogle Pixel 8a GrapheneOS \u00dcberblick\n\t\t<\/h2>\n\t\t\t\t\t\t\t\t<p class=\"paragraph-small e-paragraph-base\" data-interaction-id=\"56d48f24\"  data-e-type=\"widget\" data-id=\"56d48f24\">\n\t\t\t\t\t\t\t\tDas Google Pixel 8a GrapheneOS VPN Encrypted bietet Sicherheit der neuesten Generation zu einem erschwinglichen Preis. Konfiguriert f\u00fcr: <br><br>- Budgetbewusste Benutzer, die einen echten Schutz der Privatsph\u00e4re ben\u00f6tigen<br>- Unternehmen, die mehrere sichere Ger\u00e4te einsetzen<br>- Erstmalige GrapheneOS-Benutzer, die private Alternativen erkunden<br>- Studenten und Forscher, die mit sensiblen Daten umgehen<br>- Benutzer von Zweitger\u00e4ten, die eine dedizierte sichere Kommunikation ben\u00f6tigen<br><br>Das Pixel 8a verf\u00fcgt \u00fcber den gleichen Titan M2 Sicherheitschip wie die Flaggschiff-Modelle, der bis 2031 unterst\u00fctzt wird.\n\t\t\t\t\t<\/p>\n\t\t\t\t\t\t\t<h2 \n\t\tdata-interaction-id=\"2f6eb22c\" \n\t\tclass=\"e-2f6eb22c-a765c05 e-heading-base\" \n\t\t \n\t\tdata-e-type=\"widget\" data-id=\"2f6eb22c\"\n\t>\n\t\n\t\t\tAusf\u00fchren von GrapheneOS auf dem Pixel 8a\n\t\t<\/h2>\n\t\t\t\t\t\t\t\t<p class=\"paragraph-small e-paragraph-base\" data-interaction-id=\"20b6359b\"  data-e-type=\"widget\" data-id=\"20b6359b\">\n\t\t\t\t\t\t\t\tJedes Pixel 8a wird mit einer verifizierten GrapheneOS-Installation vorbereitet:<br><br>- Frische Systeminstallation mit Integrit\u00e4tspr\u00fcfung<br>- Bootloader gesperrt f\u00fcr verifizierten Bootschutz<br>- Google-Telemetrie und -Dienste vollst\u00e4ndig entfernt<br>- Systemh\u00e4rtung f\u00fcr t\u00e4gliche Zuverl\u00e4ssigkeit konfiguriert<br>- Akku-Optimierung im Einklang mit den Sicherheitsanforderungen<br><br>GrapheneOS-Updates werden bis 2031 fortgesetzt und entsprechen den Support-Zeitpl\u00e4nen der Flaggschiffe.\n\t\t\t\t\t<\/p>\n\t\t\t\t\t\t\t<h2 \n\t\tdata-interaction-id=\"a6d0ed\" \n\t\tclass=\"e-a6d0ed-e5d2193 e-heading-base\" \n\t\t \n\t\tdata-e-type=\"widget\" data-id=\"a6d0ed\"\n\t>\n\t\n\t\t\tApp-Berechtigungen auf dem Pixel 8a\n\t\t<\/h2>\n\t\t\t\t\t\t\t\t<p class=\"paragraph-small e-paragraph-base\" data-interaction-id=\"174a2f6f\"  data-e-type=\"widget\" data-id=\"174a2f6f\">\n\t\t\t\t\t\t\t\tDatenschutzanwendungen werden auf jedem Ger\u00e4t individuell konfiguriert:<br><br>- Berechtigungen werden analysiert und auf die Mindestanforderungen beschr\u00e4nkt<br>- Hintergrundprozesse werden kontrolliert, um das stille Sammeln von Daten zu verhindern<br>- Der Netzwerkzugriff wird pro Anwendung begrenzt<br>- App-Sandboxing wird durchgesetzt, um die gemeinsame Nutzung von Daten zu verhindern<br>- Speicherberechtigungen werden f\u00fcr sensible Informationen isoliert<br><br>Dieser ger\u00e4tebezogene Ansatz gew\u00e4hrleistet einheitliche Schutzstandards.\n\t\t\t\t\t<\/p>\n\t\t\t\t\t\t\t<h2 \n\t\tdata-interaction-id=\"276b4aef\" \n\t\tclass=\"e-276b4aef-e492a06 e-heading-base\" \n\t\t \n\t\tdata-e-type=\"widget\" data-id=\"276b4aef\"\n\t>\n\t\n\t\t\tVPN-Konfiguration auf dem Pixel 8a\n\t\t<\/h2>\n\t\t\t\t\t\t\t\t<p class=\"paragraph-small e-paragraph-base\" data-interaction-id=\"47f7feef\"  data-e-type=\"widget\" data-id=\"47f7feef\">\n\t\t\t\t\t\t\t\tW\u00e4hlen Sie Ihren Anbieter w\u00e4hrend des Bestellvorgangs:<br><br>- Mullvad - anonyme Registrierung, keine E-Mail erforderlich, schwedische Rechtsprechung<br>- iVPN - Multi-Hop verf\u00fcgbar, gepr\u00fcfter Open-Source-Client, Gibraltar-basiert<br>- ProtonVPN - Schweizer Datenschutz, Secure Core Server<br><br>Ihr VPN wird vor der Auslieferung installiert, konfiguriert und getestet. Die Verschl\u00fcsselung wird beim Starten automatisch aktiviert. \n\t\t\t\t\t<\/p>\n\t\t\t\t\t\t\t<h2 \n\t\tdata-interaction-id=\"4260d906\" \n\t\tclass=\"e-4260d906-18fcfc2 e-heading-base\" \n\t\t \n\t\tdata-e-type=\"widget\" data-id=\"4260d906\"\n\t>\n\t\n\t\t\tDatenschutz-Apps auf dem Google Pixel 8a\n\t\t<\/h2>\n\t\t\t\t\t\t\t\t<p class=\"paragraph-small e-paragraph-base\" data-interaction-id=\"2c30fb55\"  data-e-type=\"widget\" data-id=\"2c30fb55\">\n\t\t\t\t\t\t\t\tSicheres Netzwerk<br>- Orbot - leitet den Datenverkehr durch Tor, wenn Anonymit\u00e4t erforderlich ist<br>- Premium VPN - Ihr Anbieter konfiguriert und verifiziert<br><br>Privates Surfen<br>- Firefox Focus - blockiert Tracker, l\u00f6scht Daten automatisch<br><br>App-Zugang<br>- Aurora Store - Apps ohne Google-Konto herunterladen<br>- F-Droid - Open-Source-Repository f\u00fcr Datenschutzanwendungen<br><br>Sichere Kommunikation<br>- Molly - geh\u00e4rteter Signal Fork mit erweitertem Schutz<br>- Threema - in der Schweiz entwickeltes, GDPR-konformes Messaging<br>- SimpleX - keine Telefonnummern oder Identifikatoren erforderlich<br><br>Produktivit\u00e4t<br>- Standard Notes - Ende-zu-Ende-verschl\u00fcsselte Notizen<br>- eM Client - E-Mail ohne Plattformverfolgung\n\t\t\t\t\t<\/p>\n\t\t\t\t\t\t\t<h2 \n\t\tdata-interaction-id=\"2c830d78\" \n\t\tclass=\"e-2c830d78-7c2828d e-heading-base\" \n\t\t \n\t\tdata-e-type=\"widget\" data-id=\"2c830d78\"\n\t>\n\t\n\t\t\tCryptvice Konfigurationsdienst\n\t\t<\/h2>\n\t\t\t\t\t\t\t\t<p class=\"paragraph-small e-paragraph-base\" data-interaction-id=\"5c4b5287\"  data-e-type=\"widget\" data-id=\"5c4b5287\">\n\t\t\t\t\t\t\t\t- Jedes Ger\u00e4t wird von Hand konfiguriert<br>- Sicherheitspr\u00fcfung vor dem Versand<br>- Diskrete Verpackung ohne Branding<br>- Zahlungen in Kryptow\u00e4hrung akzeptiert<br>- Versand aus Spanien mit Sendungsverfolgung<br>- 30 Tage Support von GrapheneOS-Benutzern\n\t\t\t\t\t<\/p>\n\t\t\t\t\t\t\t<h2 \n\t\tdata-interaction-id=\"46c9fb0a\" \n\t\tclass=\"e-46c9fb0a-52371a9 e-heading-base\" \n\t\t \n\t\tdata-e-type=\"widget\" data-id=\"46c9fb0a\"\n\t>\n\t\n\t\t\tBestellungen und Garantie\n\t\t<\/h2>\n\t\t\t\t\t\t\t\t<p class=\"paragraph-small e-paragraph-base\" data-interaction-id=\"11067dd9\"  data-e-type=\"widget\" data-id=\"11067dd9\">\n\t\t\t\t\t\t\t\tVersand innerhalb von 1 Werktag. Die Sendungsverfolgung erfolgt per E-Mail. <br><br>R\u00fccksendungen f\u00fcr defekte Ger\u00e4te werden innerhalb Spaniens akzeptiert. Der R\u00fcckversand gilt f\u00fcr nicht defekte Artikel. Google Hardware-Garantie inbegriffen. Konfiguration wird als professioneller Service angeboten.   \n\t\t\t\t\t<\/p>\n\t\t\t\t\t\t\t\t<p class=\"paragraph-small button-dark-icon e-1c7a008e-43c6eff e-paragraph-base\" data-interaction-id=\"1c7a008e\"  data-e-type=\"widget\" data-id=\"1c7a008e\">\n\t\t\t\t\t\t\t<a\n\t\t\t\t\thref=\"https:\/\/www.cryptvice.com\/de\/help-and-support\/\" target=\"_self\"\n\t\t\t\t\tclass=\"e-paragraph-link-base\"\n\t\t\t\t>\n\t\t\t\t\t\tHaben Sie Fragen? Siehe unsere Hilfe und Support FAQs \n\t\t\t\t<\/a>\n\t\t\t\t\t<\/p>\n\t\t\t\t\t<\/div>\n\t\t\t\t<\/div>\n\t\t\t\t<\/div>\n\t\t","protected":false},"excerpt":{"rendered":"<p>Das Google Pixel 8a GrapheneOS l\u00e4uft auf dem Tensor G3 Prozessor mit Titan M2 Sicherheitschip &#8211; der gleichen Hardware-Sicherheitsbasis wie die Pixel 9 Linie. Eine Generation hinter dem Hauptprozessor, aber identisch bei dem, was f\u00fcr die Privatsph\u00e4re wichtig ist: verifizierter Start, sichere Enklave, volle GrapheneOS Unterst\u00fctzung. <\/p>\n<p>\u2713 Vorinstalliert mit GrapheneOS &#8211; kein Google, kein Tracking<br \/>\n\u2713 Signal, Molly &amp; Threema aktiviert mit virtueller Nummer<br \/>\n\u2713 Premium VPN + duales Profil mit voller Abh\u00e4rtung<br \/>\n\u2713 USB-Datenblocker &amp; Zwangswipe aktiviert<\/p>\n","protected":false},"featured_media":66120,"comment_status":"closed","ping_status":"closed","template":"","meta":[],"product_brand":[],"product_cat":[6655,6575],"product_tag":[],"class_list":{"0":"post-66109","1":"product","2":"type-product","3":"status-publish","4":"has-post-thumbnail","6":"product_cat-cryptphones-2","7":"product_cat-accessoires","8":"pa_audio-connection-usb-c","9":"pa_battery-capacity-4492-mah","10":"pa_bluetooth-5-3","11":"pa_brand-google","12":"pa_camera-back-13-mp-f-2-2-120-ultrawide","13":"pa_camera-back-64-mp-f-1-9-26mm-wide-pdaf-ois","14":"pa_camera-front-13-mp-f-2-2-20mm-ultrawide","15":"pa_color-black","16":"pa_graphics-series-immortalis-g715s-mc10","17":"pa_guaranteed-security-updates-01-may-2031","18":"pa_manufacturer-guarantee-24-months","19":"pa_model-pixel-8a","20":"pa_operating-system-grapheneos","21":"pa_processor-4x-2-15ghz-cortex-a510","22":"pa_processor-4x-2-45ghz-cortex-a715","23":"pa_processor-nona-core-1x-3-0ghz-cortex-x3","24":"pa_ram-size-8-gb","25":"pa_ram-type-lpddr5x","26":"pa_release-years-14-may-2024","27":"pa_resolution-1080-x-2400-pixels","28":"pa_screen-diagonal-6-1","29":"pa_screen-ppi-430-ppi","30":"pa_screen-ratio-209-ratio","31":"pa_screen-refresh-rate-120hz","32":"pa_screen-type-oled","33":"pa_security-features-oem-unlock","34":"pa_security-features-vpn-encrypted","35":"pa_storage-128-gb","36":"pa_system-chip-google-tensor-g3-4-nm","37":"pa_vpn-cover-ivpn-12m","38":"pa_vpn-cover-ivpn-6m","39":"pa_vpn-cover-mullvad-12m","40":"pa_vpn-cover-mullvad-6m","41":"pa_vpn-cover-protonvpn-12m","43":"first","44":"instock","45":"taxable","46":"shipping-taxable","47":"purchasable","48":"product-type-variable"},"_links":{"self":[{"href":"https:\/\/www.cryptvice.com\/de\/wp-json\/wp\/v2\/product\/66109","targetHints":{"allow":["GET"]}}],"collection":[{"href":"https:\/\/www.cryptvice.com\/de\/wp-json\/wp\/v2\/product"}],"about":[{"href":"https:\/\/www.cryptvice.com\/de\/wp-json\/wp\/v2\/types\/product"}],"replies":[{"embeddable":true,"href":"https:\/\/www.cryptvice.com\/de\/wp-json\/wp\/v2\/comments?post=66109"}],"version-history":[{"count":2,"href":"https:\/\/www.cryptvice.com\/de\/wp-json\/wp\/v2\/product\/66109\/revisions"}],"predecessor-version":[{"id":71370,"href":"https:\/\/www.cryptvice.com\/de\/wp-json\/wp\/v2\/product\/66109\/revisions\/71370"}],"wp:featuredmedia":[{"embeddable":true,"href":"https:\/\/www.cryptvice.com\/de\/wp-json\/wp\/v2\/media\/66120"}],"wp:attachment":[{"href":"https:\/\/www.cryptvice.com\/de\/wp-json\/wp\/v2\/media?parent=66109"}],"wp:term":[{"taxonomy":"product_brand","embeddable":true,"href":"https:\/\/www.cryptvice.com\/de\/wp-json\/wp\/v2\/product_brand?post=66109"},{"taxonomy":"product_cat","embeddable":true,"href":"https:\/\/www.cryptvice.com\/de\/wp-json\/wp\/v2\/product_cat?post=66109"},{"taxonomy":"product_tag","embeddable":true,"href":"https:\/\/www.cryptvice.com\/de\/wp-json\/wp\/v2\/product_tag?post=66109"}],"curies":[{"name":"wp","href":"https:\/\/api.w.org\/{rel}","templated":true}]}}