{"id":66970,"date":"2024-07-09T11:34:26","date_gmt":"2024-07-09T09:34:26","guid":{"rendered":"https:\/\/www.cryptvice.com\/shop\/crypthub-v3-portable-4g-vpn-encrypted-router\/"},"modified":"2026-03-13T13:07:12","modified_gmt":"2026-03-13T11:07:12","slug":"crypthub-v3-portable-4g-vpn-encrypted-router","status":"publish","type":"product","link":"https:\/\/www.cryptvice.com\/de\/shop\/crypthub-v3-portable-4g-vpn-encrypted-router\/","title":{"rendered":"CryptHub V3 Tragbarer 4G VPN Verschl\u00fcsselter Router"},"content":{"rendered":"\t\t<div data-elementor-type=\"product-post\" data-elementor-id=\"66970\" class=\"elementor elementor-66970 elementor-17118\" data-elementor-post-type=\"product\">\n\t\t\t\t<div class=\"wd-negative-gap elementor-element elementor-element-5098dcc9 e-flex e-con-boxed e-con e-parent\" data-id=\"5098dcc9\" data-element_type=\"container\" data-e-type=\"container\">\n\t\t\t\t\t<div class=\"e-con-inner\">\n\t\t\t\t\t<\/div>\n\t\t\t\t<\/div>\n\t\t<div class=\"wd-negative-gap elementor-element elementor-element-79573244 elementor-hidden-widescreen elementor-hidden-desktop elementor-hidden-laptop elementor-hidden-tablet elementor-hidden-mobile e-flex e-con-boxed e-con e-parent\" data-id=\"79573244\" data-element_type=\"container\" data-e-type=\"container\">\n\t\t\t\t\t<div class=\"e-con-inner\">\n\t\t\t\t\t<\/div>\n\t\t\t\t<\/div>\n\t\t\t\t<\/div>\n\t\t","protected":false},"excerpt":{"rendered":"<p><em>Professionell konfigurierter tragbarer 4G-Router mit Expertenunterst\u00fctzung<\/em><\/p>\n<p>Sichere mobile Konnektivit\u00e4t &#8211; kompakte Privatsph\u00e4re f\u00fcr zu Hause, unterwegs und im beruflichen Umfeld.<\/p>\n<p>Basierend auf zuverl\u00e4ssiger 4G LTE-Hardware, vorkonfiguriert mit OpenWRT, verschl\u00fcsseltem VPN und erweiterten Datenschutzfunktionen. Ihr eigenes privates Netzwerk, wo immer Sie sich verbinden. <\/p>\n<p>\u2713 4G LTE-Konnektivit\u00e4t mit vorinstalliertem OpenWRT<br \/>\n\u2713 VPN aktiviert und konfiguriert<br \/>\n\u2713 MAC-Klon und Randomisierung aktiviert<br \/>\n\u2713 DNS-Verschl\u00fcsselung konfiguriert<br \/>\n\u2713 VPN-Client- und Server-Funktionalit\u00e4t<br \/>\n\u2713 Konfiguration der datenschutzfreundlichen Ger\u00e4tekennung<br \/>\n\u2713 Offizielle Cryptvice-Distribution<\/p>\n","protected":false},"featured_media":17124,"comment_status":"closed","ping_status":"closed","template":"","meta":[],"product_brand":[],"product_cat":[1687],"product_tag":[],"class_list":{"0":"post-66970","1":"product","2":"type-product","3":"status-publish","4":"has-post-thumbnail","6":"product_cat-crypthub","7":"product_shipping_class-kleines-paket-telefon-router","9":"first","10":"instock","11":"sale","12":"taxable","13":"shipping-taxable","14":"purchasable","15":"product-type-variable","16":"has-default-attributes"},"_links":{"self":[{"href":"https:\/\/www.cryptvice.com\/de\/wp-json\/wp\/v2\/product\/66970","targetHints":{"allow":["GET"]}}],"collection":[{"href":"https:\/\/www.cryptvice.com\/de\/wp-json\/wp\/v2\/product"}],"about":[{"href":"https:\/\/www.cryptvice.com\/de\/wp-json\/wp\/v2\/types\/product"}],"replies":[{"embeddable":true,"href":"https:\/\/www.cryptvice.com\/de\/wp-json\/wp\/v2\/comments?post=66970"}],"version-history":[{"count":0,"href":"https:\/\/www.cryptvice.com\/de\/wp-json\/wp\/v2\/product\/66970\/revisions"}],"wp:featuredmedia":[{"embeddable":true,"href":"https:\/\/www.cryptvice.com\/de\/wp-json\/wp\/v2\/media\/17124"}],"wp:attachment":[{"href":"https:\/\/www.cryptvice.com\/de\/wp-json\/wp\/v2\/media?parent=66970"}],"wp:term":[{"taxonomy":"product_brand","embeddable":true,"href":"https:\/\/www.cryptvice.com\/de\/wp-json\/wp\/v2\/product_brand?post=66970"},{"taxonomy":"product_cat","embeddable":true,"href":"https:\/\/www.cryptvice.com\/de\/wp-json\/wp\/v2\/product_cat?post=66970"},{"taxonomy":"product_tag","embeddable":true,"href":"https:\/\/www.cryptvice.com\/de\/wp-json\/wp\/v2\/product_tag?post=66970"}],"curies":[{"name":"wp","href":"https:\/\/api.w.org\/{rel}","templated":true}]}}