{"id":68469,"date":"2026-03-16T14:43:37","date_gmt":"2026-03-16T12:43:37","guid":{"rendered":"https:\/\/www.cryptvice.com\/?post_type=product&#038;p=68469"},"modified":"2026-04-28T16:15:35","modified_gmt":"2026-04-28T14:15:35","slug":"google-pixel-10a-grapheneos-vpn-verschlusselt","status":"publish","type":"product","link":"https:\/\/www.cryptvice.com\/de\/shop\/google-pixel-10a-grapheneos-vpn-verschlusselt\/","title":{"rendered":"Google Pixel 10 GrapheneOS VPN Verschl\u00fcsselt"},"content":{"rendered":"\t\t<div data-elementor-type=\"product-post\" data-elementor-id=\"68469\" class=\"elementor elementor-68469 elementor-68457\" data-elementor-post-type=\"product\">\n\t\t\t\t<div class=\"wd-negative-gap elementor-element elementor-element-45b599fc e-flex e-con-boxed e-con e-parent\" data-id=\"45b599fc\" data-element_type=\"container\" data-e-type=\"container\">\n\t\t\t\t\t<div class=\"e-con-inner\">\n\t\t\t\t\t\t\t<h2 \n\t\tdata-interaction-id=\"27148531\" \n\t\tclass=\"text-balance e-27148531-b881f7b e-heading-base\" \n\t\t \n\t\tdata-e-type=\"widget\" data-id=\"27148531\"\n\t>\n\t\n\t\t\tF\u00fcr wen ist das Google Pixel 10 GrapheneOS gedacht?\n\t\t<\/h2>\n\t\t\t\t\t\t\t\t<p class=\"paragraph-small e-paragraph-base\" data-interaction-id=\"5d2b6d57\"  data-e-type=\"widget\" data-id=\"5d2b6d57\">\n\t\t\t\t\t\t\t\tDas Google Pixel 10 GrapheneOS VPN Encrypted ist die richtige Wahl f\u00fcr Benutzer, die die volle Tensor G5-Sicherheitsarchitektur nutzen m\u00f6chten, ohne f\u00fcr Hardwarefunktionen zu bezahlen, die sie nicht nutzen werden:<br><br>- Datenschutzbewusste Gesch\u00e4ftsleute, die Sicherheit auf Flaggschiff-Niveau zu einem gezielten Preis w\u00fcnschen<br>- Journalisten und Forscher, denen Rechenleistung und Betriebssystemintegrit\u00e4t wichtiger sind als Kameraspezifikationen<br>- Gesch\u00e4ftsanwender, die t\u00e4glich mit sensibler Kommunikation umgehen<br>- Alle, die sich endg\u00fcltig von der \u00dcberwachungsinfrastruktur von Google oder Apple abwenden<br><br>Das Pixel 10 arbeitet mit dem gleichen Tensor G5 Chip und der Titan M2 Sicherheits-Enklave wie das Pixel 10 Pro. Der Unterschied ist das Kamerasystem - nicht die Sicherheit. \n\t\t\t\t\t<\/p>\n\t\t\t\t\t\t\t<h2 \n\t\tdata-interaction-id=\"273250d0\" \n\t\tclass=\"text-balance e-273250d0-57f9eaa e-heading-base\" \n\t\t \n\t\tdata-e-type=\"widget\" data-id=\"273250d0\"\n\t>\n\t\n\t\t\tGrapheneOS auf dem Pixel 10\n\t\t<\/h2>\n\t\t\t\t\t\t\t\t<p class=\"paragraph-small e-paragraph-base\" data-interaction-id=\"75810995\"  data-e-type=\"widget\" data-id=\"75810995\">\n\t\t\t\t\t\t\t\tDie Installation folgt dem gleichen verifizierten Prozess, der f\u00fcr jedes von uns ausgelieferte Ger\u00e4t angewandt wird:<br><br>- Sauberer GrapheneOS-Build aus kryptographisch verifizierten offiziellen Quellen<br>- Bootloader-Sperre nach der Installation f\u00fcr kontinuierliches verifiziertes Booten<br>- Google-Dienste vollst\u00e4ndig entfernt - keine Play Services, keine Telemetrie<br>- Systemh\u00e4rtung gegen dokumentierte Angriffsvektoren angewandt<br>- Optimiert f\u00fcr den stabilen t\u00e4glichen Gebrauch auf Tensor G5-Hardware<br><br>Pixel 10 erh\u00e4lt Sicherheitsupdates bis 2032.\n\t\t\t\t\t<\/p>\n\t\t\t\t\t\t\t<h2 \n\t\tdata-interaction-id=\"283b18ac\" \n\t\tclass=\"text-balance e-283b18ac-73e749c e-heading-base\" \n\t\t \n\t\tdata-e-type=\"widget\" data-id=\"283b18ac\"\n\t>\n\t\n\t\t\tAnwendungsh\u00e4rtung auf Pixel 10\n\t\t<\/h2>\n\t\t\t\t\t\t\t\t<p class=\"paragraph-small e-paragraph-base\" data-interaction-id=\"72f9347d\"  data-e-type=\"widget\" data-id=\"72f9347d\">\n\t\t\t\t\t\t\t\tJede Anwendung wird vor der Auslieferung des Ger\u00e4ts individuell konfiguriert:<br><br>- Berechtigungen werden auf ein funktionales Minimum reduziert<br>- Hintergrundprozesse werden f\u00fcr alle installierten Anwendungen eingeschr\u00e4nkt<br>- Der Netzwerkzugriff wird pro Anwendung zugewiesen, nicht global<br>- Sandboxing wird zwischen allen benutzerseitigen Anwendungen durchgesetzt<br>- Der Speicher wird so eingeteilt, dass ein app-\u00fcbergreifender Datenzugriff verhindert wird\n\t\t\t\t\t<\/p>\n\t\t\t\t\t\t\t<h2 \n\t\tdata-interaction-id=\"3b00d49e\" \n\t\tclass=\"text-balance e-3b00d49e-75e0441 e-heading-base\" \n\t\t \n\t\tdata-e-type=\"widget\" data-id=\"3b00d49e\"\n\t>\n\t\n\t\t\tVerschl\u00fcsselte VPN-Konnektivit\u00e4t\n\t\t<\/h2>\n\t\t\t\t\t\t\t\t<p class=\"paragraph-small e-paragraph-base\" data-interaction-id=\"4f2b7370\"  data-e-type=\"widget\" data-id=\"4f2b7370\">\n\t\t\t\t\t\t\t\tW\u00e4hlen Sie Ihren Anbieter an der Kasse - konfiguriert und getestet auf dem Ger\u00e4t vor der Auslieferung:<br><br>- Mullvad - anonyme Konten, keine E-Mail, schwedische Gerichtsbarkeit<br>- iVPN - gepr\u00fcfter Open-Source-Client, Multi-Hop-Routing, Gibraltar-basiert<br>- ProtonVPN - Secure Core Routing, Schweizer Rechtsschutz<br><br>Die Verschl\u00fcsselung ist ab dem ersten Start aktiv. Keine Konfiguration erforderlich. \n\t\t\t\t\t<\/p>\n\t\t\t\t\t\t\t<h2 \n\t\tdata-interaction-id=\"6d406b96\" \n\t\tclass=\"text-balance e-6d406b96-e3d48ec e-heading-base\" \n\t\t \n\t\tdata-e-type=\"widget\" data-id=\"6d406b96\"\n\t>\n\t\n\t\t\tVorinstallierte Datenschutz-Tools auf dem Google Pixel 10\n\t\t<\/h2>\n\t\t\t\t\t\t\t\t<p class=\"paragraph-small e-paragraph-base\" data-interaction-id=\"8524c51\"  data-e-type=\"widget\" data-id=\"8524c51\">\n\t\t\t\t\t\t\t\tSicheres Netzwerk<br>- Orbot - Tor-Netzwerk-Routing f\u00fcr hohe Anonymit\u00e4tsanforderungen<br>- Premium VPN - Ihr ausgew\u00e4hlter Anbieter, vorkonfiguriert und verifiziert<br><br>Privates Surfen<br>- Firefox Focus - Tracker-Blockierung als Standard, Sitzungsdaten werden automatisch gel\u00f6scht<br><br>App-Zugang<br>- Aurora Store - Play Store App-Bibliothek ohne Google-Konto<br>- F-Droid - Open-Source-Anwendungs-Repository<br><br>Sichere Kommunikation<br>- Molly - geh\u00e4rteter Signal-Fork mit zus\u00e4tzlichen Sicherheitsebenen<br>- Threema - in der Schweiz entwickeltes, GDPR-konformes verschl\u00fcsseltes Messaging<br>- SimpleX - dezentralisiertes Messaging, f\u00fcr das keine Telefonnummer oder Benutzer-ID erforderlich ist<br><br>Produktivit\u00e4t<br>- Standard Notes - Ende-zu-Ende-verschl\u00fcsselte Notizen ohne Cloud-Abh\u00e4ngigkeit<br>- eM Client - E-Mail ohne Plattform-Tracking oder Data Harvesting\n\t\t\t\t\t<\/p>\n\t\t\t\t\t\t\t<h2 \n\t\tdata-interaction-id=\"3c4bdfef\" \n\t\tclass=\"text-balance e-3c4bdfef-9c896f8 e-heading-base\" \n\t\t \n\t\tdata-e-type=\"widget\" data-id=\"3c4bdfef\"\n\t>\n\t\n\t\t\tWas Cryptvice anders macht\n\t\t<\/h2>\n\t\t\t\t\t\t\t\t<p class=\"paragraph-small e-paragraph-base\" data-interaction-id=\"49c938c7\"  data-e-type=\"widget\" data-id=\"49c938c7\">\n\t\t\t\t\t\t\t\t- Individuelle Konfiguration - keine Stapelverarbeitung, jedes Ger\u00e4t wird von Hand gefertigt<br>- Sicherheitspr\u00fcfung vor dem Versand - \u00dcberpr\u00fcfung vor jeder Bestellung<br>- Diskrete Verpackung - nichts auf der Au\u00dfenseite weist auf den Inhalt hin<br>- Zahlungen mit Kryptow\u00e4hrungen - anonyme Kaufoptionen verf\u00fcgbar<br>- EU-basierter Betrieb - Versand aus Marbella, Spanien mit vollst\u00e4ndiger Nachverfolgung<br>- Experten-Support - 30 Tage lang von Leuten, die GrapheneOS als ihren t\u00e4glichen Fahrer benutzen\n\t\t\t\t\t<\/p>\n\t\t\t\t\t\t\t<h2 \n\t\tdata-interaction-id=\"5fbe8d5b\" \n\t\tclass=\"text-balance e-5fbe8d5b-4d20e53 e-heading-base\" \n\t\t \n\t\tdata-e-type=\"widget\" data-id=\"5fbe8d5b\"\n\t>\n\t\n\t\t\tVersand und Garantie\n\t\t<\/h2>\n\t\t\t\t\t\t\t\t<p class=\"paragraph-small e-paragraph-base\" data-interaction-id=\"420e3093\"  data-e-type=\"widget\" data-id=\"420e3093\">\n\t\t\t\t\t\t\t\tBestellungen werden innerhalb von 1 Werktag versandt. Details zur Sendungsverfolgung werden beim Versand bereitgestellt. <br><br>R\u00fccksendungen werden f\u00fcr defekte Ger\u00e4te innerhalb Spaniens akzeptiert. F\u00fcr nicht defekte R\u00fccksendungen fallen Versandkosten an. Es gilt die Standard-Hardwaregarantie von Google. Softwarekonfiguration als professioneller Service inbegriffen.   \n\t\t\t\t\t<\/p>\n\t\t\t\t\t\t\t\t<p class=\"paragraph-small button-dark-icon e-3282e73-c27416b e-paragraph-base\" data-interaction-id=\"3282e73\"  data-e-type=\"widget\" data-id=\"3282e73\">\n\t\t\t\t\t\t\t<a\n\t\t\t\t\thref=\"https:\/\/www.cryptvice.com\/de\/help-and-support\/\" target=\"_self\"\n\t\t\t\t\tclass=\"e-paragraph-link-base\"\n\t\t\t\t>\n\t\t\t\t\t\tHaben Sie Fragen? Siehe unsere Hilfe und Support FAQs \n\t\t\t\t<\/a>\n\t\t\t\t\t<\/p>\n\t\t\t\t\t<\/div>\n\t\t\t\t<\/div>\n\t\t\t\t<\/div>\n\t\t","protected":false},"excerpt":{"rendered":"<p>Das Google Pixel 10 GrapheneOS verf\u00fcgt \u00fcber denselben Tensor G5 Prozessor und dieselbe Sicherheitsarchitektur wie das Pro &#8211; ohne dass Sie f\u00fcr das Dreifach-Kamerasystem bezahlen m\u00fcssen, das Sie vielleicht nicht brauchen. Identischer Chip, identische H\u00e4rtung, mehr fokussierte Hardware. <\/p>\n<p>\u2713 Vorinstalliert mit GrapheneOS &#8211; kein Google, kein Tracking<br \/>\n\u2713 Signal, Molly &amp; Threema aktiviert mit virtueller Nummer<br \/>\n\u2713 Premium VPN + duales Profil mit voller Abh\u00e4rtung<br \/>\n\u2713 USB-Datenblocker &amp; Zwangswipe aktiviert<\/p>\n","protected":false},"featured_media":74957,"comment_status":"closed","ping_status":"closed","template":"","meta":[],"product_brand":[],"product_cat":[6655],"product_tag":[],"class_list":{"0":"post-68469","1":"product","2":"type-product","3":"status-publish","4":"has-post-thumbnail","6":"product_cat-cryptphones-2","7":"product_shipping_class-kleines-paket-telefon-router","8":"pa_audio-connection-keine-2","9":"pa_battery-capacity-5100-mah","10":"pa_bluetooth-5-3","11":"pa_brand-google","12":"pa_camera-back-13-mp-f-2-2-120-ultraweit","13":"pa_camera-back-48-mp-f-1-7-25-mm-weitwinkel","14":"pa_camera-front-13-mp-f-2-2-20-mm-ultraweit","15":"pa_color-schwarz-2","16":"pa_graphics-series-arm-mali-g715-mp7","17":"pa_guaranteed-security-updates-01-apr-2032","18":"pa_manufacturer-guarantee-12-monate-2","19":"pa_model-pixel-9a","20":"pa_operating-system-grapheneos","21":"pa_processor-octa-core-31-ghz","22":"pa_ram-size-8-gb","23":"pa_release-years-10-apr-2025","24":"pa_resolution-1080-x-2424-pixel","25":"pa_screen-diagonal-6-3-2","26":"pa_screen-ppi-422-ppi","27":"pa_screen-ratio-verhaltnis-209-2","28":"pa_screen-refresh-rate-120hz","29":"pa_screen-type-p-oled","30":"pa_security-features-oem-freischaltung-2","31":"pa_security-features-vpn-verschlusselt-2","32":"pa_storage-128-gb","33":"pa_system-chip-google-tensor-g4","34":"pa_vpn-cover-ivpn-12m","35":"pa_vpn-cover-ivpn-6m","36":"pa_vpn-cover-mullvad-12m","37":"pa_vpn-cover-mullvad-6m","38":"pa_vpn-cover-protonvpn-12m","40":"first","41":"instock","42":"featured","43":"taxable","44":"shipping-taxable","45":"purchasable","46":"product-type-variable"},"_links":{"self":[{"href":"https:\/\/www.cryptvice.com\/de\/wp-json\/wp\/v2\/product\/68469","targetHints":{"allow":["GET"]}}],"collection":[{"href":"https:\/\/www.cryptvice.com\/de\/wp-json\/wp\/v2\/product"}],"about":[{"href":"https:\/\/www.cryptvice.com\/de\/wp-json\/wp\/v2\/types\/product"}],"replies":[{"embeddable":true,"href":"https:\/\/www.cryptvice.com\/de\/wp-json\/wp\/v2\/comments?post=68469"}],"version-history":[{"count":4,"href":"https:\/\/www.cryptvice.com\/de\/wp-json\/wp\/v2\/product\/68469\/revisions"}],"predecessor-version":[{"id":74967,"href":"https:\/\/www.cryptvice.com\/de\/wp-json\/wp\/v2\/product\/68469\/revisions\/74967"}],"wp:featuredmedia":[{"embeddable":true,"href":"https:\/\/www.cryptvice.com\/de\/wp-json\/wp\/v2\/media\/74957"}],"wp:attachment":[{"href":"https:\/\/www.cryptvice.com\/de\/wp-json\/wp\/v2\/media?parent=68469"}],"wp:term":[{"taxonomy":"product_brand","embeddable":true,"href":"https:\/\/www.cryptvice.com\/de\/wp-json\/wp\/v2\/product_brand?post=68469"},{"taxonomy":"product_cat","embeddable":true,"href":"https:\/\/www.cryptvice.com\/de\/wp-json\/wp\/v2\/product_cat?post=68469"},{"taxonomy":"product_tag","embeddable":true,"href":"https:\/\/www.cryptvice.com\/de\/wp-json\/wp\/v2\/product_tag?post=68469"}],"curies":[{"name":"wp","href":"https:\/\/api.w.org\/{rel}","templated":true}]}}