{"id":60063,"date":"2025-02-05T22:38:36","date_gmt":"2025-02-05T20:38:36","guid":{"rendered":"https:\/\/www.cryptvice.com\/legal\/cookie-policy\/"},"modified":"2026-04-21T22:52:07","modified_gmt":"2026-04-21T20:52:07","slug":"cookie-policy","status":"publish","type":"page","link":"https:\/\/www.cryptvice.com\/es\/legal\/cookie-policy\/","title":{"rendered":"Pol\u00edtica de cookies"},"content":{"rendered":"\t\t<div data-elementor-type=\"wp-page\" data-elementor-id=\"60063\" class=\"elementor elementor-60063 elementor-13088\" data-elementor-post-type=\"page\">\n\t\t\t\t<header class=\"wd-negative-gap elementor-element elementor-element-0e19d9b wd-section-stretch e-flex e-con-boxed e-con e-parent\" data-id=\"0e19d9b\" data-element_type=\"container\" data-e-type=\"container\" data-settings=\"{&quot;background_background&quot;:&quot;classic&quot;}\">\n\t\t\t\t\t<div class=\"e-con-inner\">\n\t\t<div class=\"elementor-element elementor-element-920dd3f e-con-full e-flex e-con e-child\" data-id=\"920dd3f\" data-element_type=\"container\" data-e-type=\"container\">\n\t\t\t\t\t\t\t\t<span class=\"text-balance e-bf02167-9bdd006 paragraph-small e-paragraph-base\" data-interaction-id=\"bf02167\"  data-e-type=\"widget\" data-id=\"bf02167\">\n\t\t\t\t\t\t\t\tPol\u00edtica de cookies\n\t\t\t\t\t<\/span>\n\t\t\t\t\t\t\t<h2 \n\t\tdata-interaction-id=\"0c2ee83\" \n\t\tclass=\"text-balance e-0c2ee83-542eb2e e-heading-base\" \n\t\t \n\t\tdata-e-type=\"widget\" data-id=\"0c2ee83\"\n\t>\n\t\n\t\t\tNo nos gustan las galletas\n\t\t<\/h2>\n\t\t\t\t\t\t\t\t<span class=\"text-balance e-1eb8a42-0302724 paragraph-small e-paragraph-base\" data-interaction-id=\"1eb8a42\"  data-e-type=\"widget\" data-id=\"1eb8a42\">\n\t\t\t\t\t\t\t\tEsta pol\u00edtica de cookies explica c\u00f3mo Pladinum Group SL, que opera como Cryptvice (\"Cryptvice\", \"nosotros\", \"nos\", \"nuestro\"), utiliza cookies y tecnolog\u00edas de seguimiento similares en nuestro sitio web www.cryptvice.com.<br><br><strong>Fecha de entrada en vigor<\/strong>: 18 de febrero de 2026<br><strong>\u00daltima actualizaci\u00f3n<\/strong>: 19 de abril de 2026<br><br>Se pueden proporcionar traducciones de esta pol\u00edtica por conveniencia. En caso de discrepancia, prevalecer\u00e1 la versi\u00f3n inglesa. \n\t\t\t\t\t<\/span>\n\t\t\t\t<\/div>\n\t\t<div class=\"elementor-element elementor-element-381dc83 e-con-full elementor-hidden-laptop elementor-hidden-tablet elementor-hidden-mobile e-flex e-con e-child\" data-id=\"381dc83\" data-element_type=\"container\" data-e-type=\"container\">\n\t\t\t\t<\/div>\n\t\t\t\t\t<\/div>\n\t\t\t\t<\/header>\n\t\t<div class=\"elementor-element elementor-element-930b2e8 e-con-full e-flex e-con e-child\" data-id=\"930b2e8\" data-element_type=\"container\" data-e-type=\"container\">\n\t\t\t\t\t\t\t<h3 \n\t\tdata-interaction-id=\"9031eb9\" \n\t\tclass=\"text-balance e-9031eb9-7bf2786 e-heading-base\" \n\t\t \n\t\tdata-e-type=\"widget\" data-id=\"9031eb9\"\n\t>\n\t\n\t\t\t<strong>Art\u00edculo 1: Introducci\u00f3n<\/strong>\n\t\t<\/h3>\n\t\t\t\t\t\t\t\t<span class=\"e-8a2ac8a-eee0c6f paragraph-small text-balance e-paragraph-base\" data-interaction-id=\"8a2ac8a\"  data-e-type=\"widget\" data-id=\"8a2ac8a\">\n\t\t\t\t\t\t\t\t<strong>1.1. Acerca de esta pol\u00edtica<\/strong><br>Esta pol\u00edtica de cookies explica qu\u00e9 son las cookies, c\u00f3mo las utilizamos y tus opciones con respecto a su uso. Esta pol\u00edtica debe leerse junto con nuestra pol\u00edtica de privacidad, que proporciona m\u00e1s informaci\u00f3n sobre c\u00f3mo recopilamos y procesamos los datos personales. <br><br><strong>1.2. \u00bfQu\u00e9 son las cookies?<\/strong><br>Las cookies son peque\u00f1os archivos de texto que se colocan en tu dispositivo (ordenador, tableta o tel\u00e9fono m\u00f3vil) cuando visitas un sitio web. Las cookies pueden ser:<br>- Cookies de sesi\u00f3n - cookies temporales que expiran cuando cierras el navegador<br>- Cookies persistentes - cookies que permanecen en tu dispositivo durante un periodo determinado o hasta que las eliminasCookies de origen - cookies establecidas por el sitio web que est\u00e1s visitando<br>- Cookies de terceros - cookies establecidas por un dominio distinto del sitio web que est\u00e1s visitando <br><br><strong>1.3. Tecnolog\u00edas similares<\/strong><br>Adem\u00e1s de las cookies, podemos utilizar tecnolog\u00edas de rastreo similares como:<br>- Balizas web - peque\u00f1as im\u00e1genes gr\u00e1ficas (tambi\u00e9n conocidas como \"etiquetas de p\u00edxel\") utilizadas para rastrear el comportamiento del usuario<br>- Almacenamiento local - almacenamiento del navegador que permite a los sitios web almacenar datos localmente en tu dispositivoScripts - c\u00f3digo que se ejecuta en tu dispositivo para proporcionar funcionalidad<br>- Para simplificar, todas estas tecnolog\u00edas se denominan \"rastreadores\" en esta pol\u00edtica, a menos que sea necesario hacer una distinci\u00f3n.\n\t\t\t\t\t<\/span>\n\t\t\t\t\t\t\t<h3 \n\t\tdata-interaction-id=\"99b1b8b\" \n\t\tclass=\"text-balance e-99b1b8b-a26350a e-heading-base\" \n\t\t \n\t\tdata-e-type=\"widget\" data-id=\"99b1b8b\"\n\t>\n\t\n\t\t\t<strong>Art\u00edculo 2: Nuestro enfoque de la privacidad como prioridad<\/strong>\n\t\t<\/h3>\n\t\t\t\t\t\t\t\t<span class=\"e-4bb81e6-3c3cf9b paragraph-small text-balance e-paragraph-base\" data-interaction-id=\"4bb81e6\"  data-e-type=\"widget\" data-id=\"4bb81e6\">\n\t\t\t\t\t\t\t\t<strong>2.1. Filosof\u00eda de rastreo m\u00ednimo<\/strong><br>Como empresa centrada en la privacidad, practicamos lo que vendemos. Nuestro enfoque sobre las cookies y el rastreo refleja nuestros valores fundamentales:<br>- No utilizamos Google Analytics ni herramientas de rastreo invasivas similares<br>- No utilizamos el p\u00edxel de Facebook, cookies publicitarias ni tecnolog\u00edas de reorientaci\u00f3n<br>- No vendemos ni compartimos datos de cookies con terceros con fines publicitariosS\u00f3lo utilizamos las cookies esenciales necesarias para la funcionalidad del sitio web<br>- Minimizamos la recopilaci\u00f3n de datos a lo estrictamente necesario <br><br><strong>2.2. Sin publicidad ni elaboraci\u00f3n de perfiles<\/strong><br>No:<br>- Elaboramos perfiles publicitarios basados en tu comportamiento de navegaci\u00f3n<br>- Te rastreamos en otros sitios web<br>- Utilizamos cookies para publicidad dirigida<br>- Compartimos tus datos con redes publicitarias<br>- Realizamos rastreos de comportamiento con fines de marketing\n\t\t\t\t\t<\/span>\n\t\t\t\t\t\t\t<h3 \n\t\tdata-interaction-id=\"9449f43\" \n\t\tclass=\"text-balance e-9449f43-3a9e75c e-heading-base\" \n\t\t \n\t\tdata-e-type=\"widget\" data-id=\"9449f43\"\n\t>\n\t\n\t\t\tArt\u00edculo 3: Cookies que utilizamos\n\t\t<\/h3>\n\t\t\t\t\t\t\t\t<span class=\"e-efda28a-7a2740a paragraph-small text-balance e-paragraph-base\" data-interaction-id=\"efda28a\"  data-e-type=\"widget\" data-id=\"efda28a\">\n\t\t\t\t\t\t\t\t<strong>3.1. Cookies estrictamente necesarias<\/strong><br>Estas cookies son esenciales para que el sitio web funcione correctamente. No se pueden desactivar, ya que son necesarias para las operaciones b\u00e1sicas del sitio. Estas cookies no almacenan ninguna informaci\u00f3n personal identificable.Finalidad:<br>- Funcionalidad de la cesta de la compra<br>- Autenticaci\u00f3n de usuarios y gesti\u00f3n de sesiones<br>- Funciones de seguridad (protecci\u00f3n CSRF)<br>- Preferencias de consentimiento de cookies<br>- Equilibrio de carga y rendimiento del sitioBase legal: inter\u00e9s leg\u00edtimo - necesario para el funcionamiento del sitio web (no se requiere consentimiento seg\u00fan el art\u00edculo 6(1)(f) del GDPR).  <br><br><strong>3.2. Cookies funcionales<\/strong><br>Estas cookies permiten una mayor funcionalidad y personalizaci\u00f3n, como recordar tus preferencias y ajustes.Finalidad:<br>- Preferencias de idioma<br>- Selecci\u00f3n de moneda<br>- Ajustes regionales<br>- Productos vistos anteriormente<br>Base legal: consentimiento - estas cookies s\u00f3lo se colocan con tu consentimiento expl\u00edcito.<br><br><strong>3.3. Cookies anal\u00edticas (m\u00ednimas)<\/strong><br>Utilizamos anal\u00edticas que respetan la privacidad para comprender c\u00f3mo utilizan los visitantes nuestro sitio web. A diferencia de las plataformas anal\u00edticas tradicionales, utilizamos herramientas que:<br>- No rastrean a usuarios individuales<br>- No utilizan cookies en absoluto, o s\u00f3lo utilizan cookies de origen<br>- No comparten datos con tercerosAgregan datos de forma an\u00f3nima <br><br>Prop\u00f3sito:<br>- Comprender las p\u00e1ginas vistas y los patrones de tr\u00e1fico<br>- Identificar problemas t\u00e9cnicos<br>- Mejorar el rendimiento del sitio web<br><br>Base jur\u00eddica: inter\u00e9s leg\u00edtimo o consentimiento (dependiendo de la aplicaci\u00f3n).\n\t\t\t\t\t<\/span>\n\t\t\t\t\t\t\t<h3 \n\t\tdata-interaction-id=\"fd1d213\" \n\t\tclass=\"text-balance e-fd1d213-22b2872 e-heading-base\" \n\t\t \n\t\tdata-e-type=\"widget\" data-id=\"fd1d213\"\n\t>\n\t\n\t\t\t<strong>Art\u00edculo 4: Servicios de terceros<\/strong>\n\t\t<\/h3>\n\t\t\t\t\t\t\t\t<span class=\"e-293685d-19c8fc8 paragraph-small text-balance e-paragraph-base\" data-interaction-id=\"293685d\"  data-e-type=\"widget\" data-id=\"293685d\">\n\t\t\t\t\t\t\t\t<strong>4.1. Procesadores de pago<\/strong><br>Cuando realizas una compra, es posible que se te redirija a procesadores de pago de terceros (como Stripe, PayPal o proveedores de pagos con criptomonedas). Estos servicios pueden establecer sus propias cookies para:<br>- Procesar tu pago de forma segura<br>- Prevenir el fraude<br>- Cumplir con los requisitos legales<br>Nosotros no controlamos estas cookies. Consulta las pol\u00edticas de privacidad de los respectivos proveedores de pago para obtener m\u00e1s informaci\u00f3n.  <br><br><strong>4.2. Entrega de contenidos<\/strong><br>Podemos utilizar los siguientes servicios para entregar contenidos de forma eficiente:<br><br>Google Fonts<br>Utilizamos Google Fonts para mostrar tipograf\u00eda en nuestro sitio web. Google puede recopilar datos de uso cuando se cargan las fuentes. Para m\u00e1s informaci\u00f3n, consulta la pol\u00edtica de privacidad de Google en policies.google.com\/privacy.  <br><br>Font Awesome<br>Utilizamos Font Awesome para los iconos. Fonticons, Inc. puede recopilar datos de uso. Para m\u00e1s informaci\u00f3n, consulta su pol\u00edtica de privacidad en fontawesome.com\/privacy.  <br><br><strong>4.3. Gesti\u00f3n<\/strong> de etiquetas<br>Google Tag Manager<br>Podemos utilizar Google Tag Manager para gestionar las etiquetas de nuestro sitio web. Google Tag Manager en s\u00ed no recopila datos personales, pero facilita el despliegue de otras etiquetas que s\u00ed pueden hacerlo. Google Tag Manager es proporcionado por Google Ireland Limited. Para m\u00e1s informaci\u00f3n, consulta la pol\u00edtica de privacidad de Google.   <br><br>\n\t\t\t\t\t<\/span>\n\t\t\t\t\t\t\t<h3 \n\t\tdata-interaction-id=\"0cbd604\" \n\t\tclass=\"text-balance e-0cbd604-b4712a9 e-heading-base\" \n\t\t \n\t\tdata-e-type=\"widget\" data-id=\"0cbd604\"\n\t>\n\t\n\t\t\t<strong>Art\u00edculo 5: Detalles espec\u00edficos de las cookies<\/strong>\n\t\t<\/h3>\n\t\t\t\t\t\t\t\t<span class=\"e-6d085d1-dd25508 paragraph-small text-balance e-paragraph-base\" data-interaction-id=\"6d085d1\"  data-e-type=\"widget\" data-id=\"6d085d1\">\n\t\t\t\t\t\t\t\t<strong>5.1. Cookies esenciales<\/strong><br>Cookiename: woocommerce_cart_hash<br>Finalidad: Almacena el hash del contenido del carrito<br>Duraci\u00f3n: Sesi\u00f3n<br><br>Cookiename: woocommerce_items_in_cart<br>Finalidad: Indica los art\u00edculos en la cesta<br>Duraci\u00f3n: Sesi\u00f3n<br><br>Cookiename: wp_woocommerce_session_*<br>Finalidad: Identificador de sesi\u00f3n de usuario<br>Duraci\u00f3n: 2 d\u00edas<br><br>Cookiename: PHPSESSID<br>Prop\u00f3sito: Identificador de sesi\u00f3n de servidor<br>Duraci\u00f3n: Sesi\u00f3n<br><br>Cookiename: wordpress_logged_in_*<br>Prop\u00f3sito: Estado de inicio de sesi\u00f3n del usuario<br>Duraci\u00f3n: Sesi\u00f3n \/ 14 d\u00edas<br><br><strong>5.2. Cookie de consentimiento<\/strong><br>Nombre de la cookie: cookie_consent<br>Finalidad: Almacena tus preferencias sobre cookies<br>Duraci\u00f3n: 1 a\u00f1o\n\t\t\t\t\t<\/span>\n\t\t\t\t\t\t\t<h3 \n\t\tdata-interaction-id=\"4b7467d\" \n\t\tclass=\"text-balance e-4b7467d-76dee35 e-heading-base\" \n\t\t \n\t\tdata-e-type=\"widget\" data-id=\"4b7467d\"\n\t>\n\t\n\t\t\t<strong>Art\u00edculo 6: Tus opciones y derechos<\/strong>\n\t\t<\/h3>\n\t\t\t\t\t\t\t\t<span class=\"e-57f702f-da55231 paragraph-small text-balance e-paragraph-base\" data-interaction-id=\"57f702f\"  data-e-type=\"widget\" data-id=\"57f702f\">\n\t\t\t\t\t\t\t\t<strong>6.1. Consentimiento de cookies<\/strong><br>Cuando visites nuestro sitio web por primera vez, ver\u00e1s un banner de consentimiento de cookies que te permitir\u00e1:<br>- Aceptar todo - permitir todas las cookies, incluidas las opcionales<br>- Rechazar todo - desactivar todas las cookies no esenciales<br>- Gestionar preferencias - elegir qu\u00e9 categor\u00edas de cookies quieres permitir<br>Puedes cambiar tus preferencias en cualquier momento haciendo clic en el enlace de configuraci\u00f3n de cookies que aparece en el pie de p\u00e1gina de nuestro sitio web.<br><br><strong>6.2. Configuraci\u00f3n del navegador<\/strong><br>Puedes controlar las cookies a trav\u00e9s de la configuraci\u00f3n de tu navegador. La mayor\u00eda de los navegadores te permiten:<br>- Ver qu\u00e9 cookies se almacenan en tu dispositivo<br>- Eliminar cookies individuales o todas las cookies<br>- Bloquear cookies de terceros<br>- Bloquear todas las cookies de sitios web espec\u00edficos<br>- Bloquear todas las cookies por completo <br><br>Instrucciones espec\u00edficas para cada navegador:<br>- Chrome: Configuraci\u00f3n \u2192 Privacidad y seguridad \u2192 Cookies<br>- Firefox: Configuraci\u00f3n \u2192 Privacidad y seguridad \u2192 Cookies<br>- Safari: Preferencias \u2192 Privacidad \u2192 Cookies<br>- Edge: Configuraci\u00f3n \u2192 Cookies y permisos del sitio<br>Nota: bloquear las cookies esenciales puede impedir que algunas funciones de nuestro sitio web funcionen correctamente.<br><br><strong>6.3. No rastrear<\/strong><br>Algunos navegadores ofrecen una funci\u00f3n de \"no rastrear\" (DNT) que indica a los sitios web que no quieres ser rastreado. Como empresa centrada en la privacidad, respetamos las se\u00f1ales DNT siempre que sea t\u00e9cnicamente posible y no participamos en el rastreo entre sitios web, independientemente de tu configuraci\u00f3n DNT. <br><br><strong>6.4. Enlaces de exclusi\u00f3n voluntaria<\/strong><br>Puedes excluirte del seguimiento de determinados terceros a trav\u00e9s de estos enlaces:<br>- Google: tools.google.com\/dlpage\/gaoptout<br>- Network Advertising Initiative: optout.networkadvertising.org<br>- Digital Advertising Alliance: optout.aboutads.info<br>- European Digital Advertising Alliance: youronlinechoices.eu\n\t\t\t\t\t<\/span>\n\t\t\t\t\t\t\t<h3 \n\t\tdata-interaction-id=\"c0e8699\" \n\t\tclass=\"text-balance e-c0e8699-3a25c22 e-heading-base\" \n\t\t \n\t\tdata-e-type=\"widget\" data-id=\"c0e8699\"\n\t>\n\t\n\t\t\t<strong>Art\u00edculo 7: Base jur\u00eddica y cumplimiento<\/strong>\n\t\t<\/h3>\n\t\t\t\t\t\t\t\t<span class=\"e-1af4a59-4a47479 paragraph-small text-balance e-paragraph-base\" data-interaction-id=\"1af4a59\"  data-e-type=\"widget\" data-id=\"1af4a59\">\n\t\t\t\t\t\t\t\t<strong>7.1. Cumplimiento del GDPR<\/strong><br>Seg\u00fan el Reglamento General de Protecci\u00f3n de Datos (GDPR), procesamos los datos de las cookies bas\u00e1ndonos en:<br>- Inter\u00e9s leg\u00edtimo (Art\u00edculo 6(1)(f)) - para las cookies estrictamente necesarias requeridas para el funcionamiento del sitio web<br>- Consentimiento (Art\u00edculo 6(1)(a)) - para todas las cookies no esenciales, incluidas las cookies funcionales y anal\u00edticas<br>Tienes derecho a retirar tu consentimiento en cualquier momento. La retirada del consentimiento no afecta a la legalidad del tratamiento basado en el consentimiento previo a su retirada. <br><br><strong>7.2. Directiva sobre la privacidad y las comunicaciones electr\u00f3nicas<\/strong><br>De conformidad con la Directiva sobre la privacidad y las comunicaciones electr\u00f3nicas (2002\/58\/CE) en su versi\u00f3n modificada, nosotros:<br>- Proporcionamos informaci\u00f3n clara sobre las cookies antes de su instalaci\u00f3n<br>- Obtenemos el consentimiento antes de instalar cookies no esenciales<br>- Permitimos a los usuarios rechazar o retirar el consentimiento f\u00e1cilmente<br>- No condicionamos el acceso a nuestros servicios al consentimiento de cookies no esenciales<br><br><strong>7.3. LSSI-CE espa\u00f1ola<\/strong><br>Cumplimos con la Ley 34\/2002 de Servicios de la Sociedad de la Informaci\u00f3n y Comercio Electr\u00f3nico (LSSI-CE), que implementa los requisitos de la UE sobre cookies en Espa\u00f1a. Esto incluye proporcionar informaci\u00f3n clara sobre las cookies y obtener el consentimiento informado cuando sea necesario. \n\t\t\t\t\t<\/span>\n\t\t\t\t\t\t\t<h3 \n\t\tdata-interaction-id=\"2229a78\" \n\t\tclass=\"text-balance e-2229a78-60926f4 e-heading-base\" \n\t\t \n\t\tdata-e-type=\"widget\" data-id=\"2229a78\"\n\t>\n\t\n\t\t\t<strong>Art\u00edculo 8: Conservaci\u00f3n de datos<\/strong>\n\t\t<\/h3>\n\t\t\t\t\t\t\t\t<span class=\"e-c857bb7-0c8d718 paragraph-small text-balance e-paragraph-base\" data-interaction-id=\"c857bb7\"  data-e-type=\"widget\" data-id=\"c857bb7\">\n\t\t\t\t\t\t\t\tLos datos de las cookies se conservan durante periodos variables en funci\u00f3n del tipo de cookie:<br>- Cookies de sesi\u00f3n: se eliminan cuando cierras el navegador<br>- Cookies persistentes: se conservan durante el periodo especificado en los detalles de las cookies anteriores<br>- Registros de consentimiento: se conservan durante 3 a\u00f1os para demostrar el cumplimiento de los requisitos legales<br>Puedes eliminar las cookies en cualquier momento a trav\u00e9s de la configuraci\u00f3n de tu navegador.\n\t\t\t\t\t<\/span>\n\t\t\t\t\t\t\t<h3 \n\t\tdata-interaction-id=\"d810fa5\" \n\t\tclass=\"text-balance e-d810fa5-f2eef49 e-heading-base\" \n\t\t \n\t\tdata-e-type=\"widget\" data-id=\"d810fa5\"\n\t>\n\t\n\t\t\t<strong>Art\u00edculo 9: Cambios en esta pol\u00edtica<\/strong>\n\t\t<\/h3>\n\t\t\t\t\t\t\t\t<span class=\"e-308a023-28b2257 paragraph-small text-balance e-paragraph-base\" data-interaction-id=\"308a023\"  data-e-type=\"widget\" data-id=\"308a023\">\n\t\t\t\t\t\t\t\tEs posible que actualicemos esta pol\u00edtica de cookies de vez en cuando para reflejar cambios en:<br>- Las cookies que utilizamosRequisitos legales o normativos<br>- Nuestras pr\u00e1cticas empresariales<br><br>Cuando realicemos cambios materiales, haremos lo siguiente:<br>- Actualizaremos la fecha de \"\u00faltima actualizaci\u00f3n\" en la parte superior de esta pol\u00edtica<br>- Mostraremos un aviso en nuestro sitio web<br>- Restableceremos las preferencias de consentimiento de cookies cuando proceda<br>Te recomendamos que revises esta pol\u00edtica peri\u00f3dicamente.\n\t\t\t\t\t<\/span>\n\t\t\t\t\t\t\t<h3 \n\t\tdata-interaction-id=\"1d9b7fb\" \n\t\tclass=\"text-balance e-1d9b7fb-7fbb520 e-heading-base\" \n\t\t \n\t\tdata-e-type=\"widget\" data-id=\"1d9b7fb\"\n\t>\n\t\n\t\t\t<strong>Art\u00edculo 10: Contacto<\/strong>\n\t\t<\/h3>\n\t\t\t\t\t\t\t\t<span class=\"e-9f58c3a-9c3e1e0 paragraph-small text-balance e-paragraph-base\" data-interaction-id=\"9f58c3a\"  data-e-type=\"widget\" data-id=\"9f58c3a\">\n\t\t\t\t\t\t\t\tSi tienes alguna pregunta sobre esta pol\u00edtica de cookies o sobre nuestro uso de las cookies, ponte en contacto con nosotros:<br><br><strong>Entidad legal<\/strong>: Grupo Pladinum SL (Cryptvice)<br><strong>Direcci\u00f3n<\/strong>: Avenida de Manolete 3a, 29660 Marbella, M\u00e1laga, Espa\u00f1a<br><strong>Correo electr\u00f3nico<\/strong>: contact@cryptvice.comWebsite: www.cryptvice.com<br><br>Para consultas generales sobre protecci\u00f3n de datos, consulta nuestra pol\u00edtica de privacidad o ponte en contacto con nuestro contacto de protecci\u00f3n de datos en contact@cryptvice.com.\n\t\t\t\t\t<\/span>\n\t\t\t\t\t\t\t<h3 \n\t\tdata-interaction-id=\"4619eb5\" \n\t\tclass=\"text-balance e-4619eb5-f22ee7a e-heading-base\" \n\t\t \n\t\tdata-e-type=\"widget\" data-id=\"4619eb5\"\n\t>\n\t\n\t\t\tPol\u00edticas relacionadas\n\t\t<\/h3>\n\t\t\t\t\t\t\t\t<span class=\"e-3988e5a-0b24f3d paragraph-small text-balance e-paragraph-base\" data-interaction-id=\"3988e5a\"  data-e-type=\"widget\" data-id=\"3988e5a\">\n\t\t\t\t\t\t\t\tEsta cl\u00e1usula de exenci\u00f3n de responsabilidad debe leerse junto con:<br>- T\u00e9rminos y condiciones - t\u00e9rminos que rigen las compras y los servicios<br>- Pol\u00edtica de privacidad - c\u00f3mo recopilamos y procesamos los datos personales<br>- Pol\u00edtica de cookies - informaci\u00f3n sobre cookies y seguimiento<br>- Pol\u00edtica de env\u00edos y devoluciones - informaci\u00f3n sobre env\u00edos y devoluciones\n\t\t\t\t\t<\/span>\n\t\t\t\t<\/div>\n\t\t\t\t<\/div>\n\t\t","protected":false},"excerpt":{"rendered":"<p>No nos gustan las galletas Esta pol\u00edtica de cookies explica c\u00f3mo Pladinum Group SL, que opera como Cryptvice (\u00abCryptvice\u00bb, \u00abnosotros\u00bb,<\/p>\n","protected":false},"author":590,"featured_media":0,"parent":59580,"menu_order":2,"comment_status":"closed","ping_status":"closed","template":"","meta":{"footnotes":""},"class_list":["post-60063","page","type-page","status-publish","hentry"],"_links":{"self":[{"href":"https:\/\/www.cryptvice.com\/es\/wp-json\/wp\/v2\/pages\/60063","targetHints":{"allow":["GET"]}}],"collection":[{"href":"https:\/\/www.cryptvice.com\/es\/wp-json\/wp\/v2\/pages"}],"about":[{"href":"https:\/\/www.cryptvice.com\/es\/wp-json\/wp\/v2\/types\/page"}],"author":[{"embeddable":true,"href":"https:\/\/www.cryptvice.com\/es\/wp-json\/wp\/v2\/users\/590"}],"replies":[{"embeddable":true,"href":"https:\/\/www.cryptvice.com\/es\/wp-json\/wp\/v2\/comments?post=60063"}],"version-history":[{"count":3,"href":"https:\/\/www.cryptvice.com\/es\/wp-json\/wp\/v2\/pages\/60063\/revisions"}],"predecessor-version":[{"id":72830,"href":"https:\/\/www.cryptvice.com\/es\/wp-json\/wp\/v2\/pages\/60063\/revisions\/72830"}],"up":[{"embeddable":true,"href":"https:\/\/www.cryptvice.com\/es\/wp-json\/wp\/v2\/pages\/59580"}],"wp:attachment":[{"href":"https:\/\/www.cryptvice.com\/es\/wp-json\/wp\/v2\/media?parent=60063"}],"curies":[{"name":"wp","href":"https:\/\/api.w.org\/{rel}","templated":true}]}}