{"id":62529,"date":"2024-05-15T20:46:09","date_gmt":"2024-05-15T18:46:09","guid":{"rendered":"https:\/\/www.cryptvice.com\/shop\/iphone-14-privacy-screen-protector\/"},"modified":"2026-03-13T10:31:10","modified_gmt":"2026-03-13T08:31:10","slug":"iphone-14-privacy-screen-protector","status":"publish","type":"product","link":"https:\/\/www.cryptvice.com\/es\/shop\/iphone-14-privacy-screen-protector\/","title":{"rendered":"iPhone 14 &#8211; Protector de pantalla de privacidad"},"content":{"rendered":"\t\t<div data-elementor-type=\"product-post\" data-elementor-id=\"62529\" class=\"elementor elementor-62529 elementor-11058\" data-elementor-post-type=\"product\">\n\t\t\t\t<div class=\"wd-negative-gap elementor-element elementor-element-6e20b591 e-flex e-con-boxed e-con e-parent\" data-id=\"6e20b591\" data-element_type=\"container\" data-e-type=\"container\">\n\t\t\t\t\t<div class=\"e-con-inner\">\n\t\t\t\t\t<\/div>\n\t\t\t\t<\/div>\n\t\t\t\t<\/div>\n\t\t","protected":false},"excerpt":{"rendered":"<p>iPhone 14 &#8211; Protector de pantalla de privacidad con filtro antiesp\u00eda de microl\u00e1minas y deslizador de c\u00e1mara frontal integrado. Hace que tu pantalla sea ilegible desde \u00e1ngulos laterales mientras mantiene toda la claridad de frente. Desliza la cubierta para bloquear la c\u00e1mara frontal. Face ID y todos los gestos t\u00e1ctiles funcionan sin interferencias.   <\/p>\n<p>\u2713 Cristal templado de dureza 9H con filtro antiesp\u00eda<br \/>\n\u2713 Tapa deslizante de la c\u00e1mara frontal integrada en el cristal<br \/>\n\u2713 Face ID funciona perfectamente a trav\u00e9s del cristal<br \/>\n\u2713 El revestimiento oleof\u00f3bico resiste las huellas dactilares<br \/>\n\u2713 Corte personalizado para el iPhone 14<\/p>\n","protected":false},"featured_media":45773,"comment_status":"closed","ping_status":"closed","template":"","meta":[],"product_brand":[],"product_cat":[2434],"product_tag":[],"class_list":{"0":"post-62529","1":"product","2":"type-product","3":"status-publish","4":"has-post-thumbnail","6":"product_cat-protectores-de-pantalla","7":"product_shipping_class-paquete-buzon-herramientas-de-privacidad","9":"first","10":"instock","11":"taxable","12":"shipping-taxable","13":"purchasable","14":"product-type-simple"},"_links":{"self":[{"href":"https:\/\/www.cryptvice.com\/es\/wp-json\/wp\/v2\/product\/62529","targetHints":{"allow":["GET"]}}],"collection":[{"href":"https:\/\/www.cryptvice.com\/es\/wp-json\/wp\/v2\/product"}],"about":[{"href":"https:\/\/www.cryptvice.com\/es\/wp-json\/wp\/v2\/types\/product"}],"replies":[{"embeddable":true,"href":"https:\/\/www.cryptvice.com\/es\/wp-json\/wp\/v2\/comments?post=62529"}],"version-history":[{"count":0,"href":"https:\/\/www.cryptvice.com\/es\/wp-json\/wp\/v2\/product\/62529\/revisions"}],"wp:featuredmedia":[{"embeddable":true,"href":"https:\/\/www.cryptvice.com\/es\/wp-json\/wp\/v2\/media\/45773"}],"wp:attachment":[{"href":"https:\/\/www.cryptvice.com\/es\/wp-json\/wp\/v2\/media?parent=62529"}],"wp:term":[{"taxonomy":"product_brand","embeddable":true,"href":"https:\/\/www.cryptvice.com\/es\/wp-json\/wp\/v2\/product_brand?post=62529"},{"taxonomy":"product_cat","embeddable":true,"href":"https:\/\/www.cryptvice.com\/es\/wp-json\/wp\/v2\/product_cat?post=62529"},{"taxonomy":"product_tag","embeddable":true,"href":"https:\/\/www.cryptvice.com\/es\/wp-json\/wp\/v2\/product_tag?post=62529"}],"curies":[{"name":"wp","href":"https:\/\/api.w.org\/{rel}","templated":true}]}}