{"id":63283,"date":"2025-06-13T10:51:01","date_gmt":"2025-06-13T08:51:01","guid":{"rendered":"https:\/\/www.cryptvice.com\/shop\/iphone-14-plus-case-nillkin-camshield-camera-slider\/"},"modified":"2026-03-13T10:35:54","modified_gmt":"2026-03-13T08:35:54","slug":"iphone-14-plus-case-nillkin-camshield-camera-slider","status":"publish","type":"product","link":"https:\/\/www.cryptvice.com\/es\/shop\/iphone-14-plus-case-nillkin-camshield-camera-slider\/","title":{"rendered":"Funda iPhone 14 Plus &#8211; Nillkin CamShield Camera Slider"},"content":{"rendered":"\t\t<div data-elementor-type=\"product-post\" data-elementor-id=\"63283\" class=\"elementor elementor-63283 elementor-43597\" data-elementor-post-type=\"product\">\n\t\t\t\t<div class=\"wd-negative-gap elementor-element elementor-element-609834c5 e-flex e-con-boxed e-con e-parent\" data-id=\"609834c5\" data-element_type=\"container\" data-e-type=\"container\">\n\t\t\t\t\t<div class=\"e-con-inner\">\n\t\t\t\t\t<\/div>\n\t\t\t\t<\/div>\n\t\t\t\t<\/div>\n\t\t","protected":false},"excerpt":{"rendered":"<p>Funda Nillkin CamShield para iPhone 14 Plus con tapa deslizante para proteger la privacidad de la c\u00e1mara. La duradera parte trasera de PC con parachoques de TPU protege el gran formato de las ca\u00eddas. Desliza la tapa para bloquear o exponer la doble c\u00e1mara.  <\/p>\n<p>\u2713 La tapa deslizante de la c\u00e1mara bloquea las dos lentes traseras<br \/>\n\u2713 Parte trasera de PC resistente con marco de TPU flexible<br \/>\n\u2713 Los bordes elevados protegen la pantalla de 6,7 pulgadas y las c\u00e1maras<br \/>\n\u2713 Textura mate: antiaceite y agarre seguro<br \/>\n\u2713 Fabricado para el iPhone 14 Plus<\/p>\n","protected":false},"featured_media":58240,"comment_status":"closed","ping_status":"closed","template":"","meta":[],"product_brand":[],"product_cat":[1840],"product_tag":[],"class_list":{"0":"post-63283","1":"product","2":"type-product","3":"status-publish","4":"has-post-thumbnail","6":"product_cat-caso","7":"product_shipping_class-paquete-buzon-herramientas-de-privacidad","9":"first","10":"instock","11":"taxable","12":"shipping-taxable","13":"purchasable","14":"product-type-simple"},"_links":{"self":[{"href":"https:\/\/www.cryptvice.com\/es\/wp-json\/wp\/v2\/product\/63283","targetHints":{"allow":["GET"]}}],"collection":[{"href":"https:\/\/www.cryptvice.com\/es\/wp-json\/wp\/v2\/product"}],"about":[{"href":"https:\/\/www.cryptvice.com\/es\/wp-json\/wp\/v2\/types\/product"}],"replies":[{"embeddable":true,"href":"https:\/\/www.cryptvice.com\/es\/wp-json\/wp\/v2\/comments?post=63283"}],"version-history":[{"count":0,"href":"https:\/\/www.cryptvice.com\/es\/wp-json\/wp\/v2\/product\/63283\/revisions"}],"wp:featuredmedia":[{"embeddable":true,"href":"https:\/\/www.cryptvice.com\/es\/wp-json\/wp\/v2\/media\/58240"}],"wp:attachment":[{"href":"https:\/\/www.cryptvice.com\/es\/wp-json\/wp\/v2\/media?parent=63283"}],"wp:term":[{"taxonomy":"product_brand","embeddable":true,"href":"https:\/\/www.cryptvice.com\/es\/wp-json\/wp\/v2\/product_brand?post=63283"},{"taxonomy":"product_cat","embeddable":true,"href":"https:\/\/www.cryptvice.com\/es\/wp-json\/wp\/v2\/product_cat?post=63283"},{"taxonomy":"product_tag","embeddable":true,"href":"https:\/\/www.cryptvice.com\/es\/wp-json\/wp\/v2\/product_tag?post=63283"}],"curies":[{"name":"wp","href":"https:\/\/api.w.org\/{rel}","templated":true}]}}