{"id":63411,"date":"2025-06-13T11:30:17","date_gmt":"2025-06-13T09:30:17","guid":{"rendered":"https:\/\/www.cryptvice.com\/shop\/iphone-14-plus-privacy-screen-protector\/"},"modified":"2026-03-13T10:36:51","modified_gmt":"2026-03-13T08:36:51","slug":"iphone-14-plus-privacy-screen-protector","status":"publish","type":"product","link":"https:\/\/www.cryptvice.com\/es\/shop\/iphone-14-plus-privacy-screen-protector\/","title":{"rendered":"iPhone 14 Plus &#8211; Protector de pantalla de privacidad"},"content":{"rendered":"\t\t<div data-elementor-type=\"product-post\" data-elementor-id=\"63411\" class=\"elementor elementor-63411 elementor-43608\" data-elementor-post-type=\"product\">\n\t\t\t\t<div class=\"wd-negative-gap elementor-element elementor-element-761e2ec7 e-flex e-con-boxed e-con e-parent\" data-id=\"761e2ec7\" data-element_type=\"container\" data-e-type=\"container\">\n\t\t\t\t\t<div class=\"e-con-inner\">\n\t\t\t\t\t<\/div>\n\t\t\t\t<\/div>\n\t\t\t\t<\/div>\n\t\t","protected":false},"excerpt":{"rendered":"<p>iPhone 14 Plus &#8211; Protector de pantalla de privacidad con filtro antiesp\u00eda y tapa deslizante para la c\u00e1mara frontal. La gran pantalla de 6,7 pulgadas es f\u00e1cil de leer desde \u00e1ngulos amplios: este cristal lo soluciona. La tapa deslizante de la c\u00e1mara bloquea f\u00edsicamente la lente frontal. Face ID funciona con normalidad.   <\/p>\n<p>\u2713 Cristal templado 9H con capa de privacidad de microrrejilla<br \/>\n\u2713 Control deslizante de la c\u00e1mara frontal integrado en el cristal<br \/>\n\u2713 El reconocimiento Face ID no se ve afectado<br \/>\n\u2713 Superficie oleof\u00f3bica resistente a las huellas<br \/>\n\u2713 Ajuste de precisi\u00f3n para el iPhone 14 Plus<\/p>\n","protected":false},"featured_media":45916,"comment_status":"closed","ping_status":"closed","template":"","meta":[],"product_brand":[],"product_cat":[2434],"product_tag":[],"class_list":{"0":"post-63411","1":"product","2":"type-product","3":"status-publish","4":"has-post-thumbnail","6":"product_cat-protectores-de-pantalla","7":"product_shipping_class-paquete-buzon-herramientas-de-privacidad","9":"first","10":"instock","11":"taxable","12":"shipping-taxable","13":"purchasable","14":"product-type-simple"},"_links":{"self":[{"href":"https:\/\/www.cryptvice.com\/es\/wp-json\/wp\/v2\/product\/63411","targetHints":{"allow":["GET"]}}],"collection":[{"href":"https:\/\/www.cryptvice.com\/es\/wp-json\/wp\/v2\/product"}],"about":[{"href":"https:\/\/www.cryptvice.com\/es\/wp-json\/wp\/v2\/types\/product"}],"replies":[{"embeddable":true,"href":"https:\/\/www.cryptvice.com\/es\/wp-json\/wp\/v2\/comments?post=63411"}],"version-history":[{"count":0,"href":"https:\/\/www.cryptvice.com\/es\/wp-json\/wp\/v2\/product\/63411\/revisions"}],"wp:featuredmedia":[{"embeddable":true,"href":"https:\/\/www.cryptvice.com\/es\/wp-json\/wp\/v2\/media\/45916"}],"wp:attachment":[{"href":"https:\/\/www.cryptvice.com\/es\/wp-json\/wp\/v2\/media?parent=63411"}],"wp:term":[{"taxonomy":"product_brand","embeddable":true,"href":"https:\/\/www.cryptvice.com\/es\/wp-json\/wp\/v2\/product_brand?post=63411"},{"taxonomy":"product_cat","embeddable":true,"href":"https:\/\/www.cryptvice.com\/es\/wp-json\/wp\/v2\/product_cat?post=63411"},{"taxonomy":"product_tag","embeddable":true,"href":"https:\/\/www.cryptvice.com\/es\/wp-json\/wp\/v2\/product_tag?post=63411"}],"curies":[{"name":"wp","href":"https:\/\/api.w.org\/{rel}","templated":true}]}}