{"id":63482,"date":"2025-06-13T10:48:45","date_gmt":"2025-06-13T08:48:45","guid":{"rendered":"https:\/\/www.cryptvice.com\/shop\/iphone-14-pro-max-case-nillkin-camshield-camera-slider\/"},"modified":"2026-03-13T10:37:15","modified_gmt":"2026-03-13T08:37:15","slug":"iphone-14-pro-max-case-nillkin-camshield-camera-slider","status":"publish","type":"product","link":"https:\/\/www.cryptvice.com\/es\/shop\/iphone-14-pro-max-case-nillkin-camshield-camera-slider\/","title":{"rendered":"Funda iPhone 14 Pro Max - Nillkin CamShield Camera Slider"},"content":{"rendered":"\t\t<div data-elementor-type=\"product-post\" data-elementor-id=\"63482\" class=\"elementor elementor-63482 elementor-43595\" data-elementor-post-type=\"product\">\n\t\t\t\t<div class=\"wd-negative-gap elementor-element elementor-element-38f73fd4 e-flex e-con-boxed e-con e-parent\" data-id=\"38f73fd4\" data-element_type=\"container\" data-e-type=\"container\">\n\t\t\t\t\t<div class=\"e-con-inner\">\n\t\t\t\t\t<\/div>\n\t\t\t\t<\/div>\n\t\t\t\t<\/div>\n\t\t","protected":false},"excerpt":{"rendered":"<p>Funda iPhone 14 Pro Max - Nillkin CamShield Camera Slider con tapa deslizante para el sistema de triple c\u00e1mara y el esc\u00e1ner LiDAR. La construcci\u00f3n de PC y TPU soporta ca\u00eddas en el factor de forma Pro m\u00e1s grande. Un solo deslizamiento cubre los cuatro sensores traseros a la vez.  <\/p>\n<p>\u2713 Tapa deslizante completa de triple c\u00e1mara + LiDAR<br \/>\n\u2713 Parte trasera de PC r\u00edgido con parachoques antigolpes de TPU<br \/>\n\u2713 Biseles elevados para la pantalla de 6,7 pulgadas y la c\u00e1mara<br \/>\n\u2713 Acabado mate antideslizante - resistente a las huellas dactilares<br \/>\n\u2713 Moldeado con precisi\u00f3n para el iPhone 14 Pro Max<\/p>\n","protected":false},"featured_media":58270,"comment_status":"closed","ping_status":"closed","template":"","meta":[],"product_brand":[],"product_cat":[1840],"product_tag":[],"class_list":{"0":"post-63482","1":"product","2":"type-product","3":"status-publish","4":"has-post-thumbnail","6":"product_cat-caso","7":"product_shipping_class-paquete-buzon-herramientas-de-privacidad","9":"first","10":"instock","11":"taxable","12":"shipping-taxable","13":"purchasable","14":"product-type-simple"},"_links":{"self":[{"href":"https:\/\/www.cryptvice.com\/es\/wp-json\/wp\/v2\/product\/63482","targetHints":{"allow":["GET"]}}],"collection":[{"href":"https:\/\/www.cryptvice.com\/es\/wp-json\/wp\/v2\/product"}],"about":[{"href":"https:\/\/www.cryptvice.com\/es\/wp-json\/wp\/v2\/types\/product"}],"replies":[{"embeddable":true,"href":"https:\/\/www.cryptvice.com\/es\/wp-json\/wp\/v2\/comments?post=63482"}],"version-history":[{"count":0,"href":"https:\/\/www.cryptvice.com\/es\/wp-json\/wp\/v2\/product\/63482\/revisions"}],"wp:featuredmedia":[{"embeddable":true,"href":"https:\/\/www.cryptvice.com\/es\/wp-json\/wp\/v2\/media\/58270"}],"wp:attachment":[{"href":"https:\/\/www.cryptvice.com\/es\/wp-json\/wp\/v2\/media?parent=63482"}],"wp:term":[{"taxonomy":"product_brand","embeddable":true,"href":"https:\/\/www.cryptvice.com\/es\/wp-json\/wp\/v2\/product_brand?post=63482"},{"taxonomy":"product_cat","embeddable":true,"href":"https:\/\/www.cryptvice.com\/es\/wp-json\/wp\/v2\/product_cat?post=63482"},{"taxonomy":"product_tag","embeddable":true,"href":"https:\/\/www.cryptvice.com\/es\/wp-json\/wp\/v2\/product_tag?post=63482"}],"curies":[{"name":"wp","href":"https:\/\/api.w.org\/{rel}","templated":true}]}}