{"id":63614,"date":"2025-06-09T08:57:40","date_gmt":"2025-06-09T06:57:40","guid":{"rendered":"https:\/\/www.cryptvice.com\/shop\/google-pixel-9-pro-grapheneos-vpn-encrypted\/"},"modified":"2026-04-16T13:16:35","modified_gmt":"2026-04-16T11:16:35","slug":"google-pixel-9-pro-grapheneos-vpn-encrypted","status":"publish","type":"product","link":"https:\/\/www.cryptvice.com\/es\/shop\/google-pixel-9-pro-grapheneos-vpn-encrypted\/","title":{"rendered":"Google Pixel 9 Pro GrapheneOS VPN encriptada"},"content":{"rendered":"\t\t<div data-elementor-type=\"product-post\" data-elementor-id=\"63614\" class=\"elementor elementor-63614 elementor-42913\" data-elementor-post-type=\"product\">\n\t\t\t\t<div class=\"wd-negative-gap elementor-element elementor-element-1699cf26 e-flex e-con-boxed e-con e-parent\" data-id=\"1699cf26\" data-element_type=\"container\" data-e-type=\"container\">\n\t\t\t\t\t<div class=\"e-con-inner\">\n\t\t\t\t\t\t\t<h2 \n\t\tdata-interaction-id=\"2af3da93\" \n\t\tclass=\"text-balance e-2af3da93-1e0f6dd e-heading-base\" \n\t\t \n\t\tdata-e-type=\"widget\" data-id=\"2af3da93\"\n\t>\n\t\n\t\t\t\u00bfPara qui\u00e9n es el Google Pixel 9 Pro GrapheneOS?\n\t\t<\/h2>\n\t\t\t\t\t\t\t\t<p class=\"paragraph-small e-paragraph-base\" data-interaction-id=\"c38bf93\"  data-e-type=\"widget\" data-id=\"c38bf93\">\n\t\t\t\t\t\t\t\tEl Google Pixel 9 Pro GrapheneOS VPN Encrypted est\u00e1 configurado para usuarios que exigen un rendimiento emblem\u00e1tico junto con una privacidad sin concesiones:<br><br>- Periodistas que protegen fuentes y comunicaciones sensibles<br>- Ejecutivos que manejan informaci\u00f3n empresarial confidencial<br>- Activistas que operan en entornos de alta vigilancia<br>- Profesionales del derecho que exigen confidencialidad a sus clientes<br>- Investigadores de seguridad que necesitan una plataforma m\u00f3vil de confianza<br><br>El Pixel 9 Pro combina el \u00faltimo procesador Tensor G4 con la seguridad Titan M2, ofreciendo un rendimiento de primera sin concesiones en cuanto a privacidad.\n\t\t\t\t\t<\/p>\n\t\t\t\t\t\t\t<h2 \n\t\tdata-interaction-id=\"29431187\" \n\t\tclass=\"text-balance e-29431187-a8ba576 e-heading-base\" \n\t\t \n\t\tdata-e-type=\"widget\" data-id=\"29431187\"\n\t>\n\t\n\t\t\tGrapheneOS en Pixel 9 Pro\n\t\t<\/h2>\n\t\t\t\t\t\t\t\t<p class=\"paragraph-small e-paragraph-base\" data-interaction-id=\"770fcff7\"  data-e-type=\"widget\" data-id=\"770fcff7\">\n\t\t\t\t\t\t\t\tCada Pixel 9 Pro se prepara con una instalaci\u00f3n verificada de GrapheneOS:<br><br>- Nueva instalaci\u00f3n con comprobaciones de integridad criptogr\u00e1fica<br>- Cargador de arranque protegido para un arranque verificado<br>- Eliminaci\u00f3n de todos los servicios y telemetr\u00eda de Google<br>- Sistema reforzado contra vectores de ataque conocidos<br>- Rendimiento ajustado a las capacidades del hardware del buque insignia<br><br>GrapheneOS recibe actualizaciones continuas, con soporte para Pixel 9 Pro hasta 2031.\n\t\t\t\t\t<\/p>\n\t\t\t\t\t\t\t<h2 \n\t\tdata-interaction-id=\"33f01f74\" \n\t\tclass=\"text-balance e-33f01f74-326a4e7 e-heading-base\" \n\t\t \n\t\tdata-e-type=\"widget\" data-id=\"33f01f74\"\n\t>\n\t\n\t\t\tEndurecimiento de aplicaciones en Pixel 9 Pro\n\t\t<\/h2>\n\t\t\t\t\t\t\t\t<p class=\"paragraph-small e-paragraph-base\" data-interaction-id=\"61a6d5ba\"  data-e-type=\"widget\" data-id=\"61a6d5ba\">\n\t\t\t\t\t\t\t\tLas aplicaciones de privacidad se someten a una configuraci\u00f3n individual en cada dispositivo:<br><br>- Estructuras de permisos minimizadas por aplicaci\u00f3n<br>- Procesos en segundo plano restringidos para evitar la fuga de datos<br>- Comportamiento en red controlado a nivel de aplicaci\u00f3n<br>- Sandboxing aplicado entre aplicaciones<br>- Acceso al almacenamiento aislado para la protecci\u00f3n de datos sensibles<br><br>Este enfoque pr\u00e1ctico garantiza que cada Pixel 9 Pro cumple los requisitos de seguridad profesionales.\n\t\t\t\t\t<\/p>\n\t\t\t\t\t\t\t<h2 \n\t\tdata-interaction-id=\"1c2e0f9e\" \n\t\tclass=\"text-balance e-1c2e0f9e-2dc8eb1 e-heading-base\" \n\t\t \n\t\tdata-e-type=\"widget\" data-id=\"1c2e0f9e\"\n\t>\n\t\n\t\t\tConectividad VPN encriptada\n\t\t<\/h2>\n\t\t\t\t\t\t\t\t<p class=\"paragraph-small e-paragraph-base\" data-interaction-id=\"447c11ae\"  data-e-type=\"widget\" data-id=\"447c11ae\">\n\t\t\t\t\t\t\t\tSelecciona tu proveedor preferido durante el pago:<br><br>- Mullvad - cuentas an\u00f3nimas, sin registro de correo electr\u00f3nico, jurisdicci\u00f3n sueca<br>- iVPN - enrutamiento multisalto, cliente de c\u00f3digo abierto auditado, con sede en Gibraltar<br>- ProtonVPN - protecci\u00f3n legal suiza, enrutamiento de red Secure Core<br><br>Tu VPN se instala, configura y verifica antes del env\u00edo. La encriptaci\u00f3n se activa autom\u00e1ticamente en todas las conexiones de red. \n\t\t\t\t\t<\/p>\n\t\t\t\t\t\t\t<h2 \n\t\tdata-interaction-id=\"6d18f55\" \n\t\tclass=\"text-balance e-6d18f55-223e341 e-heading-base\" \n\t\t \n\t\tdata-e-type=\"widget\" data-id=\"6d18f55\"\n\t>\n\t\n\t\t\tHerramientas de privacidad preinstaladas en el Google Pixel 9 Pro\n\t\t<\/h2>\n\t\t\t\t\t\t\t\t<p class=\"paragraph-small e-paragraph-base\" data-interaction-id=\"3e8ff1\"  data-e-type=\"widget\" data-id=\"3e8ff1\">\n\t\t\t\t\t\t\t\tRed segura<br>- Orbot - enruta el tr\u00e1fico a trav\u00e9s de la red Tor cuando se requiere anonimato<br>- VPN Premium - tu proveedor seleccionado, configurado y probado<br><br>Navegaci\u00f3n privada<br>- Firefox Focus - bloquea los rastreadores por defecto, borra los datos de sesi\u00f3n autom\u00e1ticamente<br><br>Acceso a aplicaciones<br>- Aurora Store - descarga aplicaciones de Play Store sin una cuenta de Google<br>- F-Droid - repositorio curado de aplicaciones de c\u00f3digo abierto<br><br>Comunicaci\u00f3n segura<br>- Molly - bifurcaci\u00f3n reforzada de Signal con funciones de seguridad mejoradas<br>- Threema - mensajer\u00eda desarrollada en Suiza que cumple la GDPR<br>- SimpleX - mensajer\u00eda descentralizada sin n\u00fameros de tel\u00e9fono ni ID de usuario<br><br>Productividad<br>- Standard Notes - toma de notas encriptada de extremo a extremo<br>- eM Client - gesti\u00f3n del correo electr\u00f3nico sin seguimiento de la plataforma\n\t\t\t\t\t<\/p>\n\t\t\t\t\t\t\t<h2 \n\t\tdata-interaction-id=\"3ff338e7\" \n\t\tclass=\"text-balance e-3ff338e7-7cdda18 e-heading-base\" \n\t\t \n\t\tdata-e-type=\"widget\" data-id=\"3ff338e7\"\n\t>\n\t\n\t\t\t\u00bfQu\u00e9 diferencia a Cryptvice?\n\t\t<\/h2>\n\t\t\t\t\t\t\t\t<p class=\"paragraph-small e-paragraph-base\" data-interaction-id=\"71d3584c\"  data-e-type=\"widget\" data-id=\"71d3584c\">\n\t\t\t\t\t\t\t\t- Configuraci\u00f3n individual de dispositivos - cada tel\u00e9fono se prepara a mano<br>- Verificaci\u00f3n de seguridad - se comprueba antes de cada env\u00edo<br>- Embalaje discreto - no se ve la marca en la entrega<br>- Pagos en criptomoneda - opciones de compra an\u00f3nima disponibles<br>- Operaciones basadas en la UE - se env\u00eda desde Espa\u00f1a con seguimiento<br>- Asistencia experta - 30 d\u00edas de asistencia de usuarios diarios de GrapheneOS\n\t\t\t\t\t<\/p>\n\t\t\t\t\t\t\t<h2 \n\t\tdata-interaction-id=\"3e84da4f\" \n\t\tclass=\"text-balance e-3e84da4f-4ea571e e-heading-base\" \n\t\t \n\t\tdata-e-type=\"widget\" data-id=\"3e84da4f\"\n\t>\n\t\n\t\t\tEnv\u00edo y garant\u00eda\n\t\t<\/h2>\n\t\t\t\t\t\t\t\t<p class=\"paragraph-small e-paragraph-base\" data-interaction-id=\"5c59526a\"  data-e-type=\"widget\" data-id=\"5c59526a\">\n\t\t\t\t\t\t\t\tLos pedidos se env\u00edan en 1 d\u00eda laborable. Te enviaremos los datos de seguimiento por correo electr\u00f3nico. <br><br>Se aceptan devoluciones de aparatos defectuosos dentro de Espa\u00f1a. Las devoluciones no defectuosas est\u00e1n sujetas a los gastos de env\u00edo de devoluci\u00f3n. Se aplica la garant\u00eda est\u00e1ndar de hardware de Google. Configuraci\u00f3n de software incluida como servicio profesional.   \n\t\t\t\t\t<\/p>\n\t\t\t\t\t\t\t\t<p class=\"paragraph-small button-dark-icon e-52cb4785-8979a70 e-paragraph-base\" data-interaction-id=\"52cb4785\"  data-e-type=\"widget\" data-id=\"52cb4785\">\n\t\t\t\t\t\t\t<a\n\t\t\t\t\thref=\"https:\/\/www.cryptvice.com\/es\/help-and-support\/\" target=\"_self\"\n\t\t\t\t\tclass=\"e-paragraph-link-base\"\n\t\t\t\t>\n\t\t\t\t\t\t\u00bfTienes preguntas? Consulta nuestras Preguntas frecuentes sobre ayuda y soporte \n\t\t\t\t<\/a>\n\t\t\t\t\t<\/p>\n\t\t\t\t\t<\/div>\n\t\t\t\t<\/div>\n\t\t\t\t<\/div>\n\t\t","protected":false},"excerpt":{"rendered":"<p>El Google Pixel 9 Pro GrapheneOS es nuestra versi\u00f3n m\u00e1s completa del Pixel 9. Tensor G4, 16 GB de RAM, triple c\u00e1mara y la misma pila de seguridad en todos los aspectos. Si quieres el paquete completo de la generaci\u00f3n Pixel 9, aqu\u00ed lo tienes.  <\/p>\n<p>\u2713 Preinstalaci\u00f3n de GrapheneOS &#8211; sin Google, sin rastreo<br \/>\n\u2713 Activaci\u00f3n de Signal, Molly y Threema con n\u00famero virtual<br \/>\n\u2713 VPN Premium + perfil dual con hardening completo<br \/>\n\u2713 Bloqueo de datos USB y borrado por coacci\u00f3n activados<\/p>\n","protected":false},"featured_media":63623,"comment_status":"closed","ping_status":"closed","template":"","meta":[],"product_brand":[],"product_cat":[6654,6574],"product_tag":[],"class_list":{"0":"post-63614","1":"product","2":"type-product","3":"status-publish","4":"has-post-thumbnail","6":"product_cat-cryptphones-2","7":"product_cat-accessoires","8":"pa_audio-connection-no","9":"pa_battery-capacity-4700-mah","10":"pa_bluetooth-5-3","11":"pa_brand-google","12":"pa_camera-back-48-mp-f-2-8-113mm-periscope-telephoto","13":"pa_camera-back-50-mp-f-1-7-25mm-wide","14":"pa_camera-front-42-mp-f-2-2-17mm-ultrawide","15":"pa_color-negro-2","16":"pa_graphics-series-mali-g715-mc7","17":"pa_guaranteed-security-updates-01-sep-2031","18":"pa_manufacturer-guarantee-12-meses-2","19":"pa_model-pixel-9-pro","20":"pa_operating-system-grapheneos","21":"pa_processor-octa-core","22":"pa_ram-size-16-gb","23":"pa_release-years-04-sep-2024","24":"pa_resolution-1280-x-2856-pixels","25":"pa_screen-diagonal-6-3-2","26":"pa_screen-ppi-495-ppi","27":"pa_screen-ratio-relacion-209-2","28":"pa_screen-refresh-rate-120hz","29":"pa_screen-type-p-oled","30":"pa_security-features-desbloqueo-oem-2","31":"pa_security-features-vpn-encriptada-2","32":"pa_storage-128-gb","33":"pa_system-chip-google-tensor-g4","34":"pa_vpn-cover-ivpn-12m","35":"pa_vpn-cover-ivpn-6m","36":"pa_vpn-cover-mullvad-12m","37":"pa_vpn-cover-mullvad-6m","38":"pa_vpn-cover-protonvpn-12m","40":"first","41":"instock","42":"featured","43":"taxable","44":"shipping-taxable","45":"purchasable","46":"product-type-variable"},"_links":{"self":[{"href":"https:\/\/www.cryptvice.com\/es\/wp-json\/wp\/v2\/product\/63614","targetHints":{"allow":["GET"]}}],"collection":[{"href":"https:\/\/www.cryptvice.com\/es\/wp-json\/wp\/v2\/product"}],"about":[{"href":"https:\/\/www.cryptvice.com\/es\/wp-json\/wp\/v2\/types\/product"}],"replies":[{"embeddable":true,"href":"https:\/\/www.cryptvice.com\/es\/wp-json\/wp\/v2\/comments?post=63614"}],"version-history":[{"count":2,"href":"https:\/\/www.cryptvice.com\/es\/wp-json\/wp\/v2\/product\/63614\/revisions"}],"predecessor-version":[{"id":71412,"href":"https:\/\/www.cryptvice.com\/es\/wp-json\/wp\/v2\/product\/63614\/revisions\/71412"}],"wp:featuredmedia":[{"embeddable":true,"href":"https:\/\/www.cryptvice.com\/es\/wp-json\/wp\/v2\/media\/63623"}],"wp:attachment":[{"href":"https:\/\/www.cryptvice.com\/es\/wp-json\/wp\/v2\/media?parent=63614"}],"wp:term":[{"taxonomy":"product_brand","embeddable":true,"href":"https:\/\/www.cryptvice.com\/es\/wp-json\/wp\/v2\/product_brand?post=63614"},{"taxonomy":"product_cat","embeddable":true,"href":"https:\/\/www.cryptvice.com\/es\/wp-json\/wp\/v2\/product_cat?post=63614"},{"taxonomy":"product_tag","embeddable":true,"href":"https:\/\/www.cryptvice.com\/es\/wp-json\/wp\/v2\/product_tag?post=63614"}],"curies":[{"name":"wp","href":"https:\/\/api.w.org\/{rel}","templated":true}]}}