{"id":63905,"date":"2025-06-09T06:50:09","date_gmt":"2025-06-09T04:50:09","guid":{"rendered":"https:\/\/www.cryptvice.com\/shop\/google-pixel-9-grapheneos-vpn-encrypted\/"},"modified":"2026-04-02T10:44:08","modified_gmt":"2026-04-02T08:44:08","slug":"google-pixel-9-grapheneos-vpn-encrypted","status":"publish","type":"product","link":"https:\/\/www.cryptvice.com\/es\/shop\/google-pixel-9-grapheneos-vpn-encrypted\/","title":{"rendered":"Google Pixel 9 GrapheneOS VPN encriptada"},"content":{"rendered":"\t\t<div data-elementor-type=\"product-post\" data-elementor-id=\"63905\" class=\"elementor elementor-63905 elementor-42909\" data-elementor-post-type=\"product\">\n\t\t\t\t<div class=\"wd-negative-gap elementor-element elementor-element-27535a39 e-flex e-con-boxed e-con e-parent\" data-id=\"27535a39\" data-element_type=\"container\" data-e-type=\"container\">\n\t\t\t\t\t<div class=\"e-con-inner\">\n\t\t\t\t\t<\/div>\n\t\t\t\t<\/div>\n\t\t\t\t<\/div>\n\t\t","protected":false},"excerpt":{"rendered":"<p>El Google Pixel 9 GrapheneOS funciona con el mismo procesador Tensor G4 y chip de seguridad Titan M2 que el Pixel 9 Pro, pero sin la triple c\u00e1mara ni los 16 GB de RAM. Mismo chip, misma arquitectura de seguridad, menor precio. Para la mayor\u00eda de los usuarios, la diferencia es la especificaci\u00f3n de la c\u00e1mara, nada m\u00e1s.  <\/p>\n<p>\u2713 Preinstalaci\u00f3n de GrapheneOS &#8211; sin Google, sin rastreo<br \/>\n\u2713 Activaci\u00f3n de Signal, Molly y Threema con n\u00famero virtual<br \/>\n\u2713 VPN Premium + perfil dual con hardening completo<br \/>\n\u2713 Bloqueo de datos USB y borrado por coacci\u00f3n activados<\/p>\n","protected":false},"featured_media":63908,"comment_status":"closed","ping_status":"closed","template":"","meta":[],"product_brand":[],"product_cat":[108],"product_tag":[],"class_list":{"0":"post-63905","1":"product","2":"type-product","3":"status-publish","4":"has-post-thumbnail","6":"product_cat-accessoires","8":"first","9":"instock","10":"featured","11":"taxable","12":"shipping-taxable","13":"purchasable","14":"product-type-variable"},"_links":{"self":[{"href":"https:\/\/www.cryptvice.com\/es\/wp-json\/wp\/v2\/product\/63905","targetHints":{"allow":["GET"]}}],"collection":[{"href":"https:\/\/www.cryptvice.com\/es\/wp-json\/wp\/v2\/product"}],"about":[{"href":"https:\/\/www.cryptvice.com\/es\/wp-json\/wp\/v2\/types\/product"}],"replies":[{"embeddable":true,"href":"https:\/\/www.cryptvice.com\/es\/wp-json\/wp\/v2\/comments?post=63905"}],"version-history":[{"count":2,"href":"https:\/\/www.cryptvice.com\/es\/wp-json\/wp\/v2\/product\/63905\/revisions"}],"predecessor-version":[{"id":71393,"href":"https:\/\/www.cryptvice.com\/es\/wp-json\/wp\/v2\/product\/63905\/revisions\/71393"}],"wp:featuredmedia":[{"embeddable":true,"href":"https:\/\/www.cryptvice.com\/es\/wp-json\/wp\/v2\/media\/63908"}],"wp:attachment":[{"href":"https:\/\/www.cryptvice.com\/es\/wp-json\/wp\/v2\/media?parent=63905"}],"wp:term":[{"taxonomy":"product_brand","embeddable":true,"href":"https:\/\/www.cryptvice.com\/es\/wp-json\/wp\/v2\/product_brand?post=63905"},{"taxonomy":"product_cat","embeddable":true,"href":"https:\/\/www.cryptvice.com\/es\/wp-json\/wp\/v2\/product_cat?post=63905"},{"taxonomy":"product_tag","embeddable":true,"href":"https:\/\/www.cryptvice.com\/es\/wp-json\/wp\/v2\/product_tag?post=63905"}],"curies":[{"name":"wp","href":"https:\/\/api.w.org\/{rel}","templated":true}]}}