{"id":64052,"date":"2025-08-07T15:16:13","date_gmt":"2025-08-07T13:16:13","guid":{"rendered":"https:\/\/www.cryptvice.com\/shop\/iphone-14-case-nillkin-camshield-camera-slider\/"},"modified":"2026-03-13T10:40:18","modified_gmt":"2026-03-13T08:40:18","slug":"iphone-14-case-nillkin-camshield-camera-slider","status":"publish","type":"product","link":"https:\/\/www.cryptvice.com\/es\/shop\/iphone-14-case-nillkin-camshield-camera-slider\/","title":{"rendered":"Funda iPhone 14 &#8211; Nillkin CamShield Camera Slider"},"content":{"rendered":"\t\t<div data-elementor-type=\"product-post\" data-elementor-id=\"64052\" class=\"elementor elementor-64052 elementor-48357\" data-elementor-post-type=\"product\">\n\t\t\t\t<div class=\"wd-negative-gap elementor-element elementor-element-13bea9be e-flex e-con-boxed e-con e-parent\" data-id=\"13bea9be\" data-element_type=\"container\" data-e-type=\"container\">\n\t\t\t\t\t<div class=\"e-con-inner\">\n\t\t\t\t\t<\/div>\n\t\t\t\t<\/div>\n\t\t\t\t<\/div>\n\t\t","protected":false},"excerpt":{"rendered":"<p>Funda iPhone 14 Funda Nillkin con tapa deslizante integrada que bloquea f\u00edsicamente las dos lentes traseras cuando est\u00e1 cerrada. La parte trasera de policarbonato y el parachoques de TPU soportan los impactos y ara\u00f1azos diarios. <\/p>\n<p>\u2713 Cubierta deslizante integrada para proteger la doble c\u00e1mara<br \/>\n\u2713 Panel posterior de PC con bordes de TPU que absorben los golpes<br \/>\n\u2713 Biseles elevados para la c\u00e1mara y la pantalla<br \/>\n\u2713 Suave acabado mate: resistente al aceite y a las huellas dactilares<br \/>\n\u2713 Ajuste personalizado para el iPhone 14<\/p>\n","protected":false},"featured_media":11145,"comment_status":"closed","ping_status":"closed","template":"","meta":[],"product_brand":[],"product_cat":[1840],"product_tag":[],"class_list":{"0":"post-64052","1":"product","2":"type-product","3":"status-publish","4":"has-post-thumbnail","6":"product_cat-caso","7":"product_shipping_class-paquete-buzon-herramientas-de-privacidad","9":"first","10":"instock","11":"taxable","12":"shipping-taxable","13":"purchasable","14":"product-type-simple"},"_links":{"self":[{"href":"https:\/\/www.cryptvice.com\/es\/wp-json\/wp\/v2\/product\/64052","targetHints":{"allow":["GET"]}}],"collection":[{"href":"https:\/\/www.cryptvice.com\/es\/wp-json\/wp\/v2\/product"}],"about":[{"href":"https:\/\/www.cryptvice.com\/es\/wp-json\/wp\/v2\/types\/product"}],"replies":[{"embeddable":true,"href":"https:\/\/www.cryptvice.com\/es\/wp-json\/wp\/v2\/comments?post=64052"}],"version-history":[{"count":0,"href":"https:\/\/www.cryptvice.com\/es\/wp-json\/wp\/v2\/product\/64052\/revisions"}],"wp:featuredmedia":[{"embeddable":true,"href":"https:\/\/www.cryptvice.com\/es\/wp-json\/wp\/v2\/media\/11145"}],"wp:attachment":[{"href":"https:\/\/www.cryptvice.com\/es\/wp-json\/wp\/v2\/media?parent=64052"}],"wp:term":[{"taxonomy":"product_brand","embeddable":true,"href":"https:\/\/www.cryptvice.com\/es\/wp-json\/wp\/v2\/product_brand?post=64052"},{"taxonomy":"product_cat","embeddable":true,"href":"https:\/\/www.cryptvice.com\/es\/wp-json\/wp\/v2\/product_cat?post=64052"},{"taxonomy":"product_tag","embeddable":true,"href":"https:\/\/www.cryptvice.com\/es\/wp-json\/wp\/v2\/product_tag?post=64052"}],"curies":[{"name":"wp","href":"https:\/\/api.w.org\/{rel}","templated":true}]}}