{"id":65010,"date":"2025-03-25T11:16:56","date_gmt":"2025-03-25T09:16:56","guid":{"rendered":"https:\/\/www.cryptvice.com\/shop\/pixel-9-pro-privacy-screen-protector\/"},"modified":"2026-03-13T10:44:51","modified_gmt":"2026-03-13T08:44:51","slug":"pixel-9-pro-privacy-screen-protector","status":"publish","type":"product","link":"https:\/\/www.cryptvice.com\/es\/shop\/pixel-9-pro-privacy-screen-protector\/","title":{"rendered":"Pixel 9 Pro &#8211; Protector de pantalla de privacidad"},"content":{"rendered":"\t\t<div data-elementor-type=\"product-post\" data-elementor-id=\"65010\" class=\"elementor elementor-65010 elementor-42255\" data-elementor-post-type=\"product\">\n\t\t\t\t<div class=\"wd-negative-gap elementor-element elementor-element-65b2c358 e-flex e-con-boxed e-con e-parent\" data-id=\"65b2c358\" data-element_type=\"container\" data-e-type=\"container\">\n\t\t\t\t\t<div class=\"e-con-inner\">\n\t\t\t\t\t<\/div>\n\t\t\t\t<\/div>\n\t\t\t\t<\/div>\n\t\t","protected":false},"excerpt":{"rendered":"<p>El protector de pantalla de privacidad del Google Pixel 9 Pro bloquea la visualizaci\u00f3n en \u00e1ngulo lateral en la pantalla Super Actua. El brillo de m\u00e1s de 2.000 nits permanece totalmente visible para ti, completamente a oscuras para los dem\u00e1s. El sensor ultras\u00f3nico de huellas dactilares y el desbloqueo facial funcionan sin problemas.  <\/p>\n<p>\u2713 Cristal templado 9H con pel\u00edcula antiesp\u00eda adherida<br \/>\n\u2713 Compatible con lector ultras\u00f3nico de huellas dactilares y desbloqueo facial<br \/>\n\u2713 Superficie oleof\u00f3bica resistente a las huellas dactilares<br \/>\n\u2713 Sin burbujas de aire: alineaci\u00f3n de precisi\u00f3n<br \/>\n\u2713 Dise\u00f1ado espec\u00edficamente para el Google Pixel 9 Pro<\/p>\n","protected":false},"featured_media":45904,"comment_status":"open","ping_status":"closed","template":"","meta":[],"product_brand":[],"product_cat":[2434],"product_tag":[],"class_list":{"0":"post-65010","1":"product","2":"type-product","3":"status-publish","4":"has-post-thumbnail","6":"product_cat-protectores-de-pantalla","7":"product_shipping_class-paquete-buzon-herramientas-de-privacidad","9":"first","10":"onbackorder","11":"taxable","12":"shipping-taxable","13":"purchasable","14":"product-type-simple"},"_links":{"self":[{"href":"https:\/\/www.cryptvice.com\/es\/wp-json\/wp\/v2\/product\/65010","targetHints":{"allow":["GET"]}}],"collection":[{"href":"https:\/\/www.cryptvice.com\/es\/wp-json\/wp\/v2\/product"}],"about":[{"href":"https:\/\/www.cryptvice.com\/es\/wp-json\/wp\/v2\/types\/product"}],"replies":[{"embeddable":true,"href":"https:\/\/www.cryptvice.com\/es\/wp-json\/wp\/v2\/comments?post=65010"}],"version-history":[{"count":0,"href":"https:\/\/www.cryptvice.com\/es\/wp-json\/wp\/v2\/product\/65010\/revisions"}],"wp:featuredmedia":[{"embeddable":true,"href":"https:\/\/www.cryptvice.com\/es\/wp-json\/wp\/v2\/media\/45904"}],"wp:attachment":[{"href":"https:\/\/www.cryptvice.com\/es\/wp-json\/wp\/v2\/media?parent=65010"}],"wp:term":[{"taxonomy":"product_brand","embeddable":true,"href":"https:\/\/www.cryptvice.com\/es\/wp-json\/wp\/v2\/product_brand?post=65010"},{"taxonomy":"product_cat","embeddable":true,"href":"https:\/\/www.cryptvice.com\/es\/wp-json\/wp\/v2\/product_cat?post=65010"},{"taxonomy":"product_tag","embeddable":true,"href":"https:\/\/www.cryptvice.com\/es\/wp-json\/wp\/v2\/product_tag?post=65010"}],"curies":[{"name":"wp","href":"https:\/\/api.w.org\/{rel}","templated":true}]}}