{"id":65133,"date":"2025-03-25T11:13:08","date_gmt":"2025-03-25T09:13:08","guid":{"rendered":"https:\/\/www.cryptvice.com\/shop\/pixel-9a-privacy-screen-protector\/"},"modified":"2026-03-13T10:46:18","modified_gmt":"2026-03-13T08:46:18","slug":"pixel-9a-privacy-screen-protector","status":"publish","type":"product","link":"https:\/\/www.cryptvice.com\/es\/shop\/pixel-9a-privacy-screen-protector\/","title":{"rendered":"Pixel 9a &#8211; Protector de pantalla de privacidad"},"content":{"rendered":"\t\t<div data-elementor-type=\"product-post\" data-elementor-id=\"65133\" class=\"elementor elementor-65133 elementor-42246\" data-elementor-post-type=\"product\">\n\t\t\t\t<div class=\"wd-negative-gap elementor-element elementor-element-2dda6ce e-flex e-con-boxed e-con e-parent\" data-id=\"2dda6ce\" data-element_type=\"container\" data-e-type=\"container\">\n\t\t\t\t\t<div class=\"e-con-inner\">\n\t\t\t\t\t<\/div>\n\t\t\t\t<\/div>\n\t\t\t\t<\/div>\n\t\t","protected":false},"excerpt":{"rendered":"<p>El protector de pantalla de privacidad del Google Pixel 9a hace que tu pantalla sea ilegible desde los laterales gracias a la tecnolog\u00eda de microrrejilla. Se conserva totalmente la claridad frontal. Todas las funciones biom\u00e9tricas, incluido el lector de huellas dactilares y el desbloqueo facial, funcionan sin demora a trav\u00e9s del cristal.  <\/p>\n<p>\u2713 Cristal templado 9H con filtro antiesp\u00eda de ~28\u00b0<br \/>\n\u2713 Sensor de huellas dactilares y desbloqueo facial totalmente compatibles<br \/>\n\u2713 Superficie oleof\u00f3bica resistente a las huellas dactilares<br \/>\n\u2713 Instalaci\u00f3n lista para usar sin burbujas<br \/>\n\u2713 Dise\u00f1ado para el Google Pixel 9a<\/p>\n","protected":false},"featured_media":45882,"comment_status":"open","ping_status":"closed","template":"","meta":[],"product_brand":[],"product_cat":[2434],"product_tag":[],"class_list":{"0":"post-65133","1":"product","2":"type-product","3":"status-publish","4":"has-post-thumbnail","6":"product_cat-protectores-de-pantalla","7":"product_shipping_class-paquete-buzon-herramientas-de-privacidad","9":"first","10":"onbackorder","11":"taxable","12":"shipping-taxable","13":"purchasable","14":"product-type-simple"},"_links":{"self":[{"href":"https:\/\/www.cryptvice.com\/es\/wp-json\/wp\/v2\/product\/65133","targetHints":{"allow":["GET"]}}],"collection":[{"href":"https:\/\/www.cryptvice.com\/es\/wp-json\/wp\/v2\/product"}],"about":[{"href":"https:\/\/www.cryptvice.com\/es\/wp-json\/wp\/v2\/types\/product"}],"replies":[{"embeddable":true,"href":"https:\/\/www.cryptvice.com\/es\/wp-json\/wp\/v2\/comments?post=65133"}],"version-history":[{"count":0,"href":"https:\/\/www.cryptvice.com\/es\/wp-json\/wp\/v2\/product\/65133\/revisions"}],"wp:featuredmedia":[{"embeddable":true,"href":"https:\/\/www.cryptvice.com\/es\/wp-json\/wp\/v2\/media\/45882"}],"wp:attachment":[{"href":"https:\/\/www.cryptvice.com\/es\/wp-json\/wp\/v2\/media?parent=65133"}],"wp:term":[{"taxonomy":"product_brand","embeddable":true,"href":"https:\/\/www.cryptvice.com\/es\/wp-json\/wp\/v2\/product_brand?post=65133"},{"taxonomy":"product_cat","embeddable":true,"href":"https:\/\/www.cryptvice.com\/es\/wp-json\/wp\/v2\/product_cat?post=65133"},{"taxonomy":"product_tag","embeddable":true,"href":"https:\/\/www.cryptvice.com\/es\/wp-json\/wp\/v2\/product_tag?post=65133"}],"curies":[{"name":"wp","href":"https:\/\/api.w.org\/{rel}","templated":true}]}}