{"id":65432,"date":"2024-06-23T15:35:36","date_gmt":"2024-06-23T13:35:36","guid":{"rendered":"https:\/\/www.cryptvice.com\/shop\/google-pixel-8a-grapheneos-vpn-encrypted\/"},"modified":"2026-04-02T10:43:26","modified_gmt":"2026-04-02T08:43:26","slug":"google-pixel-8a-grapheneos-vpn-encrypted","status":"publish","type":"product","link":"https:\/\/www.cryptvice.com\/es\/shop\/google-pixel-8a-grapheneos-vpn-encrypted\/","title":{"rendered":"Google Pixel 8a GrapheneOS VPN encriptada"},"content":{"rendered":"\t\t<div data-elementor-type=\"product-post\" data-elementor-id=\"65432\" class=\"elementor elementor-65432 elementor-15498\" data-elementor-post-type=\"product\">\n\t\t\t\t<div class=\"wd-negative-gap elementor-element elementor-element-29d8395f e-flex e-con-boxed e-con e-parent\" data-id=\"29d8395f\" data-element_type=\"container\" data-e-type=\"container\">\n\t\t\t\t\t<div class=\"e-con-inner\">\n\t\t\t\t\t\t\t<h2 \n\t\tdata-interaction-id=\"7b7cb306\" \n\t\tclass=\"e-7b7cb306-9ef19fc e-heading-base\" \n\t\t \n\t\tdata-e-type=\"widget\" data-id=\"7b7cb306\"\n\t>\n\t\n\t\t\tVisi\u00f3n general del Google Pixel 8a GrapheneOS\n\t\t<\/h2>\n\t\t\t\t\t\t\t\t<p class=\"paragraph-small e-paragraph-base\" data-interaction-id=\"56d48f24\"  data-e-type=\"widget\" data-id=\"56d48f24\">\n\t\t\t\t\t\t\t\tEl Google Pixel 8a GrapheneOS VPN Encrypted ofrece seguridad de \u00faltima generaci\u00f3n a un precio accesible. Configurada para: <br><br>- Usuarios preocupados por el presupuesto que requieren una aut\u00e9ntica protecci\u00f3n de la privacidad<br>- Organizaciones que despliegan m\u00faltiples dispositivos seguros<br>- Usuarios de GrapheneOS por primera vez que exploran alternativas privadas<br>- Estudiantes e investigadores que manejan datos sensibles<br>- Usuarios de dispositivos secundarios que necesitan una comunicaci\u00f3n segura dedicada<br><br>El Pixel 8a incorpora el mismo chip de seguridad Titan M2 que se encuentra en los modelos insignia, con una compatibilidad que se extiende hasta 2031.\n\t\t\t\t\t<\/p>\n\t\t\t\t\t\t\t<h2 \n\t\tdata-interaction-id=\"2f6eb22c\" \n\t\tclass=\"e-2f6eb22c-a765c05 e-heading-base\" \n\t\t \n\t\tdata-e-type=\"widget\" data-id=\"2f6eb22c\"\n\t>\n\t\n\t\t\tEjecutar GrapheneOS en Pixel 8a\n\t\t<\/h2>\n\t\t\t\t\t\t\t\t<p class=\"paragraph-small e-paragraph-base\" data-interaction-id=\"20b6359b\"  data-e-type=\"widget\" data-id=\"20b6359b\">\n\t\t\t\t\t\t\t\tCada Pixel 8a se prepara con una instalaci\u00f3n de GrapheneOS verificada:<br><br>- Instalaci\u00f3n del sistema fresco con verificaci\u00f3n de integridad<br>- Cargador de arranque bloqueado para una protecci\u00f3n de arranque verificada<br>- Telemetr\u00eda y servicios de Google totalmente eliminados<br>- Endurecimiento del sistema configurado para una fiabilidad diaria<br>- Optimizaci\u00f3n de la bater\u00eda equilibrada con los requisitos de seguridad<br><br>Las actualizaciones de GrapheneOS contin\u00faan hasta 2031, coincidiendo con los plazos de soporte del buque insignia.\n\t\t\t\t\t<\/p>\n\t\t\t\t\t\t\t<h2 \n\t\tdata-interaction-id=\"a6d0ed\" \n\t\tclass=\"e-a6d0ed-e5d2193 e-heading-base\" \n\t\t \n\t\tdata-e-type=\"widget\" data-id=\"a6d0ed\"\n\t>\n\t\n\t\t\tPermisos de aplicaciones en el Pixel 8a\n\t\t<\/h2>\n\t\t\t\t\t\t\t\t<p class=\"paragraph-small e-paragraph-base\" data-interaction-id=\"174a2f6f\"  data-e-type=\"widget\" data-id=\"174a2f6f\">\n\t\t\t\t\t\t\t\tLas aplicaciones de privacidad reciben una configuraci\u00f3n individual en cada dispositivo:<br><br>- Permisos analizados y restringidos a los requisitos m\u00ednimos<br>- Procesos en segundo plano controlados para evitar la recopilaci\u00f3n silenciosa de datos<br>- Acceso a la red limitado por aplicaci\u00f3n<br>- Aplicaci\u00f3n de sandboxing para evitar compartir datos<br>- Permisos de almacenamiento aislados para informaci\u00f3n sensible<br><br>Este enfoque dispositivo por dispositivo garantiza unos est\u00e1ndares de protecci\u00f3n coherentes.\n\t\t\t\t\t<\/p>\n\t\t\t\t\t\t\t<h2 \n\t\tdata-interaction-id=\"276b4aef\" \n\t\tclass=\"e-276b4aef-e492a06 e-heading-base\" \n\t\t \n\t\tdata-e-type=\"widget\" data-id=\"276b4aef\"\n\t>\n\t\n\t\t\tConfiguraci\u00f3n VPN en Pixel 8a\n\t\t<\/h2>\n\t\t\t\t\t\t\t\t<p class=\"paragraph-small e-paragraph-base\" data-interaction-id=\"47f7feef\"  data-e-type=\"widget\" data-id=\"47f7feef\">\n\t\t\t\t\t\t\t\tSelecciona tu proveedor durante el pago:<br><br>- Mullvad - registro an\u00f3nimo, sin necesidad de correo electr\u00f3nico, jurisdicci\u00f3n sueca<br>- iVPN - multisalto disponible, cliente de c\u00f3digo abierto auditado, con sede en Gibraltar<br>- ProtonVPN - protecci\u00f3n de la privacidad suiza, servidores Secure Core<br><br>Tu VPN se instala, se configura y se prueba antes de enviarla. El cifrado se activa autom\u00e1ticamente al iniciarse. \n\t\t\t\t\t<\/p>\n\t\t\t\t\t\t\t<h2 \n\t\tdata-interaction-id=\"4260d906\" \n\t\tclass=\"e-4260d906-18fcfc2 e-heading-base\" \n\t\t \n\t\tdata-e-type=\"widget\" data-id=\"4260d906\"\n\t>\n\t\n\t\t\tAplicaciones de privacidad en el Google Pixel 8a\n\t\t<\/h2>\n\t\t\t\t\t\t\t\t<p class=\"paragraph-small e-paragraph-base\" data-interaction-id=\"2c30fb55\"  data-e-type=\"widget\" data-id=\"2c30fb55\">\n\t\t\t\t\t\t\t\tRed segura<br>- Orbot - enruta el tr\u00e1fico a trav\u00e9s de Tor cuando se necesita anonimato<br>- VPN Premium - tu proveedor configurado y verificado<br><br>Navegaci\u00f3n privada<br>- Firefox Focus - bloquea rastreadores, borra datos autom\u00e1ticamente<br><br>Acceso a aplicaciones<br>- Aurora Store - descargar aplicaciones sin cuenta de Google<br>- F-Droid - repositorio de aplicaciones de privacidad de c\u00f3digo abierto<br><br>Comunicaci\u00f3n segura<br>- Molly - bifurcaci\u00f3n reforzada de Signal con protecci\u00f3n mejorada<br>- Threema - mensajer\u00eda desarrollada en Suiza que cumple la GDPR<br>- SimpleX - no requiere n\u00fameros de tel\u00e9fono ni identificadores<br><br>Productividad<br>- Standard Notes - notas encriptadas de extremo a extremo<br>- eM Client - correo electr\u00f3nico sin seguimiento de plataforma\n\t\t\t\t\t<\/p>\n\t\t\t\t\t\t\t<h2 \n\t\tdata-interaction-id=\"2c830d78\" \n\t\tclass=\"e-2c830d78-7c2828d e-heading-base\" \n\t\t \n\t\tdata-e-type=\"widget\" data-id=\"2c830d78\"\n\t>\n\t\n\t\t\tServicio de configuraci\u00f3n de Cryptvice\n\t\t<\/h2>\n\t\t\t\t\t\t\t\t<p class=\"paragraph-small e-paragraph-base\" data-interaction-id=\"5c4b5287\"  data-e-type=\"widget\" data-id=\"5c4b5287\">\n\t\t\t\t\t\t\t\t- Cada dispositivo se configura a mano<br>- Seguridad comprobada antes del env\u00edo<br>- Embalaje discreto sin marca<br>- Se aceptan pagos en criptomoneda<br>- Se env\u00eda desde Espa\u00f1a con seguimiento<br>- 30 d\u00edas de soporte de los usuarios de GrapheneOS\n\t\t\t\t\t<\/p>\n\t\t\t\t\t\t\t<h2 \n\t\tdata-interaction-id=\"46c9fb0a\" \n\t\tclass=\"e-46c9fb0a-52371a9 e-heading-base\" \n\t\t \n\t\tdata-e-type=\"widget\" data-id=\"46c9fb0a\"\n\t>\n\t\n\t\t\tPedidos y garant\u00eda\n\t\t<\/h2>\n\t\t\t\t\t\t\t\t<p class=\"paragraph-small e-paragraph-base\" data-interaction-id=\"11067dd9\"  data-e-type=\"widget\" data-id=\"11067dd9\">\n\t\t\t\t\t\t\t\tEnv\u00edo en 1 d\u00eda laborable. Seguimiento por correo electr\u00f3nico. <br><br>Se aceptan devoluciones de aparatos defectuosos dentro de Espa\u00f1a. El env\u00edo de devoluci\u00f3n se aplica a los art\u00edculos no defectuosos. Garant\u00eda de hardware de Google incluida. La configuraci\u00f3n se proporciona como servicio profesional.   \n\t\t\t\t\t<\/p>\n\t\t\t\t\t\t\t\t<p class=\"paragraph-small button-dark-icon e-1c7a008e-43c6eff e-paragraph-base\" data-interaction-id=\"1c7a008e\"  data-e-type=\"widget\" data-id=\"1c7a008e\">\n\t\t\t\t\t\t\t<a\n\t\t\t\t\thref=\"https:\/\/www.cryptvice.com\/es\/help-and-support\/\" target=\"_self\"\n\t\t\t\t\tclass=\"e-paragraph-link-base\"\n\t\t\t\t>\n\t\t\t\t\t\t\u00bfTienes preguntas? Consulta nuestras Preguntas frecuentes sobre ayuda y soporte \n\t\t\t\t<\/a>\n\t\t\t\t\t<\/p>\n\t\t\t\t\t<\/div>\n\t\t\t\t<\/div>\n\t\t\t\t<\/div>\n\t\t","protected":false},"excerpt":{"rendered":"<p>El Google Pixel 8a GrapheneOS funciona con el procesador Tensor G3 con chip de seguridad Titan M2, la misma base de seguridad de hardware que la l\u00ednea Pixel 9. Una generaci\u00f3n por detr\u00e1s en el procesador principal, pero id\u00e9ntico en lo que importa para la privacidad: arranque verificado, enclave seguro y compatibilidad total con GrapheneOS. <\/p>\n<p>\u2713 Preinstalaci\u00f3n de GrapheneOS &#8211; sin Google, sin rastreo<br \/>\n\u2713 Activaci\u00f3n de Signal, Molly y Threema con n\u00famero virtual<br \/>\n\u2713 VPN Premium + perfil dual con hardening completo<br \/>\n\u2713 Bloqueo de datos USB y borrado por coacci\u00f3n activados<\/p>\n","protected":false},"featured_media":65436,"comment_status":"closed","ping_status":"closed","template":"","meta":[],"product_brand":[],"product_cat":[6654,6574],"product_tag":[],"class_list":{"0":"post-65432","1":"product","2":"type-product","3":"status-publish","4":"has-post-thumbnail","6":"product_cat-cryptphones-2","7":"product_cat-accessoires","8":"pa_audio-connection-usb-c","9":"pa_battery-capacity-4492-mah","10":"pa_bluetooth-5-3","11":"pa_brand-google","12":"pa_camera-back-13-mp-f-22-120-ultrawide","13":"pa_camera-back-64-mp-f-1-9-26mm-wide-pdaf-ois","14":"pa_camera-front-13-mp-f-22-20-mm-ultra-gran-angular","15":"pa_color-negro-2","16":"pa_graphics-series-immortalis-g715s-mc10","17":"pa_guaranteed-security-updates-01-may-2031","18":"pa_manufacturer-guarantee-24-months","19":"pa_model-pixel-8a","20":"pa_operating-system-grapheneos","21":"pa_processor-4x-2-15ghz-cortex-a510","22":"pa_processor-4x-2-45ghz-cortex-a715","23":"pa_processor-nona-core-1x-3-0ghz-cortex-x3","24":"pa_ram-size-8-gb","25":"pa_ram-type-lpddr5x","26":"pa_release-years-14-may-2024","27":"pa_resolution-1080-x-2400-pixels","28":"pa_screen-diagonal-6-1","29":"pa_screen-ppi-430-ppi","30":"pa_screen-ratio-relacion-209-2","31":"pa_screen-refresh-rate-120hz","32":"pa_screen-type-oled","33":"pa_security-features-desbloqueo-oem-2","34":"pa_security-features-vpn-encriptada-2","35":"pa_storage-128-gb","36":"pa_system-chip-google-tensor-g3-4-nm","37":"pa_vpn-cover-ivpn-12m","38":"pa_vpn-cover-ivpn-6m","39":"pa_vpn-cover-mullvad-12m","40":"pa_vpn-cover-mullvad-6m","41":"pa_vpn-cover-protonvpn-12m","43":"first","44":"instock","45":"taxable","46":"shipping-taxable","47":"purchasable","48":"product-type-variable"},"_links":{"self":[{"href":"https:\/\/www.cryptvice.com\/es\/wp-json\/wp\/v2\/product\/65432","targetHints":{"allow":["GET"]}}],"collection":[{"href":"https:\/\/www.cryptvice.com\/es\/wp-json\/wp\/v2\/product"}],"about":[{"href":"https:\/\/www.cryptvice.com\/es\/wp-json\/wp\/v2\/types\/product"}],"replies":[{"embeddable":true,"href":"https:\/\/www.cryptvice.com\/es\/wp-json\/wp\/v2\/comments?post=65432"}],"version-history":[{"count":2,"href":"https:\/\/www.cryptvice.com\/es\/wp-json\/wp\/v2\/product\/65432\/revisions"}],"predecessor-version":[{"id":71355,"href":"https:\/\/www.cryptvice.com\/es\/wp-json\/wp\/v2\/product\/65432\/revisions\/71355"}],"wp:featuredmedia":[{"embeddable":true,"href":"https:\/\/www.cryptvice.com\/es\/wp-json\/wp\/v2\/media\/65436"}],"wp:attachment":[{"href":"https:\/\/www.cryptvice.com\/es\/wp-json\/wp\/v2\/media?parent=65432"}],"wp:term":[{"taxonomy":"product_brand","embeddable":true,"href":"https:\/\/www.cryptvice.com\/es\/wp-json\/wp\/v2\/product_brand?post=65432"},{"taxonomy":"product_cat","embeddable":true,"href":"https:\/\/www.cryptvice.com\/es\/wp-json\/wp\/v2\/product_cat?post=65432"},{"taxonomy":"product_tag","embeddable":true,"href":"https:\/\/www.cryptvice.com\/es\/wp-json\/wp\/v2\/product_tag?post=65432"}],"curies":[{"name":"wp","href":"https:\/\/api.w.org\/{rel}","templated":true}]}}