{"id":65909,"date":"2024-06-25T17:55:23","date_gmt":"2024-06-25T15:55:23","guid":{"rendered":"https:\/\/www.cryptvice.com\/shop\/pixel-8-case-nillkin-camshield-camera-slider\/"},"modified":"2026-03-13T12:41:12","modified_gmt":"2026-03-13T10:41:12","slug":"pixel-8-case-nillkin-camshield-camera-slider","status":"publish","type":"product","link":"https:\/\/www.cryptvice.com\/es\/shop\/pixel-8-case-nillkin-camshield-camera-slider\/","title":{"rendered":"Funda Pixel 8 &#8211; Nillkin CamShield Camera Slider"},"content":{"rendered":"\t\t<div data-elementor-type=\"product-post\" data-elementor-id=\"65909\" class=\"elementor elementor-65909 elementor-15852\" data-elementor-post-type=\"product\">\n\t\t\t\t<div class=\"wd-negative-gap elementor-element elementor-element-34eca94a e-flex e-con-boxed e-con e-parent\" data-id=\"34eca94a\" data-element_type=\"container\" data-e-type=\"container\">\n\t\t\t\t\t<div class=\"e-con-inner\">\n\t\t\t\t\t<\/div>\n\t\t\t\t<\/div>\n\t\t\t\t<\/div>\n\t\t","protected":false},"excerpt":{"rendered":"<p>Funda Nillkin CamShield para el Google Pixel 8 con tapa deslizante integrada para la c\u00e1mara. La parte trasera de policarbonato duro y el marco antigolpes de TPU protegen contra ca\u00eddas y ara\u00f1azos. Cierra la tapa deslizante para bloquear f\u00edsicamente las c\u00e1maras traseras.  <\/p>\n<p>\u2713 El control deslizante de la c\u00e1mara cubre las dos lentes traseras simult\u00e1neamente<br \/>\n\u2713 Panel trasero de PC con bordes de TPU amortiguadores<br \/>\n\u2713 Labio elevado que protege la pantalla y la c\u00e1mara de ca\u00eddas planas<br \/>\n\u2713 Acabado mate: superficie antiaceite y antihuellas<br \/>\n\u2713 Moldeado con precisi\u00f3n para el Google Pixel 8<\/p>\n","protected":false},"featured_media":21428,"comment_status":"closed","ping_status":"closed","template":"","meta":[],"product_brand":[],"product_cat":[1840],"product_tag":[],"class_list":{"0":"post-65909","1":"product","2":"type-product","3":"status-publish","4":"has-post-thumbnail","6":"product_cat-caso","7":"product_shipping_class-paquete-buzon-herramientas-de-privacidad","9":"first","10":"onbackorder","11":"taxable","12":"shipping-taxable","13":"purchasable","14":"product-type-simple"},"_links":{"self":[{"href":"https:\/\/www.cryptvice.com\/es\/wp-json\/wp\/v2\/product\/65909","targetHints":{"allow":["GET"]}}],"collection":[{"href":"https:\/\/www.cryptvice.com\/es\/wp-json\/wp\/v2\/product"}],"about":[{"href":"https:\/\/www.cryptvice.com\/es\/wp-json\/wp\/v2\/types\/product"}],"replies":[{"embeddable":true,"href":"https:\/\/www.cryptvice.com\/es\/wp-json\/wp\/v2\/comments?post=65909"}],"version-history":[{"count":0,"href":"https:\/\/www.cryptvice.com\/es\/wp-json\/wp\/v2\/product\/65909\/revisions"}],"wp:featuredmedia":[{"embeddable":true,"href":"https:\/\/www.cryptvice.com\/es\/wp-json\/wp\/v2\/media\/21428"}],"wp:attachment":[{"href":"https:\/\/www.cryptvice.com\/es\/wp-json\/wp\/v2\/media?parent=65909"}],"wp:term":[{"taxonomy":"product_brand","embeddable":true,"href":"https:\/\/www.cryptvice.com\/es\/wp-json\/wp\/v2\/product_brand?post=65909"},{"taxonomy":"product_cat","embeddable":true,"href":"https:\/\/www.cryptvice.com\/es\/wp-json\/wp\/v2\/product_cat?post=65909"},{"taxonomy":"product_tag","embeddable":true,"href":"https:\/\/www.cryptvice.com\/es\/wp-json\/wp\/v2\/product_tag?post=65909"}],"curies":[{"name":"wp","href":"https:\/\/api.w.org\/{rel}","templated":true}]}}