{"id":66953,"date":"2024-07-09T11:34:26","date_gmt":"2024-07-09T09:34:26","guid":{"rendered":"https:\/\/www.cryptvice.com\/shop\/crypthub-v3-portable-4g-vpn-encrypted-router\/"},"modified":"2026-03-13T13:07:12","modified_gmt":"2026-03-13T11:07:12","slug":"crypthub-v3-portable-4g-vpn-encrypted-router","status":"publish","type":"product","link":"https:\/\/www.cryptvice.com\/es\/shop\/crypthub-v3-portable-4g-vpn-encrypted-router\/","title":{"rendered":"CryptHub V3 Router Encriptado VPN 4G Port\u00e1til"},"content":{"rendered":"\t\t<div data-elementor-type=\"product-post\" data-elementor-id=\"66953\" class=\"elementor elementor-66953 elementor-17118\" data-elementor-post-type=\"product\">\n\t\t\t\t<div class=\"wd-negative-gap elementor-element elementor-element-5098dcc9 e-flex e-con-boxed e-con e-parent\" data-id=\"5098dcc9\" data-element_type=\"container\" data-e-type=\"container\">\n\t\t\t\t\t<div class=\"e-con-inner\">\n\t\t\t\t\t\t\t<h2 \n\t\tdata-interaction-id=\"6b302e94\" \n\t\tclass=\"e-6b302e94-2d81314 e-heading-base\" \n\t\t \n\t\tdata-e-type=\"widget\" data-id=\"6b302e94\"\n\t>\n\t\n\t\t\t\u00bfPara qui\u00e9n es el CryptHub V3?\n\t\t<\/h2>\n\t\t\t\t\t\t\t\t<p class=\"paragraph-small e-paragraph-base\" data-interaction-id=\"6451090b\"  data-e-type=\"widget\" data-id=\"6451090b\">\n\t\t\t\t\t\t\t\tEl router port\u00e1til cifrado CryptHub V3 4G VPN ofrece conectividad port\u00e1til segura para entornos dom\u00e9sticos, de viaje y profesionales. Configurado para: <br><br>- Viajeros que necesitan acceso cifrado a Internet a trav\u00e9s de redes globales<br>- Trabajadores remotos y consultores que necesitan conectividad m\u00f3vil segura<br>- Personas preocupadas por su privacidad que evitan la infraestructura Wi-Fi p\u00fablica<br>- Organizaciones que gestionan la conectividad m\u00f3vil en m\u00faltiples ubicaciones<br>- Despliegues sobre el terreno que requieren un funcionamiento alimentado por bater\u00eda<br><br>Cryptvice entrega cada unidad totalmente preparada, con conectividad VPN encriptada preinstalada y activada.\n\t\t\t\t\t<\/p>\n\t\t\t\t\t\t\t<h2 \n\t\tdata-interaction-id=\"70f31d4c\" \n\t\tclass=\"e-70f31d4c-01cb1d1 e-heading-base\" \n\t\t \n\t\tdata-e-type=\"widget\" data-id=\"70f31d4c\"\n\t>\n\t\n\t\t\tCifrado en toda la red en CryptHub V3\n\t\t<\/h2>\n\t\t\t\t\t\t\t\t<p class=\"paragraph-small e-paragraph-base\" data-interaction-id=\"c7e179a\"  data-e-type=\"widget\" data-id=\"c7e179a\">\n\t\t\t\t\t\t\t\tEl CryptHub V3 proporciona conectividad 4G LTE encriptada en todas las redes mundiales compatibles. Todos los dispositivos conectados reciben protecci\u00f3n:<br><br>- Tel\u00e9fonos inteligentes, ordenadores port\u00e1tiles y tabletas<br>- Dispositivos IoT y equipos inteligentes<br>- Cualquier hardware con capacidad Wi-Fi<br><br>Todo el tr\u00e1fico de red saliente se encamina a trav\u00e9s del t\u00fanel cifrado antes de llegar a Internet, lo que ayuda a reducir la exposici\u00f3n de metadatos y a proteger las comunicaciones en redes compartidas o m\u00f3viles.\n\t\t\t\t\t<\/p>\n\t\t\t\t\t\t\t<h2 \n\t\tdata-interaction-id=\"29320dc2\" \n\t\tclass=\"e-29320dc2-35791d3 e-heading-base\" \n\t\t \n\t\tdata-e-type=\"widget\" data-id=\"29320dc2\"\n\t>\n\t\n\t\t\tVPN y seguridad en CryptHub V3\n\t\t<\/h2>\n\t\t\t\t\t\t\t\t<p class=\"paragraph-small e-paragraph-base\" data-interaction-id=\"572cdfdc\"  data-e-type=\"widget\" data-id=\"572cdfdc\">\n\t\t\t\t\t\t\t\tEl CryptHub V3 incluye un cortafuegos reforzado y es compatible con las modernas tecnolog\u00edas VPN:<br><br>- Protocolos WireGuard y OpenVPN<br>- Modo cliente VPN - cifra todo el tr\u00e1fico saliente<br>- Modo servidor VPN - acceso remoto seguro a tu red<br>- Cifrado DNS - protege las b\u00fasquedas de dominios de la interceptaci\u00f3n<br><br>La conectividad VPN cifrada est\u00e1 preinstalada, activada y verificada antes del env\u00edo.\n\t\t\t\t\t<\/p>\n\t\t\t\t\t\t\t<h2 \n\t\tdata-interaction-id=\"31228af7\" \n\t\tclass=\"e-31228af7-bc46c6b e-heading-base\" \n\t\t \n\t\tdata-e-type=\"widget\" data-id=\"31228af7\"\n\t>\n\t\n\t\t\tFunciones de fiabilidad en CryptHub V3\n\t\t<\/h2>\n\t\t\t\t\t\t\t\t<p class=\"paragraph-small e-paragraph-base\" data-interaction-id=\"160fa0bb\"  data-e-type=\"widget\" data-id=\"160fa0bb\">\n\t\t\t\t\t\t\t\tLas funciones avanzadas de red garantizan una conectividad continua:<br><br>- Compatibilidad con conmutaci\u00f3n por error: cambia autom\u00e1ticamente entre las conexiones disponibles<br>- Equilibrio de carga: distribuye el tr\u00e1fico entre varias redes<br>- Bater\u00eda recargable integrada: funciona de forma independiente durante periodos prolongados<br><br>Estas funciones hacen que el CryptHub V3 sea adecuado para el trabajo m\u00f3vil, los viajes y las implantaciones remotas en las que es esencial una conectividad fiable.\n\t\t\t\t\t<\/p>\n\t\t\t\t\t\t\t<h2 \n\t\tdata-interaction-id=\"4df465cc\" \n\t\tclass=\"e-4df465cc-e38fe45 e-heading-base\" \n\t\t \n\t\tdata-e-type=\"widget\" data-id=\"4df465cc\"\n\t>\n\t\n\t\t\tDise\u00f1o port\u00e1til y conectividad flexible\n\t\t<\/h2>\n\t\t\t\t\t\t\t\t<p class=\"paragraph-small e-paragraph-base\" data-interaction-id=\"18e42c28\"  data-e-type=\"widget\" data-id=\"18e42c28\">\n\t\t\t\t\t\t\t\tEl CryptHub V3 es compacto y f\u00e1cil de desplegar en cualquier lugar donde haya disponible una conexi\u00f3n a Internet basada en SIM:<br><br>- Soporte de tarjeta SIM f\u00edsica<br>- Aprovisionamiento de SIM integrada (eSIM)<br>- M\u00f3dulos celulares intercambiables (CAT4 \/ CAT6)<br>- Soporte de operador global<br><br>La selecci\u00f3n flexible del operador y la configuraci\u00f3n remota de la red hacen que el CryptHub V3 sea adecuado para viajeros, consultores y organizaciones que gestionan la conectividad m\u00f3vil en m\u00faltiples ubicaciones.\n\t\t\t\t\t<\/p>\n\t\t\t\t\t\t\t<h2 \n\t\tdata-interaction-id=\"9124aff\" \n\t\tclass=\"e-9124aff-05490bd e-heading-base\" \n\t\t \n\t\tdata-e-type=\"widget\" data-id=\"9124aff\"\n\t>\n\t\n\t\t\tProtecci\u00f3n de la identidad de los dispositivos en CryptHub V3\n\t\t<\/h2>\n\t\t\t\t\t\t\t\t<p class=\"paragraph-small e-paragraph-base\" data-interaction-id=\"3cb416b4\"  data-e-type=\"widget\" data-id=\"3cb416b4\">\n\t\t\t\t\t\t\t\tCryptHub V3 incluye una gesti\u00f3n de los identificadores de red respetuosa con la privacidad:<br><br>- Clonaci\u00f3n y aleatorizaci\u00f3n de direcciones MAC<br>- Configuraci\u00f3n del identificador del dispositivo (IMEI) con privacidad<br><br>Para reducir la identificaci\u00f3n a largo plazo a nivel de red, el dispositivo puede configurarse con un identificador de privacidad en lugar del predeterminado de f\u00e1brica. Esta funci\u00f3n se aplica con cuidado y est\u00e1 sujeta a las leyes y normativas locales. Cryptvice configura esta funcionalidad s\u00f3lo cuando es compatible y apropiada.  \n\t\t\t\t\t<\/p>\n\t\t\t\t\t\t\t<h2 \n\t\tdata-interaction-id=\"3a908416\" \n\t\tclass=\"e-3a908416-edc21c4 e-heading-base\" \n\t\t \n\t\tdata-e-type=\"widget\" data-id=\"3a908416\"\n\t>\n\t\n\t\t\tCaracter\u00edsticas principales\n\t\t<\/h2>\n\t\t\t\t\t\t\t\t<p class=\"paragraph-small e-paragraph-base\" data-interaction-id=\"24fa7cd6\"  data-e-type=\"widget\" data-id=\"24fa7cd6\">\n\t\t\t\t\t\t\t\t- Enrutador 4G LTE port\u00e1til seguro compatible con operadores de todo el mundo<br>- Conectividad VPN cifrada preinstalada (cliente y servidor)<br>- Compatible con m\u00f3dulos celulares intercambiables (CAT4 \/ CAT6)<br>- Clonaci\u00f3n y aleatorizaci\u00f3n de direcciones MAC<br>- Cifrado DNS activado por defecto<br>- Cortafuegos integrado con opciones de enrutamiento avanzadas - Funcionamiento con bater\u00edafirewall integrado con opciones de enrutamiento avanzadas<br>- Soporte de conmutaci\u00f3n por error y equilibrio de carga<br>- Funcionamiento con bater\u00eda para uso m\u00f3vil<br>- Compatibilidad con SIM f\u00edsica y eSIM<br>- Configuraci\u00f3n y soporte oficiales de Cryptvice\n\t\t\t\t\t<\/p>\n\t\t\t\t\t\t\t<h2 \n\t\tdata-interaction-id=\"8de6950\" \n\t\tclass=\"e-8de6950-21abd64 e-heading-base\" \n\t\t \n\t\tdata-e-type=\"widget\" data-id=\"8de6950\"\n\t>\n\t\n\t\t\tPor qu\u00e9 hacer un pedido a Cryptvice\n\t\t<\/h2>\n\t\t\t\t\t\t\t\t<p class=\"paragraph-small e-paragraph-base\" data-interaction-id=\"4fddae23\"  data-e-type=\"widget\" data-id=\"4fddae23\">\n\t\t\t\t\t\t\t\t- Cada dispositivo se configura individualmente<br>- Seguridad verificada antes de cada env\u00edo<br>- Embalaje discreto sin marca<br>- Se aceptan pagos en criptomoneda<br>- Se env\u00eda desde Espa\u00f1a con seguimiento<br>- Asistencia experta de especialistas en privacidad\n\t\t\t\t\t<\/p>\n\t\t\t\t\t\t\t<h2 \n\t\tdata-interaction-id=\"41c25560\" \n\t\tclass=\"e-41c25560-5298cd5 e-heading-base\" \n\t\t \n\t\tdata-e-type=\"widget\" data-id=\"41c25560\"\n\t>\n\t\n\t\t\tEnv\u00edo y garant\u00eda\n\t\t<\/h2>\n\t\t\t\t\t\t\t\t<p class=\"paragraph-small e-paragraph-base\" data-interaction-id=\"1bc39558\"  data-e-type=\"widget\" data-id=\"1bc39558\">\n\t\t\t\t\t\t\t\tLos pedidos se env\u00edan en 1 d\u00eda laborable. Seguimiento por correo electr\u00f3nico. <br><br>Se aceptan devoluciones de aparatos defectuosos dentro de Espa\u00f1a. El env\u00edo de devoluci\u00f3n se aplica a los art\u00edculos no defectuosos. La configuraci\u00f3n se proporciona como servicio profesional.  \n\t\t\t\t\t<\/p>\n\t\t\t\t\t\t\t\t<p class=\"paragraph-small button-dark-icon e-4f6d052e-0e6695b e-paragraph-base\" data-interaction-id=\"4f6d052e\"  data-e-type=\"widget\" data-id=\"4f6d052e\">\n\t\t\t\t\t\t\t<a\n\t\t\t\t\thref=\"https:\/\/www.cryptvice.com\/es\/help-and-support\/\" target=\"_self\"\n\t\t\t\t\tclass=\"e-paragraph-link-base\"\n\t\t\t\t>\n\t\t\t\t\t\t\u00bfTienes preguntas? Consulta nuestras Preguntas frecuentes sobre ayuda y soporte \n\t\t\t\t<\/a>\n\t\t\t\t\t<\/p>\n\t\t\t\t\t<\/div>\n\t\t\t\t<\/div>\n\t\t<div class=\"wd-negative-gap elementor-element elementor-element-79573244 elementor-hidden-widescreen elementor-hidden-desktop elementor-hidden-laptop elementor-hidden-tablet elementor-hidden-mobile e-flex e-con-boxed e-con e-parent\" data-id=\"79573244\" data-element_type=\"container\" data-e-type=\"container\">\n\t\t\t\t\t<div class=\"e-con-inner\">\n\t\t\t\t\t\t\t<h2 \n\t\tdata-interaction-id=\"473b730c\" \n\t\tclass=\"e-473b730c-b85ee2f e-heading-base\" \n\t\t \n\t\tdata-e-type=\"widget\" data-id=\"473b730c\"\n\t>\n\t\n\t\t\tAcerca del hardware GL.iNet Puli XE300\n\t\t<\/h2>\n\t\t\t\t\t\t\t\t<p class=\"paragraph-small e-paragraph-base\" data-interaction-id=\"7ec1a6\"  data-e-type=\"widget\" data-id=\"7ec1a6\">\n\t\t\t\t\t\t\t\tEl CryptHub V3 se basa en el GL.iNet Puli (GL-XE300), un router inal\u00e1mbrico 4G LTE port\u00e1til fabricado por GL.iNet. El GLiNet Puli XE300 es reconocido por su compatibilidad con firmware de c\u00f3digo abierto, su dise\u00f1o compacto y su fiable conectividad m\u00f3vil. \n\t\t\t\t\t<\/p>\n\t\t\t\t\t\t\t<h2 \n\t\tdata-interaction-id=\"d64b943\" \n\t\tclass=\"e-d64b943-00a60dd e-heading-base\" \n\t\t \n\t\tdata-e-type=\"widget\" data-id=\"d64b943\"\n\t>\n\t\n\t\t\tEspecificaciones de GL.iNet GL-XE300 Puli\n\t\t<\/h2>\n\t\t\t\t\t\t\t\t<p class=\"paragraph-small e-paragraph-base\" data-interaction-id=\"37b91635\"  data-e-type=\"widget\" data-id=\"37b91635\">\n\t\t\t\t\t\t\t\t- Procesador: QCA9531 a 650MHz<br>- Memoria: 128MB RAM<br>- Almacenamiento: 16MB NOR + 128MB NAND Flash<br>- Expansi\u00f3n: MicroSD de hasta 512GB<br>- Bater\u00eda: 5000mAh recargable integrada<br>- Wi-Fi: 300 Mbps (2,4GHz), WPA3<br>- Ethernet: 2 puertos 10\/100M<br>- USB: puerto 2.0 para tethering<br>- M\u00f3vil: Ranura Nano-SIM, compatible con eSIM<br>- M\u00f3dulos: CAT4 \/ CAT6 intercambiables<br>- Protocolos: IPv6, WireGuard, OpenVPN<br>- Firmware: OpenWrt preinstalado\n\t\t\t\t\t<\/p>\n\t\t\t\t\t\t\t<h2 \n\t\tdata-interaction-id=\"152da802\" \n\t\tclass=\"e-152da802-cc0af33 e-heading-base\" \n\t\t \n\t\tdata-e-type=\"widget\" data-id=\"152da802\"\n\t>\n\t\n\t\t\tPor qu\u00e9 comprar un GL.iNet Puli XE300 preconfigurado\n\t\t<\/h2>\n\t\t\t\t\t\t\t\t<p class=\"paragraph-small e-paragraph-base\" data-interaction-id=\"58a9b47e\"  data-e-type=\"widget\" data-id=\"58a9b47e\">\n\t\t\t\t\t\t\t\tAdquirir directamente un GLiNet Puli XE300 requiere configurar manualmente la VPN, las reglas del cortafuegos, el cifrado DNS y los ajustes de privacidad. El CryptHub V3 entrega el GL-XE300 Puli listo para usar, con una configuraci\u00f3n de seguridad profesional ya aplicada y probada. <br><br>Cryptvice se suma al GL.iNet GL-XE300:<br><br>- VPN Premium preinstalada y activada<br>- DNS sobre TLS configurado<br>- Aleatorizaci\u00f3n de direcciones MAC activada<br>- Reglas de cortafuegos reforzadas aplicadas<br>- Configuraci\u00f3n del identificador de privacidad<br>- Verificaci\u00f3n de seguridad antes del env\u00edo<br><br>El GL.iNet Puli XE300 combinado con la configuraci\u00f3n Cryptvice proporciona una completa soluci\u00f3n de privacidad port\u00e1til sin la configuraci\u00f3n t\u00e9cnica necesaria al adquirir el router est\u00e1ndar GLiNet Puli XE300.\n\t\t\t\t\t<\/p>\n\t\t\t\t\t<\/div>\n\t\t\t\t<\/div>\n\t\t\t\t<\/div>\n\t\t","protected":false},"excerpt":{"rendered":"<p><em>Router 4G port\u00e1til configurado profesionalmente con asistencia experta<\/em><\/p>\n<p>Conectividad m\u00f3vil segura: privacidad compacta para entornos dom\u00e9sticos, de viaje y profesionales.<\/p>\n<p>Construido sobre un hardware 4G LTE fiable, preconfigurado con OpenWRT, VPN encriptado y funciones avanzadas de privacidad. Tu propia red privada, dondequiera que te conectes. <\/p>\n<p>\u2713 Conectividad 4G LTE con OpenWRT preinstalado<br \/>\n\u2713 VPN activada y configurada<br \/>\n\u2713 Clonaci\u00f3n y aleatorizaci\u00f3n MAC activadas<br \/>\n\u2713 Cifrado DNS configurado<br \/>\n\u2713 Funcionalidad de cliente y servidor VPN<br \/>\n\u2713 Configuraci\u00f3n de identificador de dispositivo consciente de la privacidad<br \/>\n\u2713 Distribuci\u00f3n oficial de Cryptvice<\/p>\n","protected":false},"featured_media":17124,"comment_status":"closed","ping_status":"closed","template":"","meta":[],"product_brand":[],"product_cat":[6599],"product_tag":[],"class_list":{"0":"post-66953","1":"product","2":"type-product","3":"status-publish","4":"has-post-thumbnail","6":"product_cat-crypthub","7":"product_shipping_class-paquete-pequeno-telefono-router","8":"pa_battery-capacity-5000-mah","10":"pa_brand-gl-inet","12":"pa_card-slot-1-ranura-para-tarjetas-microsd-hasta-512-gb","13":"pa_card-slot-1x-microsd-card-slot-up-to-512gb","14":"pa_card-slot-1x-nano-sim-card-slot","15":"pa_card-slot-1x-ranura-para-tarjeta-nano-sim","16":"pa_color-blanco","17":"pa_color-white","18":"pa_ethernet-port-1x-lan-ethernet-port","19":"pa_ethernet-port-1x-puerto-ethernet-lan","20":"pa_ethernet-port-1x-puerto-ethernet-wan","21":"pa_ethernet-port-1x-wan-ethernet-port","22":"pa_manufacturer-guarantee-12-meses","23":"pa_manufacturer-guarantee-12-months","24":"pa_model-ep06-e","26":"pa_model-puli-gl-xe300v2","28":"pa_operating-system-openwrt","30":"pa_processor-qca9531-650mhz-soc","32":"pa_ram-size-128-mb","34":"pa_ram-type-ddr2","36":"pa_release-years-12-oct-2023","38":"pa_security-features-vpn-encriptada","39":"pa_security-features-vpn-encrypted","40":"pa_storage-nor-flash-16mb-nand-flash-128mb","42":"pa_vpn-cover-ivpn-12m","44":"pa_vpn-cover-ivpn-6m","46":"pa_vpn-cover-mullvad-12m","48":"pa_vpn-cover-mullvad-6m","50":"pa_vpn-cover-protonvpn-12m","53":"first","54":"instock","55":"sale","56":"taxable","57":"shipping-taxable","58":"purchasable","59":"product-type-variable","60":"has-default-attributes"},"_links":{"self":[{"href":"https:\/\/www.cryptvice.com\/es\/wp-json\/wp\/v2\/product\/66953","targetHints":{"allow":["GET"]}}],"collection":[{"href":"https:\/\/www.cryptvice.com\/es\/wp-json\/wp\/v2\/product"}],"about":[{"href":"https:\/\/www.cryptvice.com\/es\/wp-json\/wp\/v2\/types\/product"}],"replies":[{"embeddable":true,"href":"https:\/\/www.cryptvice.com\/es\/wp-json\/wp\/v2\/comments?post=66953"}],"version-history":[{"count":0,"href":"https:\/\/www.cryptvice.com\/es\/wp-json\/wp\/v2\/product\/66953\/revisions"}],"wp:featuredmedia":[{"embeddable":true,"href":"https:\/\/www.cryptvice.com\/es\/wp-json\/wp\/v2\/media\/17124"}],"wp:attachment":[{"href":"https:\/\/www.cryptvice.com\/es\/wp-json\/wp\/v2\/media?parent=66953"}],"wp:term":[{"taxonomy":"product_brand","embeddable":true,"href":"https:\/\/www.cryptvice.com\/es\/wp-json\/wp\/v2\/product_brand?post=66953"},{"taxonomy":"product_cat","embeddable":true,"href":"https:\/\/www.cryptvice.com\/es\/wp-json\/wp\/v2\/product_cat?post=66953"},{"taxonomy":"product_tag","embeddable":true,"href":"https:\/\/www.cryptvice.com\/es\/wp-json\/wp\/v2\/product_tag?post=66953"}],"curies":[{"name":"wp","href":"https:\/\/api.w.org\/{rel}","templated":true}]}}