{"id":67047,"date":"2024-06-25T18:13:53","date_gmt":"2024-06-25T16:13:53","guid":{"rendered":"https:\/\/www.cryptvice.com\/shop\/pixel-8a-privacy-screen-protector\/"},"modified":"2026-03-13T13:08:33","modified_gmt":"2026-03-13T11:08:33","slug":"pixel-8a-privacy-screen-protector","status":"publish","type":"product","link":"https:\/\/www.cryptvice.com\/es\/shop\/pixel-8a-privacy-screen-protector\/","title":{"rendered":"Pixel 8a &#8211; Protector de pantalla de privacidad"},"content":{"rendered":"\t\t<div data-elementor-type=\"product-post\" data-elementor-id=\"67047\" class=\"elementor elementor-67047 elementor-15896\" data-elementor-post-type=\"product\">\n\t\t\t\t<div class=\"wd-negative-gap elementor-element elementor-element-24367ace e-flex e-con-boxed e-con e-parent\" data-id=\"24367ace\" data-element_type=\"container\" data-e-type=\"container\">\n\t\t\t\t\t<div class=\"e-con-inner\">\n\t\t\t\t\t<\/div>\n\t\t\t\t<\/div>\n\t\t\t\t<\/div>\n\t\t","protected":false},"excerpt":{"rendered":"<p>El protector de pantalla de privacidad del Google Pixel 8a oscurece tu pantalla desde \u00e1ngulos laterales para que s\u00f3lo t\u00fa puedas leerla. El filtro de microrrejilla funciona de forma pasiva: sin gasto de bater\u00eda ni ajustes. El lector de huellas dactilares y el desbloqueo facial funcionan con normalidad a trav\u00e9s del cristal.  <\/p>\n<p>\u2713 Cristal templado 9H con filtro antiesp\u00eda (\u00e1ngulo ~28\u00b0)<br \/>\n\u2713 El lector de huellas dactilares y el desbloqueo facial funcionan a trav\u00e9s del cristal<br \/>\n\u2713 Revestimiento oleof\u00f3bico resistente a las huellas dactilares<br \/>\n\u2713 Instalaci\u00f3n sin burbujas y apta para fundas<br \/>\n\u2713 Corte para ajustarse al Google Pixel 8a<\/p>\n","protected":false},"featured_media":45877,"comment_status":"closed","ping_status":"closed","template":"","meta":[],"product_brand":[],"product_cat":[2434],"product_tag":[],"class_list":{"0":"post-67047","1":"product","2":"type-product","3":"status-publish","4":"has-post-thumbnail","6":"product_cat-protectores-de-pantalla","7":"product_shipping_class-paquete-buzon-herramientas-de-privacidad","9":"first","10":"onbackorder","11":"taxable","12":"shipping-taxable","13":"purchasable","14":"product-type-simple"},"_links":{"self":[{"href":"https:\/\/www.cryptvice.com\/es\/wp-json\/wp\/v2\/product\/67047","targetHints":{"allow":["GET"]}}],"collection":[{"href":"https:\/\/www.cryptvice.com\/es\/wp-json\/wp\/v2\/product"}],"about":[{"href":"https:\/\/www.cryptvice.com\/es\/wp-json\/wp\/v2\/types\/product"}],"replies":[{"embeddable":true,"href":"https:\/\/www.cryptvice.com\/es\/wp-json\/wp\/v2\/comments?post=67047"}],"version-history":[{"count":0,"href":"https:\/\/www.cryptvice.com\/es\/wp-json\/wp\/v2\/product\/67047\/revisions"}],"wp:featuredmedia":[{"embeddable":true,"href":"https:\/\/www.cryptvice.com\/es\/wp-json\/wp\/v2\/media\/45877"}],"wp:attachment":[{"href":"https:\/\/www.cryptvice.com\/es\/wp-json\/wp\/v2\/media?parent=67047"}],"wp:term":[{"taxonomy":"product_brand","embeddable":true,"href":"https:\/\/www.cryptvice.com\/es\/wp-json\/wp\/v2\/product_brand?post=67047"},{"taxonomy":"product_cat","embeddable":true,"href":"https:\/\/www.cryptvice.com\/es\/wp-json\/wp\/v2\/product_cat?post=67047"},{"taxonomy":"product_tag","embeddable":true,"href":"https:\/\/www.cryptvice.com\/es\/wp-json\/wp\/v2\/product_tag?post=67047"}],"curies":[{"name":"wp","href":"https:\/\/api.w.org\/{rel}","templated":true}]}}