{"id":68288,"date":"2024-06-25T18:07:00","date_gmt":"2024-06-25T16:07:00","guid":{"rendered":"https:\/\/www.cryptvice.com\/shop\/pixel-6a-proteccion-de-pantallas\/"},"modified":"2024-06-25T18:07:00","modified_gmt":"2024-06-25T16:07:00","slug":"pixel-6a-proteccion-de-pantallas","status":"publish","type":"product","link":"https:\/\/www.cryptvice.com\/es\/shop\/pixel-6a-proteccion-de-pantallas\/","title":{"rendered":"Pixel 6a &#8211; Protecci\u00f3n de pantallas"},"content":{"rendered":"","protected":false},"excerpt":{"rendered":"<p>La funci\u00f3n de protecci\u00f3n de pantalla del Google Pixel 6a bloquea los destellos de luz con ayuda de la tecnolog\u00eda de microl\u00e1mparas. El borde superior de la pantalla es transparente y se hunde desde el exterior. Funciona con el lector de huellas dactilares bajo la pantalla, sin problemas con el desbloqueo facial ni con la sincronizaci\u00f3n.    <\/p>\n<p>\u2713 9H geh\u00e4rtetes Glas mit Anti-Spion-Filter (~28\u00b0 Betrachtungswinkel)<br \/>\n\u2713 Fingerabdruckleser und Face Unlock kompatibel<br \/>\n\u2713 Oleophobe Beschichtung &#8211; widersteht Fingerabdr\u00fccken und Flecken<br \/>\n\u2713 Blasenfreie Installation, Case-freundliche Passform<br \/>\n\u2713 Pr\u00e4zisionsschnitt f\u00fcr das Google Pixel 6a<\/p>\n","protected":false},"featured_media":0,"comment_status":"closed","ping_status":"closed","template":"","meta":[],"product_brand":[],"product_cat":[108],"product_tag":[],"class_list":{"0":"post-68288","1":"product","2":"type-product","3":"status-publish","5":"product_cat-accessoires","7":"first","8":"instock","9":"taxable","10":"shipping-taxable","11":"product-type-simple"},"_links":{"self":[{"href":"https:\/\/www.cryptvice.com\/es\/wp-json\/wp\/v2\/product\/68288","targetHints":{"allow":["GET"]}}],"collection":[{"href":"https:\/\/www.cryptvice.com\/es\/wp-json\/wp\/v2\/product"}],"about":[{"href":"https:\/\/www.cryptvice.com\/es\/wp-json\/wp\/v2\/types\/product"}],"replies":[{"embeddable":true,"href":"https:\/\/www.cryptvice.com\/es\/wp-json\/wp\/v2\/comments?post=68288"}],"version-history":[{"count":0,"href":"https:\/\/www.cryptvice.com\/es\/wp-json\/wp\/v2\/product\/68288\/revisions"}],"wp:attachment":[{"href":"https:\/\/www.cryptvice.com\/es\/wp-json\/wp\/v2\/media?parent=68288"}],"wp:term":[{"taxonomy":"product_brand","embeddable":true,"href":"https:\/\/www.cryptvice.com\/es\/wp-json\/wp\/v2\/product_brand?post=68288"},{"taxonomy":"product_cat","embeddable":true,"href":"https:\/\/www.cryptvice.com\/es\/wp-json\/wp\/v2\/product_cat?post=68288"},{"taxonomy":"product_tag","embeddable":true,"href":"https:\/\/www.cryptvice.com\/es\/wp-json\/wp\/v2\/product_tag?post=68288"}],"curies":[{"name":"wp","href":"https:\/\/api.w.org\/{rel}","templated":true}]}}