{"id":59574,"date":"2026-01-11T15:16:15","date_gmt":"2026-01-11T13:16:15","guid":{"rendered":"https:\/\/www.cryptvice.com\/legal\/"},"modified":"2026-03-13T05:40:18","modified_gmt":"2026-03-13T03:40:18","slug":"legal","status":"publish","type":"page","link":"https:\/\/www.cryptvice.com\/fr\/legal\/","title":{"rendered":"Juridique"},"content":{"rendered":"\t\t<div data-elementor-type=\"wp-page\" data-elementor-id=\"59574\" class=\"elementor elementor-59574 elementor-52231\" data-elementor-post-type=\"page\">\n\t\t\t\t<header class=\"wd-negative-gap elementor-element elementor-element-2c3ef65 wd-section-stretch e-flex e-con-boxed e-con e-parent\" data-id=\"2c3ef65\" data-element_type=\"container\" data-e-type=\"container\" data-settings=\"{&quot;background_background&quot;:&quot;classic&quot;}\">\n\t\t\t\t\t<div class=\"e-con-inner\">\n\t\t\t\t<div class=\"elementor-element elementor-element-5d53cb6 elementor-widget__width-initial elementor-widget-laptop__width-inherit text-balance elementor-widget elementor-widget-heading\" data-id=\"5d53cb6\" data-element_type=\"widget\" data-e-type=\"widget\" data-widget_type=\"heading.default\">\n\t\t\t\t\t<h2 class=\"elementor-heading-title elementor-size-default\">Nos obligations l\u00e9gales et de conformit\u00e9 qui accompagnent le(s) service(s) et\/ou les produits.<\/h2>\t\t\t\t<\/div>\n\t\t\t\t<div class=\"elementor-element elementor-element-a487c27 elementor-widget-mobile__width-inherit text-balance color-scheme-inherit text-left elementor-widget elementor-widget-text-editor\" data-id=\"a487c27\" data-element_type=\"widget\" data-e-type=\"widget\" data-widget_type=\"text-editor.default\">\n\t\t\t\t\t\t\t\t\t<p>Cette page permet d&#8217;acc\u00e9der aux documents juridiques r\u00e9gissant l&#8217;utilisation du site Web, des produits et des services de Cryptvice.<br data-start=\"398\" data-end=\"401\">Chaque document traite d&#8217;un sujet juridique sp\u00e9cifique. Nous te recommandons de consulter les sections pertinentes \u00e0 ton interaction avec Cryptvice. <\/p>\t\t\t\t\t\t\t\t<\/div>\n\t\t\t\t\t<\/div>\n\t\t\t\t<\/header>\n\t\t<div class=\"elementor-element elementor-element-ac52a25 wd-section-stretch e-flex e-con-boxed e-con e-parent\" data-id=\"ac52a25\" data-element_type=\"container\" data-e-type=\"container\">\n\t\t\t\t\t<div class=\"e-con-inner\">\n\t\t\t\t<div class=\"elementor-element elementor-element-fb182ce box-shadow color-scheme-inherit text-left elementor-widget elementor-widget-text-editor\" data-id=\"fb182ce\" data-element_type=\"widget\" data-e-type=\"widget\" data-widget_type=\"text-editor.default\">\n\t\t\t\t\t\t\t\t\t<p>Des traductions de ces conditions peuvent \u00eatre fournies pour des raisons de commodit\u00e9 uniquement. En cas de divergence, la version anglaise pr\u00e9vaudra. <\/p>\t\t\t\t\t\t\t\t<\/div>\n\t\t\t\t\t<\/div>\n\t\t\t\t<\/div>\n\t\t<div class=\"wd-negative-gap elementor-element elementor-element-b8aabd9 wd-section-stretch e-flex e-con-boxed e-con e-parent\" data-id=\"b8aabd9\" data-element_type=\"container\" data-e-type=\"container\">\n\t\t\t\t\t<div class=\"e-con-inner\">\n\t\t<div class=\"elementor-element elementor-element-983fd03 e-con-full e-grid e-con e-child\" data-id=\"983fd03\" data-element_type=\"container\" data-e-type=\"container\">\n\t\t<div class=\"elementor-element elementor-element-93c98f6 box-shadow e-con-full e-flex e-con e-child\" data-id=\"93c98f6\" data-element_type=\"container\" data-e-type=\"container\" data-settings=\"{&quot;background_background&quot;:&quot;classic&quot;}\">\n\t\t\t\t<div class=\"elementor-element elementor-element-d7558fb elementor-widget elementor-widget-heading\" data-id=\"d7558fb\" data-element_type=\"widget\" data-e-type=\"widget\" data-widget_type=\"heading.default\">\n\t\t\t\t\t<h5 class=\"elementor-heading-title elementor-size-default\">Conditions g\u00e9n\u00e9rales<\/h5>\t\t\t\t<\/div>\n\t\t\t\t<div class=\"elementor-element elementor-element-ddeba60 color-scheme-inherit text-left elementor-widget elementor-widget-text-editor\" data-id=\"ddeba60\" data-element_type=\"widget\" data-e-type=\"widget\" data-widget_type=\"text-editor.default\">\n\t\t\t\t\t\t\t\t\t<p>Les conditions g\u00e9n\u00e9rales d\u00e9finissent la relation contractuelle entre toi et Cryptvice, y compris les conditions d&#8217;achat, les conditions de paiement, la livraison, les retours, les garanties et les limitations de responsabilit\u00e9.<\/p><p>Consulte cette section si tu passes une commande ou si tu utilises les produits ou services de Cryptvice.<\/p>\t\t\t\t\t\t\t\t<\/div>\n\t\t\t\t<div class=\"elementor-element elementor-element-778b551 elementor-tablet-align-justify elementor-align-left elementor-widget elementor-widget-button\" data-id=\"778b551\" data-element_type=\"widget\" data-e-type=\"widget\" data-widget_type=\"button.default\">\n\t\t\t\t\t\t\t\t\t\t<a class=\"elementor-button elementor-button-link elementor-size-sm\" href=\"https:\/\/www.cryptvice.com\/legal\/terms-and-conditions\/\" alt=\"download disclaimer as pdf\" id=\"btn\">\n\t\t\t\t\t\t<span class=\"elementor-button-content-wrapper\">\n\t\t\t\t\t\t<span class=\"elementor-button-icon\">\n\t\t\t\t<i aria-hidden=\"true\" class=\"far fa-long-arrow-right\"><\/i>\t\t\t<\/span>\n\t\t\t\t\t\t\t\t\t<span class=\"elementor-button-text\">En savoir plus<\/span>\n\t\t\t\t\t<\/span>\n\t\t\t\t\t<\/a>\n\t\t\t\t\t\t\t\t<\/div>\n\t\t\t\t<\/div>\n\t\t<div class=\"elementor-element elementor-element-2a15397 box-shadow e-con-full e-flex e-con e-child\" data-id=\"2a15397\" data-element_type=\"container\" data-e-type=\"container\" data-settings=\"{&quot;background_background&quot;:&quot;classic&quot;}\">\n\t\t\t\t<div class=\"elementor-element elementor-element-c1be665 elementor-widget elementor-widget-heading\" data-id=\"c1be665\" data-element_type=\"widget\" data-e-type=\"widget\" data-widget_type=\"heading.default\">\n\t\t\t\t\t<h5 class=\"elementor-heading-title elementor-size-default\">Politique de confidentialit\u00e9<\/h5>\t\t\t\t<\/div>\n\t\t\t\t<div class=\"elementor-element elementor-element-f14d243 color-scheme-inherit text-left elementor-widget elementor-widget-text-editor\" data-id=\"f14d243\" data-element_type=\"widget\" data-e-type=\"widget\" data-widget_type=\"text-editor.default\">\n\t\t\t\t\t\t\t\t\t<p>Notre politique de confidentialit\u00e9 explique comment Cryptvice traite les donn\u00e9es personnelles conform\u00e9ment au R\u00e8glement g\u00e9n\u00e9ral sur la protection des donn\u00e9es (RGPD) de l&#8217;UE, y compris les donn\u00e9es que nous collectons, les raisons pour lesquelles nous les collectons, la dur\u00e9e de leur conservation et tes droits en tant que personne concern\u00e9e.<\/p><p>Consulte cette section pour comprendre comment tes donn\u00e9es personnelles sont trait\u00e9es.<\/p>\t\t\t\t\t\t\t\t<\/div>\n\t\t\t\t<div class=\"elementor-element elementor-element-071f706 elementor-tablet-align-justify elementor-align-left elementor-widget elementor-widget-button\" data-id=\"071f706\" data-element_type=\"widget\" data-e-type=\"widget\" data-widget_type=\"button.default\">\n\t\t\t\t\t\t\t\t\t\t<a class=\"elementor-button elementor-button-link elementor-size-sm\" href=\"https:\/\/www.cryptvice.com\/legal\/privacy-policy\/\" alt=\"download disclaimer as pdf\" id=\"btn\">\n\t\t\t\t\t\t<span class=\"elementor-button-content-wrapper\">\n\t\t\t\t\t\t<span class=\"elementor-button-icon\">\n\t\t\t\t<i aria-hidden=\"true\" class=\"far fa-long-arrow-right\"><\/i>\t\t\t<\/span>\n\t\t\t\t\t\t\t\t\t<span class=\"elementor-button-text\">En savoir plus<\/span>\n\t\t\t\t\t<\/span>\n\t\t\t\t\t<\/a>\n\t\t\t\t\t\t\t\t<\/div>\n\t\t\t\t<\/div>\n\t\t<div class=\"elementor-element elementor-element-672f47e box-shadow e-con-full e-flex e-con e-child\" data-id=\"672f47e\" data-element_type=\"container\" data-e-type=\"container\" data-settings=\"{&quot;background_background&quot;:&quot;classic&quot;}\">\n\t\t\t\t<div class=\"elementor-element elementor-element-60c97cb elementor-widget elementor-widget-heading\" data-id=\"60c97cb\" data-element_type=\"widget\" data-e-type=\"widget\" data-widget_type=\"heading.default\">\n\t\t\t\t\t<h5 class=\"elementor-heading-title elementor-size-default\">Politique en mati\u00e8re de cookies<\/h5>\t\t\t\t<\/div>\n\t\t\t\t<div class=\"elementor-element elementor-element-65513ac color-scheme-inherit text-left elementor-widget elementor-widget-text-editor\" data-id=\"65513ac\" data-element_type=\"widget\" data-e-type=\"widget\" data-widget_type=\"text-editor.default\">\n\t\t\t\t\t\t\t\t\t<p>La politique en mati\u00e8re de cookies explique si et comment les cookies ou les technologies similaires sont utilis\u00e9s sur le site Web de Cryptvice, y compris les cookies strictement n\u00e9cessaires et les choix dont tu disposes.<\/p><p>Consulte cette section pour savoir comment les technologies des sites Web sont utilis\u00e9es.<\/p>\t\t\t\t\t\t\t\t<\/div>\n\t\t\t\t<div class=\"elementor-element elementor-element-44df6e8 elementor-tablet-align-justify elementor-align-left elementor-widget elementor-widget-button\" data-id=\"44df6e8\" data-element_type=\"widget\" data-e-type=\"widget\" data-widget_type=\"button.default\">\n\t\t\t\t\t\t\t\t\t\t<a class=\"elementor-button elementor-button-link elementor-size-sm\" href=\"https:\/\/www.cryptvice.com\/legal\/cookie-policy\/\" alt=\"download disclaimer as pdf\" id=\"btn\">\n\t\t\t\t\t\t<span class=\"elementor-button-content-wrapper\">\n\t\t\t\t\t\t<span class=\"elementor-button-icon\">\n\t\t\t\t<i aria-hidden=\"true\" class=\"far fa-long-arrow-right\"><\/i>\t\t\t<\/span>\n\t\t\t\t\t\t\t\t\t<span class=\"elementor-button-text\">En savoir plus<\/span>\n\t\t\t\t\t<\/span>\n\t\t\t\t\t<\/a>\n\t\t\t\t\t\t\t\t<\/div>\n\t\t\t\t<\/div>\n\t\t<div class=\"elementor-element elementor-element-7c01e48 box-shadow e-con-full e-flex e-con e-child\" data-id=\"7c01e48\" data-element_type=\"container\" data-e-type=\"container\" data-settings=\"{&quot;background_background&quot;:&quot;classic&quot;}\">\n\t\t\t\t<div class=\"elementor-element elementor-element-4d9ee29 elementor-widget elementor-widget-heading\" data-id=\"4d9ee29\" data-element_type=\"widget\" data-e-type=\"widget\" data-widget_type=\"heading.default\">\n\t\t\t\t\t<h5 class=\"elementor-heading-title elementor-size-default\">Mentions l\u00e9gales<\/h5>\t\t\t\t<\/div>\n\t\t\t\t<div class=\"elementor-element elementor-element-c99f8df color-scheme-inherit text-left elementor-widget elementor-widget-text-editor\" data-id=\"c99f8df\" data-element_type=\"widget\" data-e-type=\"widget\" data-widget_type=\"text-editor.default\">\n\t\t\t\t\t\t\t\t\t<p>L&#8217;avis de non-responsabilit\u00e9 r\u00e9git l&#8217;utilisation du site Web de Cryptvice, y compris le contenu informatif, les droits de propri\u00e9t\u00e9 intellectuelle, les liens avec des tiers et les limitations de responsabilit\u00e9.<\/p><p>Consulte cette section pour conna\u00eetre les conditions li\u00e9es \u00e0 l&#8217;acc\u00e8s au site Web et \u00e0 l&#8217;utilisation du contenu.<\/p>\t\t\t\t\t\t\t\t<\/div>\n\t\t\t\t<div class=\"elementor-element elementor-element-bdb9e47 elementor-tablet-align-justify elementor-align-left elementor-widget elementor-widget-button\" data-id=\"bdb9e47\" data-element_type=\"widget\" data-e-type=\"widget\" data-widget_type=\"button.default\">\n\t\t\t\t\t\t\t\t\t\t<a class=\"elementor-button elementor-button-link elementor-size-sm\" href=\"https:\/\/www.cryptvice.com\/legal\/disclaimer\/\" alt=\"download disclaimer as pdf\" id=\"btn\">\n\t\t\t\t\t\t<span class=\"elementor-button-content-wrapper\">\n\t\t\t\t\t\t<span class=\"elementor-button-icon\">\n\t\t\t\t<i aria-hidden=\"true\" class=\"far fa-long-arrow-right\"><\/i>\t\t\t<\/span>\n\t\t\t\t\t\t\t\t\t<span class=\"elementor-button-text\">En savoir plus<\/span>\n\t\t\t\t\t<\/span>\n\t\t\t\t\t<\/a>\n\t\t\t\t\t\t\t\t<\/div>\n\t\t\t\t<\/div>\n\t\t\t\t<\/div>\n\t\t\t\t\t<\/div>\n\t\t\t\t<\/div>\n\t\t<div class=\"wd-negative-gap elementor-element elementor-element-ba7c970 wd-section-stretch e-flex e-con-boxed e-con e-parent\" data-id=\"ba7c970\" data-element_type=\"container\" data-e-type=\"container\">\n\t\t\t\t\t<div class=\"e-con-inner\">\n\t\t\t\t<div class=\"elementor-element elementor-element-d36b39f elementor-widget elementor-widget-heading\" data-id=\"d36b39f\" data-element_type=\"widget\" data-e-type=\"widget\" data-widget_type=\"heading.default\">\n\t\t\t\t\t<h3 class=\"elementor-heading-title elementor-size-default\">Questions ou demandes<\/h3>\t\t\t\t<\/div>\n\t\t\t\t<div class=\"elementor-element elementor-element-d4f50ba color-scheme-inherit text-left elementor-widget elementor-widget-text-editor\" data-id=\"d4f50ba\" data-element_type=\"widget\" data-e-type=\"widget\" data-widget_type=\"text-editor.default\">\n\t\t\t\t\t\t\t\t\t<p>Si tu as des questions sur un document juridique ou si tu souhaites exercer tes droits en vertu de la loi applicable, contacte-nous via les coordonn\u00e9es fournies dans la politique concern\u00e9e.<\/p>\t\t\t\t\t\t\t\t<\/div>\n\t\t\t\t<div class=\"elementor-element elementor-element-b60cbe1 elementor-widget elementor-widget-n-accordion\" data-id=\"b60cbe1\" data-element_type=\"widget\" data-e-type=\"widget\" data-settings=\"{&quot;default_state&quot;:&quot;all_collapsed&quot;,&quot;max_items_expended&quot;:&quot;one&quot;,&quot;n_accordion_animation_duration&quot;:{&quot;unit&quot;:&quot;ms&quot;,&quot;size&quot;:400,&quot;sizes&quot;:[]}}\" data-widget_type=\"nested-accordion.default\">\n\t\t\t\t\t\t\t<div class=\"e-n-accordion\" aria-label=\"Accordion. Open links with Enter or Space, close with Escape, and navigate with Arrow Keys\">\n\t\t\t\t\t\t<details id=\"e-n-accordion-item-1900\" class=\"e-n-accordion-item\" >\n\t\t\t\t<summary class=\"e-n-accordion-item-title\" data-accordion-index=\"1\" tabindex=\"0\" aria-expanded=\"false\" aria-controls=\"e-n-accordion-item-1900\" >\n\t\t\t\t\t<span class='e-n-accordion-item-title-header'><h3 class=\"e-n-accordion-item-title-text\"> Quel est l'objectif de la page juridique ? <\/h3><\/span>\n\t\t\t\t\t\t\t<span class='e-n-accordion-item-title-icon'>\n\t\t\t<span class='e-opened' ><i aria-hidden=\"true\" class=\"far fa-angle-up\"><\/i><\/span>\n\t\t\t<span class='e-closed'><i aria-hidden=\"true\" class=\"far fa-angle-down\"><\/i><\/span>\n\t\t<\/span>\n\n\t\t\t\t\t\t<\/summary>\n\t\t\t\t<div role=\"region\" aria-labelledby=\"e-n-accordion-item-1900\" class=\"elementor-element elementor-element-232e2e8 e-con-full e-flex e-con e-child\" data-id=\"232e2e8\" data-element_type=\"container\" data-e-type=\"container\">\n\t\t\t\t<div class=\"elementor-element elementor-element-f30a22c color-scheme-inherit text-left elementor-widget elementor-widget-text-editor\" data-id=\"f30a22c\" data-element_type=\"widget\" data-e-type=\"widget\" data-widget_type=\"text-editor.default\">\n\t\t\t\t\t\t\t\t\t<p>La page juridique permet d&#8217;acc\u00e9der \u00e0 tous les documents juridiques officiels r\u00e9gissant l&#8217;utilisation du site Web, des produits et des services de Cryptvice. Chaque document couvre un sujet juridique sp\u00e9cifique. <\/p>\t\t\t\t\t\t\t\t<\/div>\n\t\t\t\t<\/div>\n\t\t\t\t\t<\/details>\n\t\t\t\t\t\t<details id=\"e-n-accordion-item-1901\" class=\"e-n-accordion-item\" >\n\t\t\t\t<summary class=\"e-n-accordion-item-title\" data-accordion-index=\"2\" tabindex=\"-1\" aria-expanded=\"false\" aria-controls=\"e-n-accordion-item-1901\" >\n\t\t\t\t\t<span class='e-n-accordion-item-title-header'><h3 class=\"e-n-accordion-item-title-text\"> Quel document juridique dois-je lire avant de passer une commande ? <\/h3><\/span>\n\t\t\t\t\t\t\t<span class='e-n-accordion-item-title-icon'>\n\t\t\t<span class='e-opened' ><i aria-hidden=\"true\" class=\"far fa-angle-up\"><\/i><\/span>\n\t\t\t<span class='e-closed'><i aria-hidden=\"true\" class=\"far fa-angle-down\"><\/i><\/span>\n\t\t<\/span>\n\n\t\t\t\t\t\t<\/summary>\n\t\t\t\t<div role=\"region\" aria-labelledby=\"e-n-accordion-item-1901\" class=\"elementor-element elementor-element-e0df3c6 e-con-full e-flex e-con e-child\" data-id=\"e0df3c6\" data-element_type=\"container\" data-e-type=\"container\">\n\t\t\t\t<div class=\"elementor-element elementor-element-efd80ff color-scheme-inherit text-left elementor-widget elementor-widget-text-editor\" data-id=\"efd80ff\" data-element_type=\"widget\" data-e-type=\"widget\" data-widget_type=\"text-editor.default\">\n\t\t\t\t\t\t\t\t\t<p>Tu devrais consulter les conditions g\u00e9n\u00e9rales et la politique de confidentialit\u00e9 avant de passer une commande. Elles expliquent les conditions d&#8217;achat, les paiements, la livraison, les retours et la fa\u00e7on dont les donn\u00e9es personnelles sont trait\u00e9es. <\/p>\t\t\t\t\t\t\t\t<\/div>\n\t\t\t\t<\/div>\n\t\t\t\t\t<\/details>\n\t\t\t\t\t\t<details id=\"e-n-accordion-item-1902\" class=\"e-n-accordion-item\" >\n\t\t\t\t<summary class=\"e-n-accordion-item-title\" data-accordion-index=\"3\" tabindex=\"-1\" aria-expanded=\"false\" aria-controls=\"e-n-accordion-item-1902\" >\n\t\t\t\t\t<span class='e-n-accordion-item-title-header'><h3 class=\"e-n-accordion-item-title-text\"> O\u00f9 puis-je trouver des informations sur la protection des donn\u00e9es et le GDPR ? <\/h3><\/span>\n\t\t\t\t\t\t\t<span class='e-n-accordion-item-title-icon'>\n\t\t\t<span class='e-opened' ><i aria-hidden=\"true\" class=\"far fa-angle-up\"><\/i><\/span>\n\t\t\t<span class='e-closed'><i aria-hidden=\"true\" class=\"far fa-angle-down\"><\/i><\/span>\n\t\t<\/span>\n\n\t\t\t\t\t\t<\/summary>\n\t\t\t\t<div role=\"region\" aria-labelledby=\"e-n-accordion-item-1902\" class=\"elementor-element elementor-element-5cea1d4 e-con-full e-flex e-con e-child\" data-id=\"5cea1d4\" data-element_type=\"container\" data-e-type=\"container\">\n\t\t\t\t<div class=\"elementor-element elementor-element-17a255a color-scheme-inherit text-left elementor-widget elementor-widget-text-editor\" data-id=\"17a255a\" data-element_type=\"widget\" data-e-type=\"widget\" data-widget_type=\"text-editor.default\">\n\t\t\t\t\t\t\t\t\t<p>Toutes les informations relatives au traitement des donn\u00e9es personnelles, \u00e0 la conformit\u00e9 au GDPR, \u00e0 la conservation des donn\u00e9es et \u00e0 tes droits en tant que personne concern\u00e9e sont expliqu\u00e9es dans la politique de confidentialit\u00e9.<\/p>\t\t\t\t\t\t\t\t<\/div>\n\t\t\t\t<\/div>\n\t\t\t\t\t<\/details>\n\t\t\t\t\t\t<details id=\"e-n-accordion-item-1903\" class=\"e-n-accordion-item\" >\n\t\t\t\t<summary class=\"e-n-accordion-item-title\" data-accordion-index=\"4\" tabindex=\"-1\" aria-expanded=\"false\" aria-controls=\"e-n-accordion-item-1903\" >\n\t\t\t\t\t<span class='e-n-accordion-item-title-header'><h3 class=\"e-n-accordion-item-title-text\"> Quel document explique l'utilisation des cookies ? <\/h3><\/span>\n\t\t\t\t\t\t\t<span class='e-n-accordion-item-title-icon'>\n\t\t\t<span class='e-opened' ><i aria-hidden=\"true\" class=\"far fa-angle-up\"><\/i><\/span>\n\t\t\t<span class='e-closed'><i aria-hidden=\"true\" class=\"far fa-angle-down\"><\/i><\/span>\n\t\t<\/span>\n\n\t\t\t\t\t\t<\/summary>\n\t\t\t\t<div role=\"region\" aria-labelledby=\"e-n-accordion-item-1903\" class=\"elementor-element elementor-element-0fd04f7 e-con-full e-flex e-con e-child\" data-id=\"0fd04f7\" data-element_type=\"container\" data-e-type=\"container\">\n\t\t\t\t<div class=\"elementor-element elementor-element-ed335ec color-scheme-inherit text-left elementor-widget elementor-widget-text-editor\" data-id=\"ed335ec\" data-element_type=\"widget\" data-e-type=\"widget\" data-widget_type=\"text-editor.default\">\n\t\t\t\t\t\t\t\t\t<p>Les d\u00e9tails concernant les cookies et les technologies similaires utilis\u00e9s sur le site Web de Cryptvice sont d\u00e9crits dans la Politique relative aux cookies.<\/p>\t\t\t\t\t\t\t\t<\/div>\n\t\t\t\t<\/div>\n\t\t\t\t\t<\/details>\n\t\t\t\t\t\t<details id=\"e-n-accordion-item-1904\" class=\"e-n-accordion-item\" >\n\t\t\t\t<summary class=\"e-n-accordion-item-title\" data-accordion-index=\"5\" tabindex=\"-1\" aria-expanded=\"false\" aria-controls=\"e-n-accordion-item-1904\" >\n\t\t\t\t\t<span class='e-n-accordion-item-title-header'><h3 class=\"e-n-accordion-item-title-text\"> \u00c0 quoi sert la clause de non-responsabilit\u00e9 l\u00e9gale ? <\/h3><\/span>\n\t\t\t\t\t\t\t<span class='e-n-accordion-item-title-icon'>\n\t\t\t<span class='e-opened' ><i aria-hidden=\"true\" class=\"far fa-angle-up\"><\/i><\/span>\n\t\t\t<span class='e-closed'><i aria-hidden=\"true\" class=\"far fa-angle-down\"><\/i><\/span>\n\t\t<\/span>\n\n\t\t\t\t\t\t<\/summary>\n\t\t\t\t<div role=\"region\" aria-labelledby=\"e-n-accordion-item-1904\" class=\"elementor-element elementor-element-72dc3d4 e-con-full e-flex e-con e-child\" data-id=\"72dc3d4\" data-element_type=\"container\" data-e-type=\"container\">\n\t\t\t\t<div class=\"elementor-element elementor-element-5adb0ce color-scheme-inherit text-left elementor-widget elementor-widget-text-editor\" data-id=\"5adb0ce\" data-element_type=\"widget\" data-e-type=\"widget\" data-widget_type=\"text-editor.default\">\n\t\t\t\t\t\t\t\t\t<p data-start=\"1164\" data-end=\"1351\">L&#8217;<strong data-start=\"1168\" data-end=\"1182\">avis de non-responsabilit\u00e9<\/strong> explique les conditions d&#8217;utilisation du site Web de Cryptvice, y compris le contenu informatif, les droits de propri\u00e9t\u00e9 intellectuelle, les liens avec des tiers et les limitations de responsabilit\u00e9.<\/p>\t\t\t\t\t\t\t\t<\/div>\n\t\t\t\t<\/div>\n\t\t\t\t\t<\/details>\n\t\t\t\t\t\t<details id=\"e-n-accordion-item-1905\" class=\"e-n-accordion-item\" >\n\t\t\t\t<summary class=\"e-n-accordion-item-title\" data-accordion-index=\"6\" tabindex=\"-1\" aria-expanded=\"false\" aria-controls=\"e-n-accordion-item-1905\" >\n\t\t\t\t\t<span class='e-n-accordion-item-title-header'><h3 class=\"e-n-accordion-item-title-text\"> Ces documents juridiques sont-ils juridiquement contraignants ? <\/h3><\/span>\n\t\t\t\t\t\t\t<span class='e-n-accordion-item-title-icon'>\n\t\t\t<span class='e-opened' ><i aria-hidden=\"true\" class=\"far fa-angle-up\"><\/i><\/span>\n\t\t\t<span class='e-closed'><i aria-hidden=\"true\" class=\"far fa-angle-down\"><\/i><\/span>\n\t\t<\/span>\n\n\t\t\t\t\t\t<\/summary>\n\t\t\t\t<div role=\"region\" aria-labelledby=\"e-n-accordion-item-1905\" class=\"elementor-element elementor-element-238b6f8 e-con-full e-flex e-con e-child\" data-id=\"238b6f8\" data-element_type=\"container\" data-e-type=\"container\">\n\t\t\t\t<div class=\"elementor-element elementor-element-5c6ab05 color-scheme-inherit text-left elementor-widget elementor-widget-text-editor\" data-id=\"5c6ab05\" data-element_type=\"widget\" data-e-type=\"widget\" data-widget_type=\"text-editor.default\">\n\t\t\t\t\t\t\t\t\t<p>Oui. Les documents juridiques publi\u00e9s sous la rubrique \/juridique\/ font partie du cadre contractuel et l\u00e9gal r\u00e9gissant ton interaction avec Cryptvice. <\/p>\t\t\t\t\t\t\t\t<\/div>\n\t\t\t\t<\/div>\n\t\t\t\t\t<\/details>\n\t\t\t\t\t\t<details id=\"e-n-accordion-item-1906\" class=\"e-n-accordion-item\" >\n\t\t\t\t<summary class=\"e-n-accordion-item-title\" data-accordion-index=\"7\" tabindex=\"-1\" aria-expanded=\"false\" aria-controls=\"e-n-accordion-item-1906\" >\n\t\t\t\t\t<span class='e-n-accordion-item-title-header'><h3 class=\"e-n-accordion-item-title-text\"> Cryptvice peut-elle mettre \u00e0 jour ses documents juridiques ? <\/h3><\/span>\n\t\t\t\t\t\t\t<span class='e-n-accordion-item-title-icon'>\n\t\t\t<span class='e-opened' ><i aria-hidden=\"true\" class=\"far fa-angle-up\"><\/i><\/span>\n\t\t\t<span class='e-closed'><i aria-hidden=\"true\" class=\"far fa-angle-down\"><\/i><\/span>\n\t\t<\/span>\n\n\t\t\t\t\t\t<\/summary>\n\t\t\t\t<div role=\"region\" aria-labelledby=\"e-n-accordion-item-1906\" class=\"elementor-element elementor-element-0bb3a63 e-con-full e-flex e-con e-child\" data-id=\"0bb3a63\" data-element_type=\"container\" data-e-type=\"container\">\n\t\t\t\t<div class=\"elementor-element elementor-element-c85820f color-scheme-inherit text-left elementor-widget elementor-widget-text-editor\" data-id=\"c85820f\" data-element_type=\"widget\" data-e-type=\"widget\" data-widget_type=\"text-editor.default\">\n\t\t\t\t\t\t\t\t\t<p>Oui. Cryptvice peut mettre \u00e0 jour ses documents juridiques de temps \u00e0 autre. Les versions mises \u00e0 jour sont publi\u00e9es sous la rubrique \/juridique\/ et s&#8217;appliquent \u00e0 partir de leur date d&#8217;entr\u00e9e en vigueur indiqu\u00e9e.  <\/p>\t\t\t\t\t\t\t\t<\/div>\n\t\t\t\t<\/div>\n\t\t\t\t\t<\/details>\n\t\t\t\t\t\t<details id=\"e-n-accordion-item-1907\" class=\"e-n-accordion-item\" >\n\t\t\t\t<summary class=\"e-n-accordion-item-title\" data-accordion-index=\"8\" tabindex=\"-1\" aria-expanded=\"false\" aria-controls=\"e-n-accordion-item-1907\" >\n\t\t\t\t\t<span class='e-n-accordion-item-title-header'><h3 class=\"e-n-accordion-item-title-text\"> O\u00f9 puis-je exercer mes droits en mati\u00e8re de GDPR ou de protection de la vie priv\u00e9e ? <\/h3><\/span>\n\t\t\t\t\t\t\t<span class='e-n-accordion-item-title-icon'>\n\t\t\t<span class='e-opened' ><i aria-hidden=\"true\" class=\"far fa-angle-up\"><\/i><\/span>\n\t\t\t<span class='e-closed'><i aria-hidden=\"true\" class=\"far fa-angle-down\"><\/i><\/span>\n\t\t<\/span>\n\n\t\t\t\t\t\t<\/summary>\n\t\t\t\t<div role=\"region\" aria-labelledby=\"e-n-accordion-item-1907\" class=\"elementor-element elementor-element-c789f18 e-con-full e-flex e-con e-child\" data-id=\"c789f18\" data-element_type=\"container\" data-e-type=\"container\">\n\t\t\t\t<div class=\"elementor-element elementor-element-96de361 color-scheme-inherit text-left elementor-widget elementor-widget-text-editor\" data-id=\"96de361\" data-element_type=\"widget\" data-e-type=\"widget\" data-widget_type=\"text-editor.default\">\n\t\t\t\t\t\t\t\t\t<p>Les instructions pour exercer les droits relatifs \u00e0 la vie priv\u00e9e et \u00e0 la protection des donn\u00e9es sont disponibles dans la politique de confidentialit\u00e9, y compris les coordonn\u00e9es pour les demandes relatives aux donn\u00e9es.<\/p>\t\t\t\t\t\t\t\t<\/div>\n\t\t\t\t<\/div>\n\t\t\t\t\t<\/details>\n\t\t\t\t\t<\/div>\n\t\t\t\t\t\t<\/div>\n\t\t\t\t\t<\/div>\n\t\t\t\t<\/div>\n\t\t\t\t<\/div>\n\t\t","protected":false},"excerpt":{"rendered":"<p>Nos obligations l\u00e9gales et de conformit\u00e9 qui accompagnent le(s) service(s) et\/ou les produits. Cette page permet d&#8217;acc\u00e9der aux documents juridiques<\/p>\n","protected":false},"author":590,"featured_media":0,"parent":0,"menu_order":99,"comment_status":"closed","ping_status":"closed","template":"","meta":{"footnotes":""},"class_list":["post-59574","page","type-page","status-publish","hentry"],"_links":{"self":[{"href":"https:\/\/www.cryptvice.com\/fr\/wp-json\/wp\/v2\/pages\/59574","targetHints":{"allow":["GET"]}}],"collection":[{"href":"https:\/\/www.cryptvice.com\/fr\/wp-json\/wp\/v2\/pages"}],"about":[{"href":"https:\/\/www.cryptvice.com\/fr\/wp-json\/wp\/v2\/types\/page"}],"author":[{"embeddable":true,"href":"https:\/\/www.cryptvice.com\/fr\/wp-json\/wp\/v2\/users\/590"}],"replies":[{"embeddable":true,"href":"https:\/\/www.cryptvice.com\/fr\/wp-json\/wp\/v2\/comments?post=59574"}],"version-history":[{"count":0,"href":"https:\/\/www.cryptvice.com\/fr\/wp-json\/wp\/v2\/pages\/59574\/revisions"}],"wp:attachment":[{"href":"https:\/\/www.cryptvice.com\/fr\/wp-json\/wp\/v2\/media?parent=59574"}],"curies":[{"name":"wp","href":"https:\/\/api.w.org\/{rel}","templated":true}]}}