{"id":59959,"date":"2025-06-06T19:54:11","date_gmt":"2025-06-06T17:54:11","guid":{"rendered":"https:\/\/www.cryptvice.com\/security-consulting-service\/"},"modified":"2026-03-13T10:12:41","modified_gmt":"2026-03-13T08:12:41","slug":"security-consulting-service","status":"publish","type":"page","link":"https:\/\/www.cryptvice.com\/fr\/security-consulting-service\/","title":{"rendered":"Service de conseil en s\u00e9curit\u00e9"},"content":{"rendered":"\t\t<div data-elementor-type=\"wp-page\" data-elementor-id=\"59959\" class=\"elementor elementor-59959 elementor-42629\" data-elementor-post-type=\"page\">\n\t\t\t\t<header class=\"wd-negative-gap elementor-element elementor-element-705cee3 wd-section-stretch e-flex e-con-boxed e-con e-parent\" data-id=\"705cee3\" data-element_type=\"container\" data-e-type=\"container\" data-settings=\"{&quot;background_background&quot;:&quot;classic&quot;}\">\n\t\t\t\t\t<div class=\"e-con-inner\">\n\t\t<div class=\"elementor-element elementor-element-e244cb3 e-con-full e-flex e-con e-child\" data-id=\"e244cb3\" data-element_type=\"container\" data-e-type=\"container\">\n\t\t\t\t\t\t\t\t<span class=\"text-balance e-65d627a-cc2abcf paragraph-small e-paragraph-base\" data-interaction-id=\"65d627a\"  data-e-type=\"widget\" data-id=\"65d627a\">\n\t\t\t\t\t\t\t\tService de conseil en s\u00e9curit\u00e9\n\t\t\t\t\t<\/span>\n\t\t\t\t\t\t\t<h2 \n\t\tdata-interaction-id=\"6f6169b\" \n\t\tclass=\"text-balance e-6f6169b-74e1806 e-heading-base\" \n\t\t \n\t\tdata-e-type=\"widget\" data-id=\"6f6169b\"\n\t>\n\t\n\t\t\tCommunications s\u00e9curis\u00e9es et installation de r\u00e9seaux pour les entreprises\n\t\t<\/h2>\n\t\t\t\t\t\t\t\t<span class=\"text-balance paragraph e-6d02b0c-3c3d54a e-paragraph-base\" data-interaction-id=\"6d02b0c\"  data-e-type=\"widget\" data-id=\"6d02b0c\">\n\t\t\t\t\t\t\t\tConseils en mati\u00e8re de protection de la vie priv\u00e9e, mat\u00e9riel s\u00e9curis\u00e9 et installation pratique pour les \u00e9quipes qui traitent des informations sensibles.\n\t\t\t\t\t<\/span>\n\t\t\t\t\t\t\t\t<span class=\"text-balance e-5a40171-4e325ac paragraph-small e-paragraph-base\" data-interaction-id=\"5a40171\"  data-e-type=\"widget\" data-id=\"5a40171\">\n\t\t\t\t\t\t\t\tNous travaillons directement avec les organisations qui ont besoin de solutions pratiques, ax\u00e9es sur la protection de la vie priv\u00e9e. Notre \u00e9quipe se d\u00e9place dans le monde entier pour des \u00e9valuations et des d\u00e9ploiements sur place. \n\t\t\t\t\t<\/span>\n\t\t\t\t\t    \t            <a\n            href=\"https:\/\/www.cryptvice.com\/fr\/help-and-support\/sales\/\" target=\"_self\"\n            class=\"e-d285261-61ffb5c button-dark-icon e-button-base\"\n            data-interaction-id=\"d285261\"\n             data-e-type=\"widget\" data-id=\"d285261\"\n        >\n            Planifie une consultation\n        <\/a>\n    \t\t\t\t<\/div>\n\t\t<div class=\"elementor-element elementor-element-4212c08 e-con-full elementor-hidden-laptop elementor-hidden-tablet elementor-hidden-mobile e-flex e-con e-child\" data-id=\"4212c08\" data-element_type=\"container\" data-e-type=\"container\">\n\t\t\t\t<\/div>\n\t\t\t\t\t<\/div>\n\t\t\t\t<\/header>\n\t\t<div class=\"wd-negative-gap elementor-element elementor-element-3d75cfa box-shadow e-flex e-con-boxed e-con e-parent\" data-id=\"3d75cfa\" data-element_type=\"container\" data-e-type=\"container\" data-settings=\"{&quot;background_background&quot;:&quot;classic&quot;}\">\n\t\t\t\t\t<div class=\"e-con-inner\">\n\t\t<div class=\"elementor-element elementor-element-fcfb275 e-con-full e-flex e-con e-child\" data-id=\"fcfb275\" data-element_type=\"container\" data-e-type=\"container\">\n\t\t\t\t<div class=\"elementor-element elementor-element-d19d482 elementor-widget elementor-widget-image\" data-id=\"d19d482\" data-element_type=\"widget\" data-e-type=\"widget\" data-widget_type=\"image.default\">\n\t\t\t\t\t\t\t\t\t\t\t\t\t\t\t<img decoding=\"async\" src=\"https:\/\/www.cryptvice.com\/wp-content\/uploads\/\" title=\"\" alt=\"\" loading=\"lazy\">\t\t\t\t\t\t\t\t\t\t\t\t\t\t\t<\/div>\n\t\t\t\t<\/div>\n\t\t<div class=\"elementor-element elementor-element-46543ad e-con-full e-flex e-con e-child\" data-id=\"46543ad\" data-element_type=\"container\" data-e-type=\"container\">\n\t\t\t\t\t\t\t\t<span class=\"text-balance e-0c81984-92dbc6c paragraph-small e-paragraph-base\" data-interaction-id=\"0c81984\"  data-e-type=\"widget\" data-id=\"0c81984\">\n\t\t\t\t\t\t\t\tCe que nous offrons\n\t\t\t\t\t<\/span>\n\t\t\t\t\t\t\t<h3 \n\t\tdata-interaction-id=\"33f9b56\" \n\t\tclass=\"text-balance e-33f9b56-5231a39 e-heading-base\" \n\t\t \n\t\tdata-e-type=\"widget\" data-id=\"33f9b56\"\n\t>\n\t\n\t\t\tUne infrastructure de protection de la vie priv\u00e9e adapt\u00e9e \u00e0 ton entreprise\n\t\t<\/h3>\n\t\t\t\t\t\t\t\t<span class=\"text-balance paragraph e-515b708-f9552df e-paragraph-base\" data-interaction-id=\"515b708\"  data-e-type=\"widget\" data-id=\"515b708\">\n\t\t\t\t\t\t\t\tNous aidons les entreprises \u00e0 s\u00e9curiser leurs communications et le traitement de leurs donn\u00e9es - de l'\u00e9valuation \u00e0 l'installation en passant par la formation. Pas de jargon, pas de vente \u00e0 la sauvette, juste des solutions pratiques pour la protection de la vie priv\u00e9e. \n\t\t\t\t\t<\/span>\n\t\t\t\t<div class=\"elementor-element elementor-element-928ebbd elementor-icon-list--layout-traditional elementor-list-item-link-full_width elementor-widget elementor-widget-icon-list\" data-id=\"928ebbd\" data-element_type=\"widget\" data-e-type=\"widget\" data-widget_type=\"icon-list.default\">\n\t\t\t\t\t\t\t<ul class=\"elementor-icon-list-items\">\n\t\t\t\t\t\t\t<li class=\"elementor-icon-list-item\">\n\t\t\t\t\t\t\t\t\t\t<span class=\"elementor-icon-list-text\"><strong>  Mat\u00e9riel  <\/strong><\/span>\n\t\t\t\t\t\t\t\t\t<\/li>\n\t\t\t\t\t\t\t\t<li class=\"elementor-icon-list-item\">\n\t\t\t\t\t\t\t\t\t\t<span class=\"elementor-icon-list-text\"><\/span>\n\t\t\t\t\t\t\t\t\t<\/li>\n\t\t\t\t\t\t\t\t<li class=\"elementor-icon-list-item\">\n\t\t\t\t\t\t\t\t\t\t\t<span class=\"elementor-icon-list-icon\">\n\t\t\t\t\t\t\t<i aria-hidden=\"true\" class=\"far fa-badge-check\"><\/i>\t\t\t\t\t\t<\/span>\n\t\t\t\t\t\t\t\t\t\t<span class=\"elementor-icon-list-text\">S\u00e9curit\u00e9 du r\u00e9seau avec des routeurs personnalis\u00e9s crypt\u00e9s<\/span>\n\t\t\t\t\t\t\t\t\t<\/li>\n\t\t\t\t\t\t\t\t<li class=\"elementor-icon-list-item\">\n\t\t\t\t\t\t\t\t\t\t\t<span class=\"elementor-icon-list-icon\">\n\t\t\t\t\t\t\t<i aria-hidden=\"true\" class=\"far fa-badge-check\"><\/i>\t\t\t\t\t\t<\/span>\n\t\t\t\t\t\t\t\t\t\t<span class=\"elementor-icon-list-text\">S\u00e9curit\u00e9 des communications avec des t\u00e9l\u00e9phones s\u00e9curis\u00e9s personnalis\u00e9s<\/span>\n\t\t\t\t\t\t\t\t\t<\/li>\n\t\t\t\t\t\t<\/ul>\n\t\t\t\t\t\t<\/div>\n\t\t\t\t<div class=\"elementor-element elementor-element-7a17688 elementor-icon-list--layout-traditional elementor-list-item-link-full_width elementor-widget elementor-widget-icon-list\" data-id=\"7a17688\" data-element_type=\"widget\" data-e-type=\"widget\" data-widget_type=\"icon-list.default\">\n\t\t\t\t\t\t\t<ul class=\"elementor-icon-list-items\">\n\t\t\t\t\t\t\t<li class=\"elementor-icon-list-item\">\n\t\t\t\t\t\t\t\t\t\t<span class=\"elementor-icon-list-text\"><strong>  Conseil  <\/strong><\/span>\n\t\t\t\t\t\t\t\t\t<\/li>\n\t\t\t\t\t\t\t\t<li class=\"elementor-icon-list-item\">\n\t\t\t\t\t\t\t\t\t\t<span class=\"elementor-icon-list-text\"><\/span>\n\t\t\t\t\t\t\t\t\t<\/li>\n\t\t\t\t\t\t\t\t<li class=\"elementor-icon-list-item\">\n\t\t\t\t\t\t\t\t\t\t\t<span class=\"elementor-icon-list-icon\">\n\t\t\t\t\t\t\t<i aria-hidden=\"true\" class=\"far fa-badge-check\"><\/i>\t\t\t\t\t\t<\/span>\n\t\t\t\t\t\t\t\t\t\t<span class=\"elementor-icon-list-text\">Gestion et surveillance des appareils<\/span>\n\t\t\t\t\t\t\t\t\t<\/li>\n\t\t\t\t\t\t\t\t<li class=\"elementor-icon-list-item\">\n\t\t\t\t\t\t\t\t\t\t\t<span class=\"elementor-icon-list-icon\">\n\t\t\t\t\t\t\t<i aria-hidden=\"true\" class=\"far fa-badge-check\"><\/i>\t\t\t\t\t\t<\/span>\n\t\t\t\t\t\t\t\t\t\t<span class=\"elementor-icon-list-text\">Stockage interne s\u00e9curis\u00e9 des donn\u00e9es (sur place ou sur des serveurs locaux).<\/span>\n\t\t\t\t\t\t\t\t\t<\/li>\n\t\t\t\t\t\t\t\t<li class=\"elementor-icon-list-item\">\n\t\t\t\t\t\t\t\t\t\t\t<span class=\"elementor-icon-list-icon\">\n\t\t\t\t\t\t\t<i aria-hidden=\"true\" class=\"far fa-badge-check\"><\/i>\t\t\t\t\t\t<\/span>\n\t\t\t\t\t\t\t\t\t\t<span class=\"elementor-icon-list-text\">Infrastructure de donn\u00e9es en nuage s\u00e9curis\u00e9e<\/span>\n\t\t\t\t\t\t\t\t\t<\/li>\n\t\t\t\t\t\t<\/ul>\n\t\t\t\t\t\t<\/div>\n\t\t\t\t\t\t\t\t<span class=\"text-balance e-c6dafeb-e0e000c paragraph-small e-paragraph-base\" data-interaction-id=\"c6dafeb\"  data-e-type=\"widget\" data-id=\"c6dafeb\">\n\t\t\t\t\t\t\t\tLa port\u00e9e et la mise en \u0153uvre d\u00e9pendent des exigences organisationnelles, de l'environnement et des contraintes r\u00e9glementaires.\n\t\t\t\t\t<\/span>\n\t\t\t\t<\/div>\n\t\t\t\t\t<\/div>\n\t\t\t\t<\/div>\n\t\t<main class=\"wd-negative-gap elementor-element elementor-element-f5c094c wd-section-stretch e-flex e-con-boxed e-con e-parent\" data-id=\"f5c094c\" data-element_type=\"container\" data-e-type=\"container\">\n\t\t\t\t\t<div class=\"e-con-inner\">\n\t\t<div class=\"elementor-element elementor-element-5c91e6f e-con-full e-flex e-con e-child\" data-id=\"5c91e6f\" data-element_type=\"container\" data-e-type=\"container\">\n\t\t\t\t\t\t\t\t<span class=\"text-balance e-1556485-6eef1b7 paragraph-small e-paragraph-base\" data-interaction-id=\"1556485\"  data-e-type=\"widget\" data-id=\"1556485\">\n\t\t\t\t\t\t\t\tServices sur place\n\t\t\t\t\t<\/span>\n\t\t\t\t\t\t\t<h3 \n\t\tdata-interaction-id=\"7411f36\" \n\t\tclass=\"text-balance e-7411f36-23cdd60 e-heading-base\" \n\t\t \n\t\tdata-e-type=\"widget\" data-id=\"7411f36\"\n\t>\n\t\n\t\t\tDe la consultation aux op\u00e9rations s\u00e9curis\u00e9es\n\t\t<\/h3>\n\t\t\t\t\t\t\t\t<span class=\"text-balance paragraph e-20d6deb-65229a0 e-paragraph-base\" data-interaction-id=\"20d6deb\"  data-e-type=\"widget\" data-id=\"20d6deb\">\n\t\t\t\t\t\t\t\tComment nous aidons les \u00e9quipes \u00e0 s\u00e9curiser les environnements sensibles.\n\t\t\t\t\t<\/span>\n\t\t\t\t\t\t\t\t<span class=\"text-balance paragraph e-04c9c51-75cd0a8 e-paragraph-base\" data-interaction-id=\"04c9c51\"  data-e-type=\"widget\" data-id=\"04c9c51\">\n\t\t\t\t\t\t\t\tPour les organisations o\u00f9 l'exposition causerait de graves dommages. Nous \u00e9valuons, r\u00e9parons et d\u00e9ployons - nous ne nous contentons pas de faire des rapports. \n\t\t\t\t\t<\/span>\n\t\t\t\t<\/div>\n\t\t<div class=\"elementor-element elementor-element-ce5e4e4 e-con-full e-grid e-con e-child\" data-id=\"ce5e4e4\" data-element_type=\"container\" data-e-type=\"container\">\n\t\t<div class=\"elementor-element elementor-element-18b1deb box-shadow e-con-full e-flex e-con e-child\" data-id=\"18b1deb\" data-element_type=\"container\" data-e-type=\"container\" data-settings=\"{&quot;background_background&quot;:&quot;classic&quot;}\">\n\t\t\t\t\t\t\t<h3 \n\t\tdata-interaction-id=\"01daa84\" \n\t\tclass=\"text-balance e-01daa84-78943d1 e-heading-base\" \n\t\t \n\t\tdata-e-type=\"widget\" data-id=\"01daa84\"\n\t>\n\t\n\t\t\tCe que nous \u00e9valuons sur place\n\t\t<\/h3>\n\t\t\t\t<div class=\"elementor-element elementor-element-a9b329a elementor-icon-list--layout-traditional elementor-list-item-link-full_width elementor-widget elementor-widget-icon-list\" data-id=\"a9b329a\" data-element_type=\"widget\" data-e-type=\"widget\" data-widget_type=\"icon-list.default\">\n\t\t\t\t\t\t\t<ul class=\"elementor-icon-list-items\">\n\t\t\t\t\t\t\t<li class=\"elementor-icon-list-item\">\n\t\t\t\t\t\t\t\t\t\t\t<span class=\"elementor-icon-list-icon\">\n\t\t\t\t\t\t\t<i aria-hidden=\"true\" class=\"far fa-badge-check\"><\/i>\t\t\t\t\t\t<\/span>\n\t\t\t\t\t\t\t\t\t\t<span class=\"elementor-icon-list-text\">Architecture et connectivit\u00e9 du r\u00e9seau<\/span>\n\t\t\t\t\t\t\t\t\t<\/li>\n\t\t\t\t\t\t\t\t<li class=\"elementor-icon-list-item\">\n\t\t\t\t\t\t\t\t\t\t\t<span class=\"elementor-icon-list-icon\">\n\t\t\t\t\t\t\t<i aria-hidden=\"true\" class=\"far fa-badge-check\"><\/i>\t\t\t\t\t\t<\/span>\n\t\t\t\t\t\t\t\t\t\t<span class=\"elementor-icon-list-text\">Utilisation de routeurs, de pare-feu et de VPN<\/span>\n\t\t\t\t\t\t\t\t\t<\/li>\n\t\t\t\t\t\t\t\t<li class=\"elementor-icon-list-item\">\n\t\t\t\t\t\t\t\t\t\t\t<span class=\"elementor-icon-list-icon\">\n\t\t\t\t\t\t\t<i aria-hidden=\"true\" class=\"far fa-badge-check\"><\/i>\t\t\t\t\t\t<\/span>\n\t\t\t\t\t\t\t\t\t\t<span class=\"elementor-icon-list-text\">Communications internes et acc\u00e8s \u00e0 distance<\/span>\n\t\t\t\t\t\t\t\t\t<\/li>\n\t\t\t\t\t\t\t\t<li class=\"elementor-icon-list-item\">\n\t\t\t\t\t\t\t\t\t\t\t<span class=\"elementor-icon-list-icon\">\n\t\t\t\t\t\t\t<i aria-hidden=\"true\" class=\"far fa-badge-check\"><\/i>\t\t\t\t\t\t<\/span>\n\t\t\t\t\t\t\t\t\t\t<span class=\"elementor-icon-list-text\">Utilisation des appareils et s\u00e9curit\u00e9 des points de terminaison<\/span>\n\t\t\t\t\t\t\t\t\t<\/li>\n\t\t\t\t\t\t\t\t<li class=\"elementor-icon-list-item\">\n\t\t\t\t\t\t\t\t\t\t\t<span class=\"elementor-icon-list-icon\">\n\t\t\t\t\t\t\t<i aria-hidden=\"true\" class=\"far fa-badge-check\"><\/i>\t\t\t\t\t\t<\/span>\n\t\t\t\t\t\t\t\t\t\t<span class=\"elementor-icon-list-text\">Exposition \u00e0 une mauvaise configuration ou \u00e0 un acc\u00e8s non autoris\u00e9.<\/span>\n\t\t\t\t\t\t\t\t\t<\/li>\n\t\t\t\t\t\t<\/ul>\n\t\t\t\t\t\t<\/div>\n\t\t\t\t<\/div>\n\t\t<div class=\"elementor-element elementor-element-6519678 box-shadow e-con-full e-flex e-con e-child\" data-id=\"6519678\" data-element_type=\"container\" data-e-type=\"container\" data-settings=\"{&quot;background_background&quot;:&quot;classic&quot;}\">\n\t\t\t\t\t\t\t<h3 \n\t\tdata-interaction-id=\"f209beb\" \n\t\tclass=\"text-balance e-f209beb-b62e0a7 e-heading-base\" \n\t\t \n\t\tdata-e-type=\"widget\" data-id=\"f209beb\"\n\t>\n\t\n\t\t\tCe que nous faisons diff\u00e9remment\n\t\t<\/h3>\n\t\t\t\t<div class=\"elementor-element elementor-element-ed68175 elementor-icon-list--layout-traditional elementor-list-item-link-full_width elementor-widget elementor-widget-icon-list\" data-id=\"ed68175\" data-element_type=\"widget\" data-e-type=\"widget\" data-widget_type=\"icon-list.default\">\n\t\t\t\t\t\t\t<ul class=\"elementor-icon-list-items\">\n\t\t\t\t\t\t\t<li class=\"elementor-icon-list-item\">\n\t\t\t\t\t\t\t\t\t\t\t<span class=\"elementor-icon-list-icon\">\n\t\t\t\t\t\t\t<i aria-hidden=\"true\" class=\"far fa-badge-check\"><\/i>\t\t\t\t\t\t<\/span>\n\t\t\t\t\t\t\t\t\t\t<span class=\"elementor-icon-list-text\">Nous r\u00e9glons les probl\u00e8mes sur place, nous ne nous contentons pas de les signaler.<\/span>\n\t\t\t\t\t\t\t\t\t<\/li>\n\t\t\t\t\t\t\t\t<li class=\"elementor-icon-list-item\">\n\t\t\t\t\t\t\t\t\t\t\t<span class=\"elementor-icon-list-icon\">\n\t\t\t\t\t\t\t<i aria-hidden=\"true\" class=\"far fa-badge-check\"><\/i>\t\t\t\t\t\t<\/span>\n\t\t\t\t\t\t\t\t\t\t<span class=\"elementor-icon-list-text\">Nous d\u00e9ployons une infrastructure s\u00e9curis\u00e9e imm\u00e9diatement en cas de besoin<\/span>\n\t\t\t\t\t\t\t\t\t<\/li>\n\t\t\t\t\t\t\t\t<li class=\"elementor-icon-list-item\">\n\t\t\t\t\t\t\t\t\t\t\t<span class=\"elementor-icon-list-icon\">\n\t\t\t\t\t\t\t<i aria-hidden=\"true\" class=\"far fa-badge-check\"><\/i>\t\t\t\t\t\t<\/span>\n\t\t\t\t\t\t\t\t\t\t<span class=\"elementor-icon-list-text\">Nous fournissons des recommandations claires et r\u00e9alisables<\/span>\n\t\t\t\t\t\t\t\t\t<\/li>\n\t\t\t\t\t\t\t\t<li class=\"elementor-icon-list-item\">\n\t\t\t\t\t\t\t\t\t\t\t<span class=\"elementor-icon-list-icon\">\n\t\t\t\t\t\t\t<i aria-hidden=\"true\" class=\"far fa-badge-check\"><\/i>\t\t\t\t\t\t<\/span>\n\t\t\t\t\t\t\t\t\t\t<span class=\"elementor-icon-list-text\">Nous mettons en place des changements lorsque des solutions imm\u00e9diates ne sont pas possibles.<\/span>\n\t\t\t\t\t\t\t\t\t<\/li>\n\t\t\t\t\t\t<\/ul>\n\t\t\t\t\t\t<\/div>\n\t\t\t\t<\/div>\n\t\t<div class=\"elementor-element elementor-element-a768371 box-shadow e-con-full e-flex e-con e-child\" data-id=\"a768371\" data-element_type=\"container\" data-e-type=\"container\" data-settings=\"{&quot;background_background&quot;:&quot;classic&quot;}\">\n\t\t\t\t\t\t\t<h3 \n\t\tdata-interaction-id=\"35bba06\" \n\t\tclass=\"text-balance e-35bba06-f187d3d e-heading-base\" \n\t\t \n\t\tdata-e-type=\"widget\" data-id=\"35bba06\"\n\t>\n\t\n\t\t\tR\u00e9sultats typiques\n\t\t<\/h3>\n\t\t\t\t<div class=\"elementor-element elementor-element-4e64747 elementor-icon-list--layout-traditional elementor-list-item-link-full_width elementor-widget elementor-widget-icon-list\" data-id=\"4e64747\" data-element_type=\"widget\" data-e-type=\"widget\" data-widget_type=\"icon-list.default\">\n\t\t\t\t\t\t\t<ul class=\"elementor-icon-list-items\">\n\t\t\t\t\t\t\t<li class=\"elementor-icon-list-item\">\n\t\t\t\t\t\t\t\t\t\t\t<span class=\"elementor-icon-list-icon\">\n\t\t\t\t\t\t\t<i aria-hidden=\"true\" class=\"far fa-badge-check\"><\/i>\t\t\t\t\t\t<\/span>\n\t\t\t\t\t\t\t\t\t\t<span class=\"elementor-icon-list-text\">Configuration de r\u00e9seau renforc\u00e9e<\/span>\n\t\t\t\t\t\t\t\t\t<\/li>\n\t\t\t\t\t\t\t\t<li class=\"elementor-icon-list-item\">\n\t\t\t\t\t\t\t\t\t\t\t<span class=\"elementor-icon-list-icon\">\n\t\t\t\t\t\t\t<i aria-hidden=\"true\" class=\"far fa-badge-check\"><\/i>\t\t\t\t\t\t<\/span>\n\t\t\t\t\t\t\t\t\t\t<span class=\"elementor-icon-list-text\">Routeurs et infrastructure VPN s\u00e9curis\u00e9s et g\u00e9r\u00e9s<\/span>\n\t\t\t\t\t\t\t\t\t<\/li>\n\t\t\t\t\t\t\t\t<li class=\"elementor-icon-list-item\">\n\t\t\t\t\t\t\t\t\t\t\t<span class=\"elementor-icon-list-icon\">\n\t\t\t\t\t\t\t<i aria-hidden=\"true\" class=\"far fa-badge-check\"><\/i>\t\t\t\t\t\t<\/span>\n\t\t\t\t\t\t\t\t\t\t<span class=\"elementor-icon-list-text\">Surface d'attaque r\u00e9duite<\/span>\n\t\t\t\t\t\t\t\t\t<\/li>\n\t\t\t\t\t\t\t\t<li class=\"elementor-icon-list-item\">\n\t\t\t\t\t\t\t\t\t\t\t<span class=\"elementor-icon-list-icon\">\n\t\t\t\t\t\t\t<i aria-hidden=\"true\" class=\"far fa-badge-check\"><\/i>\t\t\t\t\t\t<\/span>\n\t\t\t\t\t\t\t\t\t\t<span class=\"elementor-icon-list-text\">Am\u00e9lioration de la s\u00e9curit\u00e9 de la communication interne<\/span>\n\t\t\t\t\t\t\t\t\t<\/li>\n\t\t\t\t\t\t\t\t<li class=\"elementor-icon-list-item\">\n\t\t\t\t\t\t\t\t\t\t\t<span class=\"elementor-icon-list-icon\">\n\t\t\t\t\t\t\t<i aria-hidden=\"true\" class=\"far fa-badge-check\"><\/i>\t\t\t\t\t\t<\/span>\n\t\t\t\t\t\t\t\t\t\t<span class=\"elementor-icon-list-text\">Une feuille de route claire pour une gestion continue<\/span>\n\t\t\t\t\t\t\t\t\t<\/li>\n\t\t\t\t\t\t<\/ul>\n\t\t\t\t\t\t<\/div>\n\t\t\t\t<\/div>\n\t\t\t\t<\/div>\n\t\t\t\t\t<\/div>\n\t\t\t\t<\/main>\n\t\t<div class=\"wd-negative-gap elementor-element elementor-element-537894a box-shadow e-flex e-con-boxed e-con e-parent\" data-id=\"537894a\" data-element_type=\"container\" data-e-type=\"container\" data-settings=\"{&quot;background_background&quot;:&quot;classic&quot;}\">\n\t\t\t\t\t<div class=\"e-con-inner\">\n\t\t<div class=\"elementor-element elementor-element-9bbb411 e-con-full e-flex e-con e-child\" data-id=\"9bbb411\" data-element_type=\"container\" data-e-type=\"container\">\n\t\t\t\t\t\t\t<h3 \n\t\tdata-interaction-id=\"0229ff2\" \n\t\tclass=\"text-balance e-0229ff2-328033a e-heading-base\" \n\t\t \n\t\tdata-e-type=\"widget\" data-id=\"0229ff2\"\n\t>\n\t\n\t\t\tDiscutons de la fa\u00e7on de s\u00e9curiser ton organisation\n\t\t<\/h3>\n\t\t\t\t\t\t\t\t<span class=\"text-balance paragraph e-2075d45-6ce467a e-paragraph-base\" data-interaction-id=\"2075d45\"  data-e-type=\"widget\" data-id=\"2075d45\">\n\t\t\t\t\t\t\t\tNous travaillons directement avec les organisations qui ont besoin de solutions pratiques et ax\u00e9es sur la protection de la vie priv\u00e9e. Prends contact avec nous pour discuter de ton environnement et voir si nos services sont adapt\u00e9s. \n\t\t\t\t\t<\/span>\n\t\t\t\t\t    \t            <a\n            href=\"https:\/\/www.cryptvice.com\/fr\/help-and-support\/sales\/\" target=\"_self\"\n            class=\"button-dark-icon e-07f1ff5-ffc73e5 e-button-base\"\n            data-interaction-id=\"07f1ff5\"\n             data-e-type=\"widget\" data-id=\"07f1ff5\"\n        >\n            Planifie une consultation\n        <\/a>\n    \t\t\t\t\t\t\t\t<p class=\"e-c8eaa1b-bd5fa44 text-balance e-paragraph-base\" data-interaction-id=\"c8eaa1b\"  data-e-type=\"widget\" data-id=\"c8eaa1b\">\n\t\t\t\t\t\t\t\t\ud83c\udf0d Nous nous d\u00e9pla\u00e7ons dans n'importe quel endroit.\n\t\t\t\t\t<\/p>\n\t\t\t\t<\/div>\n\t\t<div class=\"elementor-element elementor-element-468dcb1 e-con-full e-flex e-con e-child\" data-id=\"468dcb1\" data-element_type=\"container\" data-e-type=\"container\">\n\t\t\t\t<div class=\"elementor-element elementor-element-23120b9 elementor-widget elementor-widget-image\" data-id=\"23120b9\" data-element_type=\"widget\" data-e-type=\"widget\" data-widget_type=\"image.default\">\n\t\t\t\t\t\t\t\t\t\t\t\t<figure class=\"wp-caption\">\n\t\t\t\t\t\t\t\t\t\t<img decoding=\"async\" width=\"552\" height=\"600\" src=\"https:\/\/www.cryptvice.com\/wp-content\/uploads\/live-chat.png\" class=\"attachment-large size-large wp-image-59606\" alt=\"\" srcset=\"https:\/\/www.cryptvice.com\/wp-content\/uploads\/live-chat.png 552w, https:\/\/www.cryptvice.com\/wp-content\/uploads\/live-chat-150x163.png 150w, https:\/\/www.cryptvice.com\/wp-content\/uploads\/live-chat-276x300.png 276w, https:\/\/www.cryptvice.com\/wp-content\/uploads\/live-chat-11x12.png 11w\" sizes=\"(max-width: 552px) 100vw, 552px\" title=\"\">\t\t\t\t\t\t\t\t\t\t\t<figcaption class=\"widget-image-caption wp-caption-text\">Shanto <br> Consultant principal en s\u00e9curit\u00e9<\/figcaption>\n\t\t\t\t\t\t\t\t\t\t<\/figure>\n\t\t\t\t\t\t\t\t\t<\/div>\n\t\t\t\t<\/div>\n\t\t\t\t\t<\/div>\n\t\t\t\t<\/div>\n\t\t\t\t<\/div>\n\t\t","protected":false},"excerpt":{"rendered":"<p>Service de conseil en s\u00e9curit\u00e9 Communications s\u00e9curis\u00e9es et installation de r\u00e9seaux pour les entreprises Conseils en mati\u00e8re de protection de<\/p>\n","protected":false},"author":590,"featured_media":0,"parent":0,"menu_order":7,"comment_status":"closed","ping_status":"closed","template":"","meta":{"footnotes":""},"class_list":["post-59959","page","type-page","status-publish","hentry"],"_links":{"self":[{"href":"https:\/\/www.cryptvice.com\/fr\/wp-json\/wp\/v2\/pages\/59959","targetHints":{"allow":["GET"]}}],"collection":[{"href":"https:\/\/www.cryptvice.com\/fr\/wp-json\/wp\/v2\/pages"}],"about":[{"href":"https:\/\/www.cryptvice.com\/fr\/wp-json\/wp\/v2\/types\/page"}],"author":[{"embeddable":true,"href":"https:\/\/www.cryptvice.com\/fr\/wp-json\/wp\/v2\/users\/590"}],"replies":[{"embeddable":true,"href":"https:\/\/www.cryptvice.com\/fr\/wp-json\/wp\/v2\/comments?post=59959"}],"version-history":[{"count":0,"href":"https:\/\/www.cryptvice.com\/fr\/wp-json\/wp\/v2\/pages\/59959\/revisions"}],"wp:attachment":[{"href":"https:\/\/www.cryptvice.com\/fr\/wp-json\/wp\/v2\/media?parent=59959"}],"curies":[{"name":"wp","href":"https:\/\/api.w.org\/{rel}","templated":true}]}}