{"id":61550,"date":"2024-05-15T20:46:21","date_gmt":"2024-05-15T18:46:21","guid":{"rendered":"https:\/\/www.cryptvice.com\/shop\/iphone-13-case-nillkin-camshield-camera-slider\/"},"modified":"2026-03-13T10:27:08","modified_gmt":"2026-03-13T08:27:08","slug":"iphone-13-case-nillkin-camshield-camera-slider","status":"publish","type":"product","link":"https:\/\/www.cryptvice.com\/fr\/shop\/iphone-13-case-nillkin-camshield-camera-slider\/","title":{"rendered":"\u00c9tui pour iPhone 13 &#8211; Nillkin CamShield Camera Slider"},"content":{"rendered":"\t\t<div data-elementor-type=\"product-post\" data-elementor-id=\"61550\" class=\"elementor elementor-61550 elementor-11142\" data-elementor-post-type=\"product\">\n\t\t\t\t<div class=\"wd-negative-gap elementor-element elementor-element-2df5f820 e-flex e-con-boxed e-con e-parent\" data-id=\"2df5f820\" data-element_type=\"container\" data-e-type=\"container\">\n\t\t\t\t\t<div class=\"e-con-inner\">\n\t\t\t\t\t<\/div>\n\t\t\t\t<\/div>\n\t\t\t\t<\/div>\n\t\t","protected":false},"excerpt":{"rendered":"<p>\u00c9tui pour iPhone 13 &#8211; Nillkin CamShield Camera Slider avec couvercle coulissant pour le syst\u00e8me \u00e0 double appareil photo. Dos en PC dur avec cadre en TPU absorbant les chocs. Fais glisser le couvercle pour bloquer les deux objectifs arri\u00e8re lorsque tu ne les utilises pas.  <\/p>\n<p>\u2713 Le couvercle coulissant prot\u00e8ge les deux objectifs de la cam\u00e9ra arri\u00e8re<br \/>\n\u2713 Dos en PC dur avec cadre de bord flexible en TPU<br \/>\n\u2713 Les bords sur\u00e9lev\u00e9s prot\u00e8gent l&#8217;\u00e9cran et la cam\u00e9ra des surfaces<br \/>\n\u2713 Finition mate anti-empreintes digitales<br \/>\n\u2713 D\u00e9coupes pr\u00e9cises pour l&#8217;iPhone 13.<\/p>\n","protected":false},"featured_media":11145,"comment_status":"closed","ping_status":"closed","template":"","meta":[],"product_brand":[],"product_cat":[1828],"product_tag":[],"class_list":{"0":"post-61550","1":"product","2":"type-product","3":"status-publish","4":"has-post-thumbnail","6":"product_cat-cas","7":"product_shipping_class-boite-aux-lettres-outils-de-protection-de-la-vie-privee","9":"first","10":"instock","11":"taxable","12":"shipping-taxable","13":"purchasable","14":"product-type-simple"},"_links":{"self":[{"href":"https:\/\/www.cryptvice.com\/fr\/wp-json\/wp\/v2\/product\/61550","targetHints":{"allow":["GET"]}}],"collection":[{"href":"https:\/\/www.cryptvice.com\/fr\/wp-json\/wp\/v2\/product"}],"about":[{"href":"https:\/\/www.cryptvice.com\/fr\/wp-json\/wp\/v2\/types\/product"}],"replies":[{"embeddable":true,"href":"https:\/\/www.cryptvice.com\/fr\/wp-json\/wp\/v2\/comments?post=61550"}],"version-history":[{"count":0,"href":"https:\/\/www.cryptvice.com\/fr\/wp-json\/wp\/v2\/product\/61550\/revisions"}],"wp:featuredmedia":[{"embeddable":true,"href":"https:\/\/www.cryptvice.com\/fr\/wp-json\/wp\/v2\/media\/11145"}],"wp:attachment":[{"href":"https:\/\/www.cryptvice.com\/fr\/wp-json\/wp\/v2\/media?parent=61550"}],"wp:term":[{"taxonomy":"product_brand","embeddable":true,"href":"https:\/\/www.cryptvice.com\/fr\/wp-json\/wp\/v2\/product_brand?post=61550"},{"taxonomy":"product_cat","embeddable":true,"href":"https:\/\/www.cryptvice.com\/fr\/wp-json\/wp\/v2\/product_cat?post=61550"},{"taxonomy":"product_tag","embeddable":true,"href":"https:\/\/www.cryptvice.com\/fr\/wp-json\/wp\/v2\/product_tag?post=61550"}],"curies":[{"name":"wp","href":"https:\/\/api.w.org\/{rel}","templated":true}]}}