{"id":61586,"date":"2024-05-15T20:46:21","date_gmt":"2024-05-15T18:46:21","guid":{"rendered":"https:\/\/www.cryptvice.com\/shop\/pixel-7-case-nillkin-camshield-camera-slider\/"},"modified":"2026-03-13T10:27:31","modified_gmt":"2026-03-13T08:27:31","slug":"pixel-7-case-nillkin-camshield-camera-slider","status":"publish","type":"product","link":"https:\/\/www.cryptvice.com\/fr\/shop\/pixel-7-case-nillkin-camshield-camera-slider\/","title":{"rendered":"Pixel 7 Case &#8211; Nillkin CamShield Camera Slider"},"content":{"rendered":"\t\t<div data-elementor-type=\"product-post\" data-elementor-id=\"61586\" class=\"elementor elementor-61586 elementor-11136\" data-elementor-post-type=\"product\">\n\t\t\t\t<div class=\"wd-negative-gap elementor-element elementor-element-19da17c8 e-flex e-con-boxed e-con e-parent\" data-id=\"19da17c8\" data-element_type=\"container\" data-e-type=\"container\">\n\t\t\t\t\t<div class=\"e-con-inner\">\n\t\t\t\t\t<\/div>\n\t\t\t\t<\/div>\n\t\t\t\t<\/div>\n\t\t","protected":false},"excerpt":{"rendered":"<p>L&#8217;\u00e9tui Google Pixel 7 Case Nillkin CamShield avec curseur d&#8217;appareil photo int\u00e9gr\u00e9. Le dos en polycarbonate et le pare-chocs en TPU absorbent les chutes et les impacts quotidiens. Le couvercle coulissant bloque physiquement la cam\u00e9ra arri\u00e8re lorsqu&#8217;elle n&#8217;est pas utilis\u00e9e.  <\/p>\n<p>\u2713 Le couvercle coulissant int\u00e9gr\u00e9 prot\u00e8ge les objectifs de l&#8217;appareil photo<br \/>\n\u2713 Le dos en polycarbonate avec des bords en TPU qui absorbent les chocs<br \/>\n\u2713 Le cadre sur\u00e9lev\u00e9 de 0,2 mm prot\u00e8ge l&#8217;\u00e9cran et l&#8217;appareil photo<br \/>\n\u2713 La finition mate anti-huile pour une prise en main propre et s\u00fbre<br \/>\n\u2713 Toutes les d\u00e9coupes sont align\u00e9es pour le Google Pixel 7.<\/p>\n","protected":false},"featured_media":21412,"comment_status":"closed","ping_status":"closed","template":"","meta":[],"product_brand":[],"product_cat":[1828],"product_tag":[],"class_list":{"0":"post-61586","1":"product","2":"type-product","3":"status-publish","4":"has-post-thumbnail","6":"product_cat-cas","7":"product_shipping_class-boite-aux-lettres-outils-de-protection-de-la-vie-privee","9":"first","10":"instock","11":"taxable","12":"shipping-taxable","13":"purchasable","14":"product-type-simple"},"_links":{"self":[{"href":"https:\/\/www.cryptvice.com\/fr\/wp-json\/wp\/v2\/product\/61586","targetHints":{"allow":["GET"]}}],"collection":[{"href":"https:\/\/www.cryptvice.com\/fr\/wp-json\/wp\/v2\/product"}],"about":[{"href":"https:\/\/www.cryptvice.com\/fr\/wp-json\/wp\/v2\/types\/product"}],"replies":[{"embeddable":true,"href":"https:\/\/www.cryptvice.com\/fr\/wp-json\/wp\/v2\/comments?post=61586"}],"version-history":[{"count":0,"href":"https:\/\/www.cryptvice.com\/fr\/wp-json\/wp\/v2\/product\/61586\/revisions"}],"wp:featuredmedia":[{"embeddable":true,"href":"https:\/\/www.cryptvice.com\/fr\/wp-json\/wp\/v2\/media\/21412"}],"wp:attachment":[{"href":"https:\/\/www.cryptvice.com\/fr\/wp-json\/wp\/v2\/media?parent=61586"}],"wp:term":[{"taxonomy":"product_brand","embeddable":true,"href":"https:\/\/www.cryptvice.com\/fr\/wp-json\/wp\/v2\/product_brand?post=61586"},{"taxonomy":"product_cat","embeddable":true,"href":"https:\/\/www.cryptvice.com\/fr\/wp-json\/wp\/v2\/product_cat?post=61586"},{"taxonomy":"product_tag","embeddable":true,"href":"https:\/\/www.cryptvice.com\/fr\/wp-json\/wp\/v2\/product_tag?post=61586"}],"curies":[{"name":"wp","href":"https:\/\/api.w.org\/{rel}","templated":true}]}}