{"id":63265,"date":"2025-06-13T10:51:01","date_gmt":"2025-06-13T08:51:01","guid":{"rendered":"https:\/\/www.cryptvice.com\/shop\/iphone-14-plus-case-nillkin-camshield-camera-slider\/"},"modified":"2026-03-13T10:35:53","modified_gmt":"2026-03-13T08:35:53","slug":"iphone-14-plus-case-nillkin-camshield-camera-slider","status":"publish","type":"product","link":"https:\/\/www.cryptvice.com\/fr\/shop\/iphone-14-plus-case-nillkin-camshield-camera-slider\/","title":{"rendered":"\u00c9tui pour iPhone 14 Plus &#8211; Nillkin CamShield Camera Slider"},"content":{"rendered":"\t\t<div data-elementor-type=\"product-post\" data-elementor-id=\"63265\" class=\"elementor elementor-63265 elementor-43597\" data-elementor-post-type=\"product\">\n\t\t\t\t<div class=\"wd-negative-gap elementor-element elementor-element-609834c5 e-flex e-con-boxed e-con e-parent\" data-id=\"609834c5\" data-element_type=\"container\" data-e-type=\"container\">\n\t\t\t\t\t<div class=\"e-con-inner\">\n\t\t\t\t\t<\/div>\n\t\t\t\t<\/div>\n\t\t\t\t<\/div>\n\t\t","protected":false},"excerpt":{"rendered":"<p>L&#8217;\u00e9tui Nillkin CamShield pour iPhone 14 Plus est dot\u00e9 d&#8217;une protection coulissante contre les regards indiscrets sur l&#8217;appareil photo. Le dos en PC durable et le pare-chocs en TPU prot\u00e8gent le grand format contre les chutes. Fais glisser le couvercle pour bloquer ou exposer la double cam\u00e9ra.  <\/p>\n<p>\u2713 Le cache-cam\u00e9ra coulissant bloque les deux objectifs arri\u00e8re<br \/>\n\u2713 Dos PC durable avec cadre TPU flexible<br \/>\n\u2713 Les bords sur\u00e9lev\u00e9s prot\u00e8gent l&#8217;\u00e9cran de 6,7 pouces et les cam\u00e9ras<br \/>\n\u2713 Texture mate &#8211; anti-huile, prise en main s\u00fbre<br \/>\n\u2713 Con\u00e7u pour l&#8217;iPhone 14 Plus.<\/p>\n","protected":false},"featured_media":58240,"comment_status":"closed","ping_status":"closed","template":"","meta":[],"product_brand":[],"product_cat":[1828],"product_tag":[],"class_list":{"0":"post-63265","1":"product","2":"type-product","3":"status-publish","4":"has-post-thumbnail","6":"product_cat-cas","7":"product_shipping_class-boite-aux-lettres-outils-de-protection-de-la-vie-privee","9":"first","10":"instock","11":"taxable","12":"shipping-taxable","13":"purchasable","14":"product-type-simple"},"_links":{"self":[{"href":"https:\/\/www.cryptvice.com\/fr\/wp-json\/wp\/v2\/product\/63265","targetHints":{"allow":["GET"]}}],"collection":[{"href":"https:\/\/www.cryptvice.com\/fr\/wp-json\/wp\/v2\/product"}],"about":[{"href":"https:\/\/www.cryptvice.com\/fr\/wp-json\/wp\/v2\/types\/product"}],"replies":[{"embeddable":true,"href":"https:\/\/www.cryptvice.com\/fr\/wp-json\/wp\/v2\/comments?post=63265"}],"version-history":[{"count":0,"href":"https:\/\/www.cryptvice.com\/fr\/wp-json\/wp\/v2\/product\/63265\/revisions"}],"wp:featuredmedia":[{"embeddable":true,"href":"https:\/\/www.cryptvice.com\/fr\/wp-json\/wp\/v2\/media\/58240"}],"wp:attachment":[{"href":"https:\/\/www.cryptvice.com\/fr\/wp-json\/wp\/v2\/media?parent=63265"}],"wp:term":[{"taxonomy":"product_brand","embeddable":true,"href":"https:\/\/www.cryptvice.com\/fr\/wp-json\/wp\/v2\/product_brand?post=63265"},{"taxonomy":"product_cat","embeddable":true,"href":"https:\/\/www.cryptvice.com\/fr\/wp-json\/wp\/v2\/product_cat?post=63265"},{"taxonomy":"product_tag","embeddable":true,"href":"https:\/\/www.cryptvice.com\/fr\/wp-json\/wp\/v2\/product_tag?post=63265"}],"curies":[{"name":"wp","href":"https:\/\/api.w.org\/{rel}","templated":true}]}}